{"id":10056,"date":"2019-08-07T17:19:17","date_gmt":"2019-08-07T21:19:17","guid":{"rendered":"https:\/\/www.inespre.gov.do\/transparencia\/?page_id=10056"},"modified":"2021-06-11T12:39:38","modified_gmt":"2021-06-11T16:39:38","slug":"contacto","status":"publish","type":"page","link":"https:\/\/www.inespre.gob.do\/transparencia\/contacto\/","title":{"rendered":"Contacto"},"content":{"rendered":"<div id=\"pl-10056\"  class=\"panel-layout\" ><div id=\"pg-10056-0\"  class=\"panel-grid panel-no-style\" ><div id=\"pgc-10056-0-0\"  class=\"panel-grid-cell panel-grid-cell-empty\" ><\/div><\/div><div id=\"pg-10056-1\"  class=\"panel-grid panel-no-style\" ><div id=\"pgc-10056-1-0\"  class=\"panel-grid-cell\" ><div id=\"panel-10056-1-0-0\" class=\"so-panel widget widget_black-studio-tinymce widget_black_studio_tinymce panel-first-child panel-last-child\" data-index=\"0\" ><h3 class=\"widget-title\">Informaci\u00f3n de contacto:<\/h3><div class=\"textwidget\"><p><strong>Instituto de Estabilizaci\u00f3n de Precios (INESPRE)<\/strong><\/p>\n<p>Av. 27 de Febrero, Plaza de la Bandera, Santo Domingo, Rep\u00fablica Dominicana.<\/p>\n<p>Tel\u00e9fono: <strong>809-621-0020 marcar opci\u00f3n 5 o extensi\u00f3n 2132<\/strong><\/p>\n<p>Horario de Servicios: <strong>8:00 A.M a 4:00 P.M.<\/strong><\/p>\n<p>Correo Electr\u00f3nico: <a href=\"mailto:transparencia@inespre.gob.do\">transparencia@inespre.gob.do<\/a>, <a href=\"mailto:informacion@inespre.gob.do\">informacion@inespre.gob.do<\/a><\/p>\n<\/div><\/div><\/div><div id=\"pgc-10056-1-1\"  class=\"panel-grid-cell\" ><div id=\"panel-10056-1-1-0\" class=\"so-panel widget widget_black-studio-tinymce widget_black_studio_tinymce panel-first-child panel-last-child\" data-index=\"1\" ><h3 class=\"widget-title\">Formulario de contacto:<\/h3><div class=\"textwidget\"><p>\n<div class=\"wpcf7 no-js\" id=\"wpcf7-f10060-o1\" lang=\"es-ES\" dir=\"ltr\" data-wpcf7-id=\"10060\">\n<div class=\"screen-reader-response\"><p role=\"status\" aria-live=\"polite\" aria-atomic=\"true\"><\/p> <ul><\/ul><\/div>\n<form action=\"\/transparencia\/wp-json\/wp\/v2\/pages\/10056#wpcf7-f10060-o1\" method=\"post\" class=\"wpcf7-form init\" aria-label=\"Formulario de contacto\" novalidate=\"novalidate\" data-status=\"init\">\n<fieldset class=\"hidden-fields-container\"><input type=\"hidden\" name=\"_wpcf7\" value=\"10060\" \/><input type=\"hidden\" name=\"_wpcf7_version\" value=\"6.1.4\" \/><input type=\"hidden\" name=\"_wpcf7_locale\" value=\"es_ES\" \/><input type=\"hidden\" name=\"_wpcf7_unit_tag\" value=\"wpcf7-f10060-o1\" \/><input type=\"hidden\" name=\"_wpcf7_container_post\" value=\"0\" \/><input type=\"hidden\" name=\"_wpcf7_posted_data_hash\" value=\"\" \/>\n<\/fieldset>\n<p> Su informaci\u00f3n personal ser\u00e1 utilizada \u00fanicamente con el objetivo de satisfacer su duda o petici\u00f3n.\n<\/p>\n<div>\n\t<div class=\"col-xs-12\">\n\t\t<p>Nombre y apellido del solicitante: (*)\n\t\t<\/p>\n\t\t<p><span class=\"wpcf7-form-control-wrap\" data-name=\"nombre\"><input size=\"40\" maxlength=\"400\" class=\"wpcf7-form-control wpcf7-text wpcf7-validates-as-required\" aria-required=\"true\" aria-invalid=\"false\" placeholder=\"Nombre y apellido\" value=\"\" type=\"text\" name=\"nombre\" \/><\/span>\n\t\t<\/p>\n\t<\/div>\n\t<div class=\"col-xs-12\">\n\t\t<p>Correo Electr\u00f3nico: (*)\n\t\t<\/p>\n\t\t<p><span class=\"wpcf7-form-control-wrap\" data-name=\"your-email\"><input size=\"40\" maxlength=\"400\" class=\"wpcf7-form-control wpcf7-email wpcf7-validates-as-required wpcf7-text wpcf7-validates-as-email\" aria-required=\"true\" aria-invalid=\"false\" placeholder=\"Email\" value=\"\" type=\"email\" name=\"your-email\" \/><\/span>\n\t\t<\/p>\n\t<\/div>\n\t<div class=\"col-xs-12\">\n\t\t<p>Asunto (*)\n\t\t<\/p>\n\t\t<p><span class=\"wpcf7-form-control-wrap\" data-name=\"asunto\"><input size=\"40\" maxlength=\"400\" class=\"wpcf7-form-control wpcf7-text wpcf7-validates-as-required\" aria-required=\"true\" aria-invalid=\"false\" placeholder=\"Asunto\" value=\"\" type=\"text\" name=\"asunto\" \/><\/span>\n\t\t<\/p>\n\t<\/div>\n\t<div class=\"col-xs-12\">\n\t\t<p>Mensaje (*)\n\t\t<\/p>\n\t\t<p><span class=\"wpcf7-form-control-wrap\" data-name=\"mensaje\"><textarea cols=\"40\" rows=\"10\" maxlength=\"2000\" class=\"wpcf7-form-control wpcf7-textarea wpcf7-validates-as-required\" aria-required=\"true\" aria-invalid=\"false\" placeholder=\"Escriba aqu\u00ed su mensaje\" name=\"mensaje\"><\/textarea><\/span>\n\t\t<\/p>\n\t<\/div>\n\t<div class=\"col-xs-12\">\n\t\t<p><input class=\"wpcf7-form-control wpcf7-submit has-spinner\" type=\"submit\" value=\"Enviar\" \/>\n\t\t<\/p>\n\t<\/div>\n<\/div><p style=\"display: none !important;\" class=\"akismet-fields-container\" data-prefix=\"_wpcf7_ak_\"><label>&#916;<textarea name=\"_wpcf7_ak_hp_textarea\" cols=\"45\" rows=\"8\" maxlength=\"100\"><\/textarea><\/label><input type=\"hidden\" id=\"ak_js_1\" name=\"_wpcf7_ak_js\" value=\"65\"\/><script>document.getElementById( \"ak_js_1\" ).setAttribute( \"value\", ( new Date() ).getTime() );<\/script><\/p><div class=\"wpcf7-response-output\" aria-hidden=\"true\"><\/div>\n<\/form>\n<\/div>\n<\/p>\n<\/div><\/div><\/div><\/div><div id=\"pg-10056-2\"  class=\"panel-grid panel-no-style\" ><div id=\"pgc-10056-2-0\"  class=\"panel-grid-cell\" ><div id=\"panel-10056-2-0-0\" class=\"so-panel widget widget_black-studio-tinymce widget_black_studio_tinymce panel-first-child panel-last-child\" data-index=\"2\" ><h3 class=\"widget-title\">Nuestra Ubicaci\u00f3n<\/h3><div class=\"textwidget\"><p>Nos encontramos\u00a0en el 4to nivel del Edificio del Instituto Agrario Dominicano.<\/p>\n<p><iframe loading=\"lazy\" src=\"https:\/\/www.google.com\/maps\/embed?pb=!1m18!1m12!1m3!1d397.8217456091867!2d-69.97230464838252!3d18.450128511466392!2m3!1f0!2f0!3f0!3m2!1i1024!2i768!4f13.1!3m3!1m2!1s0x0%3A0x84f7e2e9a3d4e2bf!2sInstituto+Nacional+De+Estabilizaci%C3%B3n+De+Precios+-+INESPRE!5e0!3m2!1ses-419!2sdo!4v1536939363185\" width=\"100%\" height=\"450\" frameborder=\"0\" style=\"border:0\" allowfullscreen><\/iframe><\/p>\n<\/div><\/div><\/div><\/div><div id=\"pg-10056-3\"  class=\"panel-grid panel-no-style\" ><div id=\"pgc-10056-3-0\"  class=\"panel-grid-cell\" ><div id=\"panel-10056-3-0-0\" class=\"so-panel widget widget_black-studio-tinymce widget_black_studio_tinymce panel-first-child panel-last-child\" data-index=\"3\" ><h3 class=\"widget-title\">Departamentos por extensiones<\/h3><div class=\"textwidget\"><p>Tel\u00e9fono Central: 809-621-0020<\/p>\n<\/div><\/div><\/div><\/div><div id=\"pg-10056-4\"  class=\"panel-grid panel-no-style\" ><div id=\"pgc-10056-4-0\"  class=\"panel-grid-cell\" ><div id=\"panel-10056-4-0-0\" class=\"so-panel widget widget_siteorigin-panels-builder panel-first-child panel-last-child\" data-index=\"4\" ><div id=\"pl-w5d4b40555aa68\"  class=\"panel-layout\" ><div id=\"pg-w5d4b40555aa68-0\"  class=\"panel-grid panel-no-style\" ><div id=\"pgc-w5d4b40555aa68-0-0\"  class=\"panel-grid-cell\" ><div id=\"panel-w5d4b40555aa68-0-0-0\" class=\"so-panel widget widget_black-studio-tinymce widget_black_studio_tinymce panel-first-child panel-last-child\" data-index=\"0\" ><div class=\"textwidget\"><p><strong>Direcci\u00f3n Ejecutiva:<\/strong> Ext: 3014<\/p>\n<p><strong>Contabilidad:<\/strong> Ext: 2179<\/p>\n<p><strong>Prensa:<\/strong> Ext: 3002<\/p>\n<p><strong>Administrativo:<\/strong> Ext: 3012<\/p>\n<p><strong>Contralor\u00eda:<\/strong> Ext: 2061<\/p>\n<\/div><\/div><\/div><div id=\"pgc-w5d4b40555aa68-0-1\"  class=\"panel-grid-cell\" ><div id=\"panel-w5d4b40555aa68-0-1-0\" class=\"so-panel widget widget_black-studio-tinymce widget_black_studio_tinymce panel-first-child panel-last-child\" data-index=\"1\" ><div class=\"textwidget\"><p><strong>Inform\u00e1tica:<\/strong> Ext.3006<\/p>\n<p><strong>Comercializaci\u00f3n:<\/strong> Ext: 3027<\/p>\n<p><strong>Revisi\u00f3n Interna:<\/strong> Ext: 2054<\/p>\n<p><strong>Recursos Humanos:<\/strong> Ext: 2113<\/p>\n<p><strong>Compras:<\/strong> Ext: 2171<\/p>\n<\/div><\/div><\/div><div id=\"pgc-w5d4b40555aa68-0-2\"  class=\"panel-grid-cell\" ><div id=\"panel-w5d4b40555aa68-0-2-0\" class=\"so-panel widget widget_black-studio-tinymce widget_black_studio_tinymce panel-first-child panel-last-child\" data-index=\"2\" ><div class=\"textwidget\"><p><strong>Jur\u00eddica:<\/strong> Ext: 3007<\/p>\n<p><strong>Auditor\u00eda:<\/strong> Ext: 2063<\/p>\n<p><strong>Ingenier\u00eda:<\/strong> Ext: 2134<\/p>\n<p><strong>Planificaci\u00f3n:<\/strong> Ext: 2034<\/p>\n<p><strong>Agromercados:<\/strong> Ext: 2025<\/p>\n<\/div><\/div><\/div><\/div><\/div><\/div><\/div><\/div><\/div>","protected":false},"excerpt":{"rendered":"<p>Instituto de Estabilizaci\u00f3n de Precios (INESPRE) Av. 27 de Febrero, Plaza de la Bandera, Santo Domingo, Rep\u00fablica Dominicana. Tel\u00e9fono: 809-621-0020 marcar opci\u00f3n 5 o extensi\u00f3n 2132 Horario de Servicios: 8:00 A.M a 4:00 P.M. Correo Electr\u00f3nico: transparencia@inespre.gob.do, informacion@inespre.gob.do<\/p>\n","protected":false},"author":5,"featured_media":0,"parent":0,"menu_order":0,"comment_status":"closed","ping_status":"closed","template":"","meta":{"footnotes":""},"categories":[],"tags":[],"class_list":["post-10056","page","type-page","status-publish","hentry"],"_links":{"self":[{"href":"https:\/\/www.inespre.gob.do\/transparencia\/wp-json\/wp\/v2\/pages\/10056","targetHints":{"allow":["GET"]}}],"collection":[{"href":"https:\/\/www.inespre.gob.do\/transparencia\/wp-json\/wp\/v2\/pages"}],"about":[{"href":"https:\/\/www.inespre.gob.do\/transparencia\/wp-json\/wp\/v2\/types\/page"}],"author":[{"embeddable":true,"href":"https:\/\/www.inespre.gob.do\/transparencia\/wp-json\/wp\/v2\/users\/5"}],"replies":[{"embeddable":true,"href":"https:\/\/www.inespre.gob.do\/transparencia\/wp-json\/wp\/v2\/comments?post=10056"}],"version-history":[{"count":12,"href":"https:\/\/www.inespre.gob.do\/transparencia\/wp-json\/wp\/v2\/pages\/10056\/revisions"}],"predecessor-version":[{"id":14104,"href":"https:\/\/www.inespre.gob.do\/transparencia\/wp-json\/wp\/v2\/pages\/10056\/revisions\/14104"}],"wp:attachment":[{"href":"https:\/\/www.inespre.gob.do\/transparencia\/wp-json\/wp\/v2\/media?parent=10056"}],"wp:term":[{"taxonomy":"category","embeddable":true,"href":"https:\/\/www.inespre.gob.do\/transparencia\/wp-json\/wp\/v2\/categories?post=10056"},{"taxonomy":"post_tag","embeddable":true,"href":"https:\/\/www.inespre.gob.do\/transparencia\/wp-json\/wp\/v2\/tags?post=10056"}],"curies":[{"name":"wp","href":"https:\/\/api.w.org\/{rel}","templated":true}]}}