{"id":10070,"date":"2019-08-07T17:39:54","date_gmt":"2019-08-07T21:39:54","guid":{"rendered":"https:\/\/www.inespre.gov.do\/transparencia\/?page_id=10070"},"modified":"2019-08-07T17:41:14","modified_gmt":"2019-08-07T21:41:14","slug":"preguntas-frecuentes","status":"publish","type":"page","link":"https:\/\/www.inespre.gob.do\/transparencia\/preguntas-frecuentes\/","title":{"rendered":"Preguntas Frecuentes"},"content":{"rendered":"<div id=\"pl-10070\"  class=\"panel-layout\" ><div id=\"pg-10070-0\"  class=\"panel-grid panel-no-style\" ><div id=\"pgc-10070-0-0\"  class=\"panel-grid-cell\" ><div id=\"panel-10070-0-0-0\" class=\"so-panel widget widget_sow-editor panel-first-child panel-last-child\" data-index=\"0\" ><div\n\t\t\t\n\t\t\tclass=\"so-widget-sow-editor so-widget-sow-editor-base\"\n\t\t\t\n\t\t><h3 class=\"widget-title\">Preguntas Frecuentes<\/h3>\n<div class=\"siteorigin-widget-tinymce textwidget\">\n\t<ol>\n<li><strong>\u00bfCu\u00e1l es la funci\u00f3n de INESPRE?<\/strong><\/li>\n<\/ol>\n<p>Ofrecer apoyo y brindar servicios dentro del sistema nacional de comercializaci\u00f3n agropecuario a trav\u00e9s del dise\u00f1o de planes estrat\u00e9gicos para que los productores locales, puedan contar con una plataforma de venta. Promoviendo la rentabilidad y la competitividad de los productores locales. De \u00e9sta manera, contribuimos a reducci\u00f3n de los margenes de intermediaci\u00f3n en beneficio del productor y el consumidor final.<\/p>\n<ol start=\"2\">\n<li><strong>\u00bfQu\u00e9 tengo que hacer para encontrar trabajo en el INESPRE?<\/strong><\/li>\n<\/ol>\n<p>El Instituto de Estabilizaci\u00f3n de Precios al ser una entidad gubernamental tiene el deber de colocar las vacantes institucionales tanto en su portal de transparencia como en la\u00a0<a href=\"https:\/\/map.gob.do\/Concursa\/plazasvacantes.aspx\" target=\"_blank\" rel=\"noopener\">bolsa de empleo de Ministerio de Administraci\u00f3n P\u00fablica<\/a>.<\/p>\n<ol start=\"3\">\n<li><strong>\u00bfD\u00f3nde est\u00e1 ubicada la central del INESPRE?<\/strong><\/li>\n<\/ol>\n<p>Estamos ubicados en el edificio del Instituto Agrario Dominicano IAD, en la Av. 27 de febrero #589.<\/p>\n<ol start=\"4\">\n<li><strong>\u00bfPor qu\u00e9 deber\u00eda comprar en el INESPRE y no en un supermercado?<\/strong><\/li>\n<\/ol>\n<p>Nuestra misi\u00f3n de llevar a los ciudadanos productos de calidad a precios bajos nos diferencian de todos los supermercados.<\/p>\n<ol start=\"5\">\n<li><strong>\u00bfSe necesita alg\u00fan tipo de membres\u00eda o estar afiliado al INESPRE para comprar sus productos?<\/strong><\/li>\n<\/ol>\n<p>No, los servicios y programas del INESPRE son para la ciudadan\u00eda en general.<\/p>\n<ol start=\"6\">\n<li><strong>\u00bfC\u00f3mo puedo solicitar un mercado para mi comunidad?<\/strong><\/li>\n<\/ol>\n<p>Se puede solicitar la realizaci\u00f3n de los mercados de productores a trav\u00e9s del formulario de solicitud en nuestra p\u00e1gina web. Especificamente en <a href=\"http:\/\/inespre.gov.do\/servicios\/mercado-de-productores\/\" target=\"_blank\" rel=\"noopener\">http:\/\/inespre.gov.do\/servicios\/mercado-de-productores\/<\/a><\/p>\n<ol start=\"7\">\n<li><strong>\u00bfPor qu\u00e9 cerraron el agromercado de la UASD y del local principal?<\/strong><\/li>\n<\/ol>\n<p>Luego de un estudio de mercado realizado por nuestra instituci\u00f3n, se determin\u00f3 que los niveles de venta en esos lugares eran muy bajos, por lo cual se decidi\u00f3 reforzar y beneficiar los Agromercados de Herrera y Av. Venezuela en Santo Domingo Este, pues cuentan con una mayor demanda y flujo de personas.<\/p>\n<ol start=\"8\">\n<li><strong>\u00bfCu\u00e1les son los productos que ustedes vende?<\/strong><\/li>\n<\/ol>\n<p>Nuestros puntos de ventas suelen tener abundantes productos de la canasta b\u00e1sica tales como: arroz, pl\u00e1tanos, papas, espaguetis, aceite, sardinas, habichuelas, cebollas, verduras, aj\u00edes, entre otros...<\/p>\n<ol start=\"9\">\n<li><strong>\u00bfCu\u00e1ntos supermercados tienen operando y d\u00f3nde?<\/strong><\/li>\n<\/ol>\n<p>Actualmente contamos con 15 Agromercados, distribuidos en el Distrito Nacional, Santo Domingo Oeste, Maim\u00f3n, Pedro Brand, Santiago, San Juan, Hato Mayor, El Valle, Sabana de la Mar, El Seibo, Pedro S\u00e1nchez, Higuey, Dajab\u00f3n y Montecristi.<\/p>\n<ol start=\"10\">\n<li><strong>\u00bfD\u00f3nde y a qui\u00e9nes es que venden sus productos?<\/strong><\/li>\n<\/ol>\n<p>Toda la ciudadan\u00eda puede beneficiarse de la venta de productos baratos, y lo hacemos a trav\u00e9s de nuestros cuatro programas esenciales, que son: Mercados de Productores, Bodegas Fijas, Bodegas M\u00f3viles y Agromercados. Puede ver nuestros servicios en el siguiente\u00a0<a href=\"http:\/\/inespre.gov.do\/servicios\/\" target=\"_blank\" rel=\"noopener\">enlace<\/a>.<\/p>\n<\/div>\n<\/div><\/div><\/div><\/div><\/div>","protected":false},"excerpt":{"rendered":"<p>\u00bfCu\u00e1l es la funci\u00f3n de INESPRE? Ofrecer apoyo y brindar servicios dentro del sistema nacional de comercializaci\u00f3n agropecuario a trav\u00e9s del dise\u00f1o de planes estrat\u00e9gicos para que los productores locales, puedan contar con una plataforma de venta. Promoviendo la rentabilidad y la competitividad de los productores locales. De \u00e9sta manera, contribuimos a reducci\u00f3n de los [&hellip;]<\/p>\n","protected":false},"author":5,"featured_media":0,"parent":0,"menu_order":0,"comment_status":"closed","ping_status":"closed","template":"","meta":{"footnotes":""},"categories":[],"tags":[],"class_list":["post-10070","page","type-page","status-publish","hentry"],"_links":{"self":[{"href":"https:\/\/www.inespre.gob.do\/transparencia\/wp-json\/wp\/v2\/pages\/10070","targetHints":{"allow":["GET"]}}],"collection":[{"href":"https:\/\/www.inespre.gob.do\/transparencia\/wp-json\/wp\/v2\/pages"}],"about":[{"href":"https:\/\/www.inespre.gob.do\/transparencia\/wp-json\/wp\/v2\/types\/page"}],"author":[{"embeddable":true,"href":"https:\/\/www.inespre.gob.do\/transparencia\/wp-json\/wp\/v2\/users\/5"}],"replies":[{"embeddable":true,"href":"https:\/\/www.inespre.gob.do\/transparencia\/wp-json\/wp\/v2\/comments?post=10070"}],"version-history":[{"count":2,"href":"https:\/\/www.inespre.gob.do\/transparencia\/wp-json\/wp\/v2\/pages\/10070\/revisions"}],"predecessor-version":[{"id":10072,"href":"https:\/\/www.inespre.gob.do\/transparencia\/wp-json\/wp\/v2\/pages\/10070\/revisions\/10072"}],"wp:attachment":[{"href":"https:\/\/www.inespre.gob.do\/transparencia\/wp-json\/wp\/v2\/media?parent=10070"}],"wp:term":[{"taxonomy":"category","embeddable":true,"href":"https:\/\/www.inespre.gob.do\/transparencia\/wp-json\/wp\/v2\/categories?post=10070"},{"taxonomy":"post_tag","embeddable":true,"href":"https:\/\/www.inespre.gob.do\/transparencia\/wp-json\/wp\/v2\/tags?post=10070"}],"curies":[{"name":"wp","href":"https:\/\/api.w.org\/{rel}","templated":true}]}}