{"id":10903,"date":"2019-12-10T16:28:01","date_gmt":"2019-12-10T20:28:01","guid":{"rendered":"https:\/\/www.inespre.gov.do\/transparencia\/?page_id=10903"},"modified":"2019-12-10T16:28:38","modified_gmt":"2019-12-10T20:28:38","slug":"404-2","status":"publish","type":"page","link":"https:\/\/www.inespre.gob.do\/transparencia\/404-2\/","title":{"rendered":"404"},"content":{"rendered":"<div id=\"pl-10903\"  class=\"panel-layout\" ><div id=\"pg-10903-0\"  class=\"panel-grid panel-no-style\" ><div id=\"pgc-10903-0-0\"  class=\"panel-grid-cell\" ><div id=\"panel-10903-0-0-0\" class=\"so-panel widget widget_black-studio-tinymce widget_black_studio_tinymce panel-first-child panel-last-child\" data-index=\"0\" ><div class=\"textwidget\"><div class=\"alert\">Lo sentimos, pero la p\u00e1gina que est\u00e1 intentando ver no existe.<\/div>\n<p>Parece que este es el resultado para todos:<\/p>\n<ul>\n<li class=\"first-child\">direcci\u00f3n mal escrita<\/li>\n<li class=\"last-child\">enlace obsoleto<\/li>\n<\/ul>\n<\/div><\/div><\/div><\/div><div id=\"pg-10903-1\"  class=\"panel-grid panel-no-style\" ><div id=\"pgc-10903-1-0\"  class=\"panel-grid-cell\" ><div id=\"panel-10903-1-0-0\" class=\"so-panel widget widget_search panel-first-child panel-last-child\" data-index=\"1\" >\n\n<form role=\"search\" method=\"get\" class=\"form-search\" action=\"https:\/\/www.inespre.gob.do\/transparencia\/\">\n  <label>\n  \t<span class=\"screen-reader-text\">Buscar por:<\/span>\n  \t<input type=\"text\" value=\"\" name=\"s\" class=\"search-query\" placeholder=\"\u00bfQu\u00e9 quieres buscar?\">\n  <\/label>\n  <button type=\"submit\" class=\"search-icon\" aria-label=\"Buscar Contenido\"><i class=\"icon-search\"><\/i><\/button>\n<\/form><\/div><\/div><\/div><\/div>","protected":false},"excerpt":{"rendered":"<p>Lo sentimos, pero la p\u00e1gina que est\u00e1 intentando ver no existe. Parece que este es el resultado para todos: direcci\u00f3n mal escrita enlace obsoleto<\/p>\n","protected":false},"author":5,"featured_media":0,"parent":0,"menu_order":0,"comment_status":"closed","ping_status":"closed","template":"","meta":{"footnotes":""},"categories":[],"tags":[],"class_list":["post-10903","page","type-page","status-publish","hentry"],"_links":{"self":[{"href":"https:\/\/www.inespre.gob.do\/transparencia\/wp-json\/wp\/v2\/pages\/10903","targetHints":{"allow":["GET"]}}],"collection":[{"href":"https:\/\/www.inespre.gob.do\/transparencia\/wp-json\/wp\/v2\/pages"}],"about":[{"href":"https:\/\/www.inespre.gob.do\/transparencia\/wp-json\/wp\/v2\/types\/page"}],"author":[{"embeddable":true,"href":"https:\/\/www.inespre.gob.do\/transparencia\/wp-json\/wp\/v2\/users\/5"}],"replies":[{"embeddable":true,"href":"https:\/\/www.inespre.gob.do\/transparencia\/wp-json\/wp\/v2\/comments?post=10903"}],"version-history":[{"count":3,"href":"https:\/\/www.inespre.gob.do\/transparencia\/wp-json\/wp\/v2\/pages\/10903\/revisions"}],"predecessor-version":[{"id":10906,"href":"https:\/\/www.inespre.gob.do\/transparencia\/wp-json\/wp\/v2\/pages\/10903\/revisions\/10906"}],"wp:attachment":[{"href":"https:\/\/www.inespre.gob.do\/transparencia\/wp-json\/wp\/v2\/media?parent=10903"}],"wp:term":[{"taxonomy":"category","embeddable":true,"href":"https:\/\/www.inespre.gob.do\/transparencia\/wp-json\/wp\/v2\/categories?post=10903"},{"taxonomy":"post_tag","embeddable":true,"href":"https:\/\/www.inespre.gob.do\/transparencia\/wp-json\/wp\/v2\/tags?post=10903"}],"curies":[{"name":"wp","href":"https:\/\/api.w.org\/{rel}","templated":true}]}}