{"id":11134,"date":"2020-01-22T21:32:50","date_gmt":"2020-01-23T01:32:50","guid":{"rendered":"https:\/\/www.inespre.gov.do\/transparencia\/?page_id=11134"},"modified":"2020-12-23T13:41:50","modified_gmt":"2020-12-23T17:41:50","slug":"comparaciones-de-precios-2020","status":"publish","type":"page","link":"https:\/\/www.inespre.gob.do\/transparencia\/compras-y-contrataciones\/comparaciones-de-precios\/comparaciones-de-precios-2020\/","title":{"rendered":"Comparaciones de Precios 2020"},"content":{"rendered":"<div id=\"pl-11134\"  class=\"panel-layout\" ><div id=\"pg-11134-0\"  class=\"panel-grid panel-no-style\" ><div id=\"pgc-11134-0-0\"  class=\"panel-grid-cell\" ><div id=\"panel-11134-0-0-0\" class=\"so-panel widget widget_black-studio-tinymce widget_black_studio_tinymce panel-first-child panel-last-child\" data-index=\"0\" ><h3 class=\"widget-title\">Comparaciones de Precios 2020<\/h3><div class=\"textwidget\"><h5>Diciembre 2020<\/h5>\n<p>    <script language=\"JavaScript\" src=\"https:\/\/www.inespre.gob.do\/transparencia\/wp-content\/plugins\/wpdm-extended-shortcodes\/js\/jqueryFileTree.js\"><\/script>         <link rel=\"stylesheet\" href=\"https:\/\/www.inespre.gob.do\/transparencia\/wp-content\/plugins\/wpdm-extended-shortcodes\/css\/jqueryFileTree.css\" \/>              <div id=\"tree69f74cc1c1bd8\"><\/div>    <script language=\"JavaScript\">        jQuery(document).ready( function() {            jQuery('#tree69f74cc1c1bd8').fileTree({                script: 'https:\/\/www.inespre.gob.do\/transparencia\/?task=wpdm_tree&ddl=1&orderby=modified&order=desc',                expandSpeed: 1000,                collapseSpeed: 1000,                root: '693',                multiFolder: false            }, function(file) {               location.href = file;            });        });    <\/script>    <\/p>\n<hr \/>\n<h5>Noviembre<\/h5>\n<p>Durante el mes de <strong>noviembre<\/strong> 2020 no se realiz\u00f3 ning\u00fan proceso de compras bajo esta modalidad.<\/p>\n<hr \/>\n<h5>Octubre<\/h5>\n<p>Durante el mes de <strong>octubre<\/strong> 2020 no se realiz\u00f3 ning\u00fan proceso de compras bajo esta modalidad.<\/p>\n<hr \/>\n<h5>Septiembre<\/h5>\n<p>Durante el mes de <strong>septiembre<\/strong> 2020 no se realiz\u00f3 ning\u00fan proceso de compras bajo esta modalidad.<\/p>\n<hr \/>\n<h5>Agosto<\/h5>\n<p>Durante el mes de <strong>agosto<\/strong> 2020 no se realiz\u00f3 ning\u00fan proceso de compras bajo esta modalidad.<\/p>\n<hr \/>\n<h5>Julio 2020<\/h5>\n<p>Durante el mes de <strong>julio<\/strong> 2020 no se realiz\u00f3 ning\u00fan proceso de compras bajo esta modalidad.<\/p>\n<hr \/>\n<h5>Junio 2020<\/h5>\n<p>    <script language=\"JavaScript\" src=\"https:\/\/www.inespre.gob.do\/transparencia\/wp-content\/plugins\/wpdm-extended-shortcodes\/js\/jqueryFileTree.js\"><\/script>         <link rel=\"stylesheet\" href=\"https:\/\/www.inespre.gob.do\/transparencia\/wp-content\/plugins\/wpdm-extended-shortcodes\/css\/jqueryFileTree.css\" \/>              <div id=\"tree69f74cc1c4f1f\"><\/div>    <script language=\"JavaScript\">        jQuery(document).ready( function() {            jQuery('#tree69f74cc1c4f1f').fileTree({                script: 'https:\/\/www.inespre.gob.do\/transparencia\/?task=wpdm_tree&ddl=1&orderby=modified&order=desc',                expandSpeed: 1000,                collapseSpeed: 1000,                root: '642',                multiFolder: false            }, function(file) {               location.href = file;            });        });    <\/script>    <\/p>\n<hr \/>\n<h5>Mayo 2020<\/h5>\n<p>    <script language=\"JavaScript\" src=\"https:\/\/www.inespre.gob.do\/transparencia\/wp-content\/plugins\/wpdm-extended-shortcodes\/js\/jqueryFileTree.js\"><\/script>         <link rel=\"stylesheet\" href=\"https:\/\/www.inespre.gob.do\/transparencia\/wp-content\/plugins\/wpdm-extended-shortcodes\/css\/jqueryFileTree.css\" \/>              <div id=\"tree69f74cc1c508c\"><\/div>    <script language=\"JavaScript\">        jQuery(document).ready( function() {            jQuery('#tree69f74cc1c508c').fileTree({                script: 'https:\/\/www.inespre.gob.do\/transparencia\/?task=wpdm_tree&ddl=1&orderby=modified&order=desc',                expandSpeed: 1000,                collapseSpeed: 1000,                root: '629',                multiFolder: false            }, function(file) {               location.href = file;            });        });    <\/script>    <\/p>\n<hr \/>\n<h5>Abril<\/h5>\n<p>Durante el mes de <strong>abril<\/strong> 2020 no se realiz\u00f3 ning\u00fan proceso de compras bajo esta modalidad.<\/p>\n<hr \/>\n<h5>Marzo<\/h5>\n<p>Durante el mes de <strong>marzo<\/strong> 2020 no se realiz\u00f3 ning\u00fan proceso de compras bajo esta modalidad.<\/p>\n<hr \/>\n<h5>Febrero 2020<\/h5>\n<p>    <script language=\"JavaScript\" src=\"https:\/\/www.inespre.gob.do\/transparencia\/wp-content\/plugins\/wpdm-extended-shortcodes\/js\/jqueryFileTree.js\"><\/script>         <link rel=\"stylesheet\" href=\"https:\/\/www.inespre.gob.do\/transparencia\/wp-content\/plugins\/wpdm-extended-shortcodes\/css\/jqueryFileTree.css\" \/>              <div id=\"tree69f74cc1c5179\"><\/div>    <script language=\"JavaScript\">        jQuery(document).ready( function() {            jQuery('#tree69f74cc1c5179').fileTree({                script: 'https:\/\/www.inespre.gob.do\/transparencia\/?task=wpdm_tree&ddl=1&orderby=modified&order=desc',                expandSpeed: 1000,                collapseSpeed: 1000,                root: '602',                multiFolder: false            }, function(file) {               location.href = file;            });        });    <\/script>    <\/p>\n<hr \/>\n<h5>Enero 2020<\/h5>\n<p>    <script language=\"JavaScript\" src=\"https:\/\/www.inespre.gob.do\/transparencia\/wp-content\/plugins\/wpdm-extended-shortcodes\/js\/jqueryFileTree.js\"><\/script>         <link rel=\"stylesheet\" href=\"https:\/\/www.inespre.gob.do\/transparencia\/wp-content\/plugins\/wpdm-extended-shortcodes\/css\/jqueryFileTree.css\" \/>              <div id=\"tree69f74cc1c5262\"><\/div>    <script language=\"JavaScript\">        jQuery(document).ready( function() {            jQuery('#tree69f74cc1c5262').fileTree({                script: 'https:\/\/www.inespre.gob.do\/transparencia\/?task=wpdm_tree&ddl=1&orderby=modified&order=desc',                expandSpeed: 1000,                collapseSpeed: 1000,                root: '580',                multiFolder: false            }, function(file) {               location.href = file;            });        });    <\/script>    <\/p>\n<hr \/>\n<\/div><\/div><\/div><\/div><\/div>","protected":false},"excerpt":{"rendered":"<p>Diciembre 2020 Noviembre Durante el mes de noviembre 2020 no se realiz\u00f3 ning\u00fan proceso de compras bajo esta modalidad. Octubre Durante el mes de octubre 2020 no se realiz\u00f3 ning\u00fan proceso de compras bajo esta modalidad. Septiembre Durante el mes de septiembre 2020 no se realiz\u00f3 ning\u00fan proceso de compras bajo esta modalidad. Agosto Durante [&hellip;]<\/p>\n","protected":false},"author":5,"featured_media":0,"parent":925,"menu_order":0,"comment_status":"closed","ping_status":"closed","template":"","meta":{"footnotes":""},"categories":[],"tags":[],"class_list":["post-11134","page","type-page","status-publish","hentry"],"_links":{"self":[{"href":"https:\/\/www.inespre.gob.do\/transparencia\/wp-json\/wp\/v2\/pages\/11134","targetHints":{"allow":["GET"]}}],"collection":[{"href":"https:\/\/www.inespre.gob.do\/transparencia\/wp-json\/wp\/v2\/pages"}],"about":[{"href":"https:\/\/www.inespre.gob.do\/transparencia\/wp-json\/wp\/v2\/types\/page"}],"author":[{"embeddable":true,"href":"https:\/\/www.inespre.gob.do\/transparencia\/wp-json\/wp\/v2\/users\/5"}],"replies":[{"embeddable":true,"href":"https:\/\/www.inespre.gob.do\/transparencia\/wp-json\/wp\/v2\/comments?post=11134"}],"version-history":[{"count":24,"href":"https:\/\/www.inespre.gob.do\/transparencia\/wp-json\/wp\/v2\/pages\/11134\/revisions"}],"predecessor-version":[{"id":12187,"href":"https:\/\/www.inespre.gob.do\/transparencia\/wp-json\/wp\/v2\/pages\/11134\/revisions\/12187"}],"up":[{"embeddable":true,"href":"https:\/\/www.inespre.gob.do\/transparencia\/wp-json\/wp\/v2\/pages\/925"}],"wp:attachment":[{"href":"https:\/\/www.inespre.gob.do\/transparencia\/wp-json\/wp\/v2\/media?parent=11134"}],"wp:term":[{"taxonomy":"category","embeddable":true,"href":"https:\/\/www.inespre.gob.do\/transparencia\/wp-json\/wp\/v2\/categories?post=11134"},{"taxonomy":"post_tag","embeddable":true,"href":"https:\/\/www.inespre.gob.do\/transparencia\/wp-json\/wp\/v2\/tags?post=11134"}],"curies":[{"name":"wp","href":"https:\/\/api.w.org\/{rel}","templated":true}]}}