{"id":13421,"date":"2021-03-15T15:47:54","date_gmt":"2021-03-15T19:47:54","guid":{"rendered":"https:\/\/www.inespre.gov.do\/transparencia\/?page_id=13421"},"modified":"2026-04-14T17:08:09","modified_gmt":"2026-04-14T21:08:09","slug":"calendario-de-ejecucion-de-programas-y-proyectos","status":"publish","type":"page","link":"https:\/\/www.inespre.gob.do\/transparencia\/proyectos-y-programas\/calendario-de-ejecucion-de-programas-y-proyectos\/","title":{"rendered":"Calendario de Ejecuci\u00f3n"},"content":{"rendered":"<div id=\"pl-13421\"  class=\"panel-layout\" ><div id=\"pg-13421-0\"  class=\"panel-grid panel-no-style\" ><div id=\"pgc-13421-0-0\"  class=\"panel-grid-cell\" ><div id=\"panel-13421-0-0-0\" class=\"so-panel widget widget_black-studio-tinymce widget_black_studio_tinymce panel-first-child\" data-index=\"0\" ><h3 class=\"widget-title\">Calendario de Ejecuci\u00f3n de Programas y Proyectos<\/h3><div class=\"textwidget\"><\/div><\/div><div id=\"panel-13421-0-0-1\" class=\"so-panel widget widget_tabs panel-last-child\" data-index=\"1\" ><div\n\t\t\t\n\t\t\tclass=\"so-widget-tabs so-widget-tabs-tabs-style-6b70deefe27e-13421\"\n\t\t\t\n\t\t>\r\n\r\n\r\n\r\n\r\n<div class=\"soua-tab\">\r\n\r\n    <ul class=\"soua-tabs\">\r\n                <li><a href=\"#\"> \r\n\r\n        \r\n            \r\n                \r\n        2026\r\n        \r\n        <\/a><\/li>\r\n                <li><a href=\"#\"> \r\n\r\n        \r\n            \r\n                \r\n        2025\r\n        \r\n        <\/a><\/li>\r\n                <li><a href=\"#\"> \r\n\r\n        \r\n            \r\n                \r\n        2024\r\n        \r\n        <\/a><\/li>\r\n                <li><a href=\"#\"> \r\n\r\n        \r\n            \r\n                \r\n        2023\r\n        \r\n        <\/a><\/li>\r\n                <li><a href=\"#\"> \r\n\r\n        \r\n            \r\n                \r\n        2022\r\n        \r\n        <\/a><\/li>\r\n                <li><a href=\"#\"> \r\n\r\n        \r\n            \r\n                \r\n        2021\r\n        \r\n        <\/a><\/li>\r\n            <\/ul> <!-- \/ tabs -->\r\n\r\n    <div class=\"tab_content\">\r\n                <div class=\"tabs_item\">\r\n            <p><hr \/>\n\nNo existe Calendario de Ejecuci\u00f3n para Programas y Proyectos en el periodo informado, marzo 2026.\n\n<hr \/>\n\nNo existe Calendario de Ejecuci\u00f3n para Programas y Proyectos en el periodo informado, febrero 2026.\n\n<hr \/>\n\nNo existe Calendario de Ejecuci\u00f3n para Programas y Proyectos en el periodo informado, enero 2026.<\/p>\r\n        <\/div> <!-- \/ tabs_item -->\r\n                <div class=\"tabs_item\">\r\n            <p><hr \/>\n\nNo existe Calendario de Ejecuci\u00f3n para Programas y Proyectos en el periodo informado, diciembre 2025.\n\n<hr \/>\n\nNo existe Calendario de Ejecuci\u00f3n para Programas y Proyectos en el periodo informado, noviembre 2025.\n\n<hr \/>\n\nNo existe Calendario de Ejecuci\u00f3n para Programas y Proyectos en el periodo informado, octubre 2025.\n\n<hr \/>\n\nNo existe Calendario de Ejecuci\u00f3n para Programas y Proyectos en el periodo informado, septiembre 2025.\n\n<hr \/>\n\nNo existe Calendario de Ejecuci\u00f3n para Programas y Proyectos en el periodo informado, julio 2025.\n\n<hr \/>\n\nNo existe Calendario de Ejecuci\u00f3n para Programas y Proyectos en el periodo informado, junio 2025.\n\n<hr \/>\n\nNo existe Calendario de Ejecuci\u00f3n para Programas y Proyectos en el periodo informado, mayo 2025.\n\n<hr \/>\n\nNo existe Calendario de Ejecuci\u00f3n para Programas y Proyectos en el periodo informado, abril 2025.\n\n<hr \/>\n\nNo existe Calendario de Ejecuci\u00f3n para Programas y Proyectos en el periodo informado, marzo 2025.\n\n<hr \/>\n\nNo existe Calendario de Ejecuci\u00f3n para Programas y Proyectos en el periodo informado, febrero 2025.\n\n<hr \/>\n\nNo existe Calendario de Ejecuci\u00f3n para Programas y Proyectos en el periodo informado, enero 2025.<\/p>\r\n        <\/div> <!-- \/ tabs_item -->\r\n                <div class=\"tabs_item\">\r\n            <p><hr \/>\n\nNo existe Calendario de Ejecuci\u00f3n para Programas y Proyectos en el periodo informado, diciembre 2024.\n\n<hr \/>\n\nNo existe Calendario de Ejecuci\u00f3n para Programas y Proyectos en el periodo informado, noviembre 2024.\n\n<hr \/>\n\nNo existe Calendario de Ejecuci\u00f3n para Programas y Proyectos en el periodo informado, octubre 2024.\n\n<hr \/>\n\nNo existe Calendario de Ejecuci\u00f3n para Programas y Proyectos en el periodo informado, septiembre 2024.\n\n<hr \/>\n\nNo existe Calendario de Ejecuci\u00f3n para Programas y Proyectos en el periodo informado, agosto 2024.\n\n<hr \/>\n\nNo existe Calendario de Ejecuci\u00f3n para Programas y Proyectos en el periodo informado, julio 2024.\n\n<hr \/>\n\nNo existe Calendario de Ejecuci\u00f3n para Programas y Proyectos en el periodo informado, junio 2024.\n\n<hr \/>\n\nNo existe Calendario de Ejecuci\u00f3n para Programas y Proyectos en el periodo informado, mayo 2024.\n\n<hr \/>\n\nNo existe Calendario de Ejecuci\u00f3n para Programas y Proyectos en el periodo informado, abril 2024.\n\n<hr \/>\n\nNo existe Calendario de Ejecuci\u00f3n para Programas y Proyectos en el periodo informado, marzo 2024.\n\n<hr \/>\n\nNo existe Calendario de Ejecuci\u00f3n para Programas y Proyectos en el periodo informado, febrero 2024.\n\n<hr \/>\n\nNo existe Calendario de Ejecuci\u00f3n para Programas y Proyectos en el periodo informado, enero 2024.\n\n<hr \/><\/p>\r\n        <\/div> <!-- \/ tabs_item -->\r\n                <div class=\"tabs_item\">\r\n            <p><hr \/>\nNo existe Calendario de Ejecuci\u00f3n para Programas y Proyectos en el periodo informado, diciembre 2023.<br \/><br \/>\nNo existe Calendario de Ejecuci\u00f3n para Programas y Proyectos en el periodo informado, noviembre 2023.<br \/><br \/>\nNo existe Calendario de Ejecuci\u00f3n para Programas y Proyectos en el periodo informado, octubre 2023.<br \/><br \/>\nNo existe Calendario de Ejecuci\u00f3n para Programas y Proyectos en el periodo informado, septiembre 2023.<br \/><br \/>\nNo existe Calendario de Ejecuci\u00f3n para Programas y Proyectos en el periodo informado, agosto 2023.<br \/><br \/>\nNo existe Calendario de Ejecuci\u00f3n para Programas y Proyectos en el periodo informado, julio 2023.<br \/><br \/>\nNo existe Calendario de Ejecuci\u00f3n para Programas y Proyectos en el periodo informado, junio 2023.<br \/><br \/>\nNo existe Calendario de Ejecuci\u00f3n para Programas y Proyectos en el periodo informado, mayo 2023.<br \/><br \/>\nNo existe Calendario de Ejecuci\u00f3n para Programas y Proyectos en el periodo informado, abril 2023.<br \/><br \/>\nNo existe Calendario de Ejecuci\u00f3n para Programas y Proyectos en el periodo informado, marzo 2023.<br \/><br \/>\nNo existe Calendario de Ejecuci\u00f3n para Programas y Proyectos en el periodo informado, febrero 2023.<br \/><br \/>\nNo existe Calendario de Ejecuci\u00f3n para Programas y Proyectos en el periodo informado, enero 2023.<br \/><br \/><\/p>\r\n        <\/div> <!-- \/ tabs_item -->\r\n                <div class=\"tabs_item\">\r\n            <p><br \/>\nNo existe Calendario de Ejecuci\u00f3n para Programas y Proyectos en el periodo informado, diciembre 2022.<br \/><br \/>\nNo existe Calendario de Ejecuci\u00f3n para Programas y Proyectos en el periodo informado, noviembre 2022.<br \/><br \/>\nNo existe Calendario de Ejecuci\u00f3n para Programas y Proyectos en el periodo informado, octubre 2022.<br \/><br \/>\nNo existe Calendario de Ejecuci\u00f3n para Programas y Proyectos en el periodo informado, septiembre 2022.<br \/><br \/>\nNo existe Calendario de Ejecuci\u00f3n para Programas y Proyectos en el periodo informado, agosto 2022.<br \/><br \/>\nNo existe Calendario de Ejecuci\u00f3n para Programas y Proyectos en el periodo informado, julio 2022.<br \/><br \/>\nNo existe Calendario de Ejecuci\u00f3n para Programas y Proyectos en el periodo informado, junio 2022.<br \/><br \/>\nNo existe Calendario de Ejecuci\u00f3n para Programas y Proyectos en el periodo informado, mayo 2022.<br \/><br \/>\nNo existe Calendario de Ejecuci\u00f3n para Programas y Proyectos en el periodo informado, abril 2022.<br \/><br \/>\nNo existe Calendario de Ejecuci\u00f3n para Programas y Proyectos en el periodo informado, marzo 2022.<br \/><br \/>\nNo existe Calendario de Ejecuci\u00f3n para Programas y Proyectos en el periodo informado, febrero 2022.<br \/><br \/>\nNo existe Calendario de Ejecuci\u00f3n para Programas y Proyectos en el periodo informado, enero 2022.<br \/><br \/><\/p>\r\n        <\/div> <!-- \/ tabs_item -->\r\n                <div class=\"tabs_item\">\r\n            <p><hr \/>\n\nNo existe Calendario de Ejecuci\u00f3n para Programas y Proyectos en el periodo informado, diciembre 2021.<br \/><br \/>\n\nNo existe Calendario de Ejecuci\u00f3n para Programas y Proyectos en el periodo informado, noviembre 2021.<br \/><br \/>\n\nNo existe Calendario de Ejecuci\u00f3n para Programas y Proyectos en el periodo informado, octubre 2021.<br \/><br \/>\n\nNo existe Calendario de Ejecuci\u00f3n para Programas y Proyectos en el periodo informado, septiembre 2021.<br \/><br \/>\n\nNo existe Calendario de Ejecuci\u00f3n para Programas y Proyectos en el periodo informado, agosto 2021.<br \/><br \/>\n\nNo existe Calendario de Ejecuci\u00f3n para Programas y Proyectos en el periodo informado, julio 2021.<br \/><br \/>\n\nNo existe Calendario de Ejecuci\u00f3n para Programas y Proyectos en el periodo informado, junio 2021.<br \/><br \/>\n\nNo existe Calendario de Ejecuci\u00f3n para Programas y Proyectos en el periodo informado, mayo 2021.<br \/><br \/>\n\nNo existe Calendario de Ejecuci\u00f3n para Programas y Proyectos en el periodo informado, abril 2021.<br \/><br \/>\n\nNo existe Calendario de Ejecuci\u00f3n para Programas y Proyectos en el periodo informado, marzo 2021.<br \/><br \/>\n\nNo existe Calendario de Ejecuci\u00f3n para Programas y Proyectos en el periodo informado, febrero 2021.<br \/><br \/>\n\nNo existe Calendario de Ejecuci\u00f3n para Programas y Proyectos en el periodo informado, enero 2021.<br \/><br \/><\/p>\r\n        <\/div> <!-- \/ tabs_item -->\r\n        \r\n    <\/div> <!-- \/ tab_content -->\r\n<\/div> <!-- \/ tab -->\r\n\r\n<\/div><\/div><\/div><\/div><\/div>","protected":false},"excerpt":{"rendered":"<p>Calendario de Ejecuci\u00f3n de Programas y Proyectos 2026 2025 2024 2023 2022 2021 No existe Calendario de Ejecuci\u00f3n para Programas y Proyectos en el periodo informado, marzo 2026. No existe Calendario de Ejecuci\u00f3n para Programas y Proyectos en el periodo informado, febrero 2026. No existe Calendario de Ejecuci\u00f3n para Programas y Proyectos en el periodo [&hellip;]<\/p>\n","protected":false},"author":5,"featured_media":0,"parent":53,"menu_order":0,"comment_status":"closed","ping_status":"closed","template":"","meta":{"footnotes":""},"categories":[],"tags":[],"class_list":["post-13421","page","type-page","status-publish","hentry"],"_links":{"self":[{"href":"https:\/\/www.inespre.gob.do\/transparencia\/wp-json\/wp\/v2\/pages\/13421","targetHints":{"allow":["GET"]}}],"collection":[{"href":"https:\/\/www.inespre.gob.do\/transparencia\/wp-json\/wp\/v2\/pages"}],"about":[{"href":"https:\/\/www.inespre.gob.do\/transparencia\/wp-json\/wp\/v2\/types\/page"}],"author":[{"embeddable":true,"href":"https:\/\/www.inespre.gob.do\/transparencia\/wp-json\/wp\/v2\/users\/5"}],"replies":[{"embeddable":true,"href":"https:\/\/www.inespre.gob.do\/transparencia\/wp-json\/wp\/v2\/comments?post=13421"}],"version-history":[{"count":97,"href":"https:\/\/www.inespre.gob.do\/transparencia\/wp-json\/wp\/v2\/pages\/13421\/revisions"}],"predecessor-version":[{"id":29135,"href":"https:\/\/www.inespre.gob.do\/transparencia\/wp-json\/wp\/v2\/pages\/13421\/revisions\/29135"}],"up":[{"embeddable":true,"href":"https:\/\/www.inespre.gob.do\/transparencia\/wp-json\/wp\/v2\/pages\/53"}],"wp:attachment":[{"href":"https:\/\/www.inespre.gob.do\/transparencia\/wp-json\/wp\/v2\/media?parent=13421"}],"wp:term":[{"taxonomy":"category","embeddable":true,"href":"https:\/\/www.inespre.gob.do\/transparencia\/wp-json\/wp\/v2\/categories?post=13421"},{"taxonomy":"post_tag","embeddable":true,"href":"https:\/\/www.inespre.gob.do\/transparencia\/wp-json\/wp\/v2\/tags?post=13421"}],"curies":[{"name":"wp","href":"https:\/\/api.w.org\/{rel}","templated":true}]}}