{"id":14212,"date":"2021-07-01T10:22:51","date_gmt":"2021-07-01T14:22:51","guid":{"rendered":"https:\/\/www.inespre.gov.do\/transparencia\/?page_id=14212"},"modified":"2021-07-20T00:17:55","modified_gmt":"2021-07-20T04:17:55","slug":"derechos-de-los-ciudadanos","status":"publish","type":"page","link":"https:\/\/www.inespre.gob.do\/transparencia\/oai\/derechos-de-los-ciudadanos\/","title":{"rendered":"Derechos de los ciudadanos"},"content":{"rendered":"<div id=\"pl-14212\"  class=\"panel-layout\" ><div id=\"pg-14212-0\"  class=\"panel-grid panel-no-style\" ><div id=\"pgc-14212-0-0\"  class=\"panel-grid-cell\" ><div id=\"panel-14212-0-0-0\" class=\"so-panel widget widget_black-studio-tinymce widget_black_studio_tinymce panel-first-child panel-last-child\" data-index=\"0\" ><h3 class=\"widget-title\">Derechos de los ciudadanos<\/h3><div class=\"textwidget\"><h4 style=\"text-align: justify;\"><strong>Todo ciudadano(a) tiene derecho a:<\/strong><\/h4>\n<p>&nbsp;<\/p>\n<p style=\"text-align: justify;\"><strong>SOLICITAR<\/strong> informaci\u00f3n de cualquier \u00f3rgano del Estado Dominicano y de todas las sociedades an\u00f3nimas, compa\u00f1\u00edas an\u00f3nimas o compa\u00f1\u00edas por acciones con participaci\u00f3n estatal.<\/p>\n<p style=\"text-align: justify;\"><strong>RECIBIR<\/strong> informaci\u00f3n completa, veraz, adecuada y oportuna de cualquier \u00f3rgano del Estado Dominicano y de todas las sociedades an\u00f3nimas, compa\u00f1\u00edas an\u00f3nimas o compa\u00f1\u00edas por acciones con participaci\u00f3n estatal.<\/p>\n<p style=\"text-align: justify;\"><strong>ACCESO<\/strong> gratuito a la informaci\u00f3n en tanto que no requiera reproducci\u00f3n de la misma.<\/p>\n<p style=\"text-align: justify;\"><strong>SOLICITAR, RECIBIR y DIFUNDIR<\/strong> informaciones pertenecientes a la administraci\u00f3n del Estado.<\/p>\n<p style=\"text-align: justify;\"><strong>CONOCER<\/strong> los proyectos de reglamentos y otras disposiciones de car\u00e1cter general que rigen las relaciones entre los particulares y la administraci\u00f3n.<\/p>\n<p style=\"text-align: justify;\"><strong>OBTENER<\/strong> informaci\u00f3n sobre los servicios que ofrece el Estado, requisitos costos.<\/p>\n<p style=\"text-align: justify;\"><strong>SABER<\/strong> la estructura, integrantes, normativas de funcionamiento, proyectos, informes de gesti\u00f3n, y bases de datos de la administraci\u00f3n p\u00fablica.<\/p>\n<p style=\"text-align: justify;\"><strong>CONOCER<\/strong> sobre los presupuestos y c\u00e1lculos de recursos y gastos aprobados, su evoluci\u00f3n y estado de ejecuci\u00f3n.<\/p>\n<p style=\"text-align: justify;\"><strong>TENER<\/strong> informaci\u00f3n sobre los programas y proyectos, sus presupuestos, plazos, ejecuci\u00f3n y supervisi\u00f3n.<\/p>\n<p style=\"text-align: justify;\"><strong>ESTAR AL TANTO<\/strong> sobre las licitaciones, concursos, compras, gastos y resultados.<\/p>\n<p style=\"text-align: justify;\"><strong>ACCEDER<\/strong> a la n\u00f3mina del Estado y sus remuneraciones.<\/p>\n<p style=\"text-align: justify;\"><strong>CONOCER<\/strong> la declaraci\u00f3n jurada patrimonial de los funcionarios del Estado cuando su presentaci\u00f3n corresponda por ley.<\/p>\n<p style=\"text-align: justify;\"><strong>RECIBIR<\/strong> informaci\u00f3n sobre el listado de beneficiarios de programas asistenciales, subsidios, becas, jubilaciones, pensiones y retiros.<\/p>\n<p style=\"text-align: justify;\"><strong>SABER<\/strong> sobre el estado de cuentas de la deuda p\u00fablica, sus vencimientos y pagos.<\/p>\n<p style=\"text-align: justify;\"><strong>BUSCAR<\/strong> las leyes, decretos, resoluciones, disposiciones, marcos regulatorios y cualquier tipo de normativa.<\/p>\n<p style=\"text-align: justify;\"><strong>SOLICITAR Y RECIBIR<\/strong> oportunamente cualquier tipo de documentaci\u00f3n financiera relativa al presupuesto p\u00fablico.<\/p>\n<p style=\"text-align: justify;\">En cumplimiento a la Ley 200-04 y el Decreto 130-05, el acceso a la informaci\u00f3n se har\u00e1 efectivo siempre y cuando no afecte la seguridad nacional, el orden p\u00fablico, la salud o la moral p\u00fablica o el derecho a la privacidad e intimidad de un tercero o el derecho a la reputaci\u00f3n de los dem\u00e1s.<\/p>\n<\/div><\/div><\/div><\/div><\/div>","protected":false},"excerpt":{"rendered":"<p>Todo ciudadano(a) tiene derecho a: &nbsp; SOLICITAR informaci\u00f3n de cualquier \u00f3rgano del Estado Dominicano y de todas las sociedades an\u00f3nimas, compa\u00f1\u00edas an\u00f3nimas o compa\u00f1\u00edas por acciones con participaci\u00f3n estatal. RECIBIR informaci\u00f3n completa, veraz, adecuada y oportuna de cualquier \u00f3rgano del Estado Dominicano y de todas las sociedades an\u00f3nimas, compa\u00f1\u00edas an\u00f3nimas o compa\u00f1\u00edas por acciones con [&hellip;]<\/p>\n","protected":false},"author":5,"featured_media":0,"parent":228,"menu_order":0,"comment_status":"closed","ping_status":"closed","template":"","meta":{"footnotes":""},"categories":[],"tags":[],"class_list":["post-14212","page","type-page","status-publish","hentry"],"_links":{"self":[{"href":"https:\/\/www.inespre.gob.do\/transparencia\/wp-json\/wp\/v2\/pages\/14212","targetHints":{"allow":["GET"]}}],"collection":[{"href":"https:\/\/www.inespre.gob.do\/transparencia\/wp-json\/wp\/v2\/pages"}],"about":[{"href":"https:\/\/www.inespre.gob.do\/transparencia\/wp-json\/wp\/v2\/types\/page"}],"author":[{"embeddable":true,"href":"https:\/\/www.inespre.gob.do\/transparencia\/wp-json\/wp\/v2\/users\/5"}],"replies":[{"embeddable":true,"href":"https:\/\/www.inespre.gob.do\/transparencia\/wp-json\/wp\/v2\/comments?post=14212"}],"version-history":[{"count":6,"href":"https:\/\/www.inespre.gob.do\/transparencia\/wp-json\/wp\/v2\/pages\/14212\/revisions"}],"predecessor-version":[{"id":25239,"href":"https:\/\/www.inespre.gob.do\/transparencia\/wp-json\/wp\/v2\/pages\/14212\/revisions\/25239"}],"up":[{"embeddable":true,"href":"https:\/\/www.inespre.gob.do\/transparencia\/wp-json\/wp\/v2\/pages\/228"}],"wp:attachment":[{"href":"https:\/\/www.inespre.gob.do\/transparencia\/wp-json\/wp\/v2\/media?parent=14212"}],"wp:term":[{"taxonomy":"category","embeddable":true,"href":"https:\/\/www.inespre.gob.do\/transparencia\/wp-json\/wp\/v2\/categories?post=14212"},{"taxonomy":"post_tag","embeddable":true,"href":"https:\/\/www.inespre.gob.do\/transparencia\/wp-json\/wp\/v2\/tags?post=14212"}],"curies":[{"name":"wp","href":"https:\/\/api.w.org\/{rel}","templated":true}]}}