{"id":14394,"date":"2021-07-20T20:09:17","date_gmt":"2021-07-21T00:09:17","guid":{"rendered":"https:\/\/www.inespre.gov.do\/transparencia\/?page_id=14394"},"modified":"2026-04-14T14:56:40","modified_gmt":"2026-04-14T18:56:40","slug":"procesos-de-consultas-abiertas","status":"publish","type":"page","link":"https:\/\/www.inespre.gob.do\/transparencia\/consulta-publica\/procesos-de-consultas-abiertas\/","title":{"rendered":"Procesos de consultas abiertas"},"content":{"rendered":"<div id=\"pl-14394\"  class=\"panel-layout\" ><div id=\"pg-14394-0\"  class=\"panel-grid panel-no-style\" ><div id=\"pgc-14394-0-0\"  class=\"panel-grid-cell\" ><div id=\"panel-14394-0-0-0\" class=\"so-panel widget widget_sow-editor panel-first-child\" data-index=\"0\" ><div\n\t\t\t\n\t\t\tclass=\"so-widget-sow-editor so-widget-sow-editor-base\"\n\t\t\t\n\t\t><h3 class=\"widget-title\">Procesos de consultas abiertas<\/h3>\n<div class=\"siteorigin-widget-tinymce textwidget\">\n\t<\/div>\n<\/div><\/div><div id=\"panel-14394-0-0-1\" class=\"so-panel widget widget_tabs panel-last-child\" data-index=\"1\" ><div\n\t\t\t\n\t\t\tclass=\"so-widget-tabs so-widget-tabs-tabs-style-6b70deefe27e-14394\"\n\t\t\t\n\t\t>\r\n\r\n\r\n\r\n\r\n<div class=\"soua-tab\">\r\n\r\n    <ul class=\"soua-tabs\">\r\n                <li><a href=\"#\"> \r\n\r\n        \r\n            \r\n                \r\n        2026\r\n        \r\n        <\/a><\/li>\r\n                <li><a href=\"#\"> \r\n\r\n        \r\n            \r\n                \r\n        2025\r\n        \r\n        <\/a><\/li>\r\n                <li><a href=\"#\"> \r\n\r\n        \r\n            \r\n                \r\n        2024\r\n        \r\n        <\/a><\/li>\r\n                <li><a href=\"#\"> \r\n\r\n        \r\n            \r\n                \r\n        2023\r\n        \r\n        <\/a><\/li>\r\n                <li><a href=\"#\"> \r\n\r\n        \r\n            \r\n                \r\n        2022\r\n        \r\n        <\/a><\/li>\r\n                <li><a href=\"#\"> \r\n\r\n        \r\n            \r\n                \r\n        2021\r\n        \r\n        <\/a><\/li>\r\n            <\/ul> <!-- \/ tabs -->\r\n\r\n    <div class=\"tab_content\">\r\n                <div class=\"tabs_item\">\r\n            <p><hr \/>\n\nNo hay procesos de consultas p\u00fablicas abiertas en el mes de marzo 2026.\n\n<hr \/>\n\nNo hay procesos de consultas p\u00fablicas abiertas en el mes de febrero 2026.\n\n<hr \/>\n\nNo hay procesos de consultas p\u00fablicas abiertas en el mes de enero 2026.<\/p>\r\n        <\/div> <!-- \/ tabs_item -->\r\n                <div class=\"tabs_item\">\r\n            <p><hr \/>\n\nNo existe relaci\u00f3n de consultas p\u00fablicas hasta el mes de diciembre 2025.\n\n<hr \/>\n\nNo hay procesos de consultas p\u00fablicas abiertas en el mes de noviembre 2025.\n\n<hr \/>\n\nNo hay procesos de consultas p\u00fablicas abiertas en el mes de octubre 2025.\n\n<hr \/>\n\nNo hay procesos de consultas p\u00fablicas abiertas en el mes de septiembre 2025.\n\n<hr \/>\n\nNo hay procesos de consultas p\u00fablicas abiertas en el mes de agosto 2025.\n\n<hr \/>\n\nNo hay procesos de consultas p\u00fablicas abiertas en el mes de julio 2025.\n\n<hr \/>\n\nNo hay procesos de consultas p\u00fablicas abiertas en el mes de junio 2025.\n\n<hr \/>\n\nNo hay procesos de consultas p\u00fablicas abiertas en el mes de mayo 2025.\n\n<hr \/>\n\nNo hay procesos de consultas p\u00fablicas abiertas en el mes de abril 2025.\n\n<hr \/>\n\nNo hay procesos de consultas p\u00fablicas abiertas en el mes de marzo 2025.\n\n<hr \/>\n\nNo hay procesos de consultas p\u00fablicas abiertas en el mes de febrero 2025.\n\n<hr \/>\n\nNo hay procesos de consultas p\u00fablicas abiertas en el mes de enero 2025.<\/p>\r\n        <\/div> <!-- \/ tabs_item -->\r\n                <div class=\"tabs_item\">\r\n            <p><hr \/>\n\nNo hay procesos de consultas p\u00fablicas abiertas en el mes de diciembre 2024.\n\n<hr \/>\n\nNo hay procesos de consultas p\u00fablicas abiertas en el mes de noviembre 2024.\n\n<hr \/>\n\nNo hay procesos de consultas p\u00fablicas abiertas en el mes de octubre 2024.\n\n<hr \/>\n\nNo hay procesos de consultas p\u00fablicas abiertas en el mes de septiembre 2024.\n\n<hr \/>\n\nNo hay procesos de consultas p\u00fablicas abiertas en el mes de agosto 2024.\n\n<hr \/>\n\nNo hay procesos de consultas p\u00fablicas abiertas en el mes de julio 2024.\n\n<hr \/>\n\nNo hay procesos de consultas p\u00fablicas abiertas en el mes de junio 2024.\n\n<hr \/>\n\nNo hay procesos de consultas p\u00fablicas abiertas en el mes de mayo 2024.\n\n<hr \/>\n\nNo hay procesos de consultas p\u00fablicas abiertas en el mes de abril 2024.\n\n<hr \/>\n\nNo hay procesos de consultas p\u00fablicas abiertas en el mes de marzo 2024.\n\n<hr \/>\n\nNo hay procesos de consultas p\u00fablicas abiertas en el mes de febrero 2024.\n\n<hr \/>\n\nNo hay procesos de consultas p\u00fablicas abiertas en el mes de enero 2024.\n\n<hr \/><\/p>\r\n        <\/div> <!-- \/ tabs_item -->\r\n                <div class=\"tabs_item\">\r\n            <p><hr \/>\n\nNo hay procesos de consultas p\u00fablicas abiertas en el mes de diciembre 2023.\n\n<hr \/>\n\nNo hay procesos de consultas p\u00fablicas abiertas en el mes de noviembre 2023.\n\n<hr \/>\n\nNo hay procesos de consultas p\u00fablicas abiertas en el mes de octubre 2023.\n\n<hr \/>\n\nNo hay procesos de consultas p\u00fablicas abiertas en el mes de septiembre 2023.\n\n<hr \/>\n\nNo hay procesos de consultas p\u00fablicas abiertas en el mes de agosto 2023.\n\n<hr \/>\n\nNo hay procesos de consultas p\u00fablicas abiertas en el mes de julio 2023.\n\n<hr \/>\n\nNo hay procesos de consultas p\u00fablicas abiertas en el mes de junio 2023.\n\n<hr \/>\n\nNo hay procesos de consultas p\u00fablicas abiertas en el mes de mayo 2023.\n\n<hr \/>\n\nNo hay procesos de consultas p\u00fablicas abiertas en el mes de abril 2023.\n\n<hr \/>\n\nNo hay procesos de consultas p\u00fablicas abiertas en el mes de marzo 2023.\n\n<hr \/>\n\nNo hay procesos de consultas p\u00fablicas abiertas en el mes de febrero 2023.\n\n<hr \/>\n\nNo hay procesos de consultas p\u00fablicas abiertas en el mes de enero 2023.\n\n<hr \/><\/p>\r\n        <\/div> <!-- \/ tabs_item -->\r\n                <div class=\"tabs_item\">\r\n            <p><hr \/>\nNo hay procesos de consultas p\u00fablicas abiertas en el mes de diciembre 2022.<hr \/>\nNo hay procesos de consultas p\u00fablicas abiertas en el mes de noviembre 2022.<hr \/>\nNo hay procesos de consultas p\u00fablicas abiertas en el mes de octubre 2022.<hr \/>\nNo hay procesos de consultas p\u00fablicas abiertas en el mes de septiembre 2022.<hr \/>\nNo hay procesos de consultas p\u00fablicas abiertas en el mes de agosto 2022.<hr \/>\nNo hay procesos de consultas p\u00fablicas abiertas en el mes de julio 2022.<hr \/>\nNo hay procesos de consultas p\u00fablicas abiertas en el mes de junio 2022.<hr \/>\nNo hay procesos de consultas p\u00fablicas abiertas en el mes de mayo 2022.<hr \/>\nNo hay procesos de consultas p\u00fablicas abiertas en el mes de abril 2022.<hr \/>\nNo hay procesos de consultas p\u00fablicas abiertas en el mes de marzo 2022.<hr \/>\nNo hay procesos de consultas p\u00fablicas abiertas en el mes de febrero 2022.<hr \/>\nNo hay procesos de consultas p\u00fablicas abiertas en el mes de enero 2022.<hr \/><\/p>\r\n        <\/div> <!-- \/ tabs_item -->\r\n                <div class=\"tabs_item\">\r\n            <p>No hay procesos de consultas p\u00fablicas abiertas en el mes de diciembre 2021.<hr \/>\nNo hay procesos de consultas p\u00fablicas abiertas en el mes de noviembre 2021.<hr \/>\nNo hay procesos de consultas p\u00fablicas abiertas en el mes de octubre 2021.<hr \/>\nNo hay procesos de consultas p\u00fablicas abiertas en el mes de septiembre 2021.<hr \/>\nNo hay procesos de consultas p\u00fablicas abiertas en el mes de agosto 2021.<hr \/>\nNo hay procesos de consultas p\u00fablicas abiertas en el mes de julio 2021.<hr \/>\nNo hay procesos de consultas p\u00fablicas abiertas en el mes de junio 2021.<hr \/>\nNo hay procesos de consultas p\u00fablicas abiertas en el mes de mayo 2021.<hr \/>\no hay procesos de consultas p\u00fablicas abiertas en el mes de abril 2021.<hr \/>\nNo hay procesos de consultas p\u00fablicas abiertas en el mes de marzo 2021.<hr \/>\nNo hay procesos de consultas p\u00fablicas abiertas en el mes de febrero 2021.<hr \/>\nNo hay procesos de consultas p\u00fablicas abiertas en el mes de enero 2021.<hr \/><\/p>\r\n        <\/div> <!-- \/ tabs_item -->\r\n        \r\n    <\/div> <!-- \/ tab_content -->\r\n<\/div> <!-- \/ tab -->\r\n\r\n<\/div><\/div><\/div><\/div><\/div>","protected":false},"excerpt":{"rendered":"<p>Procesos de consultas abiertas 2026 2025 2024 2023 2022 2021 No hay procesos de consultas p\u00fablicas abiertas en el mes de marzo 2026. No hay procesos de consultas p\u00fablicas abiertas en el mes de febrero 2026. No hay procesos de consultas p\u00fablicas abiertas en el mes de enero 2026. No existe relaci\u00f3n de consultas p\u00fablicas [&hellip;]<\/p>\n","protected":false},"author":5,"featured_media":0,"parent":14391,"menu_order":0,"comment_status":"closed","ping_status":"closed","template":"","meta":{"footnotes":""},"categories":[],"tags":[],"class_list":["post-14394","page","type-page","status-publish","hentry"],"_links":{"self":[{"href":"https:\/\/www.inespre.gob.do\/transparencia\/wp-json\/wp\/v2\/pages\/14394","targetHints":{"allow":["GET"]}}],"collection":[{"href":"https:\/\/www.inespre.gob.do\/transparencia\/wp-json\/wp\/v2\/pages"}],"about":[{"href":"https:\/\/www.inespre.gob.do\/transparencia\/wp-json\/wp\/v2\/types\/page"}],"author":[{"embeddable":true,"href":"https:\/\/www.inespre.gob.do\/transparencia\/wp-json\/wp\/v2\/users\/5"}],"replies":[{"embeddable":true,"href":"https:\/\/www.inespre.gob.do\/transparencia\/wp-json\/wp\/v2\/comments?post=14394"}],"version-history":[{"count":105,"href":"https:\/\/www.inespre.gob.do\/transparencia\/wp-json\/wp\/v2\/pages\/14394\/revisions"}],"predecessor-version":[{"id":29130,"href":"https:\/\/www.inespre.gob.do\/transparencia\/wp-json\/wp\/v2\/pages\/14394\/revisions\/29130"}],"up":[{"embeddable":true,"href":"https:\/\/www.inespre.gob.do\/transparencia\/wp-json\/wp\/v2\/pages\/14391"}],"wp:attachment":[{"href":"https:\/\/www.inespre.gob.do\/transparencia\/wp-json\/wp\/v2\/media?parent=14394"}],"wp:term":[{"taxonomy":"category","embeddable":true,"href":"https:\/\/www.inespre.gob.do\/transparencia\/wp-json\/wp\/v2\/categories?post=14394"},{"taxonomy":"post_tag","embeddable":true,"href":"https:\/\/www.inespre.gob.do\/transparencia\/wp-json\/wp\/v2\/tags?post=14394"}],"curies":[{"name":"wp","href":"https:\/\/api.w.org\/{rel}","templated":true}]}}