{"id":1571,"date":"2013-04-19T19:43:03","date_gmt":"2013-04-19T23:43:03","guid":{"rendered":"http:\/\/transparencia.inespre.gov.do\/?page_id=1571"},"modified":"2015-10-24T01:14:55","modified_gmt":"2015-10-24T05:14:55","slug":"inespre-lpn-01-2013-contratada","status":"publish","type":"page","link":"https:\/\/www.inespre.gob.do\/transparencia\/compras-y-contrataciones\/licitaciones-publicas\/licitaciones-publicas-2013\/inespre-lpn-01-2013-contratada\/","title":{"rendered":"INESPRE-LPN-01-2013 [Contratada]"},"content":{"rendered":"<div id=\"pl-1571\"  class=\"panel-layout\" ><div id=\"pg-1571-0\"  class=\"panel-grid panel-no-style\" ><div id=\"pgc-1571-0-0\"  class=\"panel-grid-cell\" ><div id=\"panel-1571-0-0-0\" class=\"so-panel widget widget_sow-editor panel-first-child panel-last-child\" data-index=\"0\" ><div\n\t\t\t\n\t\t\tclass=\"so-widget-sow-editor so-widget-sow-editor-base\"\n\t\t\t\n\t\t><h3 class=\"widget-title\">INESPRE-LPN-01-2013 [Contratada] <\/h3>\n<div class=\"siteorigin-widget-tinymce textwidget\">\n\t<p style=\"text-align: right;\"><strong>Santo Domingo, D.N.<br \/> 19 <\/strong><strong>de Abril del 2013<\/strong><\/p>\n<p><a href=\"http:\/\/www.inespre.gov.do\/transparencia\/wp-content\/uploads\/2015\/05\/logo.jpg\"><img loading=\"lazy\" decoding=\"async\" class=\"aligncenter\" src=\"http:\/\/www.inespre.gov.do\/transparencia\/wp-content\/uploads\/2015\/05\/logo.jpg\" alt=\"logo\" width=\"209\" height=\"172\" \/><\/a><\/p>\n<div style=\"text-align: center;\"><strong>INSTITUTO DE\u00a0ESTABILIZACI\u00d3N\u00a0DE PRECIOS<\/strong><\/div>\n<div style=\"text-align: center;\">\n<address><strong>Rep\u00fablica Dominicana<\/strong><\/address>\n<address><strong>\u201cA\u00f1o del Bicentenario del natalicio de Juan Pablo Duarte\u201d<\/strong><\/address>\n<\/div>\n<div style=\"text-align: center;\"><strong>CONVOCATORIA A\u00a0LICITACI\u00d3N\u00a0P\u00daBLICA NACIONAL<br \/>INESPRE-LPN-01-2013<\/strong><\/div>\n<div>\u00a0<\/div>\n<p style=\"text-align: justify;\">El INSTITUTO DE ESTABILIZACI\u00d3N DE PRECIOS en cumplimiento de las disposiciones de la Ley 340-06 de Contrataciones Publicas de Bienes, Servicios, Obras y Concesiones de fecha 18 de agosto del a\u00f1o dos mil seis (2006), y su modificaci\u00f3n contenida en la Ley 449-06 de fecha 6 de diciembre del a\u00f1o dos mil seis (2006), invita por este medio a todos los interesados en presentar propuestas para la <strong>CONTRATACI\u00d3N PARA TRANSPORTAR ART\u00cdCULOS COMERCIALIZADOS POR INESPRE<\/strong>.<\/p>\n<p style=\"text-align: justify;\">Los interesados en retirar los pliegos de condiciones espec\u00edficas, deber\u00e1n dirigirse al Departamento de Compras de la Instituci\u00f3n, ubicado en la Ave. Gregorio Luper\u00f3n esq. Ave. 27 de Febrero, los cuales estar\u00e1n disponibles a partir del viernes 19 de abril del a\u00f1o en curso, en horario de 8:30 a.m. a 3:00 p.m., previo completar el formulario de inscripci\u00f3n y pagar el valor de tres mil pesos (RD$3,000.00), no reembolsable, mediante cheque certificado o de administraci\u00f3n a nombre del Instituto de Estabilizaci\u00f3n de Precios; as\u00ed como en la p\u00e1gina Web de la Instituci\u00f3n <strong>www.inespre.gov.do<\/strong> o en el portal de la DGCP<strong> www.comprasdominicana.gov.do.<\/strong><\/p>\n<p style=\"text-align: justify;\">Las propuestas ser\u00e1n recibidas en sobres lacrados hasta el d\u00eda 05 de junio del a\u00f1o dos mil trece (2013) de 8:30 a.m. a 3:00 p.m., en las oficinas del Departamento de Compras de la Instituci\u00f3n en la direcci\u00f3n anteriormente indicada. La apertura de las propuestas ser\u00e1 realizada el mismo d\u00eda a las 3:00 p.m., en presencia de un Notario P\u00fablico, en la que deber\u00e1n estar presentes los oferentes o sus representantes.<\/p>\n<p style=\"text-align: justify;\">Para cualquier informaci\u00f3n adicional comunicarse al tel\u00e9fono 809-621-0020, extensi\u00f3n 2171.<\/p>\n<p style=\"text-align: justify;\">\n<div class='w3eden'>\n<div class=''>\n<form method=\"get\" class=\"\" data-container=\"#content_357631008a4b83cfc4bf54fff9b5e9fc\" id=\"sc_form_357631008a4b83cfc4bf54fff9b5e9fc\" style=\"margin-bottom: 15px\">\n<div class=\"panel panel-default card category-panel wpdm-shortcode-toolbar\">\n<div class=\"panel-body card-body\">\n<div class=\"media\">\n<div class=\"media-body\">\n<h3 style=\"margin: 0\">Formularios, Archivos de Licitaci\u00f3n<\/h3>\n<\/p><\/div>\n<\/p><\/div>\n<\/p><\/div>\n<div class=\"panel-footer card-footer\">\n<div class=\"row\">\n<div class=\"col-lg-6 col-md-12\">\n                            <input type=\"text\" name=\"skw\" value=\"\" placeholder=\"Buscar palabra clave\u2026\" class=\"form-control form-control-sm\" \/>\n                        <\/div>\n<div class=\"col-lg-2 col-md-4\">\n                            <select name=\"orderby\" class=\"wpdm-custom-select custom-select custom-select-sm\"><option value=\"date\" disabled=\"disabled\">Ordenar por:<\/option><option value=\"date\" >Fecha de publicaci\u00f3n<\/option><option value=\"title\" >T\u00edtulo<\/option><option value=\"update_date\" >Fecha de actualizaci\u00f3n<\/option><option value=\"downloads\" >Descargas<\/option><option value=\"views\" >Visitas<\/option><\/select>\n                        <\/div>\n<div class=\"col-lg-2 col-md-4\">\n                            <select name=\"order\" class=\"wpdm-custom-select custom-select custom-select-sm\"><option value=\"desc\" disabled=\"disabled\">Orden:<\/option><option value=\"desc\" >Descendente<\/option><option value=\"asc\" >Ascendente<\/option><\/select>\n                        <\/div>\n<div class=\"col-lg-2 col-md-4\">\n                            <button type=\"submit\" class=\"btn btn-secondary btn-sm btn-block\">Aplicar el filtro<\/button>\n                        <\/div>\n<\/p><\/div>\n<\/p><\/div>\n<\/p><\/div>\n<\/p><\/form>\n<div class=\"spacer mb-3 d-block clearfix\"><\/div>\n<div id=\"content_357631008a4b83cfc4bf54fff9b5e9fc\">\n<div class='row'>\n<div class='col-lg-12 col-md-6 col-sm-12'><!-- WPDM Link Template: Default Template (Extended) --><\/p>\n<div class=\"card card-default\">\n<div class=\"card-body\">\n<div class=\"media\">\n<div class=\"mr-3\"><img decoding=\"async\" class=\"wpdm_icon\" alt=\"Icono\"   src=\"http:\/\/www.inespre.gov.do\/transparencia\/wp-content\/plugins\/download-manager\/assets\/file-type-icons\/pdf.png\" \/><\/div>\n<div class=\"media-body\">\n<h3 class=\"ptitle m-0 p-0\">contrato-de-ejecuci\u00f3n-servicios-004-2013-lpn-01-2013<\/h3>\n<div><strong><a class='wpdm-download-link download-on-click btn btn-primary btn-sm' rel='nofollow' href='#' data-downloadurl=\"https:\/\/www.inespre.gob.do\/transparencia\/download\/contrato-de-ejecucion-servicios-004-2013-lpn-01-2013\/?wpdmdl=2409&refresh=69d259d452a481775393236\">Descargar<\/a><\/strong><\/div>\n<\/p><\/div>\n<\/p><\/div>\n<\/p><\/div>\n<div class=\"card-footer\"><span class=\"pull-right\">31 downloads<\/span>3.32 MB<\/div>\n<\/div>\n<\/div>\n<div class='col-lg-12 col-md-6 col-sm-12'><!-- WPDM Link Template: Default Template (Extended) --><\/p>\n<div class=\"card card-default\">\n<div class=\"card-body\">\n<div class=\"media\">\n<div class=\"mr-3\"><img decoding=\"async\" class=\"wpdm_icon\" alt=\"Icono\"   src=\"http:\/\/www.inespre.gov.do\/transparencia\/wp-content\/plugins\/download-manager\/assets\/file-type-icons\/pdf.png\" \/><\/div>\n<div class=\"media-body\">\n<h3 class=\"ptitle m-0 p-0\">contrato-de-ejecuci\u00f3n-de-servicios-002-2013-lpn-01-2013<\/h3>\n<div><strong><a class='wpdm-download-link download-on-click btn btn-primary btn-sm' rel='nofollow' href='#' data-downloadurl=\"https:\/\/www.inespre.gob.do\/transparencia\/download\/contrato-de-ejecucion-de-servicios-002-2013-lpn-01-2013\/?wpdmdl=2407&refresh=69d259d4536321775393236\">Descargar<\/a><\/strong><\/div>\n<\/p><\/div>\n<\/p><\/div>\n<\/p><\/div>\n<div class=\"card-footer\"><span class=\"pull-right\">35 downloads<\/span>3.80 MB<\/div>\n<\/div>\n<\/div>\n<div class='col-lg-12 col-md-6 col-sm-12'><!-- WPDM Link Template: Default Template (Extended) --><\/p>\n<div class=\"card card-default\">\n<div class=\"card-body\">\n<div class=\"media\">\n<div class=\"mr-3\"><img decoding=\"async\" class=\"wpdm_icon\" alt=\"Icono\"   src=\"http:\/\/www.inespre.gov.do\/transparencia\/wp-content\/plugins\/download-manager\/assets\/file-type-icons\/pdf.png\" \/><\/div>\n<div class=\"media-body\">\n<h3 class=\"ptitle m-0 p-0\">contrato-de-ejecuci\u00f3n-de-servicios-003-2013-lpn-01-2013<\/h3>\n<div><strong><a class='wpdm-download-link download-on-click btn btn-primary btn-sm' rel='nofollow' href='#' data-downloadurl=\"https:\/\/www.inespre.gob.do\/transparencia\/download\/contrato-de-ejecucion-de-servicios-003-2013-lpn-01-2013\/?wpdmdl=2408&refresh=69d259d4538831775393236\">Descargar<\/a><\/strong><\/div>\n<\/p><\/div>\n<\/p><\/div>\n<\/p><\/div>\n<div class=\"card-footer\"><span class=\"pull-right\">27 downloads<\/span>3.83 MB<\/div>\n<\/div>\n<\/div>\n<div class='col-lg-12 col-md-6 col-sm-12'><!-- WPDM Link Template: Default Template (Extended) --><\/p>\n<div class=\"card card-default\">\n<div class=\"card-body\">\n<div class=\"media\">\n<div class=\"mr-3\"><img decoding=\"async\" class=\"wpdm_icon\" alt=\"Icono\"   src=\"http:\/\/www.inespre.gov.do\/transparencia\/wp-content\/plugins\/download-manager\/assets\/file-type-icons\/box_download.png\" \/><\/div>\n<div class=\"media-body\">\n<h3 class=\"ptitle m-0 p-0\">contrato-de-ejecuci\u00f3n-de-servicios-001-2013-lpn-01-2013<\/h3>\n<div><strong><a class='wpdm-download-link download-on-click btn btn-primary btn-sm' rel='nofollow' href='#' data-downloadurl=\"https:\/\/www.inespre.gob.do\/transparencia\/download\/contrato-de-ejecucion-de-servicios-001-2013-lpn-01-2013\/?wpdmdl=2406&refresh=69d259d453a9c1775393236\">Descargar<\/a><\/strong><\/div>\n<\/p><\/div>\n<\/p><\/div>\n<\/p><\/div>\n<div class=\"card-footer\"><span class=\"pull-right\">26 downloads<\/span>3.80 MB<\/div>\n<\/div>\n<\/div>\n<div class='col-lg-12 col-md-6 col-sm-12'><!-- WPDM Link Template: Default Template (Extended) --><\/p>\n<div class=\"card card-default\">\n<div class=\"card-body\">\n<div class=\"media\">\n<div class=\"mr-3\"><img decoding=\"async\" class=\"wpdm_icon\" alt=\"Icono\"   src=\"http:\/\/www.inespre.gov.do\/transparencia\/wp-content\/plugins\/download-manager\/assets\/file-type-icons\/pdf.png\" \/><\/div>\n<div class=\"media-body\">\n<h3 class=\"ptitle m-0 p-0\">Acto administrativo - Adjudicaci\u00f3n - INESPRE-LPN-01-2013<\/h3>\n<div><strong><a class='wpdm-download-link download-on-click btn btn-primary btn-sm' rel='nofollow' href='#' data-downloadurl=\"https:\/\/www.inespre.gob.do\/transparencia\/download\/acto-administrativo-adjudicacion-inespre-lpn-01-2013\/?wpdmdl=2375&refresh=69d259d453c871775393236\">Descargar<\/a><\/strong><\/div>\n<\/p><\/div>\n<\/p><\/div>\n<\/p><\/div>\n<div class=\"card-footer\"><span class=\"pull-right\">20 downloads<\/span>1,016.59 KB<\/div>\n<\/div>\n<\/div>\n<div class='col-lg-12 col-md-6 col-sm-12'><!-- WPDM Link Template: Default Template (Extended) --><\/p>\n<div class=\"card card-default\">\n<div class=\"card-body\">\n<div class=\"media\">\n<div class=\"mr-3\"><img decoding=\"async\" class=\"wpdm_icon\" alt=\"Icono\"   src=\"http:\/\/www.inespre.gov.do\/transparencia\/wp-content\/plugins\/download-manager\/assets\/file-type-icons\/pdf.png\" \/><\/div>\n<div class=\"media-body\">\n<h3 class=\"ptitle m-0 p-0\">Reporte de lugares ocupados - INESPRE-LPN-01-2013<\/h3>\n<div><strong><a class='wpdm-download-link download-on-click btn btn-primary btn-sm' rel='nofollow' href='#' data-downloadurl=\"https:\/\/www.inespre.gob.do\/transparencia\/download\/reporte-de-lugares-ocupados-inespre-lpn-01-2013\/?wpdmdl=2371&refresh=69d259d453e7c1775393236\">Descargar<\/a><\/strong><\/div>\n<\/p><\/div>\n<\/p><\/div>\n<\/p><\/div>\n<div class=\"card-footer\"><span class=\"pull-right\">21 downloads<\/span>218.31 KB<\/div>\n<\/div>\n<\/div>\n<div class='col-lg-12 col-md-6 col-sm-12'><!-- WPDM Link Template: Default Template (Extended) --><\/p>\n<div class=\"card card-default\">\n<div class=\"card-body\">\n<div class=\"media\">\n<div class=\"mr-3\"><img decoding=\"async\" class=\"wpdm_icon\" alt=\"Icono\" src=\"https:\/\/www.inespre.gob.do\/transparencia\/wp-content\/plugins\/download-manager\/assets\/file-type-icons\/pdf.svg\" onError='this.src=\"https:\/\/www.inespre.gob.do\/transparencia\/wp-content\/plugins\/download-manager\/assets\/file-type-icons\/unknown.svg\";' \/><\/div>\n<div class=\"media-body\">\n<h3 class=\"ptitle m-0 p-0\">Pliego de condiciones espec\u00edficas para contrataciones de servicios - Inespre-lpn-01-2013<\/h3>\n<div><strong><a class='wpdm-download-link download-on-click btn btn-primary btn-sm' rel='nofollow' href='#' data-downloadurl=\"https:\/\/www.inespre.gob.do\/transparencia\/download\/pliego-de-condiciones-especificas-para-contrataciones-de-servicios-inespre-lpn-01-2013\/?wpdmdl=2367&refresh=69d259d4540561775393236\">Descargar<\/a><\/strong><\/div>\n<\/p><\/div>\n<\/p><\/div>\n<\/p><\/div>\n<div class=\"card-footer\"><span class=\"pull-right\">21 downloads<\/span>607.27 KB<\/div>\n<\/div>\n<\/div>\n<div class='col-lg-12 col-md-6 col-sm-12'><!-- WPDM Link Template: Default Template (Extended) --><\/p>\n<div class=\"card card-default\">\n<div class=\"card-body\">\n<div class=\"media\">\n<div class=\"mr-3\"><img decoding=\"async\" class=\"wpdm_icon\" alt=\"Icono\"   src=\"http:\/\/www.inespre.gov.do\/transparencia\/wp-content\/plugins\/download-manager\/assets\/file-type-icons\/docx.png\" \/><\/div>\n<div class=\"media-body\">\n<h3 class=\"ptitle m-0 p-0\">Modelo de carta de designaci\u00f3n o sustituci\u00f3n de Agentes Autorizados (SNCC.D.051)<\/h3>\n<div><strong><a class='wpdm-download-link download-on-click btn btn-primary btn-sm' rel='nofollow' href='#' data-downloadurl=\"https:\/\/www.inespre.gob.do\/transparencia\/download\/modelo-de-carta-de-designacion-o-sustitucion-de-agentes-autorizados-sncc-d-051\/?wpdmdl=2309&refresh=69d259d4542411775393236\">Descargar<\/a><\/strong><\/div>\n<\/p><\/div>\n<\/p><\/div>\n<\/p><\/div>\n<div class=\"card-footer\"><span class=\"pull-right\">276 downloads<\/span>54.79 KB<\/div>\n<\/div>\n<\/div>\n<div class='col-lg-12 col-md-6 col-sm-12'><!-- WPDM Link Template: Default Template (Extended) --><\/p>\n<div class=\"card card-default\">\n<div class=\"card-body\">\n<div class=\"media\">\n<div class=\"mr-3\"><img decoding=\"async\" class=\"wpdm_icon\" alt=\"Icono\"   src=\"http:\/\/www.inespre.gov.do\/transparencia\/wp-content\/plugins\/download-manager\/assets\/file-type-icons\/docx.png\" \/><\/div>\n<div class=\"media-body\">\n<h3 class=\"ptitle m-0 p-0\">Formulario de informaci\u00f3n sobre el oferente (SNCC.F.042).<\/h3>\n<div><strong><a class='wpdm-download-link download-on-click btn btn-primary btn-sm' rel='nofollow' href='#' data-downloadurl=\"https:\/\/www.inespre.gob.do\/transparencia\/download\/garantia-de-fiel-cumplimiento-de-contratro-sncc-f-042\/?wpdmdl=2308&refresh=69d259d45444f1775393236\">Descargar<\/a><\/strong><\/div>\n<\/p><\/div>\n<\/p><\/div>\n<\/p><\/div>\n<div class=\"card-footer\"><span class=\"pull-right\">95 downloads<\/span>75.80 KB<\/div>\n<\/div>\n<\/div>\n<div class='col-lg-12 col-md-6 col-sm-12'><!-- WPDM Link Template: Default Template (Extended) --><\/p>\n<div class=\"card card-default\">\n<div class=\"card-body\">\n<div class=\"media\">\n<div class=\"mr-3\"><img decoding=\"async\" class=\"wpdm_icon\" alt=\"Icono\"   src=\"http:\/\/www.inespre.gov.do\/transparencia\/wp-content\/plugins\/download-manager\/assets\/file-type-icons\/docx.png\" \/><\/div>\n<div class=\"media-body\">\n<h3 class=\"ptitle m-0 p-0\">Garantia de Fiel Cumplimiento de Contratro (SNCC.D.038).<\/h3>\n<div><strong><a class='wpdm-download-link download-on-click btn btn-primary btn-sm' rel='nofollow' href='#' data-downloadurl=\"https:\/\/www.inespre.gob.do\/transparencia\/download\/garantia-de-fiel-cumplimiento-de-contratro-sncc-d-038\/?wpdmdl=2307&refresh=69d259d45463b1775393236\">Descargar<\/a><\/strong><\/div>\n<\/p><\/div>\n<\/p><\/div>\n<\/p><\/div>\n<div class=\"card-footer\"><span class=\"pull-right\">410 downloads<\/span>54.06 KB<\/div>\n<\/div>\n<\/div>\n<\/div>\n<div style='clear:both'><\/div>\n<div class='text-center'>\n<ul class='pagination wpdm-pagination pagination-centered text-center'>\n<li><span aria-current=\"page\" class=\"page-numbers current\">1<\/span><\/li>\n<li><a data-container='#content_357631008a4b83cfc4bf54fff9b5e9fc' class=\"page-numbers\" href=\"https:\/\/www.inespre.gob.do\/transparencia\/wp-json\/wp\/v2\/pages\/1571\/?cp_38=2\">2<\/a><\/li>\n<li><a data-container='#content_357631008a4b83cfc4bf54fff9b5e9fc' class=\"next page-numbers\" href=\"https:\/\/www.inespre.gob.do\/transparencia\/wp-json\/wp\/v2\/pages\/1571\/?cp_38=2\"> <i style=\"display: inline-block;width: 8px;height: 8px;border-right: 2px solid;border-top: 2px solid;transform: rotate(45deg);margin-left: -2px;margin-top: -2px;\"><\/i> <\/a><\/li>\n<\/ul>\n<\/div>\n<div style='clear:both'><\/div>\n<\/p><\/div>\n<div style='clear:both'><\/div>\n<\/p><\/div>\n<\/div>\n<\/div>\n<\/div><\/div><\/div><\/div><\/div>","protected":false},"excerpt":{"rendered":"<p>Santo Domingo, D.N. 19 de Abril del 2013INSTITUTO DE\u00a0ESTABILIZACI\u00d3N\u00a0DE PRECIOSRep\u00fablica Dominicana\u201cA\u00f1o del Bicentenario del natalicio de Juan Pablo Duarte\u201dCONVOCATORIA A\u00a0LICITACI\u00d3N\u00a0P\u00daBLICA NACIONALINESPRE-LPN-01-2013\u00a0El INSTITUTO DE ESTABILIZACI\u00d3N DE PRECIOS en cumplimiento de las disposiciones de la Ley 340-06 de Contrataciones Publicas de Bienes, Servicios, Obras y Concesiones de fecha 18 de agosto del a\u00f1o dos mil seis (2006), [&hellip;]<\/p>\n","protected":false},"author":3,"featured_media":0,"parent":1371,"menu_order":0,"comment_status":"closed","ping_status":"closed","template":"","meta":{"footnotes":""},"categories":[],"tags":[],"class_list":["post-1571","page","type-page","status-publish","hentry"],"_links":{"self":[{"href":"https:\/\/www.inespre.gob.do\/transparencia\/wp-json\/wp\/v2\/pages\/1571","targetHints":{"allow":["GET"]}}],"collection":[{"href":"https:\/\/www.inespre.gob.do\/transparencia\/wp-json\/wp\/v2\/pages"}],"about":[{"href":"https:\/\/www.inespre.gob.do\/transparencia\/wp-json\/wp\/v2\/types\/page"}],"author":[{"embeddable":true,"href":"https:\/\/www.inespre.gob.do\/transparencia\/wp-json\/wp\/v2\/users\/3"}],"replies":[{"embeddable":true,"href":"https:\/\/www.inespre.gob.do\/transparencia\/wp-json\/wp\/v2\/comments?post=1571"}],"version-history":[{"count":4,"href":"https:\/\/www.inespre.gob.do\/transparencia\/wp-json\/wp\/v2\/pages\/1571\/revisions"}],"predecessor-version":[{"id":2378,"href":"https:\/\/www.inespre.gob.do\/transparencia\/wp-json\/wp\/v2\/pages\/1571\/revisions\/2378"}],"up":[{"embeddable":true,"href":"https:\/\/www.inespre.gob.do\/transparencia\/wp-json\/wp\/v2\/pages\/1371"}],"wp:attachment":[{"href":"https:\/\/www.inespre.gob.do\/transparencia\/wp-json\/wp\/v2\/media?parent=1571"}],"wp:term":[{"taxonomy":"category","embeddable":true,"href":"https:\/\/www.inespre.gob.do\/transparencia\/wp-json\/wp\/v2\/categories?post=1571"},{"taxonomy":"post_tag","embeddable":true,"href":"https:\/\/www.inespre.gob.do\/transparencia\/wp-json\/wp\/v2\/tags?post=1571"}],"curies":[{"name":"wp","href":"https:\/\/api.w.org\/{rel}","templated":true}]}}