{"id":16116,"date":"2021-12-09T14:08:11","date_gmt":"2021-12-09T18:08:11","guid":{"rendered":"https:\/\/www.inespre.gov.do\/transparencia\/?page_id=16116"},"modified":"2025-11-05T10:38:47","modified_gmt":"2025-11-05T14:38:47","slug":"ejecucion-del-presupuesto","status":"publish","type":"page","link":"https:\/\/www.inespre.gob.do\/transparencia\/presupuesto\/ejecucion-del-presupuesto\/","title":{"rendered":"Ejecuci\u00f3n del Presupuesto"},"content":{"rendered":"<div id=\"pl-16116\"  class=\"panel-layout\" ><div id=\"pg-16116-0\"  class=\"panel-grid panel-no-style\" ><div id=\"pgc-16116-0-0\"  class=\"panel-grid-cell\" ><div id=\"panel-16116-0-0-0\" class=\"widget_text so-panel widget widget_custom_html panel-first-child panel-last-child\" data-index=\"0\" ><h3 class=\"widget-title\">Ejecuci\u00f3n del Presupuesto<\/h3><div class=\"textwidget custom-html-widget\"><style>\n.wrapper-folders {\n  display: grid;\n  grid-template-columns: repeat(auto-fit, minmax(220px, 1fr));\n  gap: 16px;\n  margin-top: 10px;\n}\n\n.folder-card {\n  display: flex;\n  align-items: center;\n  gap: 12px;\n  padding: 14px 16px;\n  border: 1px solid #ddd;\n  border-radius: 8px;\n  background: #fff;\n  text-decoration: none;\n  color: #008000;\n  font-weight: 600;\n  transition: box-shadow 0.2s ease, transform 0.2s ease;\n  min-height: 70px;\n}\n\n.folder-card:hover {\n  box-shadow: 0 2px 6px rgba(0,0,0,0.1);\n  transform: translateY(-2px);\n}\n\n.folder-card img {\n  width: 40px;\n  height: auto;\n}\n\n.folder-card span {\n  flex: 1;\n  line-height: 1.3;\n}\n<\/style>\n\n<div class=\"wrapper-folders\">\n  <a class=\"folder-card\" href=\"https:\/\/www.inespre.gob.do\/transparencia\/presupuesto\/ejecucion-del-presupuesto\/ejecuciones-presupuestarias\/\">\n    <img decoding=\"async\" src=\"https:\/\/www.inespre.gob.do\/transparencia\/wp-content\/uploads\/2022\/04\/folder43x56.png\" alt=\"Carpeta Ejecuci\u00f3n Mensual\">\n    <span>Ejecuci\u00f3n Mensual<\/span>\n  <\/a>\n\n  <a class=\"folder-card\" href=\"https:\/\/www.inespre.gob.do\/transparencia\/presupuesto\/ejecucion-del-presupuesto\/informes-fisicos-financieros-trimestrales\/\">\n    <img decoding=\"async\" src=\"https:\/\/www.inespre.gob.do\/transparencia\/wp-content\/uploads\/2022\/04\/folder43x56.png\" alt=\"Carpeta Informes F\u00edsicos Financieros Trimestrales\">\n    <span>Informes F\u00edsicos Financieros Trimestrales<\/span>\n  <\/a>\n\n  <a class=\"folder-card\" href=\"https:\/\/www.inespre.gob.do\/transparencia\/presupuesto\/ejecucion-del-presupuesto\/informes-fisicos-financieros-semestrales\/\">\n    <img decoding=\"async\" src=\"https:\/\/www.inespre.gob.do\/transparencia\/wp-content\/uploads\/2022\/04\/folder43x56.png\" alt=\"Carpeta Informes F\u00edsicos Financieros Semestrales\">\n    <span>Informes F\u00edsicos Financieros Semestrales<\/span>\n  <\/a>\n\n  <a class=\"folder-card\" href=\"https:\/\/www.inespre.gob.do\/transparencia\/presupuesto\/ejecucion-del-presupuesto\/informes-fisicos-financieros-anuales\/\">\n    <img decoding=\"async\" src=\"https:\/\/www.inespre.gob.do\/transparencia\/wp-content\/uploads\/2022\/04\/folder43x56.png\" alt=\"Carpeta Informes F\u00edsicos Financieros Anuales\">\n    <span>Informes F\u00edsicos Financieros Anuales<\/span>\n  <\/a>\n<\/div>\n<\/div><\/div><\/div><\/div><\/div>","protected":false},"excerpt":{"rendered":"<p>Ejecuci\u00f3n del Presupuesto Ejecuci\u00f3n Mensual Informes F\u00edsicos Financieros Trimestrales Informes F\u00edsicos Financieros Semestrales Informes F\u00edsicos Financieros Anuales<\/p>\n","protected":false},"author":5,"featured_media":0,"parent":2927,"menu_order":0,"comment_status":"closed","ping_status":"closed","template":"","meta":{"footnotes":""},"categories":[],"tags":[],"class_list":["post-16116","page","type-page","status-publish","hentry"],"_links":{"self":[{"href":"https:\/\/www.inespre.gob.do\/transparencia\/wp-json\/wp\/v2\/pages\/16116","targetHints":{"allow":["GET"]}}],"collection":[{"href":"https:\/\/www.inespre.gob.do\/transparencia\/wp-json\/wp\/v2\/pages"}],"about":[{"href":"https:\/\/www.inespre.gob.do\/transparencia\/wp-json\/wp\/v2\/types\/page"}],"author":[{"embeddable":true,"href":"https:\/\/www.inespre.gob.do\/transparencia\/wp-json\/wp\/v2\/users\/5"}],"replies":[{"embeddable":true,"href":"https:\/\/www.inespre.gob.do\/transparencia\/wp-json\/wp\/v2\/comments?post=16116"}],"version-history":[{"count":7,"href":"https:\/\/www.inespre.gob.do\/transparencia\/wp-json\/wp\/v2\/pages\/16116\/revisions"}],"predecessor-version":[{"id":28667,"href":"https:\/\/www.inespre.gob.do\/transparencia\/wp-json\/wp\/v2\/pages\/16116\/revisions\/28667"}],"up":[{"embeddable":true,"href":"https:\/\/www.inespre.gob.do\/transparencia\/wp-json\/wp\/v2\/pages\/2927"}],"wp:attachment":[{"href":"https:\/\/www.inespre.gob.do\/transparencia\/wp-json\/wp\/v2\/media?parent=16116"}],"wp:term":[{"taxonomy":"category","embeddable":true,"href":"https:\/\/www.inespre.gob.do\/transparencia\/wp-json\/wp\/v2\/categories?post=16116"},{"taxonomy":"post_tag","embeddable":true,"href":"https:\/\/www.inespre.gob.do\/transparencia\/wp-json\/wp\/v2\/tags?post=16116"}],"curies":[{"name":"wp","href":"https:\/\/api.w.org\/{rel}","templated":true}]}}