{"id":16928,"date":"2022-02-02T14:22:08","date_gmt":"2022-02-02T18:22:08","guid":{"rendered":"https:\/\/www.inespre.gov.do\/transparencia\/?page_id=16928"},"modified":"2022-12-26T15:49:07","modified_gmt":"2022-12-26T19:49:07","slug":"comparaciones-de-precios-2022","status":"publish","type":"page","link":"https:\/\/www.inespre.gob.do\/transparencia\/compras-y-contrataciones\/comparaciones-de-precios\/comparaciones-de-precios-2022\/","title":{"rendered":"Comparaciones de Precios 2022"},"content":{"rendered":"<div id=\"pl-16928\"  class=\"panel-layout\" ><div id=\"pg-16928-0\"  class=\"panel-grid panel-no-style\" ><div id=\"pgc-16928-0-0\"  class=\"panel-grid-cell\" ><div id=\"panel-16928-0-0-0\" class=\"so-panel widget widget_black-studio-tinymce widget_black_studio_tinymce panel-first-child panel-last-child\" data-index=\"0\" ><h3 class=\"widget-title\">Comparaciones de Precios 2022<\/h3><div class=\"textwidget\"><h4 id=\"2022\"><strong><span style=\"color: #003300;\">2022<\/span><\/strong><\/h4>\n<hr \/>\n<h5>Diciembre<\/h5>\n<p>    <script language=\"JavaScript\" src=\"https:\/\/www.inespre.gob.do\/transparencia\/wp-content\/plugins\/wpdm-extended-shortcodes\/js\/jqueryFileTree.js\"><\/script>         <link rel=\"stylesheet\" href=\"https:\/\/www.inespre.gob.do\/transparencia\/wp-content\/plugins\/wpdm-extended-shortcodes\/css\/jqueryFileTree.css\" \/>              <div id=\"tree69f74cac69476\"><\/div>    <script language=\"JavaScript\">        jQuery(document).ready( function() {            jQuery('#tree69f74cac69476').fileTree({                script: 'https:\/\/www.inespre.gob.do\/transparencia\/?task=wpdm_tree&ddl=1&orderby=modified&order=desc',                expandSpeed: 1000,                collapseSpeed: 1000,                root: '1106',                multiFolder: false            }, function(file) {               location.href = file;            });        });    <\/script>    <\/p>\n<hr \/>\n<h5>Noviembre<\/h5>\n<p>Durante el mes de <strong>noviembre<\/strong> 2022 no se realiz\u00f3 ning\u00fan proceso de compras bajo esta modalidad.<\/p>\n<hr \/>\n<h5>Octubre<\/h5>\n<p>Durante el mes de <strong>octubre<\/strong> 2022 no se realiz\u00f3 ning\u00fan proceso de compras bajo esta modalidad.<\/p>\n<hr \/>\n<h5>Septiembre<\/h5>\n<p>    <script language=\"JavaScript\" src=\"https:\/\/www.inespre.gob.do\/transparencia\/wp-content\/plugins\/wpdm-extended-shortcodes\/js\/jqueryFileTree.js\"><\/script>         <link rel=\"stylesheet\" href=\"https:\/\/www.inespre.gob.do\/transparencia\/wp-content\/plugins\/wpdm-extended-shortcodes\/css\/jqueryFileTree.css\" \/>              <div id=\"tree69f74cac6956b\"><\/div>    <script language=\"JavaScript\">        jQuery(document).ready( function() {            jQuery('#tree69f74cac6956b').fileTree({                script: 'https:\/\/www.inespre.gob.do\/transparencia\/?task=wpdm_tree&ddl=1&orderby=modified&order=desc',                expandSpeed: 1000,                collapseSpeed: 1000,                root: '1036',                multiFolder: false            }, function(file) {               location.href = file;            });        });    <\/script>    <\/p>\n<hr \/>\n<h5>Agosto<\/h5>\n<p>    <script language=\"JavaScript\" src=\"https:\/\/www.inespre.gob.do\/transparencia\/wp-content\/plugins\/wpdm-extended-shortcodes\/js\/jqueryFileTree.js\"><\/script>         <link rel=\"stylesheet\" href=\"https:\/\/www.inespre.gob.do\/transparencia\/wp-content\/plugins\/wpdm-extended-shortcodes\/css\/jqueryFileTree.css\" \/>              <div id=\"tree69f74cac69632\"><\/div>    <script language=\"JavaScript\">        jQuery(document).ready( function() {            jQuery('#tree69f74cac69632').fileTree({                script: 'https:\/\/www.inespre.gob.do\/transparencia\/?task=wpdm_tree&ddl=1&orderby=modified&order=desc',                expandSpeed: 1000,                collapseSpeed: 1000,                root: '1020',                multiFolder: false            }, function(file) {               location.href = file;            });        });    <\/script>    <\/p>\n<hr \/>\n<h5>Julio<\/h5>\n<p>Durante el mes de <strong>julio<\/strong> 2022 no se realiz\u00f3 ning\u00fan proceso de compras bajo esta modalidad.<\/p>\n<hr \/>\n<h5>Junio<\/h5>\n<p>    <script language=\"JavaScript\" src=\"https:\/\/www.inespre.gob.do\/transparencia\/wp-content\/plugins\/wpdm-extended-shortcodes\/js\/jqueryFileTree.js\"><\/script>         <link rel=\"stylesheet\" href=\"https:\/\/www.inespre.gob.do\/transparencia\/wp-content\/plugins\/wpdm-extended-shortcodes\/css\/jqueryFileTree.css\" \/>              <div id=\"tree69f74cac696e5\"><\/div>    <script language=\"JavaScript\">        jQuery(document).ready( function() {            jQuery('#tree69f74cac696e5').fileTree({                script: 'https:\/\/www.inespre.gob.do\/transparencia\/?task=wpdm_tree&ddl=1&orderby=modified&order=desc',                expandSpeed: 1000,                collapseSpeed: 1000,                root: '995',                multiFolder: false            }, function(file) {               location.href = file;            });        });    <\/script>    <\/p>\n<hr \/>\n<h5>Mayo<\/h5>\n<p>Durante el mes de <strong>mayo<\/strong> 2022 no se realiz\u00f3 ning\u00fan proceso de compras bajo esta modalidad.<\/p>\n<hr \/>\n<h5>Abril<\/h5>\n<p>    <script language=\"JavaScript\" src=\"https:\/\/www.inespre.gob.do\/transparencia\/wp-content\/plugins\/wpdm-extended-shortcodes\/js\/jqueryFileTree.js\"><\/script>         <link rel=\"stylesheet\" href=\"https:\/\/www.inespre.gob.do\/transparencia\/wp-content\/plugins\/wpdm-extended-shortcodes\/css\/jqueryFileTree.css\" \/>              <div id=\"tree69f74cac6978e\"><\/div>    <script language=\"JavaScript\">        jQuery(document).ready( function() {            jQuery('#tree69f74cac6978e').fileTree({                script: 'https:\/\/www.inespre.gob.do\/transparencia\/?task=wpdm_tree&ddl=1&orderby=modified&order=desc',                expandSpeed: 1000,                collapseSpeed: 1000,                root: '932',                multiFolder: false            }, function(file) {               location.href = file;            });        });    <\/script>    <\/p>\n<hr \/>\n<h5>Marzo<\/h5>\n<p>Durante el mes de <strong>marzo<\/strong> 2022 no se realiz\u00f3 ning\u00fan proceso de compras bajo esta modalidad.<\/p>\n<hr \/>\n<h5>Febrero<\/h5>\n<p>Durante el mes de <strong>Febrero<\/strong> 2022 no se realiz\u00f3 ning\u00fan proceso de compras bajo esta modalidad.<\/p>\n<hr \/>\n<h5>Enero<\/h5>\n<p>Durante el mes de <strong>Enero<\/strong> 2022 no se realiz\u00f3 ning\u00fan proceso de compras bajo esta modalidad.<\/p>\n<hr \/>\n<\/div><\/div><\/div><\/div><\/div>","protected":false},"excerpt":{"rendered":"<p>2022 Diciembre Noviembre Durante el mes de noviembre 2022 no se realiz\u00f3 ning\u00fan proceso de compras bajo esta modalidad. Octubre Durante el mes de octubre 2022 no se realiz\u00f3 ning\u00fan proceso de compras bajo esta modalidad. Septiembre Agosto Julio Durante el mes de julio 2022 no se realiz\u00f3 ning\u00fan proceso de compras bajo esta modalidad. [&hellip;]<\/p>\n","protected":false},"author":5,"featured_media":0,"parent":925,"menu_order":0,"comment_status":"closed","ping_status":"closed","template":"","meta":{"footnotes":""},"categories":[],"tags":[],"class_list":["post-16928","page","type-page","status-publish","hentry"],"_links":{"self":[{"href":"https:\/\/www.inespre.gob.do\/transparencia\/wp-json\/wp\/v2\/pages\/16928","targetHints":{"allow":["GET"]}}],"collection":[{"href":"https:\/\/www.inespre.gob.do\/transparencia\/wp-json\/wp\/v2\/pages"}],"about":[{"href":"https:\/\/www.inespre.gob.do\/transparencia\/wp-json\/wp\/v2\/types\/page"}],"author":[{"embeddable":true,"href":"https:\/\/www.inespre.gob.do\/transparencia\/wp-json\/wp\/v2\/users\/5"}],"replies":[{"embeddable":true,"href":"https:\/\/www.inespre.gob.do\/transparencia\/wp-json\/wp\/v2\/comments?post=16928"}],"version-history":[{"count":22,"href":"https:\/\/www.inespre.gob.do\/transparencia\/wp-json\/wp\/v2\/pages\/16928\/revisions"}],"predecessor-version":[{"id":17607,"href":"https:\/\/www.inespre.gob.do\/transparencia\/wp-json\/wp\/v2\/pages\/16928\/revisions\/17607"}],"up":[{"embeddable":true,"href":"https:\/\/www.inespre.gob.do\/transparencia\/wp-json\/wp\/v2\/pages\/925"}],"wp:attachment":[{"href":"https:\/\/www.inespre.gob.do\/transparencia\/wp-json\/wp\/v2\/media?parent=16928"}],"wp:term":[{"taxonomy":"category","embeddable":true,"href":"https:\/\/www.inespre.gob.do\/transparencia\/wp-json\/wp\/v2\/categories?post=16928"},{"taxonomy":"post_tag","embeddable":true,"href":"https:\/\/www.inespre.gob.do\/transparencia\/wp-json\/wp\/v2\/tags?post=16928"}],"curies":[{"name":"wp","href":"https:\/\/api.w.org\/{rel}","templated":true}]}}