{"id":18783,"date":"2022-06-23T00:39:22","date_gmt":"2022-06-23T04:39:22","guid":{"rendered":"https:\/\/www.inespre.gov.do\/transparencia\/?page_id=18783"},"modified":"2026-02-11T16:15:31","modified_gmt":"2026-02-11T20:15:31","slug":"reglamentos-y-resoluciones","status":"publish","type":"page","link":"https:\/\/www.inespre.gob.do\/transparencia\/marco-legal-del-sistema-de-transparencia\/reglamentos-y-resoluciones\/","title":{"rendered":"Reglamentos y Resoluciones"},"content":{"rendered":"<div id=\"pl-18783\"  class=\"panel-layout\" ><div id=\"pg-18783-0\"  class=\"panel-grid panel-no-style\" ><div id=\"pgc-18783-0-0\"  class=\"panel-grid-cell\" ><div id=\"panel-18783-0-0-0\" class=\"so-panel widget widget_black-studio-tinymce widget_black_studio_tinymce panel-first-child panel-last-child\" data-index=\"0\" ><h3 class=\"widget-title\">Reglamentos y Resoluciones<\/h3><div class=\"textwidget\"><h3 id=\"resoluciones\">III. Reglamentos y Resoluciones<\/h3>\n<h5>Descarga:<\/h5>\n<p>        <div class=\"w3eden clear\" align=\"right\"><div class=\"link-btn light\">    <div class=\"media\">        <div class=\"pull-left wbt-left\"><div class=\"wbt-icon\"><img decoding=\"async\" class=\"wpdm_icon\" alt=\"Icono\"   src=\"https:\/\/www.inespre.gob.do\/transparencia\/wp-content\/plugins\/download-manager\/assets\/file-type-icons\/pdf.svg\" \/><\/div><\/div>        <div class=\"pull-left text-left wbt-content\"><strong class=\"ptitle\">                <a href=\"https:\/\/www.inespre.gob.do\/transparencia\/download\/res-num-02-2026-que-establece-la-politica-para-el-cumplimiento-de-la-transparencia-pasiva\/?wpdmdl=28941&refresh=69f74cac958471777814700\">Resoluci\u00f3n No. 02-2026 que establece la pol\u00edtica para el cumplimiento de la transparencia pasiva<\/a>            <\/strong>            <div style=\"font-size: 8pt;padding-top: 1px\"><a href=\"https:\/\/www.inespre.gob.do\/transparencia\/download\/res-num-02-2026-que-establece-la-politica-para-el-cumplimiento-de-la-transparencia-pasiva\/?wpdmdl=28941&refresh=69f74cac958471777814700\">Descargar<\/a> <i style=\"margin: 4px 0 0 5px;opacity:0.5\"                                                           class=\"fa fa-th-large\"><\/i> 640.01 KB            <\/div>        <\/div>    <\/div><\/div><\/div><script>jQuery(function(){jQuery('.link-btn a.wpdm-download-link img').after('Descagar');jQuery('.link-btn a.wpdm-download-link img').remove();});<\/script><\/p>\n<p>        <div class=\"w3eden clear\" align=\"right\"><div class=\"link-btn light\">    <div class=\"media\">        <div class=\"pull-left wbt-left\"><div class=\"wbt-icon\"><img decoding=\"async\" class=\"wpdm_icon\" alt=\"Icono\"   src=\"https:\/\/www.inespre.gob.do\/transparencia\/wp-content\/plugins\/download-manager\/assets\/file-type-icons\/pdf.svg\" \/><\/div><\/div>        <div class=\"pull-left text-left wbt-content\"><strong class=\"ptitle\">                <a href=\"https:\/\/www.inespre.gob.do\/transparencia\/download\/resolucion-no-008-2025-que-aprueba-los-suplentes-de-los-miembros-del-comite-de-compras-del-instituto-de-estabilizacion-de-precios-inespre\/?wpdmdl=28953&refresh=69f74cac966741777814700\">Resoluci\u00f3n No. 008-2025, que aprueba los suplentes de los miembros del Comit\u00e9 de Compras del Instituto de Estabilizaci\u00f3n de Precios (INESPRE), de fecha 13 de octubre de 2025.<\/a>            <\/strong>            <div style=\"font-size: 8pt;padding-top: 1px\"><a href=\"https:\/\/www.inespre.gob.do\/transparencia\/download\/resolucion-no-008-2025-que-aprueba-los-suplentes-de-los-miembros-del-comite-de-compras-del-instituto-de-estabilizacion-de-precios-inespre\/?wpdmdl=28953&refresh=69f74cac966741777814700\">Descargar<\/a> <i style=\"margin: 4px 0 0 5px;opacity:0.5\"                                                           class=\"fa fa-th-large\"><\/i> 1.40 MB            <\/div>        <\/div>    <\/div><\/div><\/div><script>jQuery(function(){jQuery('.link-btn a.wpdm-download-link img').after('Descargar');jQuery('.link-btn a.wpdm-download-link img').remove();});<\/script><\/p>\n<p>        <div class=\"w3eden clear\" align=\"right\"><div class=\"link-btn light\">    <div class=\"media\">        <div class=\"pull-left wbt-left\"><div class=\"wbt-icon\"><img decoding=\"async\" class=\"wpdm_icon\" alt=\"Icono\"   src=\"https:\/\/www.inespre.gob.do\/transparencia\/wp-content\/plugins\/download-manager\/assets\/file-type-icons\/pdf.svg\" \/><\/div><\/div>        <div class=\"pull-left text-left wbt-content\"><strong class=\"ptitle\">                <a href=\"https:\/\/www.inespre.gob.do\/transparencia\/download\/resolucion-num-007-2025-para-la-creacion-del-comite-de-implementacion-y-gestion-de-estandares-tic-cigetic-del-instituto-de-estabilizacion-de-precios-inespre\/?wpdmdl=28935&refresh=69f74cac96a461777814700\">Resoluci\u00f3n N\u00fam. 007-2025, Para la creaci\u00f3n del Comit\u00e9 de Implementaci\u00f3n y Gesti\u00f3n de Est\u00e1ndares TIC (CIGETIC) del Instituto de Estabilizaci\u00f3n de Precios (INESPRE).<\/a>            <\/strong>            <div style=\"font-size: 8pt;padding-top: 1px\"><a href=\"https:\/\/www.inespre.gob.do\/transparencia\/download\/resolucion-num-007-2025-para-la-creacion-del-comite-de-implementacion-y-gestion-de-estandares-tic-cigetic-del-instituto-de-estabilizacion-de-precios-inespre\/?wpdmdl=28935&refresh=69f74cac96a461777814700\">Descargar<\/a> <i style=\"margin: 4px 0 0 5px;opacity:0.5\"                                                           class=\"fa fa-th-large\"><\/i> 2.56 MB            <\/div>        <\/div>    <\/div><\/div><\/div><script>jQuery(function(){jQuery('.link-btn a.wpdm-download-link img').after('Descargar');jQuery('.link-btn a.wpdm-download-link img').remove();});<\/script><\/p>\n<p>        <div class=\"w3eden clear\" align=\"right\"><div class=\"link-btn light\">    <div class=\"media\">        <div class=\"pull-left wbt-left\"><div class=\"wbt-icon\"><img decoding=\"async\" class=\"wpdm_icon\" alt=\"Icono\"   src=\"https:\/\/www.inespre.gob.do\/transparencia\/wp-content\/plugins\/download-manager\/assets\/file-type-icons\/pdf.svg\" \/><\/div><\/div>        <div class=\"pull-left text-left wbt-content\"><strong class=\"ptitle\">                <a href=\"https:\/\/www.inespre.gob.do\/transparencia\/download\/resolucion-num-02-2025-que-establece-las-politicas-y-el-procedimiento-sobre-la-solicitud-de-mediacion-ante-la-direccion-general-de-etica-e-integridad-gubernamental-digeig\/?wpdmdl=28475&refresh=69f74cac96da71777814700\">Resoluci\u00f3n N\u00fam. 02-2025. Que establece las pol\u00edticas y el procedimiento sobre la solicitud de mediaci\u00f3n ante la Direcci\u00f3n General de \u00c9tica e Integridad Gubernamental (DIGEIG), de fecha 22 de abril de 2025..<\/a>            <\/strong>            <div style=\"font-size: 8pt;padding-top: 1px\"><a href=\"https:\/\/www.inespre.gob.do\/transparencia\/download\/resolucion-num-02-2025-que-establece-las-politicas-y-el-procedimiento-sobre-la-solicitud-de-mediacion-ante-la-direccion-general-de-etica-e-integridad-gubernamental-digeig\/?wpdmdl=28475&refresh=69f74cac96da71777814700\">Descargar<\/a> <i style=\"margin: 4px 0 0 5px;opacity:0.5\"                                                           class=\"fa fa-th-large\"><\/i> 973.80 KB            <\/div>        <\/div>    <\/div><\/div><\/div><script>jQuery(function(){jQuery('.link-btn a.wpdm-download-link img').after('Descargar');jQuery('.link-btn a.wpdm-download-link img').remove();});<\/script><\/p>\n<p><! -- [wpdm_button_template id=27610 style=\"light\" align=\"left\"]\n\n --><br \/>\n        <div class=\"w3eden clear\" align=\"right\"><div class=\"link-btn light\">    <div class=\"media\">        <div class=\"pull-left wbt-left\"><div class=\"wbt-icon\"><img decoding=\"async\" class=\"wpdm_icon\" alt=\"Icono\"   src=\"https:\/\/www.inespre.gov.do\/transparencia\/wp-content\/plugins\/download-manager\/assets\/file-type-icons\/pdf.svg\" \/><\/div><\/div>        <div class=\"pull-left text-left wbt-content\"><strong class=\"ptitle\">                <a href=\"https:\/\/www.inespre.gob.do\/transparencia\/download\/reglamento-de-aplicacion-de-la-ley-numero-340-06-sobre-compras-y-contrataciones-de-bienes-servicios-y-obras-y-sus-modificaciones-de-fecha-14-de-septiembre-de-2023\/?wpdmdl=24146&refresh=69f74cac9714e1777814700\">Reglamento de Aplicaci\u00f3n de la Ley N\u00famero 340-06 Sobre Compras y Contrataciones de Bienes, Servicios y Obras y sus Modificaciones de fecha 14 de septiembre de 2023<\/a>            <\/strong>            <div style=\"font-size: 8pt;padding-top: 1px\"><a href=\"https:\/\/www.inespre.gob.do\/transparencia\/download\/reglamento-de-aplicacion-de-la-ley-numero-340-06-sobre-compras-y-contrataciones-de-bienes-servicios-y-obras-y-sus-modificaciones-de-fecha-14-de-septiembre-de-2023\/?wpdmdl=24146&refresh=69f74cac9714e1777814700\">Descargar<\/a> <i style=\"margin: 4px 0 0 5px;opacity:0.5\"                                                           class=\"fa fa-th-large\"><\/i> 26.34 MB            <\/div>        <\/div>    <\/div><\/div><\/div><script>jQuery(function(){jQuery('.link-btn a.wpdm-download-link img').after('Descargar');jQuery('.link-btn a.wpdm-download-link img').remove();});<\/script><\/p>\n<p><! -- [wpdm_button_template id=21747 style=\"light\" align=\"left\"]\n\n --><br \/>\n        <div class=\"w3eden clear\" align=\"right\"><div class=\"link-btn light\">    <div class=\"media\">        <div class=\"pull-left wbt-left\"><div class=\"wbt-icon\"><img decoding=\"async\" class=\"wpdm_icon\" alt=\"Icono\"   src=\"https:\/\/www.inespre.gov.do\/transparencia\/wp-content\/plugins\/download-manager\/assets\/file-type-icons\/pdf.svg\" \/><\/div><\/div>        <div class=\"pull-left text-left wbt-content\"><strong class=\"ptitle\">                <a href=\"https:\/\/www.inespre.gob.do\/transparencia\/download\/resolucion-no-digeig-01-2022-sobre-cigcn\/?wpdmdl=17656&refresh=69f74cac975561777814700\">Resoluci\u00f3n - No. DIGEIG - 01\/2022 Sobre CIGCN, de fecha 18 de febrero de 2022<\/a>            <\/strong>            <div style=\"font-size: 8pt;padding-top: 1px\"><a href=\"https:\/\/www.inespre.gob.do\/transparencia\/download\/resolucion-no-digeig-01-2022-sobre-cigcn\/?wpdmdl=17656&refresh=69f74cac975561777814700\">Descargar<\/a> <i style=\"margin: 4px 0 0 5px;opacity:0.5\"                                                           class=\"fa fa-th-large\"><\/i> 1.92 MB            <\/div>        <\/div>    <\/div><\/div><\/div><script>jQuery(function(){jQuery('.link-btn a.wpdm-download-link img').after('Descargar');jQuery('.link-btn a.wpdm-download-link img').remove();});<\/script><\/p>\n<p>        <div class=\"w3eden clear\" align=\"right\"><div class=\"link-btn light\">    <div class=\"media\">        <div class=\"pull-left wbt-left\"><div class=\"wbt-icon\"><img decoding=\"async\" class=\"wpdm_icon\" alt=\"Icono\"   src=\"https:\/\/www.inespre.gov.do\/transparencia\/wp-content\/plugins\/download-manager\/assets\/file-type-icons\/pdf.svg\" \/><\/div><\/div>        <div class=\"pull-left text-left wbt-content\"><strong class=\"ptitle\">                <a href=\"https:\/\/www.inespre.gob.do\/transparencia\/download\/resolucion-digeig-no-002-2021-que-crea-el-portal-unico-de-transparencia-y-establece-las-politicas-de-estandarizacion-de-las-divisiones-de-transparencia-deroga-la-resolucion-no-001-2018\/?wpdmdl=14525&refresh=69f74cac978e71777814700\">Resoluci\u00f3n DIGEIG No. 002-2021 Que Crea el Portal \u00danico de Transparencia y Establece las Pol\u00edticas de Estandarizaci\u00f3n de las Divisiones de Transparencia. Deroga la Resoluci\u00f3n No. 001-2018.<\/a>            <\/strong>            <div style=\"font-size: 8pt;padding-top: 1px\"><a href=\"https:\/\/www.inespre.gob.do\/transparencia\/download\/resolucion-digeig-no-002-2021-que-crea-el-portal-unico-de-transparencia-y-establece-las-politicas-de-estandarizacion-de-las-divisiones-de-transparencia-deroga-la-resolucion-no-001-2018\/?wpdmdl=14525&refresh=69f74cac978e71777814700\">Descargar<\/a> <i style=\"margin: 4px 0 0 5px;opacity:0.5\"                                                           class=\"fa fa-th-large\"><\/i> 5.61 MB            <\/div>        <\/div>    <\/div><\/div><\/div><script>jQuery(function(){jQuery('.link-btn a.wpdm-download-link img').after('Descargar');jQuery('.link-btn a.wpdm-download-link img').remove();});<\/script><\/p>\n<p>        <div class=\"w3eden clear\" align=\"right\"><div class=\"link-btn light\">    <div class=\"media\">        <div class=\"pull-left wbt-left\"><div class=\"wbt-icon\"><img decoding=\"async\" class=\"wpdm_icon\" alt=\"Icono\"   src=\"http:\/\/www.inespre.gov.do\/transparencia\/wp-content\/plugins\/download-manager\/assets\/file-type-icons\/pdf.svg\" \/><\/div><\/div>        <div class=\"pull-left text-left wbt-content\"><strong class=\"ptitle\">                <a href=\"https:\/\/www.inespre.gob.do\/transparencia\/download\/resolucion-01-2018-sobre-politicas-de-estandarizacion-portales-de-transparencia-de-fecha-29-de-junio-de-2018\/?wpdmdl=7450&refresh=69f74cac97dc11777814700\">Resoluci\u00f3n 01\/2018 sobre Pol\u00edticas de Estandarizaci\u00f3n Portales de Transparencia, de fecha 29 de junio de 2018<\/a>            <\/strong>            <div style=\"font-size: 8pt;padding-top: 1px\"><a href=\"https:\/\/www.inespre.gob.do\/transparencia\/download\/resolucion-01-2018-sobre-politicas-de-estandarizacion-portales-de-transparencia-de-fecha-29-de-junio-de-2018\/?wpdmdl=7450&refresh=69f74cac97dc11777814700\">Descargar<\/a> <i style=\"margin: 4px 0 0 5px;opacity:0.5\"                                                           class=\"fa fa-th-large\"><\/i> 7.44 MB            <\/div>        <\/div>    <\/div><\/div><\/div><script>jQuery(function(){jQuery('.link-btn a.wpdm-download-link img').after('Descargar');jQuery('.link-btn a.wpdm-download-link img').remove();});<\/script><\/p>\n<p>        <div class=\"w3eden clear\" align=\"right\"><div class=\"link-btn light\">    <div class=\"media\">        <div class=\"pull-left wbt-left\"><div class=\"wbt-icon\"><img decoding=\"async\" class=\"wpdm_icon\" alt=\"Icono\"   src=\"https:\/\/www.inespre.gov.do\/transparencia\/wp-content\/plugins\/download-manager\/assets\/file-type-icons\/pdf.svg\" \/><\/div><\/div>        <div class=\"pull-left text-left wbt-content\"><strong class=\"ptitle\">                <a href=\"https:\/\/www.inespre.gob.do\/transparencia\/download\/resolucion-no-3-2012-sobre-implementacion-de-la-matriz-de-responsabilidad-informacional-de-fecha-7-de-diciembre-de-2012-de-la-direccion-general-de-etica-e-integridad-gubernamental\/?wpdmdl=14575&refresh=69f74cac981ac1777814700\">Resoluci\u00f3n No. 3-2012 sobre Implementaci\u00f3n de la Matriz de Responsabilidad Informacional, de fecha 7 de diciembre de 2012, de la Direcci\u00f3n General de \u00c9tica e Integridad Gubernamental.<\/a>            <\/strong>            <div style=\"font-size: 8pt;padding-top: 1px\"><a href=\"https:\/\/www.inespre.gob.do\/transparencia\/download\/resolucion-no-3-2012-sobre-implementacion-de-la-matriz-de-responsabilidad-informacional-de-fecha-7-de-diciembre-de-2012-de-la-direccion-general-de-etica-e-integridad-gubernamental\/?wpdmdl=14575&refresh=69f74cac981ac1777814700\">Descargar<\/a> <i style=\"margin: 4px 0 0 5px;opacity:0.5\"                                                           class=\"fa fa-th-large\"><\/i> 523.79 KB            <\/div>        <\/div>    <\/div><\/div><\/div><script>jQuery(function(){jQuery('.link-btn a.wpdm-download-link img').after('Descargar');jQuery('.link-btn a.wpdm-download-link img').remove();});<\/script><\/p>\n<p>        <div class=\"w3eden clear\" align=\"right\"><div class=\"link-btn light\">    <div class=\"media\">        <div class=\"pull-left wbt-left\"><div class=\"wbt-icon\"><img decoding=\"async\" class=\"wpdm_icon\" alt=\"Icono\"   src=\"https:\/\/www.inespre.gov.do\/transparencia\/wp-content\/plugins\/download-manager\/assets\/file-type-icons\/pdf.svg\" \/><\/div><\/div>        <div class=\"pull-left text-left wbt-content\"><strong class=\"ptitle\">                <a href=\"https:\/\/www.inespre.gob.do\/transparencia\/download\/reglamento-no-09-04-sobre-procedimiento-para-la-contratacion-de-firmas-de-auditorias-privadas-independiente\/?wpdmdl=505&refresh=69f74cac98b5d1777814700\">Reglamento No. 09-04, sobre Procedimiento para la Contrataci\u00f3n de firmas de Auditorias Privadas Independiente, de fecha 12 de octubre de 2004<\/a>            <\/strong>            <div style=\"font-size: 8pt;padding-top: 1px\"><a href=\"https:\/\/www.inespre.gob.do\/transparencia\/download\/reglamento-no-09-04-sobre-procedimiento-para-la-contratacion-de-firmas-de-auditorias-privadas-independiente\/?wpdmdl=505&refresh=69f74cac98b5d1777814700\">Descargar<\/a> <i style=\"margin: 4px 0 0 5px;opacity:0.5\"                                                           class=\"fa fa-th-large\"><\/i> 82.08 KB            <\/div>        <\/div>    <\/div><\/div><\/div><script>jQuery(function(){jQuery('.link-btn a.wpdm-download-link img').after('Descargar');jQuery('.link-btn a.wpdm-download-link img').remove();});<\/script><\/p>\n<p>        <div class=\"w3eden clear\" align=\"right\"><div class=\"link-btn light\">    <div class=\"media\">        <div class=\"pull-left wbt-left\"><div class=\"wbt-icon\"><img decoding=\"async\" class=\"wpdm_icon\" alt=\"Icono\"   src=\"http:\/\/www.inespre.gov.do\/transparencia\/wp-content\/plugins\/download-manager\/assets\/file-type-icons\/pdf.svg\" \/><\/div><\/div>        <div class=\"pull-left text-left wbt-content\"><strong class=\"ptitle\">                <a href=\"https:\/\/www.inespre.gob.do\/transparencia\/download\/reglamento-no-06-04-de-aplicacion-de-la-ley-10-04-de-camara-de-cuenta\/?wpdmdl=503&refresh=69f74cac990af1777814700\">Reglamento No. 06-04, de aplicaci\u00f3n de la Ley 10-04 de C\u00e1mara de Cuenta<\/a>            <\/strong>            <div style=\"font-size: 8pt;padding-top: 1px\"><a href=\"https:\/\/www.inespre.gob.do\/transparencia\/download\/reglamento-no-06-04-de-aplicacion-de-la-ley-10-04-de-camara-de-cuenta\/?wpdmdl=503&refresh=69f74cac990af1777814700\">Descargar<\/a> <i style=\"margin: 4px 0 0 5px;opacity:0.5\"                                                           class=\"fa fa-th-large\"><\/i> 194.09 KB            <\/div>        <\/div>    <\/div><\/div><\/div><script>jQuery(function(){jQuery('.link-btn a.wpdm-download-link img').after('Descargar');jQuery('.link-btn a.wpdm-download-link img').remove();});<\/script><\/p>\n<p>        <div class=\"w3eden clear\" align=\"right\"><div class=\"link-btn light\">    <div class=\"media\">        <div class=\"pull-left wbt-left\"><div class=\"wbt-icon\"><img decoding=\"async\" class=\"wpdm_icon\" alt=\"Icono\"   src=\"https:\/\/www.inespre.gov.do\/transparencia\/wp-content\/plugins\/download-manager\/assets\/file-type-icons\/pdf.svg\" \/><\/div><\/div>        <div class=\"pull-left text-left wbt-content\"><strong class=\"ptitle\">                <a href=\"https:\/\/www.inespre.gob.do\/transparencia\/download\/resolucion-no-00000336-comite-de-implementacion-y-gestion-de-estandares-tic-cigetic-deroga-la-resolucion-marcada-con-no-0000292\/?wpdmdl=15487&refresh=69f74cac9950e1777814700\">Resoluci\u00f3n No. 00000336 Comit\u00e9 de Implementaci\u00f3n y Gesti\u00f3n de Est\u00e1ndares TIC (CIGETIC). Deroga la Resoluci\u00f3n marcada con No. 0000292<\/a>            <\/strong>            <div style=\"font-size: 8pt;padding-top: 1px\"><a href=\"https:\/\/www.inespre.gob.do\/transparencia\/download\/resolucion-no-00000336-comite-de-implementacion-y-gestion-de-estandares-tic-cigetic-deroga-la-resolucion-marcada-con-no-0000292\/?wpdmdl=15487&refresh=69f74cac9950e1777814700\">Descargar<\/a> <i style=\"margin: 4px 0 0 5px;opacity:0.5\"                                                           class=\"fa fa-th-large\"><\/i> 2.45 MB            <\/div>        <\/div>    <\/div><\/div><\/div><script>jQuery(function(){jQuery('.link-btn a.wpdm-download-link img').after('Descargar');jQuery('.link-btn a.wpdm-download-link img').remove();});<\/script><\/p>\n<p>        <div class=\"w3eden clear\" align=\"right\"><div class=\"link-btn light\">    <div class=\"media\">        <div class=\"pull-left wbt-left\"><div class=\"wbt-icon\"><img decoding=\"async\" class=\"wpdm_icon\" alt=\"Icono\"   src=\"https:\/\/www.inespre.gov.do\/transparencia\/wp-content\/plugins\/download-manager\/assets\/file-type-icons\/pdf.svg\" \/><\/div><\/div>        <div class=\"pull-left text-left wbt-content\"><strong class=\"ptitle\">                <a href=\"https:\/\/www.inespre.gob.do\/transparencia\/download\/resolucion-no-0000292-de-conformacion-del-comite-administrador-de-los-medios-web-camweb-del-inespre\/?wpdmdl=7672&refresh=69f74cac999dc1777814700\">Resoluci\u00f3n No. 0000292 de conformaci\u00f3n del Comit\u00e9 Administrador de los Medios Web (CAMWEB) del INESPRE<\/a>            <\/strong>            <div style=\"font-size: 8pt;padding-top: 1px\"><a href=\"https:\/\/www.inespre.gob.do\/transparencia\/download\/resolucion-no-0000292-de-conformacion-del-comite-administrador-de-los-medios-web-camweb-del-inespre\/?wpdmdl=7672&refresh=69f74cac999dc1777814700\">Descargar<\/a> <i style=\"margin: 4px 0 0 5px;opacity:0.5\"                                                           class=\"fa fa-th-large\"><\/i> 60.17 KB            <\/div>        <\/div>    <\/div><\/div><\/div><script>jQuery(function(){jQuery('.link-btn a.wpdm-download-link img').after('Descargar');jQuery('.link-btn a.wpdm-download-link img').remove();});<\/script><\/p>\n<p><!\u2013     \n[wpdm_button_template id=6626 style=\"light\" align=\"left\"]\n[wpdm_button_template id=5400 style=\"light\" align=\"left\"]\n[wpdm_button_template id=5399 style=\"light\" align=\"left\"]\n[wpdm_button_template id=4778 style=\"light\" align=\"left\"]\n[wpdm_button_template id=507 style=\"light\" align=\"left\"]\n[wpdm_button_template id=6528 style=\"light\" align=\"left\"]\n[wpdm_button_template id=6526 style=\"light\" align=\"left\"]\nresolucion vieja comite de compra\n[wpdm_button_template id=7407 style=\"light\" align=\"left\"]\n\n\n\n\u2013><\/p>\n<\/div><\/div><\/div><\/div><\/div>","protected":false},"excerpt":{"rendered":"<p>III. Reglamentos y Resoluciones Descarga: &#8211;> &#8211;> \u2013><\/p>\n","protected":false},"author":5,"featured_media":0,"parent":24,"menu_order":2,"comment_status":"closed","ping_status":"closed","template":"","meta":{"footnotes":""},"categories":[],"tags":[],"class_list":["post-18783","page","type-page","status-publish","hentry"],"_links":{"self":[{"href":"https:\/\/www.inespre.gob.do\/transparencia\/wp-json\/wp\/v2\/pages\/18783","targetHints":{"allow":["GET"]}}],"collection":[{"href":"https:\/\/www.inespre.gob.do\/transparencia\/wp-json\/wp\/v2\/pages"}],"about":[{"href":"https:\/\/www.inespre.gob.do\/transparencia\/wp-json\/wp\/v2\/types\/page"}],"author":[{"embeddable":true,"href":"https:\/\/www.inespre.gob.do\/transparencia\/wp-json\/wp\/v2\/users\/5"}],"replies":[{"embeddable":true,"href":"https:\/\/www.inespre.gob.do\/transparencia\/wp-json\/wp\/v2\/comments?post=18783"}],"version-history":[{"count":21,"href":"https:\/\/www.inespre.gob.do\/transparencia\/wp-json\/wp\/v2\/pages\/18783\/revisions"}],"predecessor-version":[{"id":28956,"href":"https:\/\/www.inespre.gob.do\/transparencia\/wp-json\/wp\/v2\/pages\/18783\/revisions\/28956"}],"up":[{"embeddable":true,"href":"https:\/\/www.inespre.gob.do\/transparencia\/wp-json\/wp\/v2\/pages\/24"}],"wp:attachment":[{"href":"https:\/\/www.inespre.gob.do\/transparencia\/wp-json\/wp\/v2\/media?parent=18783"}],"wp:term":[{"taxonomy":"category","embeddable":true,"href":"https:\/\/www.inespre.gob.do\/transparencia\/wp-json\/wp\/v2\/categories?post=18783"},{"taxonomy":"post_tag","embeddable":true,"href":"https:\/\/www.inespre.gob.do\/transparencia\/wp-json\/wp\/v2\/tags?post=18783"}],"curies":[{"name":"wp","href":"https:\/\/api.w.org\/{rel}","templated":true}]}}