{"id":228,"date":"2015-08-13T21:50:16","date_gmt":"2015-08-14T01:50:16","guid":{"rendered":"http:\/\/transparencia.inespre.gov.do\/?page_id=228"},"modified":"2023-04-26T08:58:05","modified_gmt":"2023-04-26T12:58:05","slug":"oai","status":"publish","type":"page","link":"https:\/\/www.inespre.gob.do\/transparencia\/oai\/","title":{"rendered":"Oficina de Libre Acceso a la Informaci\u00f3n"},"content":{"rendered":"<div id=\"pl-228\"  class=\"panel-layout\" ><div id=\"pg-228-0\"  class=\"panel-grid panel-no-style\" ><div id=\"pgc-228-0-0\"  class=\"panel-grid-cell\" ><div id=\"panel-228-0-0-0\" class=\"so-panel widget widget_black-studio-tinymce widget_black_studio_tinymce panel-first-child\" data-index=\"0\" ><h3 class=\"widget-title\">Oficina de Libre Acceso a la Informaci\u00f3n P\u00fablica (OAI)<\/h3><div class=\"textwidget\"><h3>Definici\u00f3n OAI (Oficina de Acceso a la Informaci\u00f3n)<\/h3>\n<p>La Oficina de Acceso a la Informaci\u00f3n (OAI), es un mandato de la Ley General de Libre Acceso a la Informaci\u00f3n P\u00fablica Ley 200-04 y el Decreto No. 130-05 que crea el reglamento de dicha ley, con el objetivo de apoyar a entidades y personas tanto p\u00fablicas como privadas mediante las informaciones solicitadas.<\/p>\n<h5>Visi\u00f3n<\/h5>\n<p>Dar sost\u00e9n a los valores de honestidad, integridad, eficiencia, eficacia, calidad y trabajo en equipo de la OPTIC , apoyando as\u00ed los esfuerzos de transparencia institucional.<\/p>\n<h5>Misi\u00f3n<\/h5>\n<p>Garantizar el acceso de los usuarios a la informaci\u00f3n sobre la gesti\u00f3n de la OPTIC como una forma de validar la transparencia de la instituci\u00f3n<\/p>\n<h5>Definici\u00f3n RAI<\/h5>\n<p>El representante de Acceso a la Informaci\u00f3n, es el responsable de tramitar y facilitar las informaciones requeridas y de ser el canal de comunicaci\u00f3n entre la instituci\u00f3n, ciudadanos y ciudadanas.<\/p>\n<h5>Proceso de Solicitud de Informaci\u00f3n:<\/h5>\n<ul>\n<li>Completar el formulario de solicitud de informaci\u00f3n.<\/li>\n<li>Se procede a la revisi\u00f3n de dicho documento con la finalidad de verificar que est\u00e1 debidamente completada(o).<\/li>\n<li>Se hace entrega de acuse de recibo al solicitante.<\/li>\n<li>Seg\u00fan la complejidad de la informaci\u00f3n, se asigna una fecha de entrega. En caso de no ser la OPTIC la entidad competente para ofrecer la informaci\u00f3n requerida, dicha solicitud se refiere a la instituci\u00f3n correspondiente y se le informa al solicitante, el curso que ha tomado su solicitud y la instituci\u00f3n destinataria.<\/li>\n<li>Seguimiento de la(s) solicitud(es) hasta confirmar que se ha suministrado la informaci\u00f3n.<\/li>\n<\/ul>\n<\/div><\/div><div id=\"panel-228-0-0-1\" class=\"so-panel widget widget_black-studio-tinymce widget_black_studio_tinymce panel-last-child\" data-index=\"1\" ><div class=\"textwidget\"><h5>Contacto Responsable de Acceso a la Informaci\u00f3n:<\/h5>\n<div class=\"inespre-fancy-table-wrap\">\n<table class=\"inespre-fancy-table\" style=\"height: 303px;\" cellspacing=\"0\" cellpadding=\"0\">\n<tbody>\n<tr>\n<td>Nombre del Responsable de<br \/>\nAcceso a la Informaci\u00f3n P\u00fablica:<\/td>\n<td><strong> Licda. Pen\u00e9lope Columna <\/strong><\/td>\n<\/tr>\n<tr>\n<td>N\u00fameros de contacto:<\/td>\n<td><strong> <a href=\"tel:809-621-0020\">809-621-0020<\/a> marcar opci\u00f3n 5 o extensi\u00f3nes 2441\u00a0y\u00a02440<\/strong><\/td>\n<\/tr>\n<tr>\n<td>\u00a0Correo electr\u00f3nico:<\/td>\n<td>\n<a href=\"mailto:transparencia@inespre.gob.do\">transparencia@inespre.gob.do<\/a>, <a href=\"mailto:informacion@inespre.gob.do\">informacion@inespre.gob.do<\/a><\/td>\n<\/tr>\n<tr>\n<td>\u00a0Direcci\u00f3n:<\/td>\n<td><strong>Sede principal INESPRE. Av. 27 de Febrero, Esq. Gregorio Luper\u00f3n Edificio del Instituto Agrario Dominicano (IAD), Santo Domingo, D.N.<\/strong><\/td>\n<td><\/td>\n<\/tr>\n<\/tbody>\n<\/table>\n<\/div>\n<\/div><\/div><\/div><\/div><\/div>","protected":false},"excerpt":{"rendered":"<p>Definici\u00f3n OAI (Oficina de Acceso a la Informaci\u00f3n) La Oficina de Acceso a la Informaci\u00f3n (OAI), es un mandato de la Ley General de Libre Acceso a la Informaci\u00f3n P\u00fablica Ley 200-04 y el Decreto No. 130-05 que crea el reglamento de dicha ley, con el objetivo de apoyar a entidades y personas tanto p\u00fablicas [&hellip;]<\/p>\n","protected":false},"author":1,"featured_media":0,"parent":0,"menu_order":0,"comment_status":"open","ping_status":"closed","template":"","meta":{"footnotes":""},"categories":[],"tags":[],"class_list":["post-228","page","type-page","status-publish","hentry"],"_links":{"self":[{"href":"https:\/\/www.inespre.gob.do\/transparencia\/wp-json\/wp\/v2\/pages\/228","targetHints":{"allow":["GET"]}}],"collection":[{"href":"https:\/\/www.inespre.gob.do\/transparencia\/wp-json\/wp\/v2\/pages"}],"about":[{"href":"https:\/\/www.inespre.gob.do\/transparencia\/wp-json\/wp\/v2\/types\/page"}],"author":[{"embeddable":true,"href":"https:\/\/www.inespre.gob.do\/transparencia\/wp-json\/wp\/v2\/users\/1"}],"replies":[{"embeddable":true,"href":"https:\/\/www.inespre.gob.do\/transparencia\/wp-json\/wp\/v2\/comments?post=228"}],"version-history":[{"count":17,"href":"https:\/\/www.inespre.gob.do\/transparencia\/wp-json\/wp\/v2\/pages\/228\/revisions"}],"predecessor-version":[{"id":23185,"href":"https:\/\/www.inespre.gob.do\/transparencia\/wp-json\/wp\/v2\/pages\/228\/revisions\/23185"}],"wp:attachment":[{"href":"https:\/\/www.inespre.gob.do\/transparencia\/wp-json\/wp\/v2\/media?parent=228"}],"wp:term":[{"taxonomy":"category","embeddable":true,"href":"https:\/\/www.inespre.gob.do\/transparencia\/wp-json\/wp\/v2\/categories?post=228"},{"taxonomy":"post_tag","embeddable":true,"href":"https:\/\/www.inespre.gob.do\/transparencia\/wp-json\/wp\/v2\/tags?post=228"}],"curies":[{"name":"wp","href":"https:\/\/api.w.org\/{rel}","templated":true}]}}