{"id":24974,"date":"2024-02-08T14:56:11","date_gmt":"2024-02-08T18:56:11","guid":{"rendered":"https:\/\/www.inespre.gov.do\/transparencia\/?page_id=24974"},"modified":"2024-03-01T18:36:23","modified_gmt":"2024-03-01T22:36:23","slug":"febrero-2024","status":"publish","type":"page","link":"https:\/\/www.inespre.gob.do\/transparencia\/compras-y-contrataciones\/compras-menores\/compras-menores-2024\/febrero-2024\/","title":{"rendered":"Febrero 2024"},"content":{"rendered":"<div id=\"pl-24974\"  class=\"panel-layout\" ><div id=\"pg-24974-0\"  class=\"panel-grid panel-no-style\" ><div id=\"pgc-24974-0-0\"  class=\"panel-grid-cell\" ><div id=\"panel-24974-0-0-0\" class=\"so-panel widget widget_black-studio-tinymce widget_black_studio_tinymce panel-first-child\" data-index=\"0\" ><h3 class=\"widget-title\">Febrero 2024<\/h3><div class=\"textwidget\"><\/div><\/div><div id=\"panel-24974-0-0-1\" class=\"so-panel widget widget_sow-cta\" data-index=\"1\" ><div\n\t\t\t\n\t\t\tclass=\"so-widget-sow-cta so-widget-sow-cta-default-d14a8d7b8425-24974\"\n\t\t\t\n\t\t><div\n\tclass=\"sow-cta-base\"\n\t>\n\t\n\t<div class=\"sow-cta-wrapper\">\n\n\t\t<div class=\"sow-cta-text\">\n\t\t\t\t\t\t\t<h4 class=\"sow-cta-title\">\n\t\t\t\t\tINESPRE-DAF-CM-2024-0015\t\t\t\t<\/h4>\n\t\t\t\n\t\t\t\t\t\t\t<h4 class=\"sow-cta-subtitle\">\n\t\t\t\t\tServicio de Dise\u00f1o de Banners para la Feria Agropecuaria Nacional 2024.\t\t\t\t<\/h4>\n\t\t\t\t\t<\/div>\n\n\t\t<div\n\t\t\t\n\t\t\tclass=\"so-widget-sow-button so-widget-sow-button-wire-4da8d8328b77\"\n\t\t\t\n\t\t><div class=\"ow-button-base ow-button-align-center\">\n\t\t\t<a\n\t\t\t\t\thref=\"https:\/\/comunidad.comprasdominicana.gob.do\/Public\/Tendering\/OpportunityDetail\/Index?noticeUID=DO1.NTC.1369020&#038;isModal=true&#038;asPopupView=true\"\n\t\t\t\t\tclass=\"sowb-button ow-icon-placement-left ow-button-hover\" \t>\n\t\t<span>\n\t\t\t<span class=\"sow-icon-fontawesome sow-far\" data-sow-icon=\"&#xf07c;\"\n\t\tstyle=\"color: #165b30\" \n\t\taria-hidden=\"true\"><\/span>\n\t\t\tVer Documentos\t\t<\/span>\n\t\t\t<\/a>\n\t<\/div>\n<\/div>\n\t<\/div>\n\n\t<\/div>\n<\/div><\/div><div id=\"panel-24974-0-0-2\" class=\"so-panel widget widget_sow-cta\" data-index=\"2\" ><div\n\t\t\t\n\t\t\tclass=\"so-widget-sow-cta so-widget-sow-cta-default-d14a8d7b8425-24974\"\n\t\t\t\n\t\t><div\n\tclass=\"sow-cta-base\"\n\t>\n\t\n\t<div class=\"sow-cta-wrapper\">\n\n\t\t<div class=\"sow-cta-text\">\n\t\t\t\t\t\t\t<h4 class=\"sow-cta-title\">\n\t\t\t\t\tINESPRE-DAF-CM-2024-0014\t\t\t\t<\/h4>\n\t\t\t\n\t\t\t\t\t\t\t<h4 class=\"sow-cta-subtitle\">\n\t\t\t\t\tServicio de instalaci\u00f3n de estructura para la Feria Agropecuaria Nacional 2024.\t\t\t\t<\/h4>\n\t\t\t\t\t<\/div>\n\n\t\t<div\n\t\t\t\n\t\t\tclass=\"so-widget-sow-button so-widget-sow-button-wire-4da8d8328b77\"\n\t\t\t\n\t\t><div class=\"ow-button-base ow-button-align-center\">\n\t\t\t<a\n\t\t\t\t\thref=\"https:\/\/comunidad.comprasdominicana.gob.do\/Public\/Tendering\/OpportunityDetail\/Index?noticeUID=DO1.NTC.1369009&#038;isModal=true&#038;asPopupView=true\"\n\t\t\t\t\tclass=\"sowb-button ow-icon-placement-left ow-button-hover\" \t>\n\t\t<span>\n\t\t\t<span class=\"sow-icon-fontawesome sow-far\" data-sow-icon=\"&#xf07c;\"\n\t\tstyle=\"color: #165b30\" \n\t\taria-hidden=\"true\"><\/span>\n\t\t\tVer Documentos\t\t<\/span>\n\t\t\t<\/a>\n\t<\/div>\n<\/div>\n\t<\/div>\n\n\t<\/div>\n<\/div><\/div><div id=\"panel-24974-0-0-3\" class=\"so-panel widget widget_sow-cta\" data-index=\"3\" ><div\n\t\t\t\n\t\t\tclass=\"so-widget-sow-cta so-widget-sow-cta-default-d14a8d7b8425-24974\"\n\t\t\t\n\t\t><div\n\tclass=\"sow-cta-base\"\n\t>\n\t\n\t<div class=\"sow-cta-wrapper\">\n\n\t\t<div class=\"sow-cta-text\">\n\t\t\t\t\t\t\t<h4 class=\"sow-cta-title\">\n\t\t\t\t\tINESPRE-DAF-CM-2024-0013\t\t\t\t<\/h4>\n\t\t\t\n\t\t\t\t\t\t\t<h4 class=\"sow-cta-subtitle\">\n\t\t\t\t\tadquisici\u00f3n de Alimentos y Bebidas para consumo Institucional dirigido a Mipymes Mujer.\t\t\t\t<\/h4>\n\t\t\t\t\t<\/div>\n\n\t\t<div\n\t\t\t\n\t\t\tclass=\"so-widget-sow-button so-widget-sow-button-wire-4da8d8328b77\"\n\t\t\t\n\t\t><div class=\"ow-button-base ow-button-align-center\">\n\t\t\t<a\n\t\t\t\t\thref=\"https:\/\/comunidad.comprasdominicana.gob.do\/Public\/Tendering\/OpportunityDetail\/Index?noticeUID=DO1.NTC.1368624&#038;isModal=true&#038;asPopupView=true\"\n\t\t\t\t\tclass=\"sowb-button ow-icon-placement-left ow-button-hover\" \t>\n\t\t<span>\n\t\t\t<span class=\"sow-icon-fontawesome sow-far\" data-sow-icon=\"&#xf07c;\"\n\t\tstyle=\"color: #165b30\" \n\t\taria-hidden=\"true\"><\/span>\n\t\t\tVer Documentos\t\t<\/span>\n\t\t\t<\/a>\n\t<\/div>\n<\/div>\n\t<\/div>\n\n\t<\/div>\n<\/div><\/div><div id=\"panel-24974-0-0-4\" class=\"so-panel widget widget_sow-cta\" data-index=\"4\" ><div\n\t\t\t\n\t\t\tclass=\"so-widget-sow-cta so-widget-sow-cta-default-d14a8d7b8425-24974\"\n\t\t\t\n\t\t><div\n\tclass=\"sow-cta-base\"\n\t>\n\t\n\t<div class=\"sow-cta-wrapper\">\n\n\t\t<div class=\"sow-cta-text\">\n\t\t\t\t\t\t\t<h4 class=\"sow-cta-title\">\n\t\t\t\t\tINESPRE-DAF-CM-2024-0012\t\t\t\t<\/h4>\n\t\t\t\n\t\t\t\t\t\t\t<h4 class=\"sow-cta-subtitle\">\n\t\t\t\t\tAdquisici\u00f3n de vainilla blanca y canela entera.\t\t\t\t<\/h4>\n\t\t\t\t\t<\/div>\n\n\t\t<div\n\t\t\t\n\t\t\tclass=\"so-widget-sow-button so-widget-sow-button-wire-4da8d8328b77\"\n\t\t\t\n\t\t><div class=\"ow-button-base ow-button-align-center\">\n\t\t\t<a\n\t\t\t\t\thref=\"https:\/\/comunidad.comprasdominicana.gob.do\/Public\/Tendering\/OpportunityDetail\/Index?noticeUID=DO1.NTC.1364422&#038;isModal=true&#038;asPopupView=true\"\n\t\t\t\t\tclass=\"sowb-button ow-icon-placement-left ow-button-hover\" \t>\n\t\t<span>\n\t\t\t<span class=\"sow-icon-fontawesome sow-far\" data-sow-icon=\"&#xf07c;\"\n\t\tstyle=\"color: #165b30\" \n\t\taria-hidden=\"true\"><\/span>\n\t\t\tVer Documentos\t\t<\/span>\n\t\t\t<\/a>\n\t<\/div>\n<\/div>\n\t<\/div>\n\n\t<\/div>\n<\/div><\/div><div id=\"panel-24974-0-0-5\" class=\"so-panel widget widget_sow-cta\" data-index=\"5\" ><div\n\t\t\t\n\t\t\tclass=\"so-widget-sow-cta so-widget-sow-cta-default-d14a8d7b8425-24974\"\n\t\t\t\n\t\t><div\n\tclass=\"sow-cta-base\"\n\t>\n\t\n\t<div class=\"sow-cta-wrapper\">\n\n\t\t<div class=\"sow-cta-text\">\n\t\t\t\t\t\t\t<h4 class=\"sow-cta-title\">\n\t\t\t\t\tINESPRE-DAF-CM-2024-0011\t\t\t\t<\/h4>\n\t\t\t\n\t\t\t\t\t\t\t<h4 class=\"sow-cta-subtitle\">\n\t\t\t\t\tAdquisici\u00f3n de Galleta de Leche y Pasa s\/semillas dirigido a Mipymes.\t\t\t\t<\/h4>\n\t\t\t\t\t<\/div>\n\n\t\t<div\n\t\t\t\n\t\t\tclass=\"so-widget-sow-button so-widget-sow-button-wire-4da8d8328b77\"\n\t\t\t\n\t\t><div class=\"ow-button-base ow-button-align-center\">\n\t\t\t<a\n\t\t\t\t\thref=\"https:\/\/comunidad.comprasdominicana.gob.do\/Public\/Tendering\/OpportunityDetail\/Index?noticeUID=DO1.NTC.1364220&#038;isModal=true&#038;asPopupView=true\"\n\t\t\t\t\tclass=\"sowb-button ow-icon-placement-left ow-button-hover\" \t>\n\t\t<span>\n\t\t\t<span class=\"sow-icon-fontawesome sow-far\" data-sow-icon=\"&#xf07c;\"\n\t\tstyle=\"color: #165b30\" \n\t\taria-hidden=\"true\"><\/span>\n\t\t\tVer Documentos\t\t<\/span>\n\t\t\t<\/a>\n\t<\/div>\n<\/div>\n\t<\/div>\n\n\t<\/div>\n<\/div><\/div><div id=\"panel-24974-0-0-6\" class=\"so-panel widget widget_sow-cta\" data-index=\"6\" ><div\n\t\t\t\n\t\t\tclass=\"so-widget-sow-cta so-widget-sow-cta-default-d14a8d7b8425-24974\"\n\t\t\t\n\t\t><div\n\tclass=\"sow-cta-base\"\n\t>\n\t\n\t<div class=\"sow-cta-wrapper\">\n\n\t\t<div class=\"sow-cta-text\">\n\t\t\t\t\t\t\t<h4 class=\"sow-cta-title\">\n\t\t\t\t\tINESPRE-DAF-CM-2024-0010\t\t\t\t<\/h4>\n\t\t\t\n\t\t\t\t\t\t\t<h4 class=\"sow-cta-subtitle\">\n\t\t\t\t\tAdquisici\u00f3n de leche de coco dirigido a Mipyme Mujer Industrial.\t\t\t\t<\/h4>\n\t\t\t\t\t<\/div>\n\n\t\t<div\n\t\t\t\n\t\t\tclass=\"so-widget-sow-button so-widget-sow-button-wire-4da8d8328b77\"\n\t\t\t\n\t\t><div class=\"ow-button-base ow-button-align-center\">\n\t\t\t<a\n\t\t\t\t\thref=\"https:\/\/comunidad.comprasdominicana.gob.do\/Public\/Tendering\/OpportunityDetail\/Index?noticeUID=DO1.NTC.1364323&#038;isModal=true&#038;asPopupView=true\"\n\t\t\t\t\tclass=\"sowb-button ow-icon-placement-left ow-button-hover\" \t>\n\t\t<span>\n\t\t\t<span class=\"sow-icon-fontawesome sow-far\" data-sow-icon=\"&#xf07c;\"\n\t\tstyle=\"color: #165b30\" \n\t\taria-hidden=\"true\"><\/span>\n\t\t\tVer Documentos\t\t<\/span>\n\t\t\t<\/a>\n\t<\/div>\n<\/div>\n\t<\/div>\n\n\t<\/div>\n<\/div><\/div><div id=\"panel-24974-0-0-7\" class=\"so-panel widget widget_sow-cta\" data-index=\"7\" ><div\n\t\t\t\n\t\t\tclass=\"so-widget-sow-cta so-widget-sow-cta-default-d14a8d7b8425-24974\"\n\t\t\t\n\t\t><div\n\tclass=\"sow-cta-base\"\n\t>\n\t\n\t<div class=\"sow-cta-wrapper\">\n\n\t\t<div class=\"sow-cta-text\">\n\t\t\t\t\t\t\t<h4 class=\"sow-cta-title\">\n\t\t\t\t\tINESPRE-DAF-CM-2024-0009\t\t\t\t<\/h4>\n\t\t\t\n\t\t\t\t\t\t\t<h4 class=\"sow-cta-subtitle\">\n\t\t\t\t\tAdquisici\u00f3n de leche evaporada.\t\t\t\t<\/h4>\n\t\t\t\t\t<\/div>\n\n\t\t<div\n\t\t\t\n\t\t\tclass=\"so-widget-sow-button so-widget-sow-button-wire-4da8d8328b77\"\n\t\t\t\n\t\t><div class=\"ow-button-base ow-button-align-center\">\n\t\t\t<a\n\t\t\t\t\thref=\"https:\/\/comunidad.comprasdominicana.gob.do\/Public\/Tendering\/OpportunityDetail\/Index?noticeUID=DO1.NTC.1364322&#038;isModal=true&#038;asPopupView=true\"\n\t\t\t\t\tclass=\"sowb-button ow-icon-placement-left ow-button-hover\" \t>\n\t\t<span>\n\t\t\t<span class=\"sow-icon-fontawesome sow-far\" data-sow-icon=\"&#xf07c;\"\n\t\tstyle=\"color: #165b30\" \n\t\taria-hidden=\"true\"><\/span>\n\t\t\tVer Documentos\t\t<\/span>\n\t\t\t<\/a>\n\t<\/div>\n<\/div>\n\t<\/div>\n\n\t<\/div>\n<\/div><\/div><div id=\"panel-24974-0-0-8\" class=\"so-panel widget widget_sow-cta\" data-index=\"8\" ><div\n\t\t\t\n\t\t\tclass=\"so-widget-sow-cta so-widget-sow-cta-default-d14a8d7b8425-24974\"\n\t\t\t\n\t\t><div\n\tclass=\"sow-cta-base\"\n\t>\n\t\n\t<div class=\"sow-cta-wrapper\">\n\n\t\t<div class=\"sow-cta-text\">\n\t\t\t\t\t\t\t<h4 class=\"sow-cta-title\">\n\t\t\t\t\tINESPRE-DAF-CM-2024-0008\t\t\t\t<\/h4>\n\t\t\t\n\t\t\t\t\t\t\t<h4 class=\"sow-cta-subtitle\">\n\t\t\t\t\tAdquisici\u00f3n de Az\u00facar Crema.\t\t\t\t<\/h4>\n\t\t\t\t\t<\/div>\n\n\t\t<div\n\t\t\t\n\t\t\tclass=\"so-widget-sow-button so-widget-sow-button-wire-4da8d8328b77\"\n\t\t\t\n\t\t><div class=\"ow-button-base ow-button-align-center\">\n\t\t\t<a\n\t\t\t\t\thref=\"https:\/\/comunidad.comprasdominicana.gob.do\/Public\/Tendering\/OpportunityDetail\/Index?noticeUID=DO1.NTC.1364216&#038;isModal=true&#038;asPopupView=true\"\n\t\t\t\t\tclass=\"sowb-button ow-icon-placement-left ow-button-hover\" \t>\n\t\t<span>\n\t\t\t<span class=\"sow-icon-fontawesome sow-far\" data-sow-icon=\"&#xf07c;\"\n\t\tstyle=\"color: #165b30\" \n\t\taria-hidden=\"true\"><\/span>\n\t\t\tVer Documentos\t\t<\/span>\n\t\t\t<\/a>\n\t<\/div>\n<\/div>\n\t<\/div>\n\n\t<\/div>\n<\/div><\/div><div id=\"panel-24974-0-0-9\" class=\"so-panel widget widget_sow-cta\" data-index=\"9\" ><div\n\t\t\t\n\t\t\tclass=\"so-widget-sow-cta so-widget-sow-cta-default-d14a8d7b8425-24974\"\n\t\t\t\n\t\t><div\n\tclass=\"sow-cta-base\"\n\t>\n\t\n\t<div class=\"sow-cta-wrapper\">\n\n\t\t<div class=\"sow-cta-text\">\n\t\t\t\t\t\t\t<h4 class=\"sow-cta-title\">\n\t\t\t\t\tINESPRE-DAF-CM-2024-0007\t\t\t\t<\/h4>\n\t\t\t\n\t\t\t\t\t\t\t<h4 class=\"sow-cta-subtitle\">\n\t\t\t\t\tEstudio de cuantificaci\u00f3n de las \u00e1reas sembradas de pl\u00e1tanos en R.D.\t\t\t\t<\/h4>\n\t\t\t\t\t<\/div>\n\n\t\t<div\n\t\t\t\n\t\t\tclass=\"so-widget-sow-button so-widget-sow-button-wire-4da8d8328b77\"\n\t\t\t\n\t\t><div class=\"ow-button-base ow-button-align-center\">\n\t\t\t<a\n\t\t\t\t\thref=\"https:\/\/comunidad.comprasdominicana.gob.do\/Public\/Tendering\/OpportunityDetail\/Index?noticeUID=DO1.NTC.1358421&#038;isModal=true&#038;asPopupView=true\"\n\t\t\t\t\tclass=\"sowb-button ow-icon-placement-left ow-button-hover\" \t>\n\t\t<span>\n\t\t\t<span class=\"sow-icon-fontawesome sow-far\" data-sow-icon=\"&#xf07c;\"\n\t\tstyle=\"color: #165b30\" \n\t\taria-hidden=\"true\"><\/span>\n\t\t\tVer Documentos\t\t<\/span>\n\t\t\t<\/a>\n\t<\/div>\n<\/div>\n\t<\/div>\n\n\t<\/div>\n<\/div><\/div><div id=\"panel-24974-0-0-10\" class=\"so-panel widget widget_sow-cta\" data-index=\"10\" ><div\n\t\t\t\n\t\t\tclass=\"so-widget-sow-cta so-widget-sow-cta-default-d14a8d7b8425-24974\"\n\t\t\t\n\t\t><div\n\tclass=\"sow-cta-base\"\n\t>\n\t\n\t<div class=\"sow-cta-wrapper\">\n\n\t\t<div class=\"sow-cta-text\">\n\t\t\t\t\t\t\t<h4 class=\"sow-cta-title\">\n\t\t\t\t\tINESPRE-DAF-CM-2024-0006\t\t\t\t<\/h4>\n\t\t\t\n\t\t\t\t\t\t\t<h4 class=\"sow-cta-subtitle\">\n\t\t\t\t\tServicio de Alquiler de cuatros (04) Contenedores para Oficina y Almacenes por un periodo de cuatro (04) meses.\t\t\t\t<\/h4>\n\t\t\t\t\t<\/div>\n\n\t\t<div\n\t\t\t\n\t\t\tclass=\"so-widget-sow-button so-widget-sow-button-wire-4da8d8328b77\"\n\t\t\t\n\t\t><div class=\"ow-button-base ow-button-align-center\">\n\t\t\t<a\n\t\t\t\t\thref=\"https:\/\/comunidad.comprasdominicana.gob.do\/Public\/Tendering\/OpportunityDetail\/Index?noticeUID=DO1.NTC.1357323&#038;isModal=true&#038;asPopupView=true\"\n\t\t\t\t\tclass=\"sowb-button ow-icon-placement-left ow-button-hover\" \t>\n\t\t<span>\n\t\t\t<span class=\"sow-icon-fontawesome sow-far\" data-sow-icon=\"&#xf07c;\"\n\t\tstyle=\"color: #165b30\" \n\t\taria-hidden=\"true\"><\/span>\n\t\t\tVer Documentos\t\t<\/span>\n\t\t\t<\/a>\n\t<\/div>\n<\/div>\n\t<\/div>\n\n\t<\/div>\n<\/div><\/div><div id=\"panel-24974-0-0-11\" class=\"so-panel widget widget_sow-cta\" data-index=\"11\" ><div\n\t\t\t\n\t\t\tclass=\"so-widget-sow-cta so-widget-sow-cta-default-d14a8d7b8425-24974\"\n\t\t\t\n\t\t><div\n\tclass=\"sow-cta-base\"\n\t>\n\t\n\t<div class=\"sow-cta-wrapper\">\n\n\t\t<div class=\"sow-cta-text\">\n\t\t\t\t\t\t\t<h4 class=\"sow-cta-title\">\n\t\t\t\t\tINESPRE-DAF-CM-2024-0005\t\t\t\t<\/h4>\n\t\t\t\n\t\t\t\t\t\t\t<h4 class=\"sow-cta-subtitle\">\n\t\t\t\t\tServicio de Alquiler de dos Contenedores Refrigerados por un periodo de tres (03) meses dirigido a Mipymes Mujeres.\t\t\t\t<\/h4>\n\t\t\t\t\t<\/div>\n\n\t\t<div\n\t\t\t\n\t\t\tclass=\"so-widget-sow-button so-widget-sow-button-wire-4da8d8328b77\"\n\t\t\t\n\t\t><div class=\"ow-button-base ow-button-align-center\">\n\t\t\t<a\n\t\t\t\t\thref=\"https:\/\/comunidad.comprasdominicana.gob.do\/Public\/Tendering\/OpportunityDetail\/Index?noticeUID=DO1.NTC.1356929&#038;isModal=true&#038;asPopupView=true\"\n\t\t\t\t\tclass=\"sowb-button ow-icon-placement-left ow-button-hover\" \t>\n\t\t<span>\n\t\t\t<span class=\"sow-icon-fontawesome sow-far\" data-sow-icon=\"&#xf07c;\"\n\t\tstyle=\"color: #165b30\" \n\t\taria-hidden=\"true\"><\/span>\n\t\t\tVer Documentos\t\t<\/span>\n\t\t\t<\/a>\n\t<\/div>\n<\/div>\n\t<\/div>\n\n\t<\/div>\n<\/div><\/div><div id=\"panel-24974-0-0-12\" class=\"so-panel widget widget_sow-cta panel-last-child\" data-index=\"12\" ><div\n\t\t\t\n\t\t\tclass=\"so-widget-sow-cta so-widget-sow-cta-default-d14a8d7b8425-24974\"\n\t\t\t\n\t\t><div\n\tclass=\"sow-cta-base\"\n\t>\n\t\n\t<div class=\"sow-cta-wrapper\">\n\n\t\t<div class=\"sow-cta-text\">\n\t\t\t\t\t\t\t<h4 class=\"sow-cta-title\">\n\t\t\t\t\tINESPRE-DAF-CM-2024-0004\t\t\t\t<\/h4>\n\t\t\t\n\t\t\t\t\t\t\t<h4 class=\"sow-cta-subtitle\">\n\t\t\t\t\tAdquisici\u00f3n de estaciones de trabajos dirigido a Mipymes.\t\t\t\t<\/h4>\n\t\t\t\t\t<\/div>\n\n\t\t<div\n\t\t\t\n\t\t\tclass=\"so-widget-sow-button so-widget-sow-button-wire-4da8d8328b77\"\n\t\t\t\n\t\t><div class=\"ow-button-base ow-button-align-center\">\n\t\t\t<a\n\t\t\t\t\thref=\"https:\/\/comunidad.comprasdominicana.gob.do\/Public\/Tendering\/OpportunityDetail\/Index?noticeUID=DO1.NTC.1356724&#038;isModal=true&#038;asPopupView=true\"\n\t\t\t\t\tclass=\"sowb-button ow-icon-placement-left ow-button-hover\" \t>\n\t\t<span>\n\t\t\t<span class=\"sow-icon-fontawesome sow-far\" data-sow-icon=\"&#xf07c;\"\n\t\tstyle=\"color: #165b30\" \n\t\taria-hidden=\"true\"><\/span>\n\t\t\tVer Documentos\t\t<\/span>\n\t\t\t<\/a>\n\t<\/div>\n<\/div>\n\t<\/div>\n\n\t<\/div>\n<\/div><\/div><\/div><\/div><\/div>","protected":false},"excerpt":{"rendered":"<p>Febrero 2024 INESPRE-DAF-CM-2024-0015 Servicio de Dise\u00f1o de Banners para la Feria Agropecuaria Nacional 2024. Ver Documentos INESPRE-DAF-CM-2024-0014 Servicio de instalaci\u00f3n de estructura para la Feria Agropecuaria Nacional 2024. Ver Documentos INESPRE-DAF-CM-2024-0013 adquisici\u00f3n de Alimentos y Bebidas para consumo Institucional dirigido a Mipymes Mujer. Ver Documentos INESPRE-DAF-CM-2024-0012 Adquisici\u00f3n de vainilla blanca y canela entera. Ver Documentos [&hellip;]<\/p>\n","protected":false},"author":5,"featured_media":17936,"parent":24924,"menu_order":1,"comment_status":"closed","ping_status":"closed","template":"","meta":{"footnotes":""},"categories":[],"tags":[],"class_list":["post-24974","page","type-page","status-publish","hentry"],"_links":{"self":[{"href":"https:\/\/www.inespre.gob.do\/transparencia\/wp-json\/wp\/v2\/pages\/24974","targetHints":{"allow":["GET"]}}],"collection":[{"href":"https:\/\/www.inespre.gob.do\/transparencia\/wp-json\/wp\/v2\/pages"}],"about":[{"href":"https:\/\/www.inespre.gob.do\/transparencia\/wp-json\/wp\/v2\/types\/page"}],"author":[{"embeddable":true,"href":"https:\/\/www.inespre.gob.do\/transparencia\/wp-json\/wp\/v2\/users\/5"}],"replies":[{"embeddable":true,"href":"https:\/\/www.inespre.gob.do\/transparencia\/wp-json\/wp\/v2\/comments?post=24974"}],"version-history":[{"count":18,"href":"https:\/\/www.inespre.gob.do\/transparencia\/wp-json\/wp\/v2\/pages\/24974\/revisions"}],"predecessor-version":[{"id":25256,"href":"https:\/\/www.inespre.gob.do\/transparencia\/wp-json\/wp\/v2\/pages\/24974\/revisions\/25256"}],"up":[{"embeddable":true,"href":"https:\/\/www.inespre.gob.do\/transparencia\/wp-json\/wp\/v2\/pages\/24924"}],"wp:featuredmedia":[{"embeddable":true,"href":"https:\/\/www.inespre.gob.do\/transparencia\/wp-json\/wp\/v2\/media\/17936"}],"wp:attachment":[{"href":"https:\/\/www.inespre.gob.do\/transparencia\/wp-json\/wp\/v2\/media?parent=24974"}],"wp:term":[{"taxonomy":"category","embeddable":true,"href":"https:\/\/www.inespre.gob.do\/transparencia\/wp-json\/wp\/v2\/categories?post=24974"},{"taxonomy":"post_tag","embeddable":true,"href":"https:\/\/www.inespre.gob.do\/transparencia\/wp-json\/wp\/v2\/tags?post=24974"}],"curies":[{"name":"wp","href":"https:\/\/api.w.org\/{rel}","templated":true}]}}