{"id":25230,"date":"2024-02-23T10:54:41","date_gmt":"2024-02-23T14:54:41","guid":{"rendered":"https:\/\/www.inespre.gov.do\/transparencia\/?page_id=25230"},"modified":"2024-04-01T09:09:47","modified_gmt":"2024-04-01T13:09:47","slug":"marzo-2024","status":"publish","type":"page","link":"https:\/\/www.inespre.gob.do\/transparencia\/compras-y-contrataciones\/compras-menores\/compras-menores-2024\/marzo-2024\/","title":{"rendered":"Marzo 2024"},"content":{"rendered":"<div id=\"pl-25230\"  class=\"panel-layout\" ><div id=\"pg-25230-0\"  class=\"panel-grid panel-no-style\" ><div id=\"pgc-25230-0-0\"  class=\"panel-grid-cell\" ><div id=\"panel-25230-0-0-0\" class=\"so-panel widget widget_black-studio-tinymce widget_black_studio_tinymce panel-first-child\" data-index=\"0\" ><h3 class=\"widget-title\">Marzo 2024<\/h3><div class=\"textwidget\"><\/div><\/div><div id=\"panel-25230-0-0-1\" class=\"so-panel widget widget_sow-cta\" data-index=\"1\" ><div\n\t\t\t\n\t\t\tclass=\"so-widget-sow-cta so-widget-sow-cta-default-d14a8d7b8425-25230\"\n\t\t\t\n\t\t><div\n\tclass=\"sow-cta-base\"\n\t>\n\t\n\t<div class=\"sow-cta-wrapper\">\n\n\t\t<div class=\"sow-cta-text\">\n\t\t\t\t\t\t\t<h4 class=\"sow-cta-title\">\n\t\t\t\t\tINESPRE-DAF-CM-2024-0023\t\t\t\t<\/h4>\n\t\t\t\n\t\t\t\t\t\t\t<h4 class=\"sow-cta-subtitle\">\n\t\t\t\t\tAdquisici\u00f3n de uniformes en tela org\u00e1nica (Compras Verdes).\t\t\t\t<\/h4>\n\t\t\t\t\t<\/div>\n\n\t\t<div\n\t\t\t\n\t\t\tclass=\"so-widget-sow-button so-widget-sow-button-wire-4da8d8328b77\"\n\t\t\t\n\t\t><div class=\"ow-button-base ow-button-align-center\">\n\t\t\t<a\n\t\t\t\t\thref=\"https:\/\/comunidad.comprasdominicana.gob.do\/\/Public\/Tendering\/OpportunityDetail\/Index?noticeUID=DO1.NTC.1379934\"\n\t\t\t\t\tclass=\"sowb-button ow-icon-placement-left ow-button-hover\" \t>\n\t\t<span>\n\t\t\t<span class=\"sow-icon-fontawesome sow-far\" data-sow-icon=\"&#xf07c;\"\n\t\tstyle=\"color: #165b30\" \n\t\taria-hidden=\"true\"><\/span>\n\t\t\tVer Documentos\t\t<\/span>\n\t\t\t<\/a>\n\t<\/div>\n<\/div>\n\t<\/div>\n\n\t<\/div>\n<\/div><\/div><div id=\"panel-25230-0-0-2\" class=\"so-panel widget widget_sow-cta\" data-index=\"2\" ><div\n\t\t\t\n\t\t\tclass=\"so-widget-sow-cta so-widget-sow-cta-default-d14a8d7b8425-25230\"\n\t\t\t\n\t\t><div\n\tclass=\"sow-cta-base\"\n\t>\n\t\n\t<div class=\"sow-cta-wrapper\">\n\n\t\t<div class=\"sow-cta-text\">\n\t\t\t\t\t\t\t<h4 class=\"sow-cta-title\">\n\t\t\t\t\tINESPRE-DAF-CM-2024-0022\t\t\t\t<\/h4>\n\t\t\t\n\t\t\t\t\t\t\t<h4 class=\"sow-cta-subtitle\">\n\t\t\t\t\tAdquisici\u00f3n de Medicamentos.\t\t\t\t<\/h4>\n\t\t\t\t\t<\/div>\n\n\t\t<div\n\t\t\t\n\t\t\tclass=\"so-widget-sow-button so-widget-sow-button-wire-4da8d8328b77\"\n\t\t\t\n\t\t><div class=\"ow-button-base ow-button-align-center\">\n\t\t\t<a\n\t\t\t\t\thref=\"https:\/\/comunidad.comprasdominicana.gob.do\/\/Public\/Tendering\/OpportunityDetail\/Index?noticeUID=DO1.NTC.1380012\"\n\t\t\t\t\tclass=\"sowb-button ow-icon-placement-left ow-button-hover\" \t>\n\t\t<span>\n\t\t\t<span class=\"sow-icon-fontawesome sow-far\" data-sow-icon=\"&#xf07c;\"\n\t\tstyle=\"color: #165b30\" \n\t\taria-hidden=\"true\"><\/span>\n\t\t\tVer Documentos\t\t<\/span>\n\t\t\t<\/a>\n\t<\/div>\n<\/div>\n\t<\/div>\n\n\t<\/div>\n<\/div><\/div><div id=\"panel-25230-0-0-3\" class=\"so-panel widget widget_sow-cta\" data-index=\"3\" ><div\n\t\t\t\n\t\t\tclass=\"so-widget-sow-cta so-widget-sow-cta-default-d14a8d7b8425-25230\"\n\t\t\t\n\t\t><div\n\tclass=\"sow-cta-base\"\n\t>\n\t\n\t<div class=\"sow-cta-wrapper\">\n\n\t\t<div class=\"sow-cta-text\">\n\t\t\t\t\t\t\t<h4 class=\"sow-cta-title\">\n\t\t\t\t\tINESPRE-DAF-CM-2024-0021\t\t\t\t<\/h4>\n\t\t\t\n\t\t\t\t\t\t\t<h4 class=\"sow-cta-subtitle\">\n\t\t\t\t\tAdquisici\u00f3n de Herramientas dirigido a Mipymes Mujeres.\t\t\t\t<\/h4>\n\t\t\t\t\t<\/div>\n\n\t\t<div\n\t\t\t\n\t\t\tclass=\"so-widget-sow-button so-widget-sow-button-wire-4da8d8328b77\"\n\t\t\t\n\t\t><div class=\"ow-button-base ow-button-align-center\">\n\t\t\t<a\n\t\t\t\t\thref=\"https:\/\/comunidad.comprasdominicana.gob.do\/\/Public\/Tendering\/OpportunityDetail\/Index?noticeUID=DO1.NTC.1380613\"\n\t\t\t\t\tclass=\"sowb-button ow-icon-placement-left ow-button-hover\" \t>\n\t\t<span>\n\t\t\t<span class=\"sow-icon-fontawesome sow-far\" data-sow-icon=\"&#xf07c;\"\n\t\tstyle=\"color: #165b30\" \n\t\taria-hidden=\"true\"><\/span>\n\t\t\tVer Documentos\t\t<\/span>\n\t\t\t<\/a>\n\t<\/div>\n<\/div>\n\t<\/div>\n\n\t<\/div>\n<\/div><\/div><div id=\"panel-25230-0-0-4\" class=\"so-panel widget widget_sow-cta\" data-index=\"4\" ><div\n\t\t\t\n\t\t\tclass=\"so-widget-sow-cta so-widget-sow-cta-default-d14a8d7b8425-25230\"\n\t\t\t\n\t\t><div\n\tclass=\"sow-cta-base\"\n\t>\n\t\n\t<div class=\"sow-cta-wrapper\">\n\n\t\t<div class=\"sow-cta-text\">\n\t\t\t\t\t\t\t<h4 class=\"sow-cta-title\">\n\t\t\t\t\tINESPRE-DAF-CM-2024-0020\t\t\t\t<\/h4>\n\t\t\t\n\t\t\t\t\t\t\t<h4 class=\"sow-cta-subtitle\">\n\t\t\t\t\tServicio de Rotulaci\u00f3n de Veh\u00edculos.\t\t\t\t<\/h4>\n\t\t\t\t\t<\/div>\n\n\t\t<div\n\t\t\t\n\t\t\tclass=\"so-widget-sow-button so-widget-sow-button-wire-4da8d8328b77\"\n\t\t\t\n\t\t><div class=\"ow-button-base ow-button-align-center\">\n\t\t\t<a\n\t\t\t\t\thref=\"https:\/\/comunidad.comprasdominicana.gob.do\/\/Public\/Tendering\/OpportunityDetail\/Index?noticeUID=DO1.NTC.1379217\"\n\t\t\t\t\tclass=\"sowb-button ow-icon-placement-left ow-button-hover\" \t>\n\t\t<span>\n\t\t\t<span class=\"sow-icon-fontawesome sow-far\" data-sow-icon=\"&#xf07c;\"\n\t\tstyle=\"color: #165b30\" \n\t\taria-hidden=\"true\"><\/span>\n\t\t\tVer Documentos\t\t<\/span>\n\t\t\t<\/a>\n\t<\/div>\n<\/div>\n\t<\/div>\n\n\t<\/div>\n<\/div><\/div><div id=\"panel-25230-0-0-5\" class=\"so-panel widget widget_sow-cta\" data-index=\"5\" ><div\n\t\t\t\n\t\t\tclass=\"so-widget-sow-cta so-widget-sow-cta-default-d14a8d7b8425-25230\"\n\t\t\t\n\t\t><div\n\tclass=\"sow-cta-base\"\n\t>\n\t\n\t<div class=\"sow-cta-wrapper\">\n\n\t\t<div class=\"sow-cta-text\">\n\t\t\t\t\t\t\t<h4 class=\"sow-cta-title\">\n\t\t\t\t\tINESPRE-DAF-CM-2024-0019\t\t\t\t<\/h4>\n\t\t\t\n\t\t\t\t\t\t\t<h4 class=\"sow-cta-subtitle\">\n\t\t\t\t\tServicio de Almuerzos a domicilio.\t\t\t\t<\/h4>\n\t\t\t\t\t<\/div>\n\n\t\t<div\n\t\t\t\n\t\t\tclass=\"so-widget-sow-button so-widget-sow-button-wire-4da8d8328b77\"\n\t\t\t\n\t\t><div class=\"ow-button-base ow-button-align-center\">\n\t\t\t<a\n\t\t\t\t\thref=\"https:\/\/comunidad.comprasdominicana.gob.do\/\/Public\/Tendering\/OpportunityDetail\/Index?noticeUID=DO1.NTC.1376115\"\n\t\t\t\t\tclass=\"sowb-button ow-icon-placement-left ow-button-hover\" \t>\n\t\t<span>\n\t\t\t<span class=\"sow-icon-fontawesome sow-far\" data-sow-icon=\"&#xf07c;\"\n\t\tstyle=\"color: #165b30\" \n\t\taria-hidden=\"true\"><\/span>\n\t\t\tVer Documentos\t\t<\/span>\n\t\t\t<\/a>\n\t<\/div>\n<\/div>\n\t<\/div>\n\n\t<\/div>\n<\/div><\/div><div id=\"panel-25230-0-0-6\" class=\"so-panel widget widget_sow-cta\" data-index=\"6\" ><div\n\t\t\t\n\t\t\tclass=\"so-widget-sow-cta so-widget-sow-cta-default-d14a8d7b8425-25230\"\n\t\t\t\n\t\t><div\n\tclass=\"sow-cta-base\"\n\t>\n\t\n\t<div class=\"sow-cta-wrapper\">\n\n\t\t<div class=\"sow-cta-text\">\n\t\t\t\t\t\t\t<h4 class=\"sow-cta-title\">\n\t\t\t\t\tINESPRE-DAF-CM-2024-0018\t\t\t\t<\/h4>\n\t\t\t\n\t\t\t\t\t\t\t<h4 class=\"sow-cta-subtitle\">\n\t\t\t\t\tServicio de Montacarga por un periodo de tres (03) meses dirigido a Mipymes Mujeres.\t\t\t\t<\/h4>\n\t\t\t\t\t<\/div>\n\n\t\t<div\n\t\t\t\n\t\t\tclass=\"so-widget-sow-button so-widget-sow-button-wire-4da8d8328b77\"\n\t\t\t\n\t\t><div class=\"ow-button-base ow-button-align-center\">\n\t\t\t<a\n\t\t\t\t\thref=\"https:\/\/comunidad.comprasdominicana.gob.do\/\/Public\/Tendering\/OpportunityDetail\/Index?noticeUID=DO1.NTC.1373932\"\n\t\t\t\t\tclass=\"sowb-button ow-icon-placement-left ow-button-hover\" \t>\n\t\t<span>\n\t\t\t<span class=\"sow-icon-fontawesome sow-far\" data-sow-icon=\"&#xf07c;\"\n\t\tstyle=\"color: #165b30\" \n\t\taria-hidden=\"true\"><\/span>\n\t\t\tVer Documentos\t\t<\/span>\n\t\t\t<\/a>\n\t<\/div>\n<\/div>\n\t<\/div>\n\n\t<\/div>\n<\/div><\/div><div id=\"panel-25230-0-0-7\" class=\"so-panel widget widget_sow-cta\" data-index=\"7\" ><div\n\t\t\t\n\t\t\tclass=\"so-widget-sow-cta so-widget-sow-cta-default-d14a8d7b8425-25230\"\n\t\t\t\n\t\t><div\n\tclass=\"sow-cta-base\"\n\t>\n\t\n\t<div class=\"sow-cta-wrapper\">\n\n\t\t<div class=\"sow-cta-text\">\n\t\t\t\t\t\t\t<h4 class=\"sow-cta-title\">\n\t\t\t\t\tINESPRE-DAF-CM-2024-0017\t\t\t\t<\/h4>\n\t\t\t\n\t\t\t\t\t\t\t<h4 class=\"sow-cta-subtitle\">\n\t\t\t\t\tServicio de Almacenes Refrigerados por un periodo de tres (03) meses dirigido a Mipymes Mujeres.\t\t\t\t<\/h4>\n\t\t\t\t\t<\/div>\n\n\t\t<div\n\t\t\t\n\t\t\tclass=\"so-widget-sow-button so-widget-sow-button-wire-4da8d8328b77\"\n\t\t\t\n\t\t><div class=\"ow-button-base ow-button-align-center\">\n\t\t\t<a\n\t\t\t\t\thref=\"https:\/\/comunidad.comprasdominicana.gob.do\/\/Public\/Tendering\/OpportunityDetail\/Index?noticeUID=DO1.NTC.1373824\"\n\t\t\t\t\tclass=\"sowb-button ow-icon-placement-left ow-button-hover\" \t>\n\t\t<span>\n\t\t\t<span class=\"sow-icon-fontawesome sow-far\" data-sow-icon=\"&#xf07c;\"\n\t\tstyle=\"color: #165b30\" \n\t\taria-hidden=\"true\"><\/span>\n\t\t\tVer Documentos\t\t<\/span>\n\t\t\t<\/a>\n\t<\/div>\n<\/div>\n\t<\/div>\n\n\t<\/div>\n<\/div><\/div><div id=\"panel-25230-0-0-8\" class=\"so-panel widget widget_sow-cta panel-last-child\" data-index=\"8\" ><div\n\t\t\t\n\t\t\tclass=\"so-widget-sow-cta so-widget-sow-cta-default-d14a8d7b8425-25230\"\n\t\t\t\n\t\t><div\n\tclass=\"sow-cta-base\"\n\t>\n\t\n\t<div class=\"sow-cta-wrapper\">\n\n\t\t<div class=\"sow-cta-text\">\n\t\t\t\t\t\t\t<h4 class=\"sow-cta-title\">\n\t\t\t\t\tINESPRE-DAF-CM-2024-0016\t\t\t\t<\/h4>\n\t\t\t\n\t\t\t\t\t\t\t<h4 class=\"sow-cta-subtitle\">\n\t\t\t\t\tServicio de decoraci\u00f3n, montaje para la Feria Agropecuaria Nacional 2024.\t\t\t\t<\/h4>\n\t\t\t\t\t<\/div>\n\n\t\t<div\n\t\t\t\n\t\t\tclass=\"so-widget-sow-button so-widget-sow-button-wire-4da8d8328b77\"\n\t\t\t\n\t\t><div class=\"ow-button-base ow-button-align-center\">\n\t\t\t<a\n\t\t\t\t\thref=\"https:\/\/comunidad.comprasdominicana.gob.do\/Public\/Tendering\/OpportunityDetail\/Index?noticeUID=DO1.NTC.1369935&#038;isModal=true&#038;asPopupView=true\"\n\t\t\t\t\tclass=\"sowb-button ow-icon-placement-left ow-button-hover\" \t>\n\t\t<span>\n\t\t\t<span class=\"sow-icon-fontawesome sow-far\" data-sow-icon=\"&#xf07c;\"\n\t\tstyle=\"color: #165b30\" \n\t\taria-hidden=\"true\"><\/span>\n\t\t\tVer Documentos\t\t<\/span>\n\t\t\t<\/a>\n\t<\/div>\n<\/div>\n\t<\/div>\n\n\t<\/div>\n<\/div><\/div><\/div><\/div><\/div>","protected":false},"excerpt":{"rendered":"<p>Marzo 2024 INESPRE-DAF-CM-2024-0023 Adquisici\u00f3n de uniformes en tela org\u00e1nica (Compras Verdes). Ver Documentos INESPRE-DAF-CM-2024-0022 Adquisici\u00f3n de Medicamentos. Ver Documentos INESPRE-DAF-CM-2024-0021 Adquisici\u00f3n de Herramientas dirigido a Mipymes Mujeres. Ver Documentos INESPRE-DAF-CM-2024-0020 Servicio de Rotulaci\u00f3n de Veh\u00edculos. Ver Documentos INESPRE-DAF-CM-2024-0019 Servicio de Almuerzos a domicilio. Ver Documentos INESPRE-DAF-CM-2024-0018 Servicio de Montacarga por un periodo de tres (03) [&hellip;]<\/p>\n","protected":false},"author":5,"featured_media":17936,"parent":24924,"menu_order":1,"comment_status":"closed","ping_status":"closed","template":"","meta":{"footnotes":""},"categories":[],"tags":[],"class_list":["post-25230","page","type-page","status-publish","hentry"],"_links":{"self":[{"href":"https:\/\/www.inespre.gob.do\/transparencia\/wp-json\/wp\/v2\/pages\/25230","targetHints":{"allow":["GET"]}}],"collection":[{"href":"https:\/\/www.inespre.gob.do\/transparencia\/wp-json\/wp\/v2\/pages"}],"about":[{"href":"https:\/\/www.inespre.gob.do\/transparencia\/wp-json\/wp\/v2\/types\/page"}],"author":[{"embeddable":true,"href":"https:\/\/www.inespre.gob.do\/transparencia\/wp-json\/wp\/v2\/users\/5"}],"replies":[{"embeddable":true,"href":"https:\/\/www.inespre.gob.do\/transparencia\/wp-json\/wp\/v2\/comments?post=25230"}],"version-history":[{"count":10,"href":"https:\/\/www.inespre.gob.do\/transparencia\/wp-json\/wp\/v2\/pages\/25230\/revisions"}],"predecessor-version":[{"id":25351,"href":"https:\/\/www.inespre.gob.do\/transparencia\/wp-json\/wp\/v2\/pages\/25230\/revisions\/25351"}],"up":[{"embeddable":true,"href":"https:\/\/www.inespre.gob.do\/transparencia\/wp-json\/wp\/v2\/pages\/24924"}],"wp:featuredmedia":[{"embeddable":true,"href":"https:\/\/www.inespre.gob.do\/transparencia\/wp-json\/wp\/v2\/media\/17936"}],"wp:attachment":[{"href":"https:\/\/www.inespre.gob.do\/transparencia\/wp-json\/wp\/v2\/media?parent=25230"}],"wp:term":[{"taxonomy":"category","embeddable":true,"href":"https:\/\/www.inespre.gob.do\/transparencia\/wp-json\/wp\/v2\/categories?post=25230"},{"taxonomy":"post_tag","embeddable":true,"href":"https:\/\/www.inespre.gob.do\/transparencia\/wp-json\/wp\/v2\/tags?post=25230"}],"curies":[{"name":"wp","href":"https:\/\/api.w.org\/{rel}","templated":true}]}}