{"id":26,"date":"2015-08-05T22:31:02","date_gmt":"2015-08-06T02:31:02","guid":{"rendered":"http:\/\/transparencia.inespre.gov.do\/?page_id=26"},"modified":"2025-06-20T11:20:31","modified_gmt":"2025-06-20T15:20:31","slug":"estructura-organica-de-la-institucion","status":"publish","type":"page","link":"https:\/\/www.inespre.gob.do\/transparencia\/estructura-organica-de-la-institucion\/","title":{"rendered":"Estructura Org\u00e1nica de la Instituci\u00f3n"},"content":{"rendered":"<div id=\"pl-26\"  class=\"panel-layout\" ><div id=\"pg-26-0\"  class=\"panel-grid panel-no-style\" ><div id=\"pgc-26-0-0\"  class=\"panel-grid-cell\" ><div id=\"panel-26-0-0-0\" class=\"so-panel widget widget_black-studio-tinymce widget_black_studio_tinymce panel-first-child\" data-index=\"0\" ><h3 class=\"widget-title\">Estructura Org\u00e1nica de la Instituci\u00f3n<\/h3><div class=\"textwidget\"><h5>Descarga<\/h5>\n<p>Estructura org\u00e1nica del organismo, aprobado por el Ministerio de Administraci\u00f3n P\u00fablica (MAP) el 09 de  agosto, 2024.<\/p>\n<div style=\"width: 100%;\">\n<div style=\"position: relative; padding-bottom: 56.25%; padding-top: 0; height: 0;\"><iframe loading=\"lazy\" frameborder=\"0\" width=\"1200\" height=\"675\" style=\"position: absolute; top: 0; left: 0; width: 100%; height: 100%;\" src=\"https:\/\/view.genially.com\/66e3b520be7e6c1572faec59\" type=\"text\/html\" allowscriptaccess=\"always\" allowfullscreen=\"true\" scrolling=\"yes\" allownetworking=\"all\"><\/iframe> <\/div>\n<\/p><\/div>\n<\/div><\/div><div id=\"panel-26-0-0-1\" class=\"so-panel widget widget_black-studio-tinymce widget_black_studio_tinymce\" data-index=\"1\" ><div class=\"textwidget\"><p>        <div class=\"w3eden clear\" align=\"right\"><div class=\"link-btn light\">    <div class=\"media\">        <div class=\"pull-left wbt-left\"><div class=\"wbt-icon\"><img decoding=\"async\" class=\"wpdm_icon\" alt=\"Icono\"   src=\"https:\/\/www.inespre.gob.do\/transparencia\/wp-content\/plugins\/download-manager\/assets\/file-type-icons\/pdf.svg\" \/><\/div><\/div>        <div class=\"pull-left text-left wbt-content\"><strong class=\"ptitle\">                <a href=\"https:\/\/www.inespre.gob.do\/transparencia\/download\/organigrama-del-instituto-de-estabilizacion-de-precios-inespre-2\/?wpdmdl=28139&refresh=69f73f732235d1777811315\">Organigrama del Instituto de Estabilizaci\u00f3n de Precios (INESPRE)<\/a>            <\/strong>            <div style=\"font-size: 8pt;padding-top: 1px\"><a href=\"https:\/\/www.inespre.gob.do\/transparencia\/download\/organigrama-del-instituto-de-estabilizacion-de-precios-inespre-2\/?wpdmdl=28139&refresh=69f73f732235d1777811315\">Descargar<\/a> <i style=\"margin: 4px 0 0 5px;opacity:0.5\"                                                           class=\"fa fa-th-large\"><\/i> 77.32 KB            <\/div>        <\/div>    <\/div><\/div><\/div><script>jQuery(function(){jQuery('.link-btn a.wpdm-download-link img').after('Descargar');jQuery('.link-btn a.wpdm-download-link img').remove();});<\/script><\/p>\n<p>        <div class=\"w3eden clear\" align=\"right\"><div class=\"link-btn light\">    <div class=\"media\">        <div class=\"pull-left wbt-left\"><div class=\"wbt-icon\"><img decoding=\"async\" class=\"wpdm_icon\" alt=\"Icono\"   src=\"https:\/\/www.inespre.gob.do\/transparencia\/wp-content\/plugins\/download-manager\/assets\/file-type-icons\/pdf.svg\" \/><\/div><\/div>        <div class=\"pull-left text-left wbt-content\"><strong class=\"ptitle\">                <a href=\"https:\/\/www.inespre.gob.do\/transparencia\/download\/manual-de-organizacion-y-funciones-inespre\/?wpdmdl=28138&refresh=69f73f7322f7e1777811315\">Manual de Organizaci\u00f3n y Funciones INESPRE<\/a>            <\/strong>            <div style=\"font-size: 8pt;padding-top: 1px\"><a href=\"https:\/\/www.inespre.gob.do\/transparencia\/download\/manual-de-organizacion-y-funciones-inespre\/?wpdmdl=28138&refresh=69f73f7322f7e1777811315\">Descargar<\/a> <i style=\"margin: 4px 0 0 5px;opacity:0.5\"                                                           class=\"fa fa-th-large\"><\/i> 4.70 MB            <\/div>        <\/div>    <\/div><\/div><\/div><script>jQuery(function(){jQuery('.link-btn a.wpdm-download-link img').after('Descargar');jQuery('.link-btn a.wpdm-download-link img').remove();});<\/script><\/p>\n<p>        <div class=\"w3eden clear\" align=\"right\"><div class=\"link-btn light\">    <div class=\"media\">        <div class=\"pull-left wbt-left\"><div class=\"wbt-icon\"><img decoding=\"async\" class=\"wpdm_icon\" alt=\"Icono\"   src=\"https:\/\/www.inespre.gob.do\/transparencia\/wp-content\/plugins\/download-manager\/assets\/file-type-icons\/pdf.svg\" \/><\/div><\/div>        <div class=\"pull-left text-left wbt-content\"><strong class=\"ptitle\">                <a href=\"https:\/\/www.inespre.gob.do\/transparencia\/download\/resolucion-num-001-2024-que-aprueba-la-estructura-organizativa-del-inespre\/?wpdmdl=28140&refresh=69f73f73232eb1777811315\">Resoluci\u00f3n N\u00fam. 001-2024, que aprueba la estructura organizativa del INESPRE<\/a>            <\/strong>            <div style=\"font-size: 8pt;padding-top: 1px\"><a href=\"https:\/\/www.inespre.gob.do\/transparencia\/download\/resolucion-num-001-2024-que-aprueba-la-estructura-organizativa-del-inespre\/?wpdmdl=28140&refresh=69f73f73232eb1777811315\">Descargar<\/a> <i style=\"margin: 4px 0 0 5px;opacity:0.5\"                                                           class=\"fa fa-th-large\"><\/i> 9.88 MB            <\/div>        <\/div>    <\/div><\/div><\/div><script>jQuery(function(){jQuery('.link-btn a.wpdm-download-link img').after('Descargar');jQuery('.link-btn a.wpdm-download-link img').remove();});<\/script><\/p>\n<p>        <div class=\"w3eden clear\" align=\"right\"><div class=\"link-btn light\">    <div class=\"media\">        <div class=\"pull-left wbt-left\"><div class=\"wbt-icon\"><img decoding=\"async\" class=\"wpdm_icon\" alt=\"Icono\"   src=\"https:\/\/www.inespre.gob.do\/transparencia\/wp-content\/plugins\/download-manager\/assets\/file-type-icons\/pdf.svg\" \/><\/div><\/div>        <div class=\"pull-left text-left wbt-content\"><strong class=\"ptitle\">                <a href=\"https:\/\/www.inespre.gob.do\/transparencia\/download\/resolucion-num-03-2025-que-aprueba-el-manual-de-organizacion-y-funciones-del-inespre\/?wpdmdl=28141&refresh=69f73f73236161777811315\">Resoluci\u00f3n N\u00fam. 03-2025 que aprueba el Manual de Organizaci\u00f3n y Funciones del INESPRE<\/a>            <\/strong>            <div style=\"font-size: 8pt;padding-top: 1px\"><a href=\"https:\/\/www.inespre.gob.do\/transparencia\/download\/resolucion-num-03-2025-que-aprueba-el-manual-de-organizacion-y-funciones-del-inespre\/?wpdmdl=28141&refresh=69f73f73236161777811315\">Descargar<\/a> <i style=\"margin: 4px 0 0 5px;opacity:0.5\"                                                           class=\"fa fa-th-large\"><\/i> 3.37 MB            <\/div>        <\/div>    <\/div><\/div><\/div><script>jQuery(function(){jQuery('.link-btn a.wpdm-download-link img').after('Descargar');jQuery('.link-btn a.wpdm-download-link img').remove();});<\/script><\/p>\n<\/div><\/div><div id=\"panel-26-0-0-2\" class=\"so-panel widget widget_black-studio-tinymce widget_black_studio_tinymce panel-last-child\" data-index=\"2\" ><div class=\"textwidget\"><p><!-- \n\n\n[wpdm_button_template id=7077 style=\"light\" align=\"left\"]\n\n\n[wpdm_button_template id=15211 style=\"light\" align=\"left\"]\n\n\n[wpdm_button_template id=15233 style=\"light\" align=\"left\"]\n\n\n[wpdm_button_template id=15235 style=\"light\" align=\"left\"]\n\n\n[wpdm_button_template id=7075 style=\"light\" align=\"left\"]\n\n\n\n--><\/p>\n<\/div><\/div><\/div><\/div><\/div>","protected":false},"excerpt":{"rendered":"<p>Descarga Estructura org\u00e1nica del organismo, aprobado por el Ministerio de Administraci\u00f3n P\u00fablica (MAP) el 09 de agosto, 2024.<\/p>\n","protected":false},"author":1,"featured_media":0,"parent":0,"menu_order":0,"comment_status":"open","ping_status":"closed","template":"","meta":{"footnotes":""},"categories":[],"tags":[],"class_list":["post-26","page","type-page","status-publish","hentry"],"_links":{"self":[{"href":"https:\/\/www.inespre.gob.do\/transparencia\/wp-json\/wp\/v2\/pages\/26","targetHints":{"allow":["GET"]}}],"collection":[{"href":"https:\/\/www.inespre.gob.do\/transparencia\/wp-json\/wp\/v2\/pages"}],"about":[{"href":"https:\/\/www.inespre.gob.do\/transparencia\/wp-json\/wp\/v2\/types\/page"}],"author":[{"embeddable":true,"href":"https:\/\/www.inespre.gob.do\/transparencia\/wp-json\/wp\/v2\/users\/1"}],"replies":[{"embeddable":true,"href":"https:\/\/www.inespre.gob.do\/transparencia\/wp-json\/wp\/v2\/comments?post=26"}],"version-history":[{"count":31,"href":"https:\/\/www.inespre.gob.do\/transparencia\/wp-json\/wp\/v2\/pages\/26\/revisions"}],"predecessor-version":[{"id":28144,"href":"https:\/\/www.inespre.gob.do\/transparencia\/wp-json\/wp\/v2\/pages\/26\/revisions\/28144"}],"wp:attachment":[{"href":"https:\/\/www.inespre.gob.do\/transparencia\/wp-json\/wp\/v2\/media?parent=26"}],"wp:term":[{"taxonomy":"category","embeddable":true,"href":"https:\/\/www.inespre.gob.do\/transparencia\/wp-json\/wp\/v2\/categories?post=26"},{"taxonomy":"post_tag","embeddable":true,"href":"https:\/\/www.inespre.gob.do\/transparencia\/wp-json\/wp\/v2\/tags?post=26"}],"curies":[{"name":"wp","href":"https:\/\/api.w.org\/{rel}","templated":true}]}}