{"id":2941,"date":"2016-01-20T22:29:20","date_gmt":"2016-01-21T02:29:20","guid":{"rendered":"http:\/\/transparencia.inespre.gov.do\/?page_id=2941"},"modified":"2017-03-15T14:15:38","modified_gmt":"2017-03-15T18:15:38","slug":"compras-menores-2016","status":"publish","type":"page","link":"https:\/\/www.inespre.gob.do\/transparencia\/compras-y-contrataciones\/compras-menores\/compras-menores-2016\/","title":{"rendered":"Compras Menores 2016"},"content":{"rendered":"<div id=\"pl-2941\"  class=\"panel-layout\" ><div id=\"pg-2941-0\"  class=\"panel-grid panel-no-style\" ><div id=\"pgc-2941-0-0\"  class=\"panel-grid-cell\" ><div id=\"panel-2941-0-0-0\" class=\"so-panel widget widget_black-studio-tinymce widget_black_studio_tinymce panel-first-child panel-last-child\" data-index=\"0\" ><h3 class=\"widget-title\">Compras Menores 2016<\/h3><div class=\"textwidget\"><h5>Relaci\u00f3n de ordenes de compras<\/h5>\n<p>        <div class=\"w3eden clear\" align=\"right\"><div class=\"link-btn light\">    <div class=\"media\">        <div class=\"pull-left wbt-left\"><div class=\"wbt-icon\"><img decoding=\"async\" class=\"wpdm_icon\" alt=\"Icono\"   src=\"http:\/\/www.inespre.gov.do\/transparencia\/wp-content\/plugins\/download-manager\/assets\/file-type-icons\/xls.png\" \/><\/div><\/div>        <div class=\"pull-left text-left wbt-content\"><strong class=\"ptitle\">                <a href=\"https:\/\/www.inespre.gob.do\/transparencia\/download\/relacion-de-compra-menor-diciembre-2016\/?wpdmdl=4178&refresh=69f74cb28ede91777814706\">Relaci\u00f3n de Compras Menores Diciembre 2016<\/a>            <\/strong>            <div style=\"font-size: 8pt;padding-top: 1px\"><a href=\"https:\/\/www.inespre.gob.do\/transparencia\/download\/relacion-de-compra-menor-diciembre-2016\/?wpdmdl=4178&refresh=69f74cb28ede91777814706\">Descargar<\/a> <i style=\"margin: 4px 0 0 5px;opacity:0.5\"                                                           class=\"fa fa-th-large\"><\/i> 196.50 KB            <\/div>        <\/div>    <\/div><\/div><\/div><script>jQuery(function(){jQuery('.link-btn a.wpdm-download-link img').after('Descargar');jQuery('.link-btn a.wpdm-download-link img').remove();});<\/script><br \/>\n        <div class=\"w3eden clear\" align=\"right\"><div class=\"link-btn light\">    <div class=\"media\">        <div class=\"pull-left wbt-left\"><div class=\"wbt-icon\"><img decoding=\"async\" class=\"wpdm_icon\" alt=\"Icono\"   src=\"http:\/\/www.inespre.gov.do\/transparencia\/wp-content\/plugins\/download-manager\/assets\/file-type-icons\/xls.png\" \/><\/div><\/div>        <div class=\"pull-left text-left wbt-content\"><strong class=\"ptitle\">                <a href=\"https:\/\/www.inespre.gob.do\/transparencia\/download\/relacion-de-compra-menor-noviembre-2016\/?wpdmdl=4176&refresh=69f74cb28fec11777814706\">Relaci\u00f3n de compras menores  Noviembre 2016<\/a>            <\/strong>            <div style=\"font-size: 8pt;padding-top: 1px\"><a href=\"https:\/\/www.inespre.gob.do\/transparencia\/download\/relacion-de-compra-menor-noviembre-2016\/?wpdmdl=4176&refresh=69f74cb28fec11777814706\">Descargar<\/a> <i style=\"margin: 4px 0 0 5px;opacity:0.5\"                                                           class=\"fa fa-th-large\"><\/i> 197.50 KB            <\/div>        <\/div>    <\/div><\/div><\/div><script>jQuery(function(){jQuery('.link-btn a.wpdm-download-link img').after('Descargar');jQuery('.link-btn a.wpdm-download-link img').remove();});<\/script><br \/>\n        <div class=\"w3eden clear\" align=\"right\"><div class=\"link-btn light\">    <div class=\"media\">        <div class=\"pull-left wbt-left\"><div class=\"wbt-icon\"><img decoding=\"async\" class=\"wpdm_icon\" alt=\"Icono\"   src=\"http:\/\/www.inespre.gov.do\/transparencia\/wp-content\/plugins\/download-manager\/assets\/file-type-icons\/xls.png\" \/><\/div><\/div>        <div class=\"pull-left text-left wbt-content\"><strong class=\"ptitle\">                <a href=\"https:\/\/www.inespre.gob.do\/transparencia\/download\/relacion-de-compra-menor-octubre-2016\/?wpdmdl=4174&refresh=69f74cb2904751777814706\">Relaci\u00f3n de compras menores  Octubre 2016<\/a>            <\/strong>            <div style=\"font-size: 8pt;padding-top: 1px\"><a href=\"https:\/\/www.inespre.gob.do\/transparencia\/download\/relacion-de-compra-menor-octubre-2016\/?wpdmdl=4174&refresh=69f74cb2904751777814706\">Descargar<\/a> <i style=\"margin: 4px 0 0 5px;opacity:0.5\"                                                           class=\"fa fa-th-large\"><\/i> 197.50 KB            <\/div>        <\/div>    <\/div><\/div><\/div><script>jQuery(function(){jQuery('.link-btn a.wpdm-download-link img').after('Descargar');jQuery('.link-btn a.wpdm-download-link img').remove();});<\/script><br \/>\n        <div class=\"w3eden clear\" align=\"right\"><div class=\"link-btn light\">    <div class=\"media\">        <div class=\"pull-left wbt-left\"><div class=\"wbt-icon\"><img decoding=\"async\" class=\"wpdm_icon\" alt=\"Icono\"   src=\"http:\/\/www.inespre.gov.do\/transparencia\/wp-content\/plugins\/download-manager\/assets\/file-type-icons\/xls.png\" \/><\/div><\/div>        <div class=\"pull-left text-left wbt-content\"><strong class=\"ptitle\">                <a href=\"https:\/\/www.inespre.gob.do\/transparencia\/download\/relacion-de-compra-menor-septiembre-2016\/?wpdmdl=4172&refresh=69f74cb2909b91777814706\">Relaci\u00f3n de compras menores Septiembre 2016<\/a>            <\/strong>            <div style=\"font-size: 8pt;padding-top: 1px\"><a href=\"https:\/\/www.inespre.gob.do\/transparencia\/download\/relacion-de-compra-menor-septiembre-2016\/?wpdmdl=4172&refresh=69f74cb2909b91777814706\">Descargar<\/a> <i style=\"margin: 4px 0 0 5px;opacity:0.5\"                                                           class=\"fa fa-th-large\"><\/i> 197.00 KB            <\/div>        <\/div>    <\/div><\/div><\/div><script>jQuery(function(){jQuery('.link-btn a.wpdm-download-link img').after('Descargar');jQuery('.link-btn a.wpdm-download-link img').remove();});<\/script><br \/>\n        <div class=\"w3eden clear\" align=\"right\"><div class=\"link-btn light\">    <div class=\"media\">        <div class=\"pull-left wbt-left\"><div class=\"wbt-icon\"><img decoding=\"async\" class=\"wpdm_icon\" alt=\"Icono\"   src=\"http:\/\/www.inespre.gov.do\/transparencia\/wp-content\/plugins\/download-manager\/assets\/file-type-icons\/xls.png\" \/><\/div><\/div>        <div class=\"pull-left text-left wbt-content\"><strong class=\"ptitle\">                <a href=\"https:\/\/www.inespre.gob.do\/transparencia\/download\/relacion-de-compra-menor-agosto-2016\/?wpdmdl=4170&refresh=69f74cb290ef41777814706\">Relaci\u00f3n de compras menores Agosto 2016<\/a>            <\/strong>            <div style=\"font-size: 8pt;padding-top: 1px\"><a href=\"https:\/\/www.inespre.gob.do\/transparencia\/download\/relacion-de-compra-menor-agosto-2016\/?wpdmdl=4170&refresh=69f74cb290ef41777814706\">Descargar<\/a> <i style=\"margin: 4px 0 0 5px;opacity:0.5\"                                                           class=\"fa fa-th-large\"><\/i> 197.00 KB            <\/div>        <\/div>    <\/div><\/div><\/div><script>jQuery(function(){jQuery('.link-btn a.wpdm-download-link img').after('Descargar');jQuery('.link-btn a.wpdm-download-link img').remove();});<\/script><br \/>\n        <div class=\"w3eden clear\" align=\"right\"><div class=\"link-btn light\">    <div class=\"media\">        <div class=\"pull-left wbt-left\"><div class=\"wbt-icon\"><img decoding=\"async\" class=\"wpdm_icon\" alt=\"Icono\"   src=\"http:\/\/www.inespre.gov.do\/transparencia\/wp-content\/plugins\/download-manager\/assets\/file-type-icons\/xls.png\" \/><\/div><\/div>        <div class=\"pull-left text-left wbt-content\"><strong class=\"ptitle\">                <a href=\"https:\/\/www.inespre.gob.do\/transparencia\/download\/relacion-de-compra-menor-junio-2016\/?wpdmdl=4168&refresh=69f74cb2914381777814706\">Relaci\u00f3n de compras menores  Junio 2016<\/a>            <\/strong>            <div style=\"font-size: 8pt;padding-top: 1px\"><a href=\"https:\/\/www.inespre.gob.do\/transparencia\/download\/relacion-de-compra-menor-junio-2016\/?wpdmdl=4168&refresh=69f74cb2914381777814706\">Descargar<\/a> <i style=\"margin: 4px 0 0 5px;opacity:0.5\"                                                           class=\"fa fa-th-large\"><\/i> 197.00 KB            <\/div>        <\/div>    <\/div><\/div><\/div><script>jQuery(function(){jQuery('.link-btn a.wpdm-download-link img').after('Descargar');jQuery('.link-btn a.wpdm-download-link img').remove();});<\/script><br \/>\n        <div class=\"w3eden clear\" align=\"right\"><div class=\"link-btn light\">    <div class=\"media\">        <div class=\"pull-left wbt-left\"><div class=\"wbt-icon\"><img decoding=\"async\" class=\"wpdm_icon\" alt=\"Icono\"   src=\"http:\/\/www.inespre.gov.do\/transparencia\/wp-content\/plugins\/download-manager\/assets\/file-type-icons\/xls.png\" \/><\/div><\/div>        <div class=\"pull-left text-left wbt-content\"><strong class=\"ptitle\">                <a href=\"https:\/\/www.inespre.gob.do\/transparencia\/download\/relacion-de-compra-menor-abril-2016\/?wpdmdl=4166&refresh=69f74cb2919591777814706\">Relaci\u00f3n de compras menores Abril 2016<\/a>            <\/strong>            <div style=\"font-size: 8pt;padding-top: 1px\"><a href=\"https:\/\/www.inespre.gob.do\/transparencia\/download\/relacion-de-compra-menor-abril-2016\/?wpdmdl=4166&refresh=69f74cb2919591777814706\">Descargar<\/a> <i style=\"margin: 4px 0 0 5px;opacity:0.5\"                                                           class=\"fa fa-th-large\"><\/i> 197.50 KB            <\/div>        <\/div>    <\/div><\/div><\/div><script>jQuery(function(){jQuery('.link-btn a.wpdm-download-link img').after('Descargar');jQuery('.link-btn a.wpdm-download-link img').remove();});<\/script><br \/>\n        <div class=\"w3eden clear\" align=\"right\"><div class=\"link-btn light\">    <div class=\"media\">        <div class=\"pull-left wbt-left\"><div class=\"wbt-icon\"><img decoding=\"async\" class=\"wpdm_icon\" alt=\"Icono\"   src=\"http:\/\/www.inespre.gov.do\/transparencia\/wp-content\/plugins\/download-manager\/assets\/file-type-icons\/xls.png\" \/><\/div><\/div>        <div class=\"pull-left text-left wbt-content\"><strong class=\"ptitle\">                <a href=\"https:\/\/www.inespre.gob.do\/transparencia\/download\/relacion-de-compra-menor-febrero-2016\/?wpdmdl=4164&refresh=69f74cb2920161777814706\">Relaci\u00f3n de compras menores  febrero 2016<\/a>            <\/strong>            <div style=\"font-size: 8pt;padding-top: 1px\"><a href=\"https:\/\/www.inespre.gob.do\/transparencia\/download\/relacion-de-compra-menor-febrero-2016\/?wpdmdl=4164&refresh=69f74cb2920161777814706\">Descargar<\/a> <i style=\"margin: 4px 0 0 5px;opacity:0.5\"                                                           class=\"fa fa-th-large\"><\/i> 196.00 KB            <\/div>        <\/div>    <\/div><\/div><\/div><script>jQuery(function(){jQuery('.link-btn a.wpdm-download-link img').after('Descargar');jQuery('.link-btn a.wpdm-download-link img').remove();});<\/script><br \/>\n        <div class=\"w3eden clear\" align=\"right\"><div class=\"link-btn light\">    <div class=\"media\">        <div class=\"pull-left wbt-left\"><div class=\"wbt-icon\"><img decoding=\"async\" class=\"wpdm_icon\" alt=\"Icono\"   src=\"http:\/\/www.inespre.gov.do\/transparencia\/wp-content\/plugins\/download-manager\/assets\/file-type-icons\/xls.png\" \/><\/div><\/div>        <div class=\"pull-left text-left wbt-content\"><strong class=\"ptitle\">                <a href=\"https:\/\/www.inespre.gob.do\/transparencia\/download\/relacion-de-compra-menor-enero-2016\/?wpdmdl=4162&refresh=69f74cb2927301777814706\">Relaci\u00f3n de compras menores enero 2016<\/a>            <\/strong>            <div style=\"font-size: 8pt;padding-top: 1px\"><a href=\"https:\/\/www.inespre.gob.do\/transparencia\/download\/relacion-de-compra-menor-enero-2016\/?wpdmdl=4162&refresh=69f74cb2927301777814706\">Descargar<\/a> <i style=\"margin: 4px 0 0 5px;opacity:0.5\"                                                           class=\"fa fa-th-large\"><\/i> 198.00 KB            <\/div>        <\/div>    <\/div><\/div><\/div><script>jQuery(function(){jQuery('.link-btn a.wpdm-download-link img').after('Descargar');jQuery('.link-btn a.wpdm-download-link img').remove();});<\/script><\/p>\n<h5>Publicaciones para los oferentes<\/h5>\n<p>        <div class=\"w3eden clear\" align=\"right\"><div class=\"link-btn light\">    <div class=\"media\">        <div class=\"pull-left wbt-left\"><div class=\"wbt-icon\"><img decoding=\"async\" class=\"wpdm_icon\" alt=\"Icono\"   src=\"http:\/\/www.inespre.gov.do\/transparencia\/wp-content\/plugins\/download-manager\/assets\/file-type-icons\/pdf.png\" \/><\/div><\/div>        <div class=\"pull-left text-left wbt-content\"><strong class=\"ptitle\">                <a href=\"https:\/\/www.inespre.gob.do\/transparencia\/download\/c-m-diciembre-2016\/?wpdmdl=4180&refresh=69f74cb292edb1777814706\">C.M. Diciembre 2016<\/a>            <\/strong>            <div style=\"font-size: 8pt;padding-top: 1px\"><a href=\"https:\/\/www.inespre.gob.do\/transparencia\/download\/c-m-diciembre-2016\/?wpdmdl=4180&refresh=69f74cb292edb1777814706\">Descargar<\/a> <i style=\"margin: 4px 0 0 5px;opacity:0.5\"                                                           class=\"fa fa-th-large\"><\/i> 453.67 KB            <\/div>        <\/div>    <\/div><\/div><\/div><script>jQuery(function(){jQuery('.link-btn a.wpdm-download-link img').after('Descargar');jQuery('.link-btn a.wpdm-download-link img').remove();});<\/script><br \/>\n        <div class=\"w3eden clear\" align=\"right\"><div class=\"link-btn light\">    <div class=\"media\">        <div class=\"pull-left wbt-left\"><div class=\"wbt-icon\"><img decoding=\"async\" class=\"wpdm_icon\" alt=\"Icono\"   src=\"http:\/\/www.inespre.gov.do\/transparencia\/wp-content\/plugins\/download-manager\/assets\/file-type-icons\/pdf.png\" \/><\/div><\/div>        <div class=\"pull-left text-left wbt-content\"><strong class=\"ptitle\">                <a href=\"https:\/\/www.inespre.gob.do\/transparencia\/download\/c-m-noviembre-2016\/?wpdmdl=3374&refresh=69f74cb2936511777814706\">C.M. Noviembre 2016<\/a>            <\/strong>            <div style=\"font-size: 8pt;padding-top: 1px\"><a href=\"https:\/\/www.inespre.gob.do\/transparencia\/download\/c-m-noviembre-2016\/?wpdmdl=3374&refresh=69f74cb2936511777814706\">Descargar<\/a> <i style=\"margin: 4px 0 0 5px;opacity:0.5\"                                                           class=\"fa fa-th-large\"><\/i> 464.27 KB            <\/div>        <\/div>    <\/div><\/div><\/div><script>jQuery(function(){jQuery('.link-btn a.wpdm-download-link img').after('Descargar');jQuery('.link-btn a.wpdm-download-link img').remove();});<\/script><br \/>\n        <div class=\"w3eden clear\" align=\"right\"><div class=\"link-btn light\">    <div class=\"media\">        <div class=\"pull-left wbt-left\"><div class=\"wbt-icon\"><img decoding=\"async\" class=\"wpdm_icon\" alt=\"Icono\"   src=\"http:\/\/www.inespre.gov.do\/transparencia\/wp-content\/plugins\/download-manager\/assets\/file-type-icons\/pdf.png\" \/><\/div><\/div>        <div class=\"pull-left text-left wbt-content\"><strong class=\"ptitle\">                <a href=\"https:\/\/www.inespre.gob.do\/transparencia\/download\/c-m-octubre-2016\/?wpdmdl=3360&refresh=69f74cb293cbb1777814706\">C.M. Octubre 2016<\/a>            <\/strong>            <div style=\"font-size: 8pt;padding-top: 1px\"><a href=\"https:\/\/www.inespre.gob.do\/transparencia\/download\/c-m-octubre-2016\/?wpdmdl=3360&refresh=69f74cb293cbb1777814706\">Descargar<\/a> <i style=\"margin: 4px 0 0 5px;opacity:0.5\"                                                           class=\"fa fa-th-large\"><\/i> 618.68 KB            <\/div>        <\/div>    <\/div><\/div><\/div><script>jQuery(function(){jQuery('.link-btn a.wpdm-download-link img').after('Descargar');jQuery('.link-btn a.wpdm-download-link img').remove();});<\/script><br \/>\n        <div class=\"w3eden clear\" align=\"right\"><div class=\"link-btn light\">    <div class=\"media\">        <div class=\"pull-left wbt-left\"><div class=\"wbt-icon\"><img decoding=\"async\" class=\"wpdm_icon\" alt=\"Icono\"   src=\"http:\/\/www.inespre.gov.do\/transparencia\/wp-content\/plugins\/download-manager\/assets\/file-type-icons\/pdf.png\" \/><\/div><\/div>        <div class=\"pull-left text-left wbt-content\"><strong class=\"ptitle\">                <a href=\"https:\/\/www.inespre.gob.do\/transparencia\/download\/c-m-septiembre-2016\/?wpdmdl=3348&refresh=69f74cb2942361777814706\">C.M. Septiembre 2016<\/a>            <\/strong>            <div style=\"font-size: 8pt;padding-top: 1px\"><a href=\"https:\/\/www.inespre.gob.do\/transparencia\/download\/c-m-septiembre-2016\/?wpdmdl=3348&refresh=69f74cb2942361777814706\">Descargar<\/a> <i style=\"margin: 4px 0 0 5px;opacity:0.5\"                                                           class=\"fa fa-th-large\"><\/i> 380.28 KB            <\/div>        <\/div>    <\/div><\/div><\/div><script>jQuery(function(){jQuery('.link-btn a.wpdm-download-link img').after('Descargar');jQuery('.link-btn a.wpdm-download-link img').remove();});<\/script><br \/>\n        <div class=\"w3eden clear\" align=\"right\"><div class=\"link-btn light\">    <div class=\"media\">        <div class=\"pull-left wbt-left\"><div class=\"wbt-icon\"><img decoding=\"async\" class=\"wpdm_icon\" alt=\"Icono\"   src=\"http:\/\/www.inespre.gov.do\/transparencia\/wp-content\/plugins\/download-manager\/assets\/file-type-icons\/pdf.png\" \/><\/div><\/div>        <div class=\"pull-left text-left wbt-content\"><strong class=\"ptitle\">                <a href=\"https:\/\/www.inespre.gob.do\/transparencia\/download\/c-m-agosto-2016\/?wpdmdl=3296&refresh=69f74cb29477c1777814706\">C.M. Agosto 2016<\/a>            <\/strong>            <div style=\"font-size: 8pt;padding-top: 1px\"><a href=\"https:\/\/www.inespre.gob.do\/transparencia\/download\/c-m-agosto-2016\/?wpdmdl=3296&refresh=69f74cb29477c1777814706\">Descargar<\/a> <i style=\"margin: 4px 0 0 5px;opacity:0.5\"                                                           class=\"fa fa-th-large\"><\/i> 451.92 KB            <\/div>        <\/div>    <\/div><\/div><\/div><script>jQuery(function(){jQuery('.link-btn a.wpdm-download-link img').after('Descargar');jQuery('.link-btn a.wpdm-download-link img').remove();});<\/script><br \/>\n        <div class=\"w3eden clear\" align=\"right\"><div class=\"link-btn light\">    <div class=\"media\">        <div class=\"pull-left wbt-left\"><div class=\"wbt-icon\"><img decoding=\"async\" class=\"wpdm_icon\" alt=\"Icono\"   src=\"http:\/\/www.inespre.gov.do\/transparencia\/wp-content\/plugins\/download-manager\/assets\/file-type-icons\/pdf.png\" \/><\/div><\/div>        <div class=\"pull-left text-left wbt-content\"><strong class=\"ptitle\">                <a href=\"https:\/\/www.inespre.gob.do\/transparencia\/download\/c-m-junio-2016\/?wpdmdl=3244&refresh=69f74cb294c9d1777814706\">C.M. Junio 2016<\/a>            <\/strong>            <div style=\"font-size: 8pt;padding-top: 1px\"><a href=\"https:\/\/www.inespre.gob.do\/transparencia\/download\/c-m-junio-2016\/?wpdmdl=3244&refresh=69f74cb294c9d1777814706\">Descargar<\/a> <i style=\"margin: 4px 0 0 5px;opacity:0.5\"                                                           class=\"fa fa-th-large\"><\/i> 349.07 KB            <\/div>        <\/div>    <\/div><\/div><\/div><script>jQuery(function(){jQuery('.link-btn a.wpdm-download-link img').after('Descargar');jQuery('.link-btn a.wpdm-download-link img').remove();});<\/script><br \/>\n        <div class=\"w3eden clear\" align=\"right\"><div class=\"link-btn light\">    <div class=\"media\">        <div class=\"pull-left wbt-left\"><div class=\"wbt-icon\"><img decoding=\"async\" class=\"wpdm_icon\" alt=\"Icono\"   src=\"http:\/\/www.inespre.gov.do\/transparencia\/wp-content\/plugins\/download-manager\/assets\/file-type-icons\/pdf.png\" \/><\/div><\/div>        <div class=\"pull-left text-left wbt-content\"><strong class=\"ptitle\">                <a href=\"https:\/\/www.inespre.gob.do\/transparencia\/download\/c-m-marzo-2016\/?wpdmdl=3141&refresh=69f74cb2951f21777814706\">C.M. Abril 2016<\/a>            <\/strong>            <div style=\"font-size: 8pt;padding-top: 1px\"><a href=\"https:\/\/www.inespre.gob.do\/transparencia\/download\/c-m-marzo-2016\/?wpdmdl=3141&refresh=69f74cb2951f21777814706\">Descargar<\/a> <i style=\"margin: 4px 0 0 5px;opacity:0.5\"                                                           class=\"fa fa-th-large\"><\/i> 473.41 KB            <\/div>        <\/div>    <\/div><\/div><\/div><script>jQuery(function(){jQuery('.link-btn a.wpdm-download-link img').after('');jQuery('.link-btn a.wpdm-download-link img').remove();});<\/script><br \/>\n        <div class=\"w3eden clear\" align=\"right\"><div class=\"link-btn light\">    <div class=\"media\">        <div class=\"pull-left wbt-left\"><div class=\"wbt-icon\"><img decoding=\"async\" class=\"wpdm_icon\" alt=\"Icono\"   src=\"http:\/\/www.inespre.gov.do\/transparencia\/wp-content\/plugins\/download-manager\/assets\/file-type-icons\/pdf.png\" \/><\/div><\/div>        <div class=\"pull-left text-left wbt-content\"><strong class=\"ptitle\">                <a href=\"https:\/\/www.inespre.gob.do\/transparencia\/download\/c-m-febrero-2016\/?wpdmdl=3038&refresh=69f74cb2957151777814706\">C.M. Febrero 2016<\/a>            <\/strong>            <div style=\"font-size: 8pt;padding-top: 1px\"><a href=\"https:\/\/www.inespre.gob.do\/transparencia\/download\/c-m-febrero-2016\/?wpdmdl=3038&refresh=69f74cb2957151777814706\">Descargar<\/a> <i style=\"margin: 4px 0 0 5px;opacity:0.5\"                                                           class=\"fa fa-th-large\"><\/i> 410.62 KB            <\/div>        <\/div>    <\/div><\/div><\/div><script>jQuery(function(){jQuery('.link-btn a.wpdm-download-link img').after('');jQuery('.link-btn a.wpdm-download-link img').remove();});<\/script><br \/>\n        <div class=\"w3eden clear\" align=\"right\"><div class=\"link-btn light\">    <div class=\"media\">        <div class=\"pull-left wbt-left\"><div class=\"wbt-icon\"><img decoding=\"async\" class=\"wpdm_icon\" alt=\"Icono\"   src=\"http:\/\/www.inespre.gov.do\/transparencia\/wp-content\/plugins\/download-manager\/assets\/file-type-icons\/pdf.png\" \/><\/div><\/div>        <div class=\"pull-left text-left wbt-content\"><strong class=\"ptitle\">                <a href=\"https:\/\/www.inespre.gob.do\/transparencia\/download\/c-m-enero-2016\/?wpdmdl=2939&refresh=69f74cb295c181777814706\">C.M. Enero 2016<\/a>            <\/strong>            <div style=\"font-size: 8pt;padding-top: 1px\"><a href=\"https:\/\/www.inespre.gob.do\/transparencia\/download\/c-m-enero-2016\/?wpdmdl=2939&refresh=69f74cb295c181777814706\">Descargar<\/a> <i style=\"margin: 4px 0 0 5px;opacity:0.5\"                                                           class=\"fa fa-th-large\"><\/i> 498.92 KB            <\/div>        <\/div>    <\/div><\/div><\/div><script>jQuery(function(){jQuery('.link-btn a.wpdm-download-link img').after('');jQuery('.link-btn a.wpdm-download-link img').remove();});<\/script><\/p>\n<p>Durante el per\u00edodo de <em><strong>marzo, mayo y julio<\/strong><\/em> no se realiz\u00f3 ning\u00fan proceso bajo esta modalidad.<span id=\"transmark\" style=\"display: none; width: 0px; height: 0px;\"><\/span><\/p>\n<\/div><\/div><\/div><\/div><\/div>","protected":false},"excerpt":{"rendered":"<p>Relaci\u00f3n de ordenes de compras Publicaciones para los oferentes Durante el per\u00edodo de marzo, mayo y julio no se realiz\u00f3 ning\u00fan proceso bajo esta modalidad.<\/p>\n","protected":false},"author":3,"featured_media":0,"parent":917,"menu_order":0,"comment_status":"closed","ping_status":"closed","template":"","meta":{"footnotes":""},"categories":[],"tags":[],"class_list":["post-2941","page","type-page","status-publish","hentry"],"_links":{"self":[{"href":"https:\/\/www.inespre.gob.do\/transparencia\/wp-json\/wp\/v2\/pages\/2941","targetHints":{"allow":["GET"]}}],"collection":[{"href":"https:\/\/www.inespre.gob.do\/transparencia\/wp-json\/wp\/v2\/pages"}],"about":[{"href":"https:\/\/www.inespre.gob.do\/transparencia\/wp-json\/wp\/v2\/types\/page"}],"author":[{"embeddable":true,"href":"https:\/\/www.inespre.gob.do\/transparencia\/wp-json\/wp\/v2\/users\/3"}],"replies":[{"embeddable":true,"href":"https:\/\/www.inespre.gob.do\/transparencia\/wp-json\/wp\/v2\/comments?post=2941"}],"version-history":[{"count":9,"href":"https:\/\/www.inespre.gob.do\/transparencia\/wp-json\/wp\/v2\/pages\/2941\/revisions"}],"predecessor-version":[{"id":4182,"href":"https:\/\/www.inespre.gob.do\/transparencia\/wp-json\/wp\/v2\/pages\/2941\/revisions\/4182"}],"up":[{"embeddable":true,"href":"https:\/\/www.inespre.gob.do\/transparencia\/wp-json\/wp\/v2\/pages\/917"}],"wp:attachment":[{"href":"https:\/\/www.inespre.gob.do\/transparencia\/wp-json\/wp\/v2\/media?parent=2941"}],"wp:term":[{"taxonomy":"category","embeddable":true,"href":"https:\/\/www.inespre.gob.do\/transparencia\/wp-json\/wp\/v2\/categories?post=2941"},{"taxonomy":"post_tag","embeddable":true,"href":"https:\/\/www.inespre.gob.do\/transparencia\/wp-json\/wp\/v2\/tags?post=2941"}],"curies":[{"name":"wp","href":"https:\/\/api.w.org\/{rel}","templated":true}]}}