{"id":316,"date":"2015-09-15T21:39:19","date_gmt":"2015-09-16T01:39:19","guid":{"rendered":"http:\/\/transparencia.inespre.gov.do\/?page_id=316"},"modified":"2025-11-25T11:47:04","modified_gmt":"2025-11-25T15:47:04","slug":"vacantes","status":"publish","type":"page","link":"https:\/\/www.inespre.gob.do\/transparencia\/recursos-humanos\/vacantes\/","title":{"rendered":"Vacantes"},"content":{"rendered":"<div id=\"pl-316\"  class=\"panel-layout\" ><div id=\"pg-316-0\"  class=\"panel-grid panel-no-style\" ><div id=\"pgc-316-0-0\"  class=\"panel-grid-cell\" ><div id=\"panel-316-0-0-0\" class=\"so-panel widget widget_black-studio-tinymce widget_black_studio_tinymce panel-first-child panel-last-child\" data-index=\"0\" ><h3 class=\"widget-title\">Vacantes<\/h3><div class=\"textwidget\"><p>Toda persona tiene derecho a acceder al servicio publico p\u00fablico en condiciones de igualdad, y los ascensos ser\u00e1 en base al principio del merito.\u00a0 En cumplimiento a la Ley 41-08 sobre Funci\u00f3n P\u00fablico, y al literal j del articulo 3 de la Ley 200-04 sobre Libre Acceso a la informaci\u00f3n Publica, esta apartado presentara un link con acceso directo al portal concursa\u00a0\u00a0<a target=\"_blank\" href=\"https:\/\/map.gob.do\/Concursa\/\">https:\/\/map.gob.do\/Concursa\/<\/a>, administrado por el Ministerio Administraci\u00f3n Publica, o cualquier otro vinculo que lo reemplace.<\/p>\n<\/div><\/div><\/div><\/div><\/div>","protected":false},"excerpt":{"rendered":"<p>Toda persona tiene derecho a acceder al servicio publico p\u00fablico en condiciones de igualdad, y los ascensos ser\u00e1 en base al principio del merito.\u00a0 En cumplimiento a la Ley 41-08 sobre Funci\u00f3n P\u00fablico, y al literal j del articulo 3 de la Ley 200-04 sobre Libre Acceso a la informaci\u00f3n Publica, esta apartado presentara un [&hellip;]<\/p>\n","protected":false},"author":1,"featured_media":0,"parent":47,"menu_order":0,"comment_status":"closed","ping_status":"closed","template":"","meta":{"footnotes":""},"categories":[],"tags":[],"class_list":["post-316","page","type-page","status-publish","hentry"],"_links":{"self":[{"href":"https:\/\/www.inespre.gob.do\/transparencia\/wp-json\/wp\/v2\/pages\/316","targetHints":{"allow":["GET"]}}],"collection":[{"href":"https:\/\/www.inespre.gob.do\/transparencia\/wp-json\/wp\/v2\/pages"}],"about":[{"href":"https:\/\/www.inespre.gob.do\/transparencia\/wp-json\/wp\/v2\/types\/page"}],"author":[{"embeddable":true,"href":"https:\/\/www.inespre.gob.do\/transparencia\/wp-json\/wp\/v2\/users\/1"}],"replies":[{"embeddable":true,"href":"https:\/\/www.inespre.gob.do\/transparencia\/wp-json\/wp\/v2\/comments?post=316"}],"version-history":[{"count":46,"href":"https:\/\/www.inespre.gob.do\/transparencia\/wp-json\/wp\/v2\/pages\/316\/revisions"}],"predecessor-version":[{"id":28738,"href":"https:\/\/www.inespre.gob.do\/transparencia\/wp-json\/wp\/v2\/pages\/316\/revisions\/28738"}],"up":[{"embeddable":true,"href":"https:\/\/www.inespre.gob.do\/transparencia\/wp-json\/wp\/v2\/pages\/47"}],"wp:attachment":[{"href":"https:\/\/www.inespre.gob.do\/transparencia\/wp-json\/wp\/v2\/media?parent=316"}],"wp:term":[{"taxonomy":"category","embeddable":true,"href":"https:\/\/www.inespre.gob.do\/transparencia\/wp-json\/wp\/v2\/categories?post=316"},{"taxonomy":"post_tag","embeddable":true,"href":"https:\/\/www.inespre.gob.do\/transparencia\/wp-json\/wp\/v2\/tags?post=316"}],"curies":[{"name":"wp","href":"https:\/\/api.w.org\/{rel}","templated":true}]}}