{"id":3979,"date":"2017-01-27T11:37:38","date_gmt":"2017-01-27T15:37:38","guid":{"rendered":"http:\/\/www.inespre.gov.do\/transparencia\/?page_id=3979"},"modified":"2018-01-04T13:09:38","modified_gmt":"2018-01-04T17:09:38","slug":"compras-menores-2017","status":"publish","type":"page","link":"https:\/\/www.inespre.gob.do\/transparencia\/compras-y-contrataciones\/compras-menores\/compras-menores-2017\/","title":{"rendered":"Compras Menores 2017"},"content":{"rendered":"<div id=\"pl-3979\"  class=\"panel-layout\" ><div id=\"pg-3979-0\"  class=\"panel-grid panel-no-style\" ><div id=\"pgc-3979-0-0\"  class=\"panel-grid-cell\" ><div id=\"panel-3979-0-0-0\" class=\"so-panel widget widget_black-studio-tinymce widget_black_studio_tinymce panel-first-child panel-last-child\" data-index=\"0\" ><h3 class=\"widget-title\">Compras Menores 2017<\/h3><div class=\"textwidget\"><h4><strong>Durante el per\u00edodo de agosto 2017 no se realiz\u00f3 ning\u00fan proceso de compras bajo esta modalidad.<\/strong><br \/>\n<span id=\"transmark\" style=\"display: none; width: 0px; height: 0px;\"><\/span><\/h4>\n<h5>Relaci\u00f3n de ordenes de compras<\/h5>\n<p>    <script language=\"JavaScript\" src=\"https:\/\/www.inespre.gob.do\/transparencia\/wp-content\/plugins\/wpdm-extended-shortcodes\/js\/jqueryFileTree.js\"><\/script>         <link rel=\"stylesheet\" href=\"https:\/\/www.inespre.gob.do\/transparencia\/wp-content\/plugins\/wpdm-extended-shortcodes\/css\/jqueryFileTree.css\" \/>              <div id=\"tree69f74cb610f4d\"><\/div>    <script language=\"JavaScript\">        jQuery(document).ready( function() {            jQuery('#tree69f74cb610f4d').fileTree({                script: 'https:\/\/www.inespre.gob.do\/transparencia\/?task=wpdm_tree&ddl=1&orderby=modified&order=desc',                expandSpeed: 1000,                collapseSpeed: 1000,                root: '182',                multiFolder: false            }, function(file) {               location.href = file;            });        });    <\/script>    <br \/>\n<!--[wpdm_button_template id=5093 style=\"light\" align=\"left\"]\n[wpdm_button_template id=4795 style=\"light\" align=\"left\"]\n[wpdm_button_template id=4681 style=\"light\" align=\"left\"]\n[wpdm_button_template id=4607 style=\"light\" align=\"left\"]\n[wpdm_button_template id=4521 style=\"light\" align=\"left\"]\n[wpdm_button_template id=4460 style=\"light\" align=\"left\"]\n[wpdm_button_template id=4072 style=\"light\" align=\"left\"]\n[wpdm_button_template id=4043 style=\"light\" align=\"left\"]--><\/p>\n<h5>Diciembre 2017<\/h5>\n<hr \/>\n<p>    <script language=\"JavaScript\" src=\"https:\/\/www.inespre.gob.do\/transparencia\/wp-content\/plugins\/wpdm-extended-shortcodes\/js\/jqueryFileTree.js\"><\/script>         <link rel=\"stylesheet\" href=\"https:\/\/www.inespre.gob.do\/transparencia\/wp-content\/plugins\/wpdm-extended-shortcodes\/css\/jqueryFileTree.css\" \/>              <div id=\"tree69f74cb611035\"><\/div>    <script language=\"JavaScript\">        jQuery(document).ready( function() {            jQuery('#tree69f74cb611035').fileTree({                script: 'https:\/\/www.inespre.gob.do\/transparencia\/?task=wpdm_tree&ddl=1&orderby=modified&order=desc',                expandSpeed: 1000,                collapseSpeed: 1000,                root: '206',                multiFolder: false            }, function(file) {               location.href = file;            });        });    <\/script>    <\/p>\n<h5>Noviembre 2017<\/h5>\n<hr \/>\n<p>    <script language=\"JavaScript\" src=\"https:\/\/www.inespre.gob.do\/transparencia\/wp-content\/plugins\/wpdm-extended-shortcodes\/js\/jqueryFileTree.js\"><\/script>         <link rel=\"stylesheet\" href=\"https:\/\/www.inespre.gob.do\/transparencia\/wp-content\/plugins\/wpdm-extended-shortcodes\/css\/jqueryFileTree.css\" \/>              <div id=\"tree69f74cb6110fa\"><\/div>    <script language=\"JavaScript\">        jQuery(document).ready( function() {            jQuery('#tree69f74cb6110fa').fileTree({                script: 'https:\/\/www.inespre.gob.do\/transparencia\/?task=wpdm_tree&ddl=1&orderby=modified&order=desc',                expandSpeed: 1000,                collapseSpeed: 1000,                root: '196',                multiFolder: false            }, function(file) {               location.href = file;            });        });    <\/script>    <\/p>\n<h5>Octubre 2017<\/h5>\n<hr \/>\n<p>    <script language=\"JavaScript\" src=\"https:\/\/www.inespre.gob.do\/transparencia\/wp-content\/plugins\/wpdm-extended-shortcodes\/js\/jqueryFileTree.js\"><\/script>         <link rel=\"stylesheet\" href=\"https:\/\/www.inespre.gob.do\/transparencia\/wp-content\/plugins\/wpdm-extended-shortcodes\/css\/jqueryFileTree.css\" \/>              <div id=\"tree69f74cb611198\"><\/div>    <script language=\"JavaScript\">        jQuery(document).ready( function() {            jQuery('#tree69f74cb611198').fileTree({                script: 'https:\/\/www.inespre.gob.do\/transparencia\/?task=wpdm_tree&ddl=1&orderby=modified&order=desc',                expandSpeed: 1000,                collapseSpeed: 1000,                root: '191',                multiFolder: false            }, function(file) {               location.href = file;            });        });    <\/script>    <\/p>\n<h5>Septiembre 2017<\/h5>\n<hr \/>\n<p>    <script language=\"JavaScript\" src=\"https:\/\/www.inespre.gob.do\/transparencia\/wp-content\/plugins\/wpdm-extended-shortcodes\/js\/jqueryFileTree.js\"><\/script>         <link rel=\"stylesheet\" href=\"https:\/\/www.inespre.gob.do\/transparencia\/wp-content\/plugins\/wpdm-extended-shortcodes\/css\/jqueryFileTree.css\" \/>              <div id=\"tree69f74cb611225\"><\/div>    <script language=\"JavaScript\">        jQuery(document).ready( function() {            jQuery('#tree69f74cb611225').fileTree({                script: 'https:\/\/www.inespre.gob.do\/transparencia\/?task=wpdm_tree&ddl=1&orderby=modified&order=desc',                expandSpeed: 1000,                collapseSpeed: 1000,                root: '190',                multiFolder: false            }, function(file) {               location.href = file;            });        });    <\/script>    <\/p>\n<h5>Julio 2017<\/h5>\n<hr \/>\n<p>    <script language=\"JavaScript\" src=\"https:\/\/www.inespre.gob.do\/transparencia\/wp-content\/plugins\/wpdm-extended-shortcodes\/js\/jqueryFileTree.js\"><\/script>         <link rel=\"stylesheet\" href=\"https:\/\/www.inespre.gob.do\/transparencia\/wp-content\/plugins\/wpdm-extended-shortcodes\/css\/jqueryFileTree.css\" \/>              <div id=\"tree69f74cb6112b3\"><\/div>    <script language=\"JavaScript\">        jQuery(document).ready( function() {            jQuery('#tree69f74cb6112b3').fileTree({                script: 'https:\/\/www.inespre.gob.do\/transparencia\/?task=wpdm_tree&ddl=1&orderby=modified&order=desc',                expandSpeed: 1000,                collapseSpeed: 1000,                root: '189',                multiFolder: false            }, function(file) {               location.href = file;            });        });    <\/script>    <\/p>\n<h5>Junio 2017<\/h5>\n<hr \/>\n<p>    <script language=\"JavaScript\" src=\"https:\/\/www.inespre.gob.do\/transparencia\/wp-content\/plugins\/wpdm-extended-shortcodes\/js\/jqueryFileTree.js\"><\/script>         <link rel=\"stylesheet\" href=\"https:\/\/www.inespre.gob.do\/transparencia\/wp-content\/plugins\/wpdm-extended-shortcodes\/css\/jqueryFileTree.css\" \/>              <div id=\"tree69f74cb611342\"><\/div>    <script language=\"JavaScript\">        jQuery(document).ready( function() {            jQuery('#tree69f74cb611342').fileTree({                script: 'https:\/\/www.inespre.gob.do\/transparencia\/?task=wpdm_tree&ddl=1&orderby=modified&order=desc',                expandSpeed: 1000,                collapseSpeed: 1000,                root: '188',                multiFolder: false            }, function(file) {               location.href = file;            });        });    <\/script>    <\/p>\n<h5>Mayo 2017<\/h5>\n<hr \/>\n<p>    <script language=\"JavaScript\" src=\"https:\/\/www.inespre.gob.do\/transparencia\/wp-content\/plugins\/wpdm-extended-shortcodes\/js\/jqueryFileTree.js\"><\/script>         <link rel=\"stylesheet\" href=\"https:\/\/www.inespre.gob.do\/transparencia\/wp-content\/plugins\/wpdm-extended-shortcodes\/css\/jqueryFileTree.css\" \/>              <div id=\"tree69f74cb6113d6\"><\/div>    <script language=\"JavaScript\">        jQuery(document).ready( function() {            jQuery('#tree69f74cb6113d6').fileTree({                script: 'https:\/\/www.inespre.gob.do\/transparencia\/?task=wpdm_tree&ddl=1&orderby=modified&order=desc',                expandSpeed: 1000,                collapseSpeed: 1000,                root: '187',                multiFolder: false            }, function(file) {               location.href = file;            });        });    <\/script>    <\/p>\n<h5>Abril 2017<\/h5>\n<hr \/>\n<p>    <script language=\"JavaScript\" src=\"https:\/\/www.inespre.gob.do\/transparencia\/wp-content\/plugins\/wpdm-extended-shortcodes\/js\/jqueryFileTree.js\"><\/script>         <link rel=\"stylesheet\" href=\"https:\/\/www.inespre.gob.do\/transparencia\/wp-content\/plugins\/wpdm-extended-shortcodes\/css\/jqueryFileTree.css\" \/>              <div id=\"tree69f74cb611478\"><\/div>    <script language=\"JavaScript\">        jQuery(document).ready( function() {            jQuery('#tree69f74cb611478').fileTree({                script: 'https:\/\/www.inespre.gob.do\/transparencia\/?task=wpdm_tree&ddl=1&orderby=modified&order=desc',                expandSpeed: 1000,                collapseSpeed: 1000,                root: '186',                multiFolder: false            }, function(file) {               location.href = file;            });        });    <\/script>    <\/p>\n<h5>Marzo 2017<\/h5>\n<hr \/>\n<p>    <script language=\"JavaScript\" src=\"https:\/\/www.inespre.gob.do\/transparencia\/wp-content\/plugins\/wpdm-extended-shortcodes\/js\/jqueryFileTree.js\"><\/script>         <link rel=\"stylesheet\" href=\"https:\/\/www.inespre.gob.do\/transparencia\/wp-content\/plugins\/wpdm-extended-shortcodes\/css\/jqueryFileTree.css\" \/>              <div id=\"tree69f74cb611504\"><\/div>    <script language=\"JavaScript\">        jQuery(document).ready( function() {            jQuery('#tree69f74cb611504').fileTree({                script: 'https:\/\/www.inespre.gob.do\/transparencia\/?task=wpdm_tree&ddl=1&orderby=modified&order=desc',                expandSpeed: 1000,                collapseSpeed: 1000,                root: '185',                multiFolder: false            }, function(file) {               location.href = file;            });        });    <\/script>    <\/p>\n<h5>Febrero 2017<\/h5>\n<hr \/>\n<p>    <script language=\"JavaScript\" src=\"https:\/\/www.inespre.gob.do\/transparencia\/wp-content\/plugins\/wpdm-extended-shortcodes\/js\/jqueryFileTree.js\"><\/script>         <link rel=\"stylesheet\" href=\"https:\/\/www.inespre.gob.do\/transparencia\/wp-content\/plugins\/wpdm-extended-shortcodes\/css\/jqueryFileTree.css\" \/>              <div id=\"tree69f74cb61158f\"><\/div>    <script language=\"JavaScript\">        jQuery(document).ready( function() {            jQuery('#tree69f74cb61158f').fileTree({                script: 'https:\/\/www.inespre.gob.do\/transparencia\/?task=wpdm_tree&ddl=1&orderby=modified&order=desc',                expandSpeed: 1000,                collapseSpeed: 1000,                root: '184',                multiFolder: false            }, function(file) {               location.href = file;            });        });    <\/script>    <\/p>\n<h5>Enero 2017<\/h5>\n<hr \/>\n<p>    <script language=\"JavaScript\" src=\"https:\/\/www.inespre.gob.do\/transparencia\/wp-content\/plugins\/wpdm-extended-shortcodes\/js\/jqueryFileTree.js\"><\/script>         <link rel=\"stylesheet\" href=\"https:\/\/www.inespre.gob.do\/transparencia\/wp-content\/plugins\/wpdm-extended-shortcodes\/css\/jqueryFileTree.css\" \/>              <div id=\"tree69f74cb611615\"><\/div>    <script language=\"JavaScript\">        jQuery(document).ready( function() {            jQuery('#tree69f74cb611615').fileTree({                script: 'https:\/\/www.inespre.gob.do\/transparencia\/?task=wpdm_tree&ddl=1&orderby=modified&order=desc',                expandSpeed: 1000,                collapseSpeed: 1000,                root: '183',                multiFolder: false            }, function(file) {               location.href = file;            });        });    <\/script>    <br \/>\n<!--\n\n\n<h5>Convocatorias para los oferentes<\/h5>\n\n\n[wpdm_button_template id=5107 style=\"light\" align=\"left\"]\n[wpdm_button_template id=5034 style=\"light\" align=\"left\"]\n[wpdm_button_template id=5031 style=\"light\" align=\"left\"]\n[wpdm_button_template id=4710 style=\"light\" align=\"left\"]\n[wpdm_button_template id=4608 style=\"light\" align=\"left\"]\n[wpdm_button_template id=4547 style=\"light\" align=\"left\"]\n[wpdm_button_template id=4472 style=\"light\" align=\"left\"]\n[wpdm_button_template id=4324 style=\"light\" align=\"left\"]\n[wpdm_button_template id=4204 style=\"light\" align=\"left\"]\n[wpdm_button_template id=4202 style=\"light\" align=\"left\"]\n\n\n<h5>Ordenes de compras<\/h5>\n\n\n[wpdm_button_template id=4941 style=\"light\" align=\"left\"]\n[wpdm_button_template id=4939 style=\"light\" align=\"left\"]\n[wpdm_button_template id=4938 style=\"light\" align=\"left\"]\n[wpdm_button_template id=4936 style=\"light\" align=\"left\"]\n[wpdm_button_template id=4934 style=\"light\" align=\"left\"]\n[wpdm_button_template id=4932 style=\"light\" align=\"left\"]\n[wpdm_button_template id=4920 style=\"light\" align=\"left\"]\n[wpdm_button_template id=4918 style=\"light\" align=\"left\"]\n[wpdm_button_template id=4916 style=\"light\" align=\"left\"]\n[wpdm_button_template id=4914 style=\"light\" align=\"left\"]\n[wpdm_button_template id=4912 style=\"light\" align=\"left\"]\n[wpdm_button_template id=4910 style=\"light\" align=\"left\"]\n[wpdm_button_template id=4908 style=\"light\" align=\"left\"]\n[wpdm_button_template id=4906 style=\"light\" align=\"left\"]\n[wpdm_button_template id=4904 style=\"light\" align=\"left\"]--><\/p>\n<\/div><\/div><\/div><\/div><\/div>","protected":false},"excerpt":{"rendered":"<p>Durante el per\u00edodo de agosto 2017 no se realiz\u00f3 ning\u00fan proceso de compras bajo esta modalidad. Relaci\u00f3n de ordenes de compras Diciembre 2017 Noviembre 2017 Octubre 2017 Septiembre 2017 Julio 2017 Junio 2017 Mayo 2017 Abril 2017 Marzo 2017 Febrero 2017 Enero 2017<\/p>\n","protected":false},"author":3,"featured_media":0,"parent":917,"menu_order":0,"comment_status":"closed","ping_status":"closed","template":"","meta":{"footnotes":""},"categories":[],"tags":[],"class_list":["post-3979","page","type-page","status-publish","hentry"],"_links":{"self":[{"href":"https:\/\/www.inespre.gob.do\/transparencia\/wp-json\/wp\/v2\/pages\/3979","targetHints":{"allow":["GET"]}}],"collection":[{"href":"https:\/\/www.inespre.gob.do\/transparencia\/wp-json\/wp\/v2\/pages"}],"about":[{"href":"https:\/\/www.inespre.gob.do\/transparencia\/wp-json\/wp\/v2\/types\/page"}],"author":[{"embeddable":true,"href":"https:\/\/www.inespre.gob.do\/transparencia\/wp-json\/wp\/v2\/users\/3"}],"replies":[{"embeddable":true,"href":"https:\/\/www.inespre.gob.do\/transparencia\/wp-json\/wp\/v2\/comments?post=3979"}],"version-history":[{"count":51,"href":"https:\/\/www.inespre.gob.do\/transparencia\/wp-json\/wp\/v2\/pages\/3979\/revisions"}],"predecessor-version":[{"id":5614,"href":"https:\/\/www.inespre.gob.do\/transparencia\/wp-json\/wp\/v2\/pages\/3979\/revisions\/5614"}],"up":[{"embeddable":true,"href":"https:\/\/www.inespre.gob.do\/transparencia\/wp-json\/wp\/v2\/pages\/917"}],"wp:attachment":[{"href":"https:\/\/www.inespre.gob.do\/transparencia\/wp-json\/wp\/v2\/media?parent=3979"}],"wp:term":[{"taxonomy":"category","embeddable":true,"href":"https:\/\/www.inespre.gob.do\/transparencia\/wp-json\/wp\/v2\/categories?post=3979"},{"taxonomy":"post_tag","embeddable":true,"href":"https:\/\/www.inespre.gob.do\/transparencia\/wp-json\/wp\/v2\/tags?post=3979"}],"curies":[{"name":"wp","href":"https:\/\/api.w.org\/{rel}","templated":true}]}}