{"id":3982,"date":"2017-01-27T11:51:27","date_gmt":"2017-01-27T15:51:27","guid":{"rendered":"http:\/\/www.inespre.gov.do\/transparencia\/?page_id=3982"},"modified":"2018-01-04T16:08:06","modified_gmt":"2018-01-04T20:08:06","slug":"comparaciones-de-precios-2017","status":"publish","type":"page","link":"https:\/\/www.inespre.gob.do\/transparencia\/compras-y-contrataciones\/comparaciones-de-precios\/comparaciones-de-precios-2017\/","title":{"rendered":"Comparaciones de Precios 2017"},"content":{"rendered":"<div id=\"pl-3982\"  class=\"panel-layout\" ><div id=\"pg-3982-0\"  class=\"panel-grid panel-no-style\" ><div id=\"pgc-3982-0-0\"  class=\"panel-grid-cell\" ><div id=\"panel-3982-0-0-0\" class=\"so-panel widget widget_black-studio-tinymce widget_black_studio_tinymce panel-first-child panel-last-child\" data-index=\"0\" ><h3 class=\"widget-title\">Comparaciones de Precios 2017<\/h3><div class=\"textwidget\"><h5>Relaci\u00f3n Comparaciones de Precios<\/h5>\n<p>Durante los meses de <strong>marzo, abril, junio, julio, agosto, noviembre y Diciembre <\/strong> del 2017 no se realiz\u00f3 ning\u00fan proceso de compras bajo esta modalidad.<br \/>\n    <script language=\"JavaScript\" src=\"https:\/\/www.inespre.gob.do\/transparencia\/wp-content\/plugins\/wpdm-extended-shortcodes\/js\/jqueryFileTree.js\"><\/script>         <link rel=\"stylesheet\" href=\"https:\/\/www.inespre.gob.do\/transparencia\/wp-content\/plugins\/wpdm-extended-shortcodes\/css\/jqueryFileTree.css\" \/>              <div id=\"tree69f74cb278b56\"><\/div>    <script language=\"JavaScript\">        jQuery(document).ready( function() {            jQuery('#tree69f74cb278b56').fileTree({                script: 'https:\/\/www.inespre.gob.do\/transparencia\/?task=wpdm_tree&ddl=1&orderby=modified&order=desc',                expandSpeed: 1000,                collapseSpeed: 1000,                root: '171',                multiFolder: false            }, function(file) {               location.href = file;            });        });    <\/script>    <br \/>\n<!--[wpdm_button_template id=5091 style=\"light\" align=\"left\"]\n[wpdm_button_template id=4663 style=\"light\" align=\"left\"]\n[wpdm_button_template id=4070 style=\"light\" align=\"left\"]\n[wpdm_button_template id=4046 style=\"light\" align=\"left\"]--><br \/>\n<!--\n\n<h5>Convocatorias para los oferentes<\/h5>\n\n\n[wpdm_tree category=\"convocatorias-para-los-oferentes-cp-2017\" download_link=1]\n\n[wpdm_button_template id=5110 style=\"light\" align=\"left\"]\n[wpdm_button_template id=5026 style=\"light\" align=\"left\"]\n[wpdm_button_template id=4506 style=\"light\" align=\"left\"]\n[wpdm_button_template id=4206 style=\"light\" align=\"left\"]\n[wpdm_button_template id=4209 style=\"light\" align=\"left\"]--><\/p>\n<h5>Diciembre 2017<\/h5>\n<p>No se realiz\u00f3 ning\u00fan proceso de compras bajo esta modalidad.<\/p>\n<h5>Noviembre 2017<\/h5>\n<p>No se realiz\u00f3 ning\u00fan proceso de compras bajo esta modalidad.<\/p>\n<h5>Octubre 2017<\/h5>\n<hr \/>\n<p>    <script language=\"JavaScript\" src=\"https:\/\/www.inespre.gob.do\/transparencia\/wp-content\/plugins\/wpdm-extended-shortcodes\/js\/jqueryFileTree.js\"><\/script>         <link rel=\"stylesheet\" href=\"https:\/\/www.inespre.gob.do\/transparencia\/wp-content\/plugins\/wpdm-extended-shortcodes\/css\/jqueryFileTree.css\" \/>              <div id=\"tree69f74cb278c28\"><\/div>    <script language=\"JavaScript\">        jQuery(document).ready( function() {            jQuery('#tree69f74cb278c28').fileTree({                script: 'https:\/\/www.inespre.gob.do\/transparencia\/?task=wpdm_tree&ddl=1&orderby=modified&order=desc',                expandSpeed: 1000,                collapseSpeed: 1000,                root: '170',                multiFolder: false            }, function(file) {               location.href = file;            });        });    <\/script>    <\/p>\n<h5>Septiembre 2017<\/h5>\n<hr \/>\n<p>    <script language=\"JavaScript\" src=\"https:\/\/www.inespre.gob.do\/transparencia\/wp-content\/plugins\/wpdm-extended-shortcodes\/js\/jqueryFileTree.js\"><\/script>         <link rel=\"stylesheet\" href=\"https:\/\/www.inespre.gob.do\/transparencia\/wp-content\/plugins\/wpdm-extended-shortcodes\/css\/jqueryFileTree.css\" \/>              <div id=\"tree69f74cb278cc4\"><\/div>    <script language=\"JavaScript\">        jQuery(document).ready( function() {            jQuery('#tree69f74cb278cc4').fileTree({                script: 'https:\/\/www.inespre.gob.do\/transparencia\/?task=wpdm_tree&ddl=1&orderby=modified&order=desc',                expandSpeed: 1000,                collapseSpeed: 1000,                root: '169',                multiFolder: false            }, function(file) {               location.href = file;            });        });    <\/script>    <\/p>\n<h5>Mayo 2017<\/h5>\n<hr \/>\n<p>    <script language=\"JavaScript\" src=\"https:\/\/www.inespre.gob.do\/transparencia\/wp-content\/plugins\/wpdm-extended-shortcodes\/js\/jqueryFileTree.js\"><\/script>         <link rel=\"stylesheet\" href=\"https:\/\/www.inespre.gob.do\/transparencia\/wp-content\/plugins\/wpdm-extended-shortcodes\/css\/jqueryFileTree.css\" \/>              <div id=\"tree69f74cb278d5f\"><\/div>    <script language=\"JavaScript\">        jQuery(document).ready( function() {            jQuery('#tree69f74cb278d5f').fileTree({                script: 'https:\/\/www.inespre.gob.do\/transparencia\/?task=wpdm_tree&ddl=1&orderby=modified&order=desc',                expandSpeed: 1000,                collapseSpeed: 1000,                root: '168',                multiFolder: false            }, function(file) {               location.href = file;            });        });    <\/script>    <\/p>\n<h5>Enero 2017<\/h5>\n<hr \/>\n<p>    <script language=\"JavaScript\" src=\"https:\/\/www.inespre.gob.do\/transparencia\/wp-content\/plugins\/wpdm-extended-shortcodes\/js\/jqueryFileTree.js\"><\/script>         <link rel=\"stylesheet\" href=\"https:\/\/www.inespre.gob.do\/transparencia\/wp-content\/plugins\/wpdm-extended-shortcodes\/css\/jqueryFileTree.css\" \/>              <div id=\"tree69f74cb278dea\"><\/div>    <script language=\"JavaScript\">        jQuery(document).ready( function() {            jQuery('#tree69f74cb278dea').fileTree({                script: 'https:\/\/www.inespre.gob.do\/transparencia\/?task=wpdm_tree&ddl=1&orderby=modified&order=desc',                expandSpeed: 1000,                collapseSpeed: 1000,                root: '166',                multiFolder: false            }, function(file) {               location.href = file;            });        });    <\/script>    <\/p>\n<p><!-- \n\n<h5>Archivos de las comparaciones de precio<\/h5>\n\n\n\n\n<h4><span style=\"color: #003300;\">--&gt; Mayo<\/span><\/h4>\n\n\n[wpdm_category id=\"inespre-cp-06-2017,\" cols=\"1\" toolbar=1 desc=1 item_per_page=10 template=\"link-template-default.php\"]\n[wpdm_category id=\"inespre-cp-07-2017,\" cols=\"1\" toolbar=1 desc=1 item_per_page=10 template=\"link-template-default.php\"]\n[wpdm_category id=\"inespre-cp-08-2017,\" cols=\"1\" toolbar=1 desc=1 item_per_page=10 template=\"link-template-default.php\"]\n\n\n\n<h4><span style=\"color: #003300;\">--&gt; Enero<\/span><\/h4>\n\n\n[wpdm_category id=\"inespre-cp-01-2017,\" cols=\"1\" toolbar=1 desc=1 item_per_page=10 template=\"link-template-default.php\"]\n[wpdm_category id=\"inespre-cp-02-2017,\" cols=\"1\" toolbar=1 desc=1 item_per_page=10 template=\"link-template-default.php\"] --><\/p>\n<\/div><\/div><\/div><\/div><\/div>","protected":false},"excerpt":{"rendered":"<p>Relaci\u00f3n Comparaciones de Precios Durante los meses de marzo, abril, junio, julio, agosto, noviembre y Diciembre del 2017 no se realiz\u00f3 ning\u00fan proceso de compras bajo esta modalidad. Diciembre 2017 No se realiz\u00f3 ning\u00fan proceso de compras bajo esta modalidad. Noviembre 2017 No se realiz\u00f3 ning\u00fan proceso de compras bajo esta modalidad. Octubre 2017 Septiembre [&hellip;]<\/p>\n","protected":false},"author":3,"featured_media":0,"parent":925,"menu_order":0,"comment_status":"closed","ping_status":"closed","template":"","meta":{"footnotes":""},"categories":[],"tags":[],"class_list":["post-3982","page","type-page","status-publish","hentry"],"_links":{"self":[{"href":"https:\/\/www.inespre.gob.do\/transparencia\/wp-json\/wp\/v2\/pages\/3982","targetHints":{"allow":["GET"]}}],"collection":[{"href":"https:\/\/www.inespre.gob.do\/transparencia\/wp-json\/wp\/v2\/pages"}],"about":[{"href":"https:\/\/www.inespre.gob.do\/transparencia\/wp-json\/wp\/v2\/types\/page"}],"author":[{"embeddable":true,"href":"https:\/\/www.inespre.gob.do\/transparencia\/wp-json\/wp\/v2\/users\/3"}],"replies":[{"embeddable":true,"href":"https:\/\/www.inespre.gob.do\/transparencia\/wp-json\/wp\/v2\/comments?post=3982"}],"version-history":[{"count":100,"href":"https:\/\/www.inespre.gob.do\/transparencia\/wp-json\/wp\/v2\/pages\/3982\/revisions"}],"predecessor-version":[{"id":5644,"href":"https:\/\/www.inespre.gob.do\/transparencia\/wp-json\/wp\/v2\/pages\/3982\/revisions\/5644"}],"up":[{"embeddable":true,"href":"https:\/\/www.inespre.gob.do\/transparencia\/wp-json\/wp\/v2\/pages\/925"}],"wp:attachment":[{"href":"https:\/\/www.inespre.gob.do\/transparencia\/wp-json\/wp\/v2\/media?parent=3982"}],"wp:term":[{"taxonomy":"category","embeddable":true,"href":"https:\/\/www.inespre.gob.do\/transparencia\/wp-json\/wp\/v2\/categories?post=3982"},{"taxonomy":"post_tag","embeddable":true,"href":"https:\/\/www.inespre.gob.do\/transparencia\/wp-json\/wp\/v2\/tags?post=3982"}],"curies":[{"name":"wp","href":"https:\/\/api.w.org\/{rel}","templated":true}]}}