{"id":529,"date":"2015-09-21T14:16:18","date_gmt":"2015-09-21T18:16:18","guid":{"rendered":"http:\/\/transparencia.inespre.gov.do\/?page_id=529"},"modified":"2026-04-14T17:08:51","modified_gmt":"2026-04-14T21:08:51","slug":"base-legal-de-la-institucion","status":"publish","type":"page","link":"https:\/\/www.inespre.gob.do\/transparencia\/base-legal-de-la-institucion\/","title":{"rendered":"Base Legal de la Instituci\u00f3n"},"content":{"rendered":"<div id=\"pl-529\"  class=\"panel-layout\" ><div id=\"pg-529-0\"  class=\"panel-grid panel-no-style\" ><div id=\"pgc-529-0-0\"  class=\"panel-grid-cell\" ><div id=\"panel-529-0-0-0\" class=\"so-panel widget widget_black-studio-tinymce widget_black_studio_tinymce panel-first-child\" data-index=\"0\" ><h3 class=\"widget-title\">Base Legal de la Instituci\u00f3n<\/h3><div class=\"textwidget\"><h3 id=\"Constituci\u00f3n de la Rep\u00fablica Dominicana\">Constituci\u00f3n de la Rep\u00fablica Dominicana<\/h3>\n<hr \/>\n<p>        <div class=\"w3eden clear\" align=\"right\"><div class=\"link-btn light\">    <div class=\"media\">        <div class=\"pull-left wbt-left\"><div class=\"wbt-icon\"><img decoding=\"async\" class=\"wpdm_icon\" alt=\"Icono\" src=\"https:\/\/www.inespre.gob.do\/transparencia\/wp-content\/plugins\/download-manager\/assets\/file-type-icons\/pdf.svg\" onError='this.src=\"https:\/\/www.inespre.gob.do\/transparencia\/wp-content\/plugins\/download-manager\/assets\/file-type-icons\/unknown.svg\";' \/><\/div><\/div>        <div class=\"pull-left text-left wbt-content\"><strong class=\"ptitle\">                <a href=\"https:\/\/www.inespre.gob.do\/transparencia\/download\/constitucion-de-la-republica-dominicana\/?wpdmdl=299&refresh=69f9b49a0b2fc1777972378\">Constituci\u00f3n Pol\u00edtica de la Rep\u00fablica Dominicana, Votada y Proclamada por la Asamblea Nacional en fecha trece (13) de junio de 2015 Gaceta Oficial No. 10805 del 10 de julio de 2015<\/a>            <\/strong>            <div style=\"font-size: 8pt;padding-top: 1px\"><a href=\"https:\/\/www.inespre.gob.do\/transparencia\/download\/constitucion-de-la-republica-dominicana\/?wpdmdl=299&refresh=69f9b49a0b2fc1777972378\">Descargar<\/a> <i style=\"margin: 4px 0 0 5px;opacity:0.5\"                                                           class=\"fa fa-th-large\"><\/i> 394.93 KB            <\/div>        <\/div>    <\/div><\/div><\/div><script>jQuery(function(){jQuery('.link-btn a.wpdm-download-link img').after('');jQuery('.link-btn a.wpdm-download-link img').remove();});<\/script><\/p>\n<h3 id=\"Leyes\">I. Leyes<\/h3>\n<hr \/>\n<p>        <div class=\"w3eden clear\" align=\"right\"><div class=\"link-btn light\">    <div class=\"media\">        <div class=\"pull-left wbt-left\"><div class=\"wbt-icon\"><img decoding=\"async\" class=\"wpdm_icon\" alt=\"Icono\"   src=\"http:\/\/www.inespre.gov.do\/transparencia\/wp-content\/plugins\/download-manager\/assets\/file-type-icons\/pdf.svg\" \/><\/div><\/div>        <div class=\"pull-left text-left wbt-content\"><strong class=\"ptitle\">                <a href=\"https:\/\/www.inespre.gob.do\/transparencia\/download\/ley-no-526-inespre-pdf\/?wpdmdl=303&refresh=69f9b49a0c3821777972378\">Ley No.526-69 INESPRE<\/a>            <\/strong>            <div style=\"font-size: 8pt;padding-top: 1px\"><a href=\"https:\/\/www.inespre.gob.do\/transparencia\/download\/ley-no-526-inespre-pdf\/?wpdmdl=303&refresh=69f9b49a0c3821777972378\">Descargar<\/a> <i style=\"margin: 4px 0 0 5px;opacity:0.5\"                                                           class=\"fa fa-th-large\"><\/i> 314.58 KB            <\/div>        <\/div>    <\/div><\/div><\/div><script>jQuery(function(){jQuery('.link-btn a.wpdm-download-link img').after('Descargar');jQuery('.link-btn a.wpdm-download-link img').remove();});<\/script><\/p>\n<h3><\/h3>\n<p>&nbsp;<\/p>\n<h3 id=\"Decretos\">II. Decretos<\/h3>\n<hr \/>\n<p>        <div class=\"w3eden clear\" align=\"right\"><div class=\"link-btn light\">    <div class=\"media\">        <div class=\"pull-left wbt-left\"><div class=\"wbt-icon\"><img decoding=\"async\" class=\"wpdm_icon\" alt=\"Icono\"   src=\"https:\/\/www.inespre.gob.do\/transparencia\/wp-content\/plugins\/download-manager\/assets\/file-type-icons\/pdf.svg\" \/><\/div><\/div>        <div class=\"pull-left text-left wbt-content\"><strong class=\"ptitle\">                <a href=\"https:\/\/www.inespre.gob.do\/transparencia\/download\/decreto-no-48-25-designacion-del-senor-david-herrera-diaz-director-ejecutivo-del-inespre-de-fecha-31-de-enero-de-2025\/?wpdmdl=27428&refresh=69f9b49a0eadc1777972378\">Decreto No. 48-25 Designaci\u00f3n del Se\u00f1or David Herrera D\u00edaz, Director Ejecutivo del INESPRE, de fecha 31 de Enero de 2025<\/a>            <\/strong>            <div style=\"font-size: 8pt;padding-top: 1px\"><a href=\"https:\/\/www.inespre.gob.do\/transparencia\/download\/decreto-no-48-25-designacion-del-senor-david-herrera-diaz-director-ejecutivo-del-inespre-de-fecha-31-de-enero-de-2025\/?wpdmdl=27428&refresh=69f9b49a0eadc1777972378\">Descargar<\/a> <i style=\"margin: 4px 0 0 5px;opacity:0.5\"                                                           class=\"fa fa-th-large\"><\/i> 3.44 MB            <\/div>        <\/div>    <\/div><\/div><\/div><script>jQuery(function(){jQuery('.link-btn a.wpdm-download-link img').after('Descargar');jQuery('.link-btn a.wpdm-download-link img').remove();});<\/script><\/p>\n<h3 id=\"Resoluciones\">III. Resoluciones<\/h3>\n<hr \/>\n<p>        <div class=\"w3eden clear\" align=\"right\"><div class=\"link-btn light\">    <div class=\"media\">        <div class=\"pull-left wbt-left\"><div class=\"wbt-icon\"><img decoding=\"async\" class=\"wpdm_icon\" alt=\"Icono\"   src=\"https:\/\/www.inespre.gob.do\/transparencia\/wp-content\/plugins\/download-manager\/assets\/file-type-icons\/pdf.svg\" \/><\/div><\/div>        <div class=\"pull-left text-left wbt-content\"><strong class=\"ptitle\">                <a href=\"https:\/\/www.inespre.gob.do\/transparencia\/download\/resolucion-no-005-2025-sobre-el-comite-de-compras-y-contrataciones-del-instituto-de-estabilizacion-de-precios-inespre-de-fecha-01-de-agosto-de-2025\/?wpdmdl=28311&refresh=69f9b49a0ef351777972378\">Resoluci\u00f3n No. 005-2025, Sobre el Comit\u00e9 de Compras y Contrataciones del Instituto de Estabilizaci\u00f3n de Precios (INESPRE), de fecha 01 de agosto de 2025.<\/a>            <\/strong>            <div style=\"font-size: 8pt;padding-top: 1px\"><a href=\"https:\/\/www.inespre.gob.do\/transparencia\/download\/resolucion-no-005-2025-sobre-el-comite-de-compras-y-contrataciones-del-instituto-de-estabilizacion-de-precios-inespre-de-fecha-01-de-agosto-de-2025\/?wpdmdl=28311&refresh=69f9b49a0ef351777972378\">Descargar<\/a> <i style=\"margin: 4px 0 0 5px;opacity:0.5\"                                                           class=\"fa fa-th-large\"><\/i> 3.22 MB            <\/div>        <\/div>    <\/div><\/div><\/div><script>jQuery(function(){jQuery('.link-btn a.wpdm-download-link img').after('Descargar');jQuery('.link-btn a.wpdm-download-link img').remove();});<\/script><br \/>\n&lt;! <!--\n[wpdm_button_template id=27452 style=\"light\" align=\"left\"]\n[wpdm_button_template id=21747 style=\"light\" align=\"left\"]\n--><br \/>\n        <div class=\"w3eden clear\" align=\"right\"><div class=\"link-btn light\">    <div class=\"media\">        <div class=\"pull-left wbt-left\"><div class=\"wbt-icon\"><img decoding=\"async\" class=\"wpdm_icon\" alt=\"Icono\"   src=\"https:\/\/www.inespre.gob.do\/transparencia\/wp-content\/plugins\/download-manager\/assets\/file-type-icons\/pdf.svg\" \/><\/div><\/div>        <div class=\"pull-left text-left wbt-content\"><strong class=\"ptitle\">                <a href=\"https:\/\/www.inespre.gob.do\/transparencia\/download\/resolucion-num-001-2024-que-aprueba-la-estructura-organizativa-del-inespre\/?wpdmdl=28140&refresh=69f9b49a0f2891777972378\">Resoluci\u00f3n N\u00fam. 001-2024, que aprueba la estructura organizativa del INESPRE<\/a>            <\/strong>            <div style=\"font-size: 8pt;padding-top: 1px\"><a href=\"https:\/\/www.inespre.gob.do\/transparencia\/download\/resolucion-num-001-2024-que-aprueba-la-estructura-organizativa-del-inespre\/?wpdmdl=28140&refresh=69f9b49a0f2891777972378\">Descargar<\/a> <i style=\"margin: 4px 0 0 5px;opacity:0.5\"                                                           class=\"fa fa-th-large\"><\/i> 9.88 MB            <\/div>        <\/div>    <\/div><\/div><\/div><script>jQuery(function(){jQuery('.link-btn a.wpdm-download-link img').after('Descargar');jQuery('.link-btn a.wpdm-download-link img').remove();});<\/script><\/p>\n<p>&nbsp;<\/p>\n<h3 id=\"Otras normativas\">IV. Otras normativas (0 documentos)<\/h3>\n<hr \/>\n<\/div><\/div><div id=\"panel-529-0-0-1\" class=\"so-panel widget widget_tabs\" data-index=\"1\" ><div\n\t\t\t\n\t\t\tclass=\"so-widget-tabs so-widget-tabs-tabs-style-412e028c8e29-529\"\n\t\t\t\n\t\t>\r\n\r\n\r\n\r\n\r\n<div class=\"soua-tab\">\r\n\r\n    <ul class=\"soua-tabs\">\r\n                <li><a href=\"#\"> \r\n\r\n        \r\n            \r\n                \r\n        2026\r\n        \r\n        <\/a><\/li>\r\n                <li><a href=\"#\"> \r\n\r\n        \r\n            \r\n                \r\n        2025\r\n        \r\n        <\/a><\/li>\r\n                <li><a href=\"#\"> \r\n\r\n        \r\n            \r\n                \r\n        2024\r\n        \r\n        <\/a><\/li>\r\n                <li><a href=\"#\"> \r\n\r\n        \r\n            \r\n                \r\n        2023\r\n        \r\n        <\/a><\/li>\r\n                <li><a href=\"#\"> \r\n\r\n        \r\n            \r\n                \r\n        2022\r\n        \r\n        <\/a><\/li>\r\n                <li><a href=\"#\"> \r\n\r\n        \r\n            \r\n                \r\n        2021\r\n        \r\n        <\/a><\/li>\r\n            <\/ul> <!-- \/ tabs -->\r\n\r\n    <div class=\"tab_content\">\r\n                <div class=\"tabs_item\">\r\n            <p><hr \/>\n<h3 id=\"2026\">2026<\/h3>\n<p>No tenemos otras normativas en el mes de marzo 2026.<br \/>\nNo tenemos otras normativas en el mes de febrero 2026.<br \/>\nNo tenemos otras normativas en el mes de enero 2026.<\/p>\n<h5>(0 documentos)<\/h5>\n<\/p>\r\n        <\/div> <!-- \/ tabs_item -->\r\n                <div class=\"tabs_item\">\r\n            <p><hr \/>\n<h3 id=\"2025\">2025<\/h3>\n<p>No tenemos otras normativas en el mes de diciembre 2025.<br \/>\nNo tenemos otras normativas en el mes de noviembre 2025.<br \/>\nNo tenemos otras normativas en el mes de octubre 2025.<br \/>\nNo tenemos otras normativas en el mes de septiembre 2025.<br \/>\nNo tenemos otras normativas en el mes de agosto 2025.<br \/>\nNo tenemos otras normativas en el mes de julio 2025.<br \/>\nNo tenemos otras normativas en el mes de junio 2025.<br \/>\nNo tenemos otras normativas en el mes de mayo 2025.<br \/>\nNo tenemos otras normativas en el mes de abril 2025.<br \/>\nNo tenemos otras normativas en el mes de marzo 2025.<br \/>\nNo tenemos otras normativas en el mes de febrero 2025.<br \/>\nNo tenemos otras normativas en el mes de enero 2025.<\/p>\n<h5>(0 documentos)<\/h5>\n<\/p>\r\n        <\/div> <!-- \/ tabs_item -->\r\n                <div class=\"tabs_item\">\r\n            <p><hr \/>\n<h3 id=\"2024\">2024<\/h3>\n<p>No tenemos otras normativas en el mes de diciembre 2024.<br \/>\nNo tenemos otras normativas en el mes de noviembre 2024.<br \/>\nNo tenemos otras normativas en el mes de octubre 2024.<br \/>\nNo tenemos otras normativas en el mes de septiembre 2024.<br \/>\nNo tenemos otras normativas en el mes de agosto 2024.<br \/>\nNo tenemos otras normativas en el mes de julio 2024.<br \/>\nNo tenemos otras normativas en el mes de junio 2024.<br \/>\nNo tenemos otras normativas en el mes de mayo 2024.<br \/>\nNo tenemos otras normativas en el mes de abril 2024.<br \/>\nNo tenemos otras normativas en el mes de marzo 2024.<br \/>\nNo tenemos otras normativas en el mes de febrero 2024.<br \/>\nNo tenemos otras normativas en el mes de enero 2024.<\/p>\n<h5>(0 documentos)<\/h5>\n<\/p>\r\n        <\/div> <!-- \/ tabs_item -->\r\n                <div class=\"tabs_item\">\r\n            <p><hr \/>\n<h3 id=\"2023\">2023<\/h3>\n<p>No tenemos otras normativas en el mes de diciembre 2023.<br \/>\nNo tenemos otras normativas en el mes de noviembre 2023.<br \/>\nNo tenemos otras normativas en el mes de octubre 2023.<br \/>\nNo tenemos otras normativas en el mes de septiembre 2023.<br \/>\nNo tenemos otras normativas en el mes de agosto 2023.<br \/>\nNo tenemos otras normativas en el mes de julio 2023.<br \/>\nNo tenemos otras normativas en el mes de junio 2023.<br \/>\nNo tenemos otras normativas en el mes de mayo 2023.<br \/>\nNo tenemos otras normativas en el mes de abril 2023.<br \/>\nNo tenemos otras normativas en el mes de marzo 2023.<br \/>\nNo tenemos otras normativas en el mes de febrero 2023.<br \/>\nNo tenemos otras normativas en el mes de enero 2023.<\/p>\n<h5>(0 documentos)<\/h5>\n<\/p>\r\n        <\/div> <!-- \/ tabs_item -->\r\n                <div class=\"tabs_item\">\r\n            <p><hr \/>\n<h3 id=\"2022\">2022<\/h3>\n<p>No tenemos otras normativas en el mes de diciembre 2022.<br \/>\nNo tenemos otras normativas en el mes de noviembre 2022.<br \/>\nNo tenemos otras normativas en el mes de octubre 2022.<br \/>\nNo tenemos otras normativas en el mes de septiembre 2022.<br \/>\nNo tenemos otras normativas en el mes de agosto 2022.<br \/>\nNo tenemos otras normativas en el mes de julio 2022.<br \/>\nNo tenemos otras normativas en el mes de junio 2022.<br \/>\nNo tenemos otras normativas en el mes de mayo 2022.<br \/>\nNo tenemos otras normativas en el mes de abril 2022.<br \/>\nNo tenemos otras normativas en el mes de marzo 2022.<br \/>\nNo tenemos otras normativas en el mes de febrero 2022.<br \/>\nNo tenemos otras normativas en el mes de enero 2022.<\/p>\n<h5>(0 documentos)<\/h5>\n<\/p>\r\n        <\/div> <!-- \/ tabs_item -->\r\n                <div class=\"tabs_item\">\r\n            <p><h3 id=\"2021\">2021<\/h3>\n<p>No tenemos otras normativas en el mes de diciembre 2021.<br \/>\nNo tenemos otras normativas en el mes de noviembre 2021.<br \/>\nNo tenemos otras normativas en el mes de octubre 2021.<br \/>\nNo tenemos otras normativas en el mes de septiembre 2021.<br \/>\nNo tenemos otras normativas en el mes de agosto 2021.<br \/>\nNo tenemos otras normativas en el mes de julio 2021.<br \/>\nNo tenemos otras normativas en el mes de junio 2021.<br \/>\nNo tenemos otras normativas en el mes de mayo 2021.<br \/>\nNo tenemos otras normativas en el mes de abril 2021.<br \/>\nNo tenemos otras normativas en el mes de marzo 2021.<br \/>\nNo tenemos otras normativas en el mes de febrero 2021.<br \/>\nNo tenemos otras normativas en el mes de enero 2021.<\/p>\n<h5>(0 documentos)<\/h5>\n<\/p>\r\n        <\/div> <!-- \/ tabs_item -->\r\n        \r\n    <\/div> <!-- \/ tab_content -->\r\n<\/div> <!-- \/ tab -->\r\n\r\n<\/div><\/div><div id=\"panel-529-0-0-2\" class=\"so-panel widget widget_black-studio-tinymce widget_black_studio_tinymce panel-last-child\" data-index=\"2\" ><div class=\"textwidget\"><hr \/>\n<p><a href=\"http:\/\/get.adobe.com\/es\/reader\/\" target=\"_blank\"><\/p>\n<div class=\"row pdfBox\">\n<div class=\"col-md-4 pdfBox1\"><\/div>\n<div class=\"col-md-8 pdfBox2\"><\/div>\n<\/p><\/div>\n<p>\t        <\/a><\/p>\n<\/div><\/div><\/div><\/div><\/div>","protected":false},"excerpt":{"rendered":"<p>Constituci\u00f3n de la Rep\u00fablica Dominicana I. Leyes &nbsp; II. Decretos III. Resoluciones &lt;! &nbsp; IV. Otras normativas (0 documentos)<\/p>\n","protected":false},"author":1,"featured_media":0,"parent":0,"menu_order":0,"comment_status":"closed","ping_status":"closed","template":"","meta":{"footnotes":""},"categories":[],"tags":[],"class_list":["post-529","page","type-page","status-publish","hentry"],"_links":{"self":[{"href":"https:\/\/www.inespre.gob.do\/transparencia\/wp-json\/wp\/v2\/pages\/529","targetHints":{"allow":["GET"]}}],"collection":[{"href":"https:\/\/www.inespre.gob.do\/transparencia\/wp-json\/wp\/v2\/pages"}],"about":[{"href":"https:\/\/www.inespre.gob.do\/transparencia\/wp-json\/wp\/v2\/types\/page"}],"author":[{"embeddable":true,"href":"https:\/\/www.inespre.gob.do\/transparencia\/wp-json\/wp\/v2\/users\/1"}],"replies":[{"embeddable":true,"href":"https:\/\/www.inespre.gob.do\/transparencia\/wp-json\/wp\/v2\/comments?post=529"}],"version-history":[{"count":138,"href":"https:\/\/www.inespre.gob.do\/transparencia\/wp-json\/wp\/v2\/pages\/529\/revisions"}],"predecessor-version":[{"id":29137,"href":"https:\/\/www.inespre.gob.do\/transparencia\/wp-json\/wp\/v2\/pages\/529\/revisions\/29137"}],"wp:attachment":[{"href":"https:\/\/www.inespre.gob.do\/transparencia\/wp-json\/wp\/v2\/media?parent=529"}],"wp:term":[{"taxonomy":"category","embeddable":true,"href":"https:\/\/www.inespre.gob.do\/transparencia\/wp-json\/wp\/v2\/categories?post=529"},{"taxonomy":"post_tag","embeddable":true,"href":"https:\/\/www.inespre.gob.do\/transparencia\/wp-json\/wp\/v2\/tags?post=529"}],"curies":[{"name":"wp","href":"https:\/\/api.w.org\/{rel}","templated":true}]}}