{"id":592,"date":"2015-09-21T22:55:43","date_gmt":"2015-09-22T02:55:43","guid":{"rendered":"http:\/\/transparencia.inespre.gov.do\/?page_id=592"},"modified":"2023-04-26T09:00:40","modified_gmt":"2023-04-26T13:00:40","slug":"nombre-del-responsable-de-acceso-a-la-informacion-y-medios-para-contactarle","status":"publish","type":"page","link":"https:\/\/www.inespre.gob.do\/transparencia\/oai\/nombre-del-responsable-de-acceso-a-la-informacion-y-medios-para-contactarle\/","title":{"rendered":"Nombre del Responsable de Acceso a la Informaci\u00f3n y medios para contactarle"},"content":{"rendered":"<div id=\"pl-592\"  class=\"panel-layout\" ><div id=\"pg-592-0\"  class=\"panel-grid panel-no-style\" ><div id=\"pgc-592-0-0\"  class=\"panel-grid-cell\" ><div id=\"panel-592-0-0-0\" class=\"so-panel widget widget_black-studio-tinymce widget_black_studio_tinymce panel-first-child panel-last-child\" data-index=\"0\" ><h3 class=\"widget-title\">CONTACTO RESPONSABLE DE ACCESO A LA INFORMACI\u00d3N:<\/h3><div class=\"textwidget\"><div class=\"inespre-fancy-table-wrap\">\n<table class=\"inespre-fancy-table-2 mtr-table mtr-tr-td\" width=\"100%\" cellspacing=\"0\" cellpadding=\"0\">\n<tbody>\n<tr>\n<td data-mtr-content=\"Nombre del Responsable de Acceso a la Informaci\u00f3n P\u00fablica:\" class=\"mtr-td-tag\"><div class=\"mtr-cell-content\"><strong>Nombre del Responsable de Acceso a la Informaci\u00f3n P\u00fablica:<\/strong><\/div><\/td>\n<td data-mtr-content=\"Licda. Pen\u00e9lope Columna\" class=\"mtr-td-tag\"><div class=\"mtr-cell-content\">Licda. Pen\u00e9lope Columna<\/div><\/td>\n<\/tr>\n<tr>\n<td data-mtr-content=\"Nombre del Responsable de Acceso a la Informaci\u00f3n P\u00fablica:\" class=\"mtr-td-tag\"><div class=\"mtr-cell-content\"><strong>Direcci\u00f3n<\/strong>:<\/div><\/td>\n<td data-mtr-content=\"Licda. Pen\u00e9lope Columna\" class=\"mtr-td-tag\"><div class=\"mtr-cell-content\">Sede principal INESPRE. Av. 27 de Febrero, Esq. Gregorio Luper\u00f3n Edificio del Instituto Agrario Dominicano (IAD), Santo Domingo, D.N.<\/div><\/td>\n<\/tr>\n<tr>\n<td data-mtr-content=\"Nombre del Responsable de Acceso a la Informaci\u00f3n P\u00fablica:\" class=\"mtr-td-tag\"><div class=\"mtr-cell-content\"><strong>N\u00fameros de contacto:<\/strong><\/div><\/td>\n<td data-mtr-content=\"Licda. Pen\u00e9lope Columna\" class=\"mtr-td-tag\"><div class=\"mtr-cell-content\">809-621-0020 marcar opci\u00f3n 5 o extensi\u00f3nes 2441\u00a0y\u00a02440<\/div><\/td>\n<\/tr>\n<tr>\n<td data-mtr-content=\"Nombre del Responsable de Acceso a la Informaci\u00f3n P\u00fablica:\" class=\"mtr-td-tag\"><div class=\"mtr-cell-content\"><strong>Correo Electr\u00f3nico:<\/strong><\/div><\/td>\n<td data-mtr-content=\"Licda. Pen\u00e9lope Columna\" class=\"mtr-td-tag\"><div class=\"mtr-cell-content\"><a href=\"mailto:transparencia@inespre.gob.do\">transparencia@inespre.gob.do<\/a>, <a href=\"mailto:informacion@inespre.gob.do\">informacion@inespre.gob.do<\/a><\/div><\/td>\n<\/tr>\n<\/tbody>\n<\/table>\n<\/div>\n<\/div><\/div><\/div><\/div><\/div>","protected":false},"excerpt":{"rendered":"<p>Nombre del Responsable de Acceso a la Informaci\u00f3n P\u00fablica: Licda. Pen\u00e9lope Columna Direcci\u00f3n: Sede principal INESPRE. Av. 27 de Febrero, Esq. Gregorio Luper\u00f3n Edificio del Instituto Agrario Dominicano (IAD), Santo Domingo, D.N. N\u00fameros de contacto: 809-621-0020 marcar opci\u00f3n 5 o extensi\u00f3nes 2441\u00a0y\u00a02440 Correo Electr\u00f3nico: transparencia@inespre.gob.do, informacion@inespre.gob.do<\/p>\n","protected":false},"author":1,"featured_media":0,"parent":228,"menu_order":0,"comment_status":"closed","ping_status":"closed","template":"","meta":{"footnotes":""},"categories":[],"tags":[],"class_list":["post-592","page","type-page","status-publish","hentry"],"_links":{"self":[{"href":"https:\/\/www.inespre.gob.do\/transparencia\/wp-json\/wp\/v2\/pages\/592","targetHints":{"allow":["GET"]}}],"collection":[{"href":"https:\/\/www.inespre.gob.do\/transparencia\/wp-json\/wp\/v2\/pages"}],"about":[{"href":"https:\/\/www.inespre.gob.do\/transparencia\/wp-json\/wp\/v2\/types\/page"}],"author":[{"embeddable":true,"href":"https:\/\/www.inespre.gob.do\/transparencia\/wp-json\/wp\/v2\/users\/1"}],"replies":[{"embeddable":true,"href":"https:\/\/www.inespre.gob.do\/transparencia\/wp-json\/wp\/v2\/comments?post=592"}],"version-history":[{"count":22,"href":"https:\/\/www.inespre.gob.do\/transparencia\/wp-json\/wp\/v2\/pages\/592\/revisions"}],"predecessor-version":[{"id":23186,"href":"https:\/\/www.inespre.gob.do\/transparencia\/wp-json\/wp\/v2\/pages\/592\/revisions\/23186"}],"up":[{"embeddable":true,"href":"https:\/\/www.inespre.gob.do\/transparencia\/wp-json\/wp\/v2\/pages\/228"}],"wp:attachment":[{"href":"https:\/\/www.inespre.gob.do\/transparencia\/wp-json\/wp\/v2\/media?parent=592"}],"wp:term":[{"taxonomy":"category","embeddable":true,"href":"https:\/\/www.inespre.gob.do\/transparencia\/wp-json\/wp\/v2\/categories?post=592"},{"taxonomy":"post_tag","embeddable":true,"href":"https:\/\/www.inespre.gob.do\/transparencia\/wp-json\/wp\/v2\/tags?post=592"}],"curies":[{"name":"wp","href":"https:\/\/api.w.org\/{rel}","templated":true}]}}