{"id":660,"date":"2015-09-24T16:32:32","date_gmt":"2015-09-24T20:32:32","guid":{"rendered":"http:\/\/transparencia.inespre.gov.do\/?page_id=660"},"modified":"2026-04-14T17:07:03","modified_gmt":"2026-04-14T21:07:03","slug":"informes-de-auditorias","status":"publish","type":"page","link":"https:\/\/www.inespre.gob.do\/transparencia\/finanzas\/informes-de-auditorias\/","title":{"rendered":"Informes de Auditor\u00edas"},"content":{"rendered":"<div id=\"pl-660\"  class=\"panel-layout\" ><div id=\"pg-660-0\"  class=\"panel-grid panel-no-style\" ><div id=\"pgc-660-0-0\"  class=\"panel-grid-cell\" ><div id=\"panel-660-0-0-0\" class=\"so-panel widget widget_black-studio-tinymce widget_black_studio_tinymce panel-first-child\" data-index=\"0\" ><h3 class=\"widget-title\">Informes de Auditor\u00edas<\/h3><div class=\"textwidget\"><\/div><\/div><div id=\"panel-660-0-0-1\" class=\"so-panel widget widget_tabs panel-last-child\" data-index=\"1\" ><div\n\t\t\t\n\t\t\tclass=\"so-widget-tabs so-widget-tabs-tabs-style-6b70deefe27e-660\"\n\t\t\t\n\t\t>\r\n\r\n\r\n\r\n\r\n<div class=\"soua-tab\">\r\n\r\n    <ul class=\"soua-tabs\">\r\n                <li><a href=\"#\"> \r\n\r\n        \r\n            \r\n                \r\n        2026\r\n        \r\n        <\/a><\/li>\r\n                <li><a href=\"#\"> \r\n\r\n        \r\n            \r\n                \r\n        2025\r\n        \r\n        <\/a><\/li>\r\n                <li><a href=\"#\"> \r\n\r\n        \r\n            \r\n                \r\n        2024\r\n        \r\n        <\/a><\/li>\r\n                <li><a href=\"#\"> \r\n\r\n        \r\n            \r\n                \r\n        2023\r\n        \r\n        <\/a><\/li>\r\n                <li><a href=\"#\"> \r\n\r\n        \r\n            \r\n                \r\n        2022\r\n        \r\n        <\/a><\/li>\r\n                <li><a href=\"#\"> \r\n\r\n        \r\n            \r\n                \r\n        2021\r\n        \r\n        <\/a><\/li>\r\n                <li><a href=\"#\"> \r\n\r\n        \r\n            \r\n                \r\n        2020\r\n        \r\n        <\/a><\/li>\r\n                <li><a href=\"#\"> \r\n\r\n        \r\n            \r\n                \r\n        2019\r\n        \r\n        <\/a><\/li>\r\n                <li><a href=\"#\"> \r\n\r\n        \r\n            \r\n                \r\n        2018\r\n        \r\n        <\/a><\/li>\r\n                <li><a href=\"#\"> \r\n\r\n        \r\n            \r\n                \r\n        2017\r\n        \r\n        <\/a><\/li>\r\n                <li><a href=\"#\"> \r\n\r\n        \r\n            \r\n                \r\n        2016\r\n        \r\n        <\/a><\/li>\r\n                <li><a href=\"#\"> \r\n\r\n        \r\n            \r\n                \r\n        2015\r\n        \r\n        <\/a><\/li>\r\n                <li><a href=\"#\"> \r\n\r\n        \r\n            \r\n                \r\n        2014\r\n        \r\n        <\/a><\/li>\r\n                <li><a href=\"#\"> \r\n\r\n        \r\n            \r\n                \r\n        2013\r\n        \r\n        <\/a><\/li>\r\n                <li><a href=\"#\"> \r\n\r\n        \r\n            \r\n                \r\n        2012\r\n        \r\n        <\/a><\/li>\r\n            <\/ul> <!-- \/ tabs -->\r\n\r\n    <div class=\"tab_content\">\r\n                <div class=\"tabs_item\">\r\n            <p><hr \/>\n\nNo existen auditorias en <b>marzo <\/b>2026\n\n<hr \/>\n\nNo existen auditorias en <b>febrero <\/b>2026\n\n<hr \/>\n\nNo existen auditorias en <b>enero <\/b>2026<\/p>\r\n        <\/div> <!-- \/ tabs_item -->\r\n                <div class=\"tabs_item\">\r\n            <p><hr \/>\n\nNo existen auditorias en <b>diciembre <\/b>2025\n\n<hr \/>\n\nNo existen auditorias en <b>noviembre <\/b>2025\n\n<hr \/>\n\nNo existen auditorias en <b>octubre <\/b>2025\n\n<hr \/>\n\nNo existen auditorias en <b>septiembre <\/b>2025\n\n<hr \/>\n\nNo existen auditorias en <b>agosto <\/b>2025\n\n<hr \/>\n\nNo existen auditorias en <b>julio <\/b>2025\n\n<hr \/>\n\nNo existen auditorias en <b>junio <\/b>2025\n\n<hr \/>\n\nNo existen auditorias en <b>mayo <\/b>2025\n\n<hr \/>\n\nNo existen auditorias en <b>abril <\/b>2025\n\n<hr \/>\n\nNo existen auditorias en <b>marzo <\/b>2025.\n\n<hr \/>\n\nNo existen auditorias en <b>febrero <\/b>2025.\n\n<hr \/>\n\nNo existen auditorias en <b>enero <\/b>2025.<\/p>\r\n        <\/div> <!-- \/ tabs_item -->\r\n                <div class=\"tabs_item\">\r\n            <p><hr \/>\n\nNo existen auditorias en <b>diciembre <\/b>2024.\n<hr \/>\n\nNo existen auditorias en <b>noviembre <\/b>2024.\n\n<hr \/>\n\nNo existen auditorias en <b>octubre <\/b>2024.\n\n<hr \/>\n\nNo existen auditorias en <b>septiembre <\/b>2024.\n\n<hr \/>\n\nNo existen auditorias en <b>agosto <\/b>2024.\n\n<hr \/>\n\nNo existen auditorias en <b>julio <\/b>2024.\n\n<hr \/>\n\nNo existen auditorias en <b>junio <\/b>2024.\n\n<hr \/>\n\nNo existen auditorias en <b>mayo <\/b>2024.\n\n<hr \/>\n\nNo existen auditorias en <b>abril <\/b>2024.\n\n<hr \/>\n\nNo existen auditorias en <b>marzo <\/b>2024.\n\n<hr \/>\n\nNo existen auditorias en <b>febrero <\/b>2024.\n\n<hr \/>\n\nNo existen auditorias en <b>enero <\/b>2024.<\/p>\r\n        <\/div> <!-- \/ tabs_item -->\r\n                <div class=\"tabs_item\">\r\n            <p><hr \/>\n\nNo existen auditorias en <b>diciembre <\/b>2023.\n\n<hr \/>\n\nNo existen auditorias en <b>noviembre <\/b>2023.\n\n<hr \/>\n\nNo existen auditorias en <b>octubre <\/b>2023.\n\n<hr \/>\n\nNo existen auditorias en <b>septiembre <\/b>2023.\n\n<hr \/>\n\nNo existen auditorias en <b>agosto <\/b>2023.\n\n<hr \/>\n\nNo existen auditorias en <b>julio <\/b>2023.\n\n<hr \/>\n\nNo existen auditorias en <b>junio <\/b>2023.\n\n<hr \/>\n\nNo existen auditorias en <b>mayo <\/b>2023.\n\n<hr \/>\n\nNo existen auditorias en <b>abril <\/b>2023.\n\n<hr \/>\n\nNo existen auditorias en <b>marzo <\/b>2023.\n\n<hr \/>\n\nNo existen auditorias en <b>febrero <\/b>2023.\n\n<hr \/>\n\nNo existen auditorias en <b>enero <\/b>2023.<\/p>\r\n        <\/div> <!-- \/ tabs_item -->\r\n                <div class=\"tabs_item\">\r\n            <p><h5>2022<\/h5>\n\n<hr \/>\n\nNo existen auditorias en <b>diciembre<\/b> 2022\n\n<hr \/>\n\nNo existen auditorias en <b>noviembre<\/b> 2022\n\n<hr \/>\n\nNo existen auditorias en <b>octubre<\/b> 2022\n\n<hr \/>\n\nNo existen auditorias en <b>septiembre<\/b> 2022\n\n<hr \/>\n\nNo existen auditorias en <b>agosto<\/b> 2022\n\n<hr \/>\n\nNo existen auditorias en <b>julio<\/b> 2022\n\n<hr \/>\n\nNo existen auditorias en <b>junio<\/b> 2022\n\n<hr \/>\n\nNo existen auditorias en <b>mayo<\/b> 2022\n\n<hr \/>\n\nNo existen auditorias en <b>abril<\/b> 2022\n\n<hr \/>\n\nNo existen auditorias en <b>marzo<\/b> 2022\n\n<hr \/>\n\nNo existen auditorias en <b>febrero <\/b>2022\n\n<hr \/>\n\nNo existen auditorias en <b>enero <\/b>2022<\/p>\r\n        <\/div> <!-- \/ tabs_item -->\r\n                <div class=\"tabs_item\">\r\n            <p><h5>2021<\/h5>\n\n<hr \/>\n\nNo existen auditorias en <b>diciembre <\/b>2021\n\n<hr \/>\n\nNo existen auditorias en <b>noviembre <\/b>2021\n\n<hr \/>\n\nNo existen auditorias en <b>octubre <\/b>2021\n\n<hr \/>\n\nNo existen auditorias en <b>septiembre <\/b>2021\n\n<hr \/>\n\nNo existen auditorias en <b>agosto <\/b>2021\n\n<hr \/>\n\nNo existen auditorias en <b>julio <\/b>2021\n\n<hr \/>\n\nNo existen auditorias en <b>junio <\/b>2021\n\n<hr \/>\n\nNo existen auditorias en <b>mayo <\/b>2021\n\n<hr \/>\n\nNo existen auditorias en <b>abril <\/b>2021\n\n<hr \/>\n\nNo existen auditorias en <b>marzo <\/b>2021\n\n<hr \/>\n\nNo existen auditorias en <b>febrero <\/b>2021\n\n<hr \/>\n\nNo existen auditorias en <b>enero <\/b>2021<\/p>\r\n        <\/div> <!-- \/ tabs_item -->\r\n                <div class=\"tabs_item\">\r\n            <p><h5>2020<\/h5>\n\n<hr \/>\nDurante el per\u00edodo enero-diciembre 2020 no se realiz\u00f3 ning\u00fan informe de auditoria<\/p>\r\n        <\/div> <!-- \/ tabs_item -->\r\n                <div class=\"tabs_item\">\r\n            <p><h5>2019<\/h5>\n<hr \/>\nNo existen auditorias en <b>diciembre <\/b>2019<br \/><br \/>\nNo existen auditorias en <b>noviembre <\/b>2019<br \/><br \/>\nNo existen auditorias en <b>octubre <\/b>2019<br \/><br \/>\nNo existen auditorias en <b>septiembre <\/b>2019<br \/><br \/>\nNo existen auditorias en <b>agosto <\/b>2019<br \/><br \/>\nNo existen auditorias en <b>julio <\/b>2019<br \/><br \/>\nNo existen auditorias en <b>junio <\/b>2019<br \/><br \/>\nNo existen auditorias en <b>mayo <\/b>2019<br \/><br \/>\nNo existen auditorias en <b>abril <\/b>2019<br \/><br \/>\nNo existen auditorias en <b>marzo <\/b>2019<br \/><br \/>\nNo existen auditorias en <b>febrero <\/b>2019<br \/><br \/>\nNo existen auditorias en <b>enero <\/b>2019<br \/><br \/>\n<hr \/><\/p>\r\n        <\/div> <!-- \/ tabs_item -->\r\n                <div class=\"tabs_item\">\r\n            <p><h5>2018<\/h5>\nNo existen auditorias en <b>diciembre <\/b>2018\n<hr \/>\nNo existen auditorias en <b>noviembre <\/b>2018\n<hr \/>\nNo existen auditorias en <b>octubre\u00a0<\/b>2018\n<hr \/>\nNo existen auditorias en <b>septiembre\u00a0<\/b>2018\n<hr \/>\nNo existen auditorias en <b>agosto <\/b>2018\n<hr \/>\nNo existen auditorias en <b>julio <\/b>2018\n<hr \/>\nNo existen auditorias en <b>junio <\/b>2018\n<hr \/>\nNo existen auditorias en <b>mayo <\/b>2018\n<hr \/>\nNo existen auditorias en <b>abril <\/b>2018\n<hr \/>\nNo existen auditorias en <b>marzo <\/b>2018\n<hr \/>\nNo existen auditorias en <b>febrero <\/b>2018\n<hr \/>\nNo existen auditorias en <b>enero <\/b>2018\n<hr \/><\/p>\r\n        <\/div> <!-- \/ tabs_item -->\r\n                <div class=\"tabs_item\">\r\n            <p><h5>2017<\/h5>\nNo existen auditorias en el per\u00edodo 2017\n\n<hr \/>\n<\/p>\r\n        <\/div> <!-- \/ tabs_item -->\r\n                <div class=\"tabs_item\">\r\n            <p><hr \/>\n<h5>2016<\/h5>\nNo existen auditorias en el per\u00edodo 2016\n<hr \/><\/p>\r\n        <\/div> <!-- \/ tabs_item -->\r\n                <div class=\"tabs_item\">\r\n            <p><h5>2015<\/h5>\nNo existen auditorias en el per\u00edodo 2015\n<hr \/>\n<\/p>\r\n        <\/div> <!-- \/ tabs_item -->\r\n                <div class=\"tabs_item\">\r\n            <p><h5>2014<\/h5>\n        <div class=\"w3eden clear\" align=\"right\"><div class=\"link-btn light\">    <div class=\"media\">        <div class=\"pull-left wbt-left\"><div class=\"wbt-icon\"><img decoding=\"async\" class=\"wpdm_icon\" alt=\"Icono\"   src=\"http:\/\/www.inespre.gov.do\/transparencia\/wp-content\/plugins\/download-manager\/assets\/file-type-icons\/pdf.svg\" \/><\/div><\/div>        <div class=\"pull-left text-left wbt-content\"><strong class=\"ptitle\">                <a href=\"https:\/\/www.inespre.gob.do\/transparencia\/download\/informe-de-auditoria-a-los-estados-financieros-del-inespre-2014-2015\/?wpdmdl=7247&refresh=69f73f7c33e8e1777811324\">Informe de Auditoria a los estados financieros del INESPRE 2014-2015<\/a>            <\/strong>            <div style=\"font-size: 8pt;padding-top: 1px\"><a href=\"https:\/\/www.inespre.gob.do\/transparencia\/download\/informe-de-auditoria-a-los-estados-financieros-del-inespre-2014-2015\/?wpdmdl=7247&refresh=69f73f7c33e8e1777811324\">Descargar<\/a> <i style=\"margin: 4px 0 0 5px;opacity:0.5\"                                                           class=\"fa fa-th-large\"><\/i> 11.36 MB            <\/div>        <\/div>    <\/div><\/div><\/div><script>jQuery(function(){jQuery('.link-btn a.wpdm-download-link img').after('Descargar');jQuery('.link-btn a.wpdm-download-link img').remove();});<\/script>\n\n<hr \/><\/p>\r\n        <\/div> <!-- \/ tabs_item -->\r\n                <div class=\"tabs_item\">\r\n            <p><h5>2013<\/h5>\nNo existen auditorias en el per\u00edodo 2013\n\n<hr \/><\/p>\r\n        <\/div> <!-- \/ tabs_item -->\r\n                <div class=\"tabs_item\">\r\n            <p><h5>2012<\/h5>\n        <div class=\"w3eden clear\" align=\"right\"><div class=\"link-btn light\">    <div class=\"media\">        <div class=\"pull-left wbt-left\"><div class=\"wbt-icon\"><img decoding=\"async\" class=\"wpdm_icon\" alt=\"Icono\"   src=\"http:\/\/www.inespre.gov.do\/transparencia\/wp-content\/plugins\/download-manager\/assets\/file-type-icons\/pdf.svg\" \/><\/div><\/div>        <div class=\"pull-left text-left wbt-content\"><strong class=\"ptitle\">                <a href=\"https:\/\/www.inespre.gob.do\/transparencia\/download\/informe-de-auditoria-a-los-estados-financieros-del-inespre-2012-2013\/?wpdmdl=7241&refresh=69f73f7c34ddf1777811324\">Informe de Auditoria a los estados financieros del INESPRE 2012-2013<\/a>            <\/strong>            <div style=\"font-size: 8pt;padding-top: 1px\"><a href=\"https:\/\/www.inespre.gob.do\/transparencia\/download\/informe-de-auditoria-a-los-estados-financieros-del-inespre-2012-2013\/?wpdmdl=7241&refresh=69f73f7c34ddf1777811324\">Descargar<\/a> <i style=\"margin: 4px 0 0 5px;opacity:0.5\"                                                           class=\"fa fa-th-large\"><\/i> 17.01 MB            <\/div>        <\/div>    <\/div><\/div><\/div><script>jQuery(function(){jQuery('.link-btn a.wpdm-download-link img').after('Descargar');jQuery('.link-btn a.wpdm-download-link img').remove();});<\/script>\n\n<hr \/>\n\n<!--\n\n<p style=\"text-align: justify;\">La C\u00e1mara de Cuentas de la Rep\u00fablica Dominicana ha auditado al Instituto de Estabilizaci\u00f3n de Precios (INESPRE) en dos (2) ocasiones, en el a\u00f1o 2009 y en el a\u00f1o 2012 se practic\u00f3 una auditoria especial de n\u00f3mina. Hasta el periodo actual <strong>agosto del a\u00f1o 2018<\/strong>\u00a0est\u00e1 pendiente por parte de dicha entidad la remisi\u00f3n de los informes finales con los comentarios y explicaciones de lugar sobre algunos puntos que requer\u00edan comentarios o justificaci\u00f3n.<span id=\"transmark\" style=\"display: none; width: 0px; height: 0px;\"><\/span>\n--><\/p><\/p>\r\n        <\/div> <!-- \/ tabs_item -->\r\n        \r\n    <\/div> <!-- \/ tab_content -->\r\n<\/div> <!-- \/ tab -->\r\n\r\n<\/div><\/div><\/div><\/div><\/div>","protected":false},"excerpt":{"rendered":"<p>Informes de Auditor\u00edas 2026 2025 2024 2023 2022 2021 2020 2019 2018 2017 2016 2015 2014 2013 2012 No existen auditorias en marzo 2026 No existen auditorias en febrero 2026 No existen auditorias en enero 2026 No existen auditorias en diciembre 2025 No existen auditorias en noviembre 2025 No existen auditorias en octubre 2025 No [&hellip;]<\/p>\n","protected":false},"author":1,"featured_media":0,"parent":55,"menu_order":0,"comment_status":"closed","ping_status":"closed","template":"","meta":{"footnotes":""},"categories":[],"tags":[],"class_list":["post-660","page","type-page","status-publish","hentry"],"_links":{"self":[{"href":"https:\/\/www.inespre.gob.do\/transparencia\/wp-json\/wp\/v2\/pages\/660","targetHints":{"allow":["GET"]}}],"collection":[{"href":"https:\/\/www.inespre.gob.do\/transparencia\/wp-json\/wp\/v2\/pages"}],"about":[{"href":"https:\/\/www.inespre.gob.do\/transparencia\/wp-json\/wp\/v2\/types\/page"}],"author":[{"embeddable":true,"href":"https:\/\/www.inespre.gob.do\/transparencia\/wp-json\/wp\/v2\/users\/1"}],"replies":[{"embeddable":true,"href":"https:\/\/www.inespre.gob.do\/transparencia\/wp-json\/wp\/v2\/comments?post=660"}],"version-history":[{"count":161,"href":"https:\/\/www.inespre.gob.do\/transparencia\/wp-json\/wp\/v2\/pages\/660\/revisions"}],"predecessor-version":[{"id":29132,"href":"https:\/\/www.inespre.gob.do\/transparencia\/wp-json\/wp\/v2\/pages\/660\/revisions\/29132"}],"up":[{"embeddable":true,"href":"https:\/\/www.inespre.gob.do\/transparencia\/wp-json\/wp\/v2\/pages\/55"}],"wp:attachment":[{"href":"https:\/\/www.inespre.gob.do\/transparencia\/wp-json\/wp\/v2\/media?parent=660"}],"wp:term":[{"taxonomy":"category","embeddable":true,"href":"https:\/\/www.inespre.gob.do\/transparencia\/wp-json\/wp\/v2\/categories?post=660"},{"taxonomy":"post_tag","embeddable":true,"href":"https:\/\/www.inespre.gob.do\/transparencia\/wp-json\/wp\/v2\/tags?post=660"}],"curies":[{"name":"wp","href":"https:\/\/api.w.org\/{rel}","templated":true}]}}