{"id":6647,"date":"2018-07-02T14:23:01","date_gmt":"2018-07-02T18:23:01","guid":{"rendered":"http:\/\/www.inespre.gov.do\/transparencia\/?page_id=6647"},"modified":"2025-11-21T10:16:56","modified_gmt":"2025-11-21T14:16:56","slug":"enlace-directo-al-portal-unico-de-solicitud-de-acceso-a-la-informacion-publica-saip","status":"publish","type":"page","link":"https:\/\/www.inespre.gob.do\/transparencia\/oai\/enlace-directo-al-portal-unico-de-solicitud-de-acceso-a-la-informacion-publica-saip\/","title":{"rendered":"Enlace directo al Portal \u00danico de Solicitud de Acceso a la Informaci\u00f3n Publica (SAIP)"},"content":{"rendered":"<div id=\"pl-6647\"  class=\"panel-layout\" ><div id=\"pg-6647-0\"  class=\"panel-grid panel-no-style\" ><div id=\"pgc-6647-0-0\"  class=\"panel-grid-cell\" ><div id=\"panel-6647-0-0-0\" class=\"so-panel widget widget_black-studio-tinymce widget_black_studio_tinymce panel-first-child panel-last-child\" data-index=\"0\" ><div class=\"textwidget\"><div align=\"center\"><\/div>\n<div class=\"city\">\n<h3 style=\"text-align: center;\"><img loading=\"lazy\" decoding=\"async\" class=\"size-full wp-image-6653 aligncenter\" src=\"http:\/\/www.inespre.gob.do\/transparencia\/wp-content\/uploads\/2018\/07\/logo-saip-1.png\" alt=\"\" width=\"442\" height=\"114\" srcset=\"https:\/\/www.inespre.gob.do\/transparencia\/wp-content\/uploads\/2018\/07\/logo-saip-1.png 442w, https:\/\/www.inespre.gob.do\/transparencia\/wp-content\/uploads\/2018\/07\/logo-saip-1-300x77.png 300w\" sizes=\"auto, (max-width: 442px) 100vw, 442px\" \/><\/h3>\n<h3><\/h3>\n<p>&nbsp;<\/p>\n<h3 style=\"text-align: center;\">Solicitud de Informaci\u00f3n<\/h3>\n<p align=\"justify\">A trav\u00e9s de este sistema los ciudadanos pueden realizar sus solicitudes de acceso a la informaci\u00f3n p\u00fablica de forma f\u00e1cil, \u00e1gil y desde cualquier punto de la geograf\u00eda nacional o mundial, salvando con esto los costos de traslado, y acercando por ende el Estado a la sociedad a trav\u00e9s del uso intensivo de las tecnolog\u00edas de la informaci\u00f3n y comunicaci\u00f3n, facilitando el control social, la transparencia, la participaci\u00f3n y colaboraci\u00f3n ciudadanas.<\/p>\n<p align=\"justify\">Puede llenar su solicitud en el siguiente <a href=\"https:\/\/app.saip.gob.do\/\" target=\"_blank\" rel=\"noopener\">link.<\/a><\/p>\n<h3>Contacto<\/h3>\n<p><strong>Licda. Pen\u00e9lope Columna<\/strong> Responsable de Acceso a la Informaci\u00f3n (RAI).<br \/>\n<strong>Tel\u00e9fono: <\/strong>809-621-0020 marcar opci\u00f3n 5 o extensi\u00f3nes 2441\u00a0y\u00a02440.<br \/>\n<strong>Correo Electr\u00f3nico:<\/strong> <a href=\"mailto:mcolumna@inespre.gob.do\">mcolumna@inespre.gob.do<\/a> \/ <a href=\"mailto:transparencia@inespre.gob.do\">transparencia@inespre.gob.do<\/a> \/ <a href=\"mailto:informacion@inespre.gob.do\">informacion@inespre.gob.do<\/a><\/p>\n<\/div>\n<\/div><\/div><\/div><\/div><\/div>","protected":false},"excerpt":{"rendered":"<p>&nbsp; Solicitud de Informaci\u00f3n A trav\u00e9s de este sistema los ciudadanos pueden realizar sus solicitudes de acceso a la informaci\u00f3n p\u00fablica de forma f\u00e1cil, \u00e1gil y desde cualquier punto de la geograf\u00eda nacional o mundial, salvando con esto los costos de traslado, y acercando por ende el Estado a la sociedad a trav\u00e9s del uso [&hellip;]<\/p>\n","protected":false},"author":5,"featured_media":0,"parent":228,"menu_order":0,"comment_status":"closed","ping_status":"closed","template":"","meta":{"footnotes":""},"categories":[],"tags":[],"class_list":["post-6647","page","type-page","status-publish","hentry"],"_links":{"self":[{"href":"https:\/\/www.inespre.gob.do\/transparencia\/wp-json\/wp\/v2\/pages\/6647","targetHints":{"allow":["GET"]}}],"collection":[{"href":"https:\/\/www.inespre.gob.do\/transparencia\/wp-json\/wp\/v2\/pages"}],"about":[{"href":"https:\/\/www.inespre.gob.do\/transparencia\/wp-json\/wp\/v2\/types\/page"}],"author":[{"embeddable":true,"href":"https:\/\/www.inespre.gob.do\/transparencia\/wp-json\/wp\/v2\/users\/5"}],"replies":[{"embeddable":true,"href":"https:\/\/www.inespre.gob.do\/transparencia\/wp-json\/wp\/v2\/comments?post=6647"}],"version-history":[{"count":27,"href":"https:\/\/www.inespre.gob.do\/transparencia\/wp-json\/wp\/v2\/pages\/6647\/revisions"}],"predecessor-version":[{"id":28733,"href":"https:\/\/www.inespre.gob.do\/transparencia\/wp-json\/wp\/v2\/pages\/6647\/revisions\/28733"}],"up":[{"embeddable":true,"href":"https:\/\/www.inespre.gob.do\/transparencia\/wp-json\/wp\/v2\/pages\/228"}],"wp:attachment":[{"href":"https:\/\/www.inespre.gob.do\/transparencia\/wp-json\/wp\/v2\/media?parent=6647"}],"wp:term":[{"taxonomy":"category","embeddable":true,"href":"https:\/\/www.inespre.gob.do\/transparencia\/wp-json\/wp\/v2\/categories?post=6647"},{"taxonomy":"post_tag","embeddable":true,"href":"https:\/\/www.inespre.gob.do\/transparencia\/wp-json\/wp\/v2\/tags?post=6647"}],"curies":[{"name":"wp","href":"https:\/\/api.w.org\/{rel}","templated":true}]}}