{"id":6693,"date":"2018-07-05T09:30:32","date_gmt":"2018-07-05T13:30:32","guid":{"rendered":"http:\/\/www.inespre.gov.do\/transparencia\/?page_id=6693"},"modified":"2026-02-05T13:01:40","modified_gmt":"2026-02-05T17:01:40","slug":"datos-abiertos","status":"publish","type":"page","link":"https:\/\/www.inespre.gob.do\/transparencia\/datos-abiertos\/","title":{"rendered":"Datos Abiertos"},"content":{"rendered":"<div id=\"pl-6693\"  class=\"panel-layout\" ><div id=\"pg-6693-0\"  class=\"panel-grid panel-no-style\" ><div id=\"pgc-6693-0-0\"  class=\"panel-grid-cell\" ><div id=\"panel-6693-0-0-0\" class=\"so-panel widget widget_black-studio-tinymce widget_black_studio_tinymce panel-first-child\" data-index=\"0\" ><h3 class=\"widget-title\">Datos Abiertos<\/h3><div class=\"textwidget\"><p><strong>Datos.gob.do<\/strong> es el portal oficial de datos abiertos del gobierno de la Rep\u00fablica Dominicana. En \u00e9l, las organizaciones p\u00fablicas pueden gestionar y publicar sus conjuntos de datos en formatos abiertos.<\/p>\n<p>Puede acceder al perfil del <strong>Instituto de Estabilizaci\u00f3n de Precios<\/strong> a trav\u00e9s de este enlace: Datos Abiertos <a href=\"http:\/\/datos.gob.do\/organization\/instituto-nacional-de-estabilizacion-de-precios-inespre\" target=\"_blank\" rel=\"noopener\">INESPRE<\/a><\/p>\n<\/div><\/div><div id=\"panel-6693-0-0-1\" class=\"so-panel widget widget_black-studio-tinymce widget_black_studio_tinymce\" data-index=\"1\" ><h3 class=\"widget-title\">Conjunto de datos<\/h3><div class=\"textwidget\"><h5>N\u00f3mina de Empleados Fijos, 2017 - 2026.<\/h5>\n<p>Este conjunto de datos contiene las relaciones de N\u00f3mina de empleados del Instituto de Estabilizaci\u00f3n de Precios (INESPRE), generadas en el periodo 2017 - 2026, en el que se puede encontrar el registro financiero de los salarios de los colaboradores del INESPRE (empleados fijos, Carrera Administrativa, Estatuto Simplificado, Emp. de Confianza, Libre Nombramiento y Remoci\u00f3n).<br \/>\n<strong><\/p>\n<h6>Periodicidad: Mensual <\/h6>\n<p><\/strong><\/p>\n<h5>Compras y Contrataciones Realizadas y Aprobadas, 2017 - 2026.<\/h5>\n<p>Este conjunto de datos contiene las relaciones detalladas de las distintas Compras y Contrataciones Realizadas y Aprobadas que se llevaron a cabo en el Instituto de Estabilizaci\u00f3n de Precios (INESPRE), generadas en el periodo 2017\u20132026, en las que se pueden encontrar las diferentes compras, incluyendo informaci\u00f3n como la descripci\u00f3n de la compra, el tipo de Compra, la fecha de registro, proveedores, el valor en RD$, as\u00ed como el mes y el a\u00f1o correspondientes.<br \/>\n<strong><\/p>\n<h6>Periodicidad: Mensual <\/h6>\n<p><\/strong><\/p>\n<h5>Estad\u00edsticas Oficina Acceso a la Informaci\u00f3n (OAI), 2017 - 2026.<\/h5>\n<p>Este conjunto de datos detalla las Estad\u00edsticas de la Oficina de Acceso a la Informaci\u00f3n del Instituto de Estabilizaci\u00f3n de Precios (INESPRE), generadas en el periodo 2017\u20132026, en las que se pueden encontrar las estad\u00edsticas con los registros correspondientes con fecha de solicitud, la Informaci\u00f3n solicitada, el tiempo de respuesta, el porcentaje de cumplimiento, as\u00ed como el mes y el a\u00f1o asociados.<br \/>\n<strong><\/p>\n<h6>Periodicidad: Mensual <\/h6>\n<p><\/strong><\/p>\n<\/div><\/div><div id=\"panel-6693-0-0-2\" class=\"widget_text so-panel widget widget_custom_html panel-last-child\" data-index=\"2\" ><div class=\"textwidget custom-html-widget\"><style>\n.wrapper-folders {\n  display: grid;\n  grid-template-columns: repeat(auto-fit, minmax(220px, 1fr));\n  gap: 18px;\n}\n\n.folder-card {\n  display: flex;\n  align-items: center;\n  gap: 14px;\n  padding: 14px 16px;\n  border: 1px solid #d6d6d6;\n  border-radius: 10px;\n  background: #fff;\n  transition: box-shadow 0.25s ease, transform 0.2s ease;\n  min-height: 80px;\n}\n\n.folder-card:hover {\n  box-shadow: 0 3px 10px rgba(0,0,0,0.12);\n  transform: translateY(-2px);\n}\n\n.folder-card img {\n  width: 40px;\n  height: 52px;\n}\n\n.folder-info {\n  display: flex;\n  flex-direction: column;\n  justify-content: center;\n}\n\n.folder-info a {\n  font-size: 15px;\n  font-weight: 600;\n  color: #008000; \/* Verde institucional *\/\n  text-decoration: none;\n  line-height: 1.4;\n}\n\n.folder-info a:hover {\n  color: #0056a3;\n  text-decoration: underline;\n}\n\n@media (max-width: 480px) {\n  .folder-card {\n    padding: 12px 14px;\n    min-height: 70px;\n  }\n  .folder-card img {\n    width: 32px;\n    height: 42px;\n  }\n  .folder-info a {\n    font-size: 13.5px;\n  }\n}\n<\/style>\n\n<div class=\"wrapper-folders\">\n\n  <div class=\"folder-card\">\n    <a href=\"https:\/\/www.inespre.gob.do\/transparencia\/datos-abiertos\/nomina-de-empleados-fijos-2017-2023\/\">\n      <img decoding=\"async\" src=\"https:\/\/www.inespre.gob.do\/transparencia\/wp-content\/uploads\/2022\/04\/folder43x56.png\" alt=\"Folder\">\n    <\/a>\n    <div class=\"folder-info\">\n      <a href=\"https:\/\/www.inespre.gob.do\/transparencia\/datos-abiertos\/nomina-de-empleados-fijos-2017-2023\/\">\n        N\u00f3mina de Empleados Fijos, 2017 - 2026\n      <\/a>\n    <\/div>\n  <\/div>\n\n  <div class=\"folder-card\">\n    <a href=\"https:\/\/www.inespre.gob.do\/transparencia\/datos-abiertos\/compras-y-contrataciones-realizadas-y-aprobadas-2017-2024\/\">\n      <img decoding=\"async\" src=\"https:\/\/www.inespre.gob.do\/transparencia\/wp-content\/uploads\/2022\/04\/folder43x56.png\" alt=\"Folder\">\n    <\/a>\n    <div class=\"folder-info\">\n      <a href=\"https:\/\/www.inespre.gob.do\/transparencia\/datos-abiertos\/compras-y-contrataciones-realizadas-y-aprobadas-2017-2023\/\">\n        Compras y Contrataciones Realizadas y Aprobadas, 2017 - 2026\n      <\/a>\n    <\/div>\n  <\/div>\n\n  <div class=\"folder-card\">\n    <a href=\"https:\/\/www.inespre.gob.do\/transparencia\/datos-abiertos\/estadisticas-oficina-acceso-a-la-informacion-oai-2018-2024\/\">\n      <img decoding=\"async\" src=\"https:\/\/www.inespre.gob.do\/transparencia\/wp-content\/uploads\/2022\/04\/folder43x56.png\" alt=\"Folder\">\n    <\/a>\n    <div class=\"folder-info\">\n      <a href=\"https:\/\/www.inespre.gob.do\/transparencia\/datos-abiertos\/estadisticas-oficina-acceso-a-la-informacion-oai-2018-2024\/\">\n        Estad\u00edsticas Oficina Acceso a la Informaci\u00f3n (OAI), 2017 - 2026\n      <\/a>\n    <\/div>\n  <\/div>\n\n<\/div>\n<\/div><\/div><\/div><\/div><\/div>","protected":false},"excerpt":{"rendered":"<p>Datos.gob.do es el portal oficial de datos abiertos del gobierno de la Rep\u00fablica Dominicana. En \u00e9l, las organizaciones p\u00fablicas pueden gestionar y publicar sus conjuntos de datos en formatos abiertos. Puede acceder al perfil del Instituto de Estabilizaci\u00f3n de Precios a trav\u00e9s de este enlace: Datos Abiertos INESPRE N\u00f3mina de Empleados Fijos, 2017 &#8211; 2026. [&hellip;]<\/p>\n","protected":false},"author":5,"featured_media":0,"parent":0,"menu_order":0,"comment_status":"closed","ping_status":"closed","template":"","meta":{"footnotes":""},"categories":[],"tags":[],"class_list":["post-6693","page","type-page","status-publish","hentry"],"_links":{"self":[{"href":"https:\/\/www.inespre.gob.do\/transparencia\/wp-json\/wp\/v2\/pages\/6693","targetHints":{"allow":["GET"]}}],"collection":[{"href":"https:\/\/www.inespre.gob.do\/transparencia\/wp-json\/wp\/v2\/pages"}],"about":[{"href":"https:\/\/www.inespre.gob.do\/transparencia\/wp-json\/wp\/v2\/types\/page"}],"author":[{"embeddable":true,"href":"https:\/\/www.inespre.gob.do\/transparencia\/wp-json\/wp\/v2\/users\/5"}],"replies":[{"embeddable":true,"href":"https:\/\/www.inespre.gob.do\/transparencia\/wp-json\/wp\/v2\/comments?post=6693"}],"version-history":[{"count":150,"href":"https:\/\/www.inespre.gob.do\/transparencia\/wp-json\/wp\/v2\/pages\/6693\/revisions"}],"predecessor-version":[{"id":28946,"href":"https:\/\/www.inespre.gob.do\/transparencia\/wp-json\/wp\/v2\/pages\/6693\/revisions\/28946"}],"wp:attachment":[{"href":"https:\/\/www.inespre.gob.do\/transparencia\/wp-json\/wp\/v2\/media?parent=6693"}],"wp:term":[{"taxonomy":"category","embeddable":true,"href":"https:\/\/www.inespre.gob.do\/transparencia\/wp-json\/wp\/v2\/categories?post=6693"},{"taxonomy":"post_tag","embeddable":true,"href":"https:\/\/www.inespre.gob.do\/transparencia\/wp-json\/wp\/v2\/tags?post=6693"}],"curies":[{"name":"wp","href":"https:\/\/api.w.org\/{rel}","templated":true}]}}