{"id":6792,"date":"2018-07-05T15:09:51","date_gmt":"2018-07-05T19:09:51","guid":{"rendered":"http:\/\/www.inespre.gov.do\/transparencia\/?page_id=6792"},"modified":"2018-07-26T10:40:15","modified_gmt":"2018-07-26T14:40:15","slug":"relacion-de-compras-por-debajo-del-umbral","status":"publish","type":"page","link":"https:\/\/www.inespre.gob.do\/transparencia\/compras-y-contrataciones\/relacion-de-compras-por-debajo-del-umbral\/","title":{"rendered":"Relaci\u00f3n de compras por debajo del umbral"},"content":{"rendered":"<div id=\"pl-6792\"  class=\"panel-layout\" ><div id=\"pg-6792-0\"  class=\"panel-grid panel-no-style\" ><div id=\"pgc-6792-0-0\"  class=\"panel-grid-cell\" ><div id=\"panel-6792-0-0-0\" class=\"so-panel widget widget_nav_menu panel-first-child panel-last-child\" data-index=\"0\" ><h3 class=\"widget-title\">Relaci\u00f3n de compras por debajo del umbral<\/h3><div class=\"menu-compras-por-debajo-el-umbral-submenu-container\"><ul id=\"menu-compras-por-debajo-el-umbral-submenu\" class=\"menu\"><li id=\"menu-item-27386\" class=\"menu-item menu-item-type-post_type menu-item-object-page menu-item-27386\"><a href=\"https:\/\/www.inespre.gob.do\/transparencia\/compras-y-contrataciones\/relacion-de-compras-por-debajo-del-umbral\/relacion-de-compras-por-debajo-del-umbral-2025\/\">Relaci\u00f3n de compras por debajo del umbral 2025<\/a><\/li>\n<li id=\"menu-item-25085\" class=\"menu-item menu-item-type-post_type menu-item-object-page menu-item-25085\"><a href=\"https:\/\/www.inespre.gob.do\/transparencia\/compras-y-contrataciones\/relacion-de-compras-por-debajo-del-umbral\/relacion-de-compras-por-debajo-del-umbral-2024\/\">Relaci\u00f3n de compras por debajo del umbral 2024<\/a><\/li>\n<li id=\"menu-item-22372\" class=\"menu-item menu-item-type-post_type menu-item-object-page menu-item-22372\"><a href=\"https:\/\/www.inespre.gob.do\/transparencia\/compras-y-contrataciones\/relacion-de-compras-por-debajo-del-umbral\/relacion-de-compras-por-debajo-del-umbral-2023\/\">Relaci\u00f3n de compras por debajo del umbral 2023<\/a><\/li>\n<li id=\"menu-item-16895\" class=\"menu-item menu-item-type-post_type menu-item-object-page menu-item-16895\"><a href=\"https:\/\/www.inespre.gob.do\/transparencia\/compras-y-contrataciones\/relacion-de-compras-por-debajo-del-umbral\/relacion-de-compras-por-debajo-del-umbral-2022\/\">Relaci\u00f3n de compras por debajo del umbral 2022<\/a><\/li>\n<li id=\"menu-item-13119\" class=\"menu-item menu-item-type-post_type menu-item-object-page menu-item-13119\"><a href=\"https:\/\/www.inespre.gob.do\/transparencia\/compras-y-contrataciones\/relacion-de-compras-por-debajo-del-umbral\/relacion-de-compras-por-debajo-del-umbral-2021\/\">Relaci\u00f3n de compras por debajo del umbral 2021<\/a><\/li>\n<li id=\"menu-item-11302\" class=\"menu-item menu-item-type-post_type menu-item-object-page menu-item-11302\"><a href=\"https:\/\/www.inespre.gob.do\/transparencia\/compras-y-contrataciones\/relacion-de-compras-por-debajo-del-umbral\/relacion-de-compras-por-debajo-del-umbral-2020\/\">Relaci\u00f3n de compras por debajo del umbral 2020<\/a><\/li>\n<li id=\"menu-item-9009\" class=\"menu-item menu-item-type-post_type menu-item-object-page menu-item-9009\"><a href=\"https:\/\/www.inespre.gob.do\/transparencia\/compras-y-contrataciones\/relacion-de-compras-por-debajo-del-umbral\/relacion-de-compras-por-debajo-del-umbral-2019\/\">Relaci\u00f3n de compras por debajo del umbral 2019<\/a><\/li>\n<li id=\"menu-item-6819\" class=\"menu-item menu-item-type-post_type menu-item-object-page menu-item-6819\"><a href=\"https:\/\/www.inespre.gob.do\/transparencia\/compras-y-contrataciones\/relacion-de-compras-por-debajo-del-umbral\/compras-por-debajo-el-umbral-2018\/\">Relaci\u00f3n de compras por debajo del umbral 2018<\/a><\/li>\n<\/ul><\/div><\/div><\/div><\/div><\/div>","protected":false},"excerpt":{"rendered":"<p>Relaci\u00f3n de compras por debajo del umbralRelaci\u00f3n de compras por debajo del umbral 2025 Relaci\u00f3n de compras por debajo del umbral 2024 Relaci\u00f3n de compras por debajo del umbral 2023 Relaci\u00f3n de compras por debajo del umbral 2022 Relaci\u00f3n de compras por debajo del umbral 2021 Relaci\u00f3n de compras por debajo del umbral 2020 Relaci\u00f3n [&hellip;]<\/p>\n","protected":false},"author":5,"featured_media":0,"parent":51,"menu_order":0,"comment_status":"closed","ping_status":"closed","template":"","meta":{"footnotes":""},"categories":[],"tags":[],"class_list":["post-6792","page","type-page","status-publish","hentry"],"_links":{"self":[{"href":"https:\/\/www.inespre.gob.do\/transparencia\/wp-json\/wp\/v2\/pages\/6792","targetHints":{"allow":["GET"]}}],"collection":[{"href":"https:\/\/www.inespre.gob.do\/transparencia\/wp-json\/wp\/v2\/pages"}],"about":[{"href":"https:\/\/www.inespre.gob.do\/transparencia\/wp-json\/wp\/v2\/types\/page"}],"author":[{"embeddable":true,"href":"https:\/\/www.inespre.gob.do\/transparencia\/wp-json\/wp\/v2\/users\/5"}],"replies":[{"embeddable":true,"href":"https:\/\/www.inespre.gob.do\/transparencia\/wp-json\/wp\/v2\/comments?post=6792"}],"version-history":[{"count":8,"href":"https:\/\/www.inespre.gob.do\/transparencia\/wp-json\/wp\/v2\/pages\/6792\/revisions"}],"predecessor-version":[{"id":6919,"href":"https:\/\/www.inespre.gob.do\/transparencia\/wp-json\/wp\/v2\/pages\/6792\/revisions\/6919"}],"up":[{"embeddable":true,"href":"https:\/\/www.inespre.gob.do\/transparencia\/wp-json\/wp\/v2\/pages\/51"}],"wp:attachment":[{"href":"https:\/\/www.inespre.gob.do\/transparencia\/wp-json\/wp\/v2\/media?parent=6792"}],"wp:term":[{"taxonomy":"category","embeddable":true,"href":"https:\/\/www.inespre.gob.do\/transparencia\/wp-json\/wp\/v2\/categories?post=6792"},{"taxonomy":"post_tag","embeddable":true,"href":"https:\/\/www.inespre.gob.do\/transparencia\/wp-json\/wp\/v2\/tags?post=6792"}],"curies":[{"name":"wp","href":"https:\/\/api.w.org\/{rel}","templated":true}]}}