{"id":6799,"date":"2018-07-05T16:00:24","date_gmt":"2018-07-05T20:00:24","guid":{"rendered":"http:\/\/www.inespre.gov.do\/transparencia\/?page_id=6799"},"modified":"2019-01-02T12:29:34","modified_gmt":"2019-01-02T16:29:34","slug":"compras-por-debajo-el-umbral-2018","status":"publish","type":"page","link":"https:\/\/www.inespre.gob.do\/transparencia\/compras-y-contrataciones\/relacion-de-compras-por-debajo-del-umbral\/compras-por-debajo-el-umbral-2018\/","title":{"rendered":"Relaci\u00f3n de compras por debajo del umbral 2018"},"content":{"rendered":"<div id=\"pl-6799\"  class=\"panel-layout\" ><div id=\"pg-6799-0\"  class=\"panel-grid panel-no-style\" ><div id=\"pgc-6799-0-0\"  class=\"panel-grid-cell\" ><div id=\"panel-6799-0-0-0\" class=\"so-panel widget widget_black-studio-tinymce widget_black_studio_tinymce panel-first-child panel-last-child\" data-index=\"0\" ><h3 class=\"widget-title\">Relaci\u00f3n de compras por debajo del umbral 2018<\/h3><div class=\"textwidget\"><h5>Relaci\u00f3nes de Compras por debajo el umbral<\/h5>\n<p>        <div class=\"w3eden clear\" align=\"right\"><div class=\"link-btn light\">    <div class=\"media\">        <div class=\"pull-left wbt-left\"><div class=\"wbt-icon\"><img decoding=\"async\" class=\"wpdm_icon\" alt=\"Icono\"   src=\"https:\/\/www.inespre.gov.do\/transparencia\/wp-content\/plugins\/download-manager\/assets\/file-type-icons\/pdf.svg\" \/><\/div><\/div>        <div class=\"pull-left text-left wbt-content\"><strong class=\"ptitle\">                <a href=\"https:\/\/www.inespre.gob.do\/transparencia\/download\/diciembre-2018-relacion-de-compras-por-debajo-el-umbral\/?wpdmdl=8148&refresh=69f74cb3b1e101777814707\">Diciembre 2018 \u2013 Relaci\u00f3n de Compras por debajo el umbral<\/a>            <\/strong>            <div style=\"font-size: 8pt;padding-top: 1px\"><a href=\"https:\/\/www.inespre.gob.do\/transparencia\/download\/diciembre-2018-relacion-de-compras-por-debajo-el-umbral\/?wpdmdl=8148&refresh=69f74cb3b1e101777814707\">Descargar<\/a> <i style=\"margin: 4px 0 0 5px;opacity:0.5\"                                                           class=\"fa fa-th-large\"><\/i> 505.65 KB            <\/div>        <\/div>    <\/div><\/div><\/div><script>jQuery(function(){jQuery('.link-btn a.wpdm-download-link img').after('Descargar');jQuery('.link-btn a.wpdm-download-link img').remove();});<\/script><\/p>\n<h5>Noviembre 2018<\/h5>\n<p>No se realiz\u00f3 ning\u00fan proceso de compras bajo esta modalidad.<\/p>\n<hr \/>\n<p>        <div class=\"w3eden clear\" align=\"right\"><div class=\"link-btn light\">    <div class=\"media\">        <div class=\"pull-left wbt-left\"><div class=\"wbt-icon\"><img decoding=\"async\" class=\"wpdm_icon\" alt=\"Icono\"   src=\"https:\/\/www.inespre.gov.do\/transparencia\/wp-content\/plugins\/download-manager\/assets\/file-type-icons\/pdf.svg\" \/><\/div><\/div>        <div class=\"pull-left text-left wbt-content\"><strong class=\"ptitle\">                <a href=\"https:\/\/www.inespre.gob.do\/transparencia\/download\/octubre-2018-relacion-de-compras-por-debajo-el-umbral\/?wpdmdl=7601&refresh=69f74cb3b2e9a1777814707\">Octubre 2018 \u2013 Relaci\u00f3n de Compras por debajo el umbral<\/a>            <\/strong>            <div style=\"font-size: 8pt;padding-top: 1px\"><a href=\"https:\/\/www.inespre.gob.do\/transparencia\/download\/octubre-2018-relacion-de-compras-por-debajo-el-umbral\/?wpdmdl=7601&refresh=69f74cb3b2e9a1777814707\">Descargar<\/a> <i style=\"margin: 4px 0 0 5px;opacity:0.5\"                                                           class=\"fa fa-th-large\"><\/i> 182.09 KB            <\/div>        <\/div>    <\/div><\/div><\/div><script>jQuery(function(){jQuery('.link-btn a.wpdm-download-link img').after('Descargar');jQuery('.link-btn a.wpdm-download-link img').remove();});<\/script><br \/>\n        <div class=\"w3eden clear\" align=\"right\"><div class=\"link-btn light\">    <div class=\"media\">        <div class=\"pull-left wbt-left\"><div class=\"wbt-icon\"><img decoding=\"async\" class=\"wpdm_icon\" alt=\"Icono\"   src=\"http:\/\/www.inespre.gov.do\/transparencia\/wp-content\/plugins\/download-manager\/assets\/file-type-icons\/pdf.svg\" \/><\/div><\/div>        <div class=\"pull-left text-left wbt-content\"><strong class=\"ptitle\">                <a href=\"https:\/\/www.inespre.gob.do\/transparencia\/download\/septiembre-2018-relacion-de-compras-por-debajo-el-umbral\/?wpdmdl=7439&refresh=69f74cb3b34891777814707\">Septiembre 2018 \u2013 Relaci\u00f3n de Compras por debajo el umbral<\/a>            <\/strong>            <div style=\"font-size: 8pt;padding-top: 1px\"><a href=\"https:\/\/www.inespre.gob.do\/transparencia\/download\/septiembre-2018-relacion-de-compras-por-debajo-el-umbral\/?wpdmdl=7439&refresh=69f74cb3b34891777814707\">Descargar<\/a> <i style=\"margin: 4px 0 0 5px;opacity:0.5\"                                                           class=\"fa fa-th-large\"><\/i> 231.12 KB            <\/div>        <\/div>    <\/div><\/div><\/div><script>jQuery(function(){jQuery('.link-btn a.wpdm-download-link img').after('Descargar');jQuery('.link-btn a.wpdm-download-link img').remove();});<\/script><br \/>\n        <div class=\"w3eden clear\" align=\"right\"><div class=\"link-btn light\">    <div class=\"media\">        <div class=\"pull-left wbt-left\"><div class=\"wbt-icon\"><img decoding=\"async\" class=\"wpdm_icon\" alt=\"Icono\"   src=\"http:\/\/www.inespre.gov.do\/transparencia\/wp-content\/plugins\/download-manager\/assets\/file-type-icons\/pdf.svg\" \/><\/div><\/div>        <div class=\"pull-left text-left wbt-content\"><strong class=\"ptitle\">                <a href=\"https:\/\/www.inespre.gob.do\/transparencia\/download\/agosto-2018-relacion-de-compras-por-debajo-el-umbral\/?wpdmdl=7270&refresh=69f74cb3b39f21777814707\">Agosto 2018 \u2013 Relaci\u00f3n de Compras por debajo el umbral<\/a>            <\/strong>            <div style=\"font-size: 8pt;padding-top: 1px\"><a href=\"https:\/\/www.inespre.gob.do\/transparencia\/download\/agosto-2018-relacion-de-compras-por-debajo-el-umbral\/?wpdmdl=7270&refresh=69f74cb3b39f21777814707\">Descargar<\/a> <i style=\"margin: 4px 0 0 5px;opacity:0.5\"                                                           class=\"fa fa-th-large\"><\/i> 307.82 KB            <\/div>        <\/div>    <\/div><\/div><\/div><script>jQuery(function(){jQuery('.link-btn a.wpdm-download-link img').after('Descargar');jQuery('.link-btn a.wpdm-download-link img').remove();});<\/script><br \/>\n        <div class=\"w3eden clear\" align=\"right\"><div class=\"link-btn light\">    <div class=\"media\">        <div class=\"pull-left wbt-left\"><div class=\"wbt-icon\"><img decoding=\"async\" class=\"wpdm_icon\" alt=\"Icono\"   src=\"http:\/\/www.inespre.gov.do\/transparencia\/wp-content\/plugins\/download-manager\/assets\/file-type-icons\/pdf.svg\" \/><\/div><\/div>        <div class=\"pull-left text-left wbt-content\"><strong class=\"ptitle\">                <a href=\"https:\/\/www.inespre.gob.do\/transparencia\/download\/julio-2018-relacion-de-compras-por-debajo-el-umbral\/?wpdmdl=6932&refresh=69f74cb3b3f3e1777814707\">Julio 2018 \u2013 Relaci\u00f3n de Compras por debajo el umbral<\/a>            <\/strong>            <div style=\"font-size: 8pt;padding-top: 1px\"><a href=\"https:\/\/www.inespre.gob.do\/transparencia\/download\/julio-2018-relacion-de-compras-por-debajo-el-umbral\/?wpdmdl=6932&refresh=69f74cb3b3f3e1777814707\">Descargar<\/a> <i style=\"margin: 4px 0 0 5px;opacity:0.5\"                                                           class=\"fa fa-th-large\"><\/i> 252.30 KB            <\/div>        <\/div>    <\/div><\/div><\/div><script>jQuery(function(){jQuery('.link-btn a.wpdm-download-link img').after('Descargar');jQuery('.link-btn a.wpdm-download-link img').remove();});<\/script><br \/>\n        <div class=\"w3eden clear\" align=\"right\"><div class=\"link-btn light\">    <div class=\"media\">        <div class=\"pull-left wbt-left\"><div class=\"wbt-icon\"><img decoding=\"async\" class=\"wpdm_icon\" alt=\"Icono\"   src=\"http:\/\/www.inespre.gov.do\/transparencia\/wp-content\/plugins\/download-manager\/assets\/file-type-icons\/pdf.svg\" \/><\/div><\/div>        <div class=\"pull-left text-left wbt-content\"><strong class=\"ptitle\">                <a href=\"https:\/\/www.inespre.gob.do\/transparencia\/download\/junio-2018-relacion-de-compras-por-debajo-el-umbral\/?wpdmdl=6814&refresh=69f74cb3b44621777814707\">Junio 2018 \u2013 Relaci\u00f3n de Compras por debajo el umbral<\/a>            <\/strong>            <div style=\"font-size: 8pt;padding-top: 1px\"><a href=\"https:\/\/www.inespre.gob.do\/transparencia\/download\/junio-2018-relacion-de-compras-por-debajo-el-umbral\/?wpdmdl=6814&refresh=69f74cb3b44621777814707\">Descargar<\/a> <i style=\"margin: 4px 0 0 5px;opacity:0.5\"                                                           class=\"fa fa-th-large\"><\/i> 274.66 KB            <\/div>        <\/div>    <\/div><\/div><\/div><script>jQuery(function(){jQuery('.link-btn a.wpdm-download-link img').after('Descargar');jQuery('.link-btn a.wpdm-download-link img').remove();});<\/script><br \/>\n        <div class=\"w3eden clear\" align=\"right\"><div class=\"link-btn light\">    <div class=\"media\">        <div class=\"pull-left wbt-left\"><div class=\"wbt-icon\"><img decoding=\"async\" class=\"wpdm_icon\" alt=\"Icono\"   src=\"http:\/\/www.inespre.gov.do\/transparencia\/wp-content\/plugins\/download-manager\/assets\/file-type-icons\/xls.svg\" \/><\/div><\/div>        <div class=\"pull-left text-left wbt-content\"><strong class=\"ptitle\">                <a href=\"https:\/\/www.inespre.gob.do\/transparencia\/download\/mayo-2018-relacion-de-compras-por-debajo-el-umbral\/?wpdmdl=6812&refresh=69f74cb3b49861777814707\">Mayo 2018 \u2013 Relaci\u00f3n de Compras por debajo el umbral<\/a>            <\/strong>            <div style=\"font-size: 8pt;padding-top: 1px\"><a href=\"https:\/\/www.inespre.gob.do\/transparencia\/download\/mayo-2018-relacion-de-compras-por-debajo-el-umbral\/?wpdmdl=6812&refresh=69f74cb3b49861777814707\">Descargar<\/a> <i style=\"margin: 4px 0 0 5px;opacity:0.5\"                                                           class=\"fa fa-th-large\"><\/i> 163.54 KB            <\/div>        <\/div>    <\/div><\/div><\/div><script>jQuery(function(){jQuery('.link-btn a.wpdm-download-link img').after('Descargar');jQuery('.link-btn a.wpdm-download-link img').remove();});<\/script><br \/>\n        <div class=\"w3eden clear\" align=\"right\"><div class=\"link-btn light\">    <div class=\"media\">        <div class=\"pull-left wbt-left\"><div class=\"wbt-icon\"><img decoding=\"async\" class=\"wpdm_icon\" alt=\"Icono\"   src=\"http:\/\/www.inespre.gov.do\/transparencia\/wp-content\/plugins\/download-manager\/assets\/file-type-icons\/xls.svg\" \/><\/div><\/div>        <div class=\"pull-left text-left wbt-content\"><strong class=\"ptitle\">                <a href=\"https:\/\/www.inespre.gob.do\/transparencia\/download\/abril-2018-relacion-de-compras-por-debajo-el-umbral\/?wpdmdl=6930&refresh=69f74cb3b4ee91777814707\">Abril 2018 \u2013 Relaci\u00f3n de Compras por debajo el umbral<\/a>            <\/strong>            <div style=\"font-size: 8pt;padding-top: 1px\"><a href=\"https:\/\/www.inespre.gob.do\/transparencia\/download\/abril-2018-relacion-de-compras-por-debajo-el-umbral\/?wpdmdl=6930&refresh=69f74cb3b4ee91777814707\">Descargar<\/a> <i style=\"margin: 4px 0 0 5px;opacity:0.5\"                                                           class=\"fa fa-th-large\"><\/i> 163.98 KB            <\/div>        <\/div>    <\/div><\/div><\/div><script>jQuery(function(){jQuery('.link-btn a.wpdm-download-link img').after('Descargar');jQuery('.link-btn a.wpdm-download-link img').remove();});<\/script><br \/>\n        <div class=\"w3eden clear\" align=\"right\"><div class=\"link-btn light\">    <div class=\"media\">        <div class=\"pull-left wbt-left\"><div class=\"wbt-icon\"><img decoding=\"async\" class=\"wpdm_icon\" alt=\"Icono\"   src=\"http:\/\/www.inespre.gov.do\/transparencia\/wp-content\/plugins\/download-manager\/assets\/file-type-icons\/xls.svg\" \/><\/div><\/div>        <div class=\"pull-left text-left wbt-content\"><strong class=\"ptitle\">                <a href=\"https:\/\/www.inespre.gob.do\/transparencia\/download\/marzo-2018-relacion-de-compras-por-debajo-el-umbral\/?wpdmdl=6810&refresh=69f74cb3b540c1777814707\">Marzo 2018 \u2013 Relaci\u00f3n de Compras por debajo el umbral<\/a>            <\/strong>            <div style=\"font-size: 8pt;padding-top: 1px\"><a href=\"https:\/\/www.inespre.gob.do\/transparencia\/download\/marzo-2018-relacion-de-compras-por-debajo-el-umbral\/?wpdmdl=6810&refresh=69f74cb3b540c1777814707\">Descargar<\/a> <i style=\"margin: 4px 0 0 5px;opacity:0.5\"                                                           class=\"fa fa-th-large\"><\/i> 163.78 KB            <\/div>        <\/div>    <\/div><\/div><\/div><script>jQuery(function(){jQuery('.link-btn a.wpdm-download-link img').after('Descargar');jQuery('.link-btn a.wpdm-download-link img').remove();});<\/script><br \/>\n        <div class=\"w3eden clear\" align=\"right\"><div class=\"link-btn light\">    <div class=\"media\">        <div class=\"pull-left wbt-left\"><div class=\"wbt-icon\"><img decoding=\"async\" class=\"wpdm_icon\" alt=\"Icono\"   src=\"http:\/\/www.inespre.gov.do\/transparencia\/wp-content\/plugins\/download-manager\/assets\/file-type-icons\/xls.svg\" \/><\/div><\/div>        <div class=\"pull-left text-left wbt-content\"><strong class=\"ptitle\">                <a href=\"https:\/\/www.inespre.gob.do\/transparencia\/download\/febrero-2018-relacion-de-compras-por-debajo-el-umbral\/?wpdmdl=6808&refresh=69f74cb3b59181777814707\">Febrero 2018 \u2013 Relaci\u00f3n de Compras por debajo el umbral<\/a>            <\/strong>            <div style=\"font-size: 8pt;padding-top: 1px\"><a href=\"https:\/\/www.inespre.gob.do\/transparencia\/download\/febrero-2018-relacion-de-compras-por-debajo-el-umbral\/?wpdmdl=6808&refresh=69f74cb3b59181777814707\">Descargar<\/a> <i style=\"margin: 4px 0 0 5px;opacity:0.5\"                                                           class=\"fa fa-th-large\"><\/i> 163.71 KB            <\/div>        <\/div>    <\/div><\/div><\/div><script>jQuery(function(){jQuery('.link-btn a.wpdm-download-link img').after('Descargar');jQuery('.link-btn a.wpdm-download-link img').remove();});<\/script><\/p>\n<h5>Enero 2018<\/h5>\n<p>No se realiz\u00f3 ning\u00fan proceso de compras bajo esta modalidad.<\/p>\n<hr \/>\n<\/div><\/div><\/div><\/div><\/div>","protected":false},"excerpt":{"rendered":"<p>Relaci\u00f3nes de Compras por debajo el umbral Noviembre 2018 No se realiz\u00f3 ning\u00fan proceso de compras bajo esta modalidad. Enero 2018 No se realiz\u00f3 ning\u00fan proceso de compras bajo esta modalidad.<\/p>\n","protected":false},"author":5,"featured_media":0,"parent":6792,"menu_order":0,"comment_status":"closed","ping_status":"closed","template":"","meta":{"footnotes":""},"categories":[],"tags":[],"class_list":["post-6799","page","type-page","status-publish","hentry"],"_links":{"self":[{"href":"https:\/\/www.inespre.gob.do\/transparencia\/wp-json\/wp\/v2\/pages\/6799","targetHints":{"allow":["GET"]}}],"collection":[{"href":"https:\/\/www.inespre.gob.do\/transparencia\/wp-json\/wp\/v2\/pages"}],"about":[{"href":"https:\/\/www.inespre.gob.do\/transparencia\/wp-json\/wp\/v2\/types\/page"}],"author":[{"embeddable":true,"href":"https:\/\/www.inespre.gob.do\/transparencia\/wp-json\/wp\/v2\/users\/5"}],"replies":[{"embeddable":true,"href":"https:\/\/www.inespre.gob.do\/transparencia\/wp-json\/wp\/v2\/comments?post=6799"}],"version-history":[{"count":24,"href":"https:\/\/www.inespre.gob.do\/transparencia\/wp-json\/wp\/v2\/pages\/6799\/revisions"}],"predecessor-version":[{"id":8150,"href":"https:\/\/www.inespre.gob.do\/transparencia\/wp-json\/wp\/v2\/pages\/6799\/revisions\/8150"}],"up":[{"embeddable":true,"href":"https:\/\/www.inespre.gob.do\/transparencia\/wp-json\/wp\/v2\/pages\/6792"}],"wp:attachment":[{"href":"https:\/\/www.inespre.gob.do\/transparencia\/wp-json\/wp\/v2\/media?parent=6799"}],"wp:term":[{"taxonomy":"category","embeddable":true,"href":"https:\/\/www.inespre.gob.do\/transparencia\/wp-json\/wp\/v2\/categories?post=6799"},{"taxonomy":"post_tag","embeddable":true,"href":"https:\/\/www.inespre.gob.do\/transparencia\/wp-json\/wp\/v2\/tags?post=6799"}],"curies":[{"name":"wp","href":"https:\/\/api.w.org\/{rel}","templated":true}]}}