{"id":8260,"date":"2019-01-15T13:30:59","date_gmt":"2019-01-15T17:30:59","guid":{"rendered":"https:\/\/www.inespre.gov.do\/transparencia\/?page_id=8260"},"modified":"2020-01-07T20:45:51","modified_gmt":"2020-01-08T00:45:51","slug":"comparaciones-de-precios-2019","status":"publish","type":"page","link":"https:\/\/www.inespre.gob.do\/transparencia\/compras-y-contrataciones\/comparaciones-de-precios\/comparaciones-de-precios-2019\/","title":{"rendered":"Comparaciones de Precios 2019"},"content":{"rendered":"<div id=\"pl-8260\"  class=\"panel-layout\" ><div id=\"pg-8260-0\"  class=\"panel-grid panel-no-style\" ><div id=\"pgc-8260-0-0\"  class=\"panel-grid-cell\" ><div id=\"panel-8260-0-0-0\" class=\"so-panel widget widget_black-studio-tinymce widget_black_studio_tinymce panel-first-child panel-last-child\" data-index=\"0\" ><h3 class=\"widget-title\">Comparaciones de Precios 2019<\/h3><div class=\"textwidget\"><p><!--\n\n<h5>Relaci\u00f3n Comparaciones de Precios<\/h5>\n\n\n \n[wpdm_tree category=\"relaciones-de-comparaciones-de-precios\" download_link=1]\n--><\/p>\n<h5>Diciembre 2019<\/h5>\n<p>Durante el mes de diciembre 2019 no se realiz\u00f3 ning\u00fan proceso de compras bajo esta modalidad.<\/p>\n<hr \/>\n<h5>Noviembre 2019<\/h5>\n<p>Durante el mes de noviembre 2019 no se realiz\u00f3 ning\u00fan proceso de compras bajo esta modalidad.<\/p>\n<hr \/>\n<h5>Octubre 2019<\/h5>\n<p>    <script language=\"JavaScript\" src=\"https:\/\/www.inespre.gob.do\/transparencia\/wp-content\/plugins\/wpdm-extended-shortcodes\/js\/jqueryFileTree.js\"><\/script>         <link rel=\"stylesheet\" href=\"https:\/\/www.inespre.gob.do\/transparencia\/wp-content\/plugins\/wpdm-extended-shortcodes\/css\/jqueryFileTree.css\" \/>              <div id=\"tree69f74cb0eb0dd\"><\/div>    <script language=\"JavaScript\">        jQuery(document).ready( function() {            jQuery('#tree69f74cb0eb0dd').fileTree({                script: 'https:\/\/www.inespre.gob.do\/transparencia\/?task=wpdm_tree&ddl=1&orderby=modified&order=desc',                expandSpeed: 1000,                collapseSpeed: 1000,                root: '540',                multiFolder: false            }, function(file) {               location.href = file;            });        });    <\/script>    <\/p>\n<hr \/>\n<h5>Septiembre 2019<\/h5>\n<p>Durante el mes de septiembre 2019 no se realiz\u00f3 ning\u00fan proceso de compras bajo esta modalidad.<\/p>\n<hr \/>\n<h5>Agosto 2019<\/h5>\n<p>Durante el mes de agosto 2019 no se realiz\u00f3 ning\u00fan proceso de compras bajo esta modalidad.<\/p>\n<hr \/>\n<h5>Julio 2019<\/h5>\n<p>Durante el mes de julio 2019 no se realiz\u00f3 ning\u00fan proceso de compras bajo esta modalidad.<\/p>\n<hr \/>\n<h5>Junio 2019<\/h5>\n<p>Durante el mes de junio 2019 no se realiz\u00f3 ning\u00fan proceso de compras bajo esta modalidad.<\/p>\n<hr \/>\n<h5>Mayo 2019<\/h5>\n<p>    <script language=\"JavaScript\" src=\"https:\/\/www.inespre.gob.do\/transparencia\/wp-content\/plugins\/wpdm-extended-shortcodes\/js\/jqueryFileTree.js\"><\/script>         <link rel=\"stylesheet\" href=\"https:\/\/www.inespre.gob.do\/transparencia\/wp-content\/plugins\/wpdm-extended-shortcodes\/css\/jqueryFileTree.css\" \/>              <div id=\"tree69f74cb0eb1a1\"><\/div>    <script language=\"JavaScript\">        jQuery(document).ready( function() {            jQuery('#tree69f74cb0eb1a1').fileTree({                script: 'https:\/\/www.inespre.gob.do\/transparencia\/?task=wpdm_tree&ddl=1&orderby=modified&order=desc',                expandSpeed: 1000,                collapseSpeed: 1000,                root: '504',                multiFolder: false            }, function(file) {               location.href = file;            });        });    <\/script>    <\/p>\n<hr \/>\n<h5>Abril 2019<\/h5>\n<p>    <script language=\"JavaScript\" src=\"https:\/\/www.inespre.gob.do\/transparencia\/wp-content\/plugins\/wpdm-extended-shortcodes\/js\/jqueryFileTree.js\"><\/script>         <link rel=\"stylesheet\" href=\"https:\/\/www.inespre.gob.do\/transparencia\/wp-content\/plugins\/wpdm-extended-shortcodes\/css\/jqueryFileTree.css\" \/>              <div id=\"tree69f74cb0eb240\"><\/div>    <script language=\"JavaScript\">        jQuery(document).ready( function() {            jQuery('#tree69f74cb0eb240').fileTree({                script: 'https:\/\/www.inespre.gob.do\/transparencia\/?task=wpdm_tree&ddl=1&orderby=modified&order=desc',                expandSpeed: 1000,                collapseSpeed: 1000,                root: '498',                multiFolder: false            }, function(file) {               location.href = file;            });        });    <\/script>    <\/p>\n<hr \/>\n<h5>Marzo 2019<\/h5>\n<p>    <script language=\"JavaScript\" src=\"https:\/\/www.inespre.gob.do\/transparencia\/wp-content\/plugins\/wpdm-extended-shortcodes\/js\/jqueryFileTree.js\"><\/script>         <link rel=\"stylesheet\" href=\"https:\/\/www.inespre.gob.do\/transparencia\/wp-content\/plugins\/wpdm-extended-shortcodes\/css\/jqueryFileTree.css\" \/>              <div id=\"tree69f74cb0eb2ce\"><\/div>    <script language=\"JavaScript\">        jQuery(document).ready( function() {            jQuery('#tree69f74cb0eb2ce').fileTree({                script: 'https:\/\/www.inespre.gob.do\/transparencia\/?task=wpdm_tree&ddl=1&orderby=modified&order=desc',                expandSpeed: 1000,                collapseSpeed: 1000,                root: '479',                multiFolder: false            }, function(file) {               location.href = file;            });        });    <\/script>    <\/p>\n<hr \/>\n<h5>Febrero 2019<\/h5>\n<p>    <script language=\"JavaScript\" src=\"https:\/\/www.inespre.gob.do\/transparencia\/wp-content\/plugins\/wpdm-extended-shortcodes\/js\/jqueryFileTree.js\"><\/script>         <link rel=\"stylesheet\" href=\"https:\/\/www.inespre.gob.do\/transparencia\/wp-content\/plugins\/wpdm-extended-shortcodes\/css\/jqueryFileTree.css\" \/>              <div id=\"tree69f74cb0eb35b\"><\/div>    <script language=\"JavaScript\">        jQuery(document).ready( function() {            jQuery('#tree69f74cb0eb35b').fileTree({                script: 'https:\/\/www.inespre.gob.do\/transparencia\/?task=wpdm_tree&ddl=1&orderby=modified&order=desc',                expandSpeed: 1000,                collapseSpeed: 1000,                root: '472',                multiFolder: false            }, function(file) {               location.href = file;            });        });    <\/script>    <\/p>\n<hr \/>\n<h5>Enero 2019<\/h5>\n<p>    <script language=\"JavaScript\" src=\"https:\/\/www.inespre.gob.do\/transparencia\/wp-content\/plugins\/wpdm-extended-shortcodes\/js\/jqueryFileTree.js\"><\/script>         <link rel=\"stylesheet\" href=\"https:\/\/www.inespre.gob.do\/transparencia\/wp-content\/plugins\/wpdm-extended-shortcodes\/css\/jqueryFileTree.css\" \/>              <div id=\"tree69f74cb0eb3f0\"><\/div>    <script language=\"JavaScript\">        jQuery(document).ready( function() {            jQuery('#tree69f74cb0eb3f0').fileTree({                script: 'https:\/\/www.inespre.gob.do\/transparencia\/?task=wpdm_tree&ddl=1&orderby=modified&order=desc',                expandSpeed: 1000,                collapseSpeed: 1000,                root: '446',                multiFolder: false            }, function(file) {               location.href = file;            });        });    <\/script>    <\/p>\n<hr \/>\n<\/div><\/div><\/div><\/div><\/div>","protected":false},"excerpt":{"rendered":"<p>Diciembre 2019 Durante el mes de diciembre 2019 no se realiz\u00f3 ning\u00fan proceso de compras bajo esta modalidad. Noviembre 2019 Durante el mes de noviembre 2019 no se realiz\u00f3 ning\u00fan proceso de compras bajo esta modalidad. Octubre 2019 Septiembre 2019 Durante el mes de septiembre 2019 no se realiz\u00f3 ning\u00fan proceso de compras bajo esta [&hellip;]<\/p>\n","protected":false},"author":5,"featured_media":0,"parent":925,"menu_order":0,"comment_status":"closed","ping_status":"closed","template":"","meta":{"footnotes":""},"categories":[],"tags":[],"class_list":["post-8260","page","type-page","status-publish","hentry"],"_links":{"self":[{"href":"https:\/\/www.inespre.gob.do\/transparencia\/wp-json\/wp\/v2\/pages\/8260","targetHints":{"allow":["GET"]}}],"collection":[{"href":"https:\/\/www.inespre.gob.do\/transparencia\/wp-json\/wp\/v2\/pages"}],"about":[{"href":"https:\/\/www.inespre.gob.do\/transparencia\/wp-json\/wp\/v2\/types\/page"}],"author":[{"embeddable":true,"href":"https:\/\/www.inespre.gob.do\/transparencia\/wp-json\/wp\/v2\/users\/5"}],"replies":[{"embeddable":true,"href":"https:\/\/www.inespre.gob.do\/transparencia\/wp-json\/wp\/v2\/comments?post=8260"}],"version-history":[{"count":25,"href":"https:\/\/www.inespre.gob.do\/transparencia\/wp-json\/wp\/v2\/pages\/8260\/revisions"}],"predecessor-version":[{"id":11014,"href":"https:\/\/www.inespre.gob.do\/transparencia\/wp-json\/wp\/v2\/pages\/8260\/revisions\/11014"}],"up":[{"embeddable":true,"href":"https:\/\/www.inespre.gob.do\/transparencia\/wp-json\/wp\/v2\/pages\/925"}],"wp:attachment":[{"href":"https:\/\/www.inespre.gob.do\/transparencia\/wp-json\/wp\/v2\/media?parent=8260"}],"wp:term":[{"taxonomy":"category","embeddable":true,"href":"https:\/\/www.inespre.gob.do\/transparencia\/wp-json\/wp\/v2\/categories?post=8260"},{"taxonomy":"post_tag","embeddable":true,"href":"https:\/\/www.inespre.gob.do\/transparencia\/wp-json\/wp\/v2\/tags?post=8260"}],"curies":[{"name":"wp","href":"https:\/\/api.w.org\/{rel}","templated":true}]}}