{"id":937,"date":"2015-10-21T13:17:58","date_gmt":"2015-10-21T17:17:58","guid":{"rendered":"http:\/\/transparencia.inespre.gov.do\/?page_id=937"},"modified":"2025-06-13T11:17:59","modified_gmt":"2025-06-13T15:17:59","slug":"sorteo-de-obras","status":"publish","type":"page","link":"https:\/\/www.inespre.gob.do\/transparencia\/compras-y-contrataciones\/sorteo-de-obras\/","title":{"rendered":"Sorteo de Obras"},"content":{"rendered":"<div id=\"pl-937\"  class=\"panel-layout\" ><div id=\"pg-937-0\"  class=\"panel-grid panel-no-style\" ><div id=\"pgc-937-0-0\"  class=\"panel-grid-cell\" ><div id=\"panel-937-0-0-0\" class=\"so-panel widget widget_black-studio-tinymce widget_black_studio_tinymce panel-first-child\" data-index=\"0\" ><h3 class=\"widget-title\">Sorteo de Obras<\/h3><div class=\"textwidget\"><\/div><\/div><div id=\"panel-937-0-0-1\" class=\"so-panel widget widget_tabs\" data-index=\"1\" ><div\n\t\t\t\n\t\t\tclass=\"so-widget-tabs so-widget-tabs-tabs-style-6b70deefe27e-937\"\n\t\t\t\n\t\t>\r\n\r\n\r\n\r\n\r\n<div class=\"soua-tab\">\r\n\r\n    <ul class=\"soua-tabs\">\r\n                <li><a href=\"#\"> \r\n\r\n        \r\n            \r\n                \r\n        2025\r\n        \r\n        <\/a><\/li>\r\n                <li><a href=\"#\"> \r\n\r\n        \r\n            \r\n                \r\n        2024\r\n        \r\n        <\/a><\/li>\r\n                <li><a href=\"#\"> \r\n\r\n        \r\n            \r\n                \r\n        2023\r\n        \r\n        <\/a><\/li>\r\n                <li><a href=\"#\"> \r\n\r\n        \r\n            \r\n                \r\n        2022\r\n        \r\n        <\/a><\/li>\r\n                <li><a href=\"#\"> \r\n\r\n        \r\n            \r\n                \r\n        2021\r\n        \r\n        <\/a><\/li>\r\n                <li><a href=\"#\"> \r\n\r\n        \r\n            \r\n                \r\n        2020\r\n        \r\n        <\/a><\/li>\r\n                <li><a href=\"#\"> \r\n\r\n        \r\n            \r\n                \r\n        2019\r\n        \r\n        <\/a><\/li>\r\n                <li><a href=\"#\"> \r\n\r\n        \r\n            \r\n                \r\n        2018\r\n        \r\n        <\/a><\/li>\r\n            <\/ul> <!-- \/ tabs -->\r\n\r\n    <div class=\"tab_content\">\r\n                <div class=\"tabs_item\">\r\n            <p><h4 id=\"2025\"><strong><span style=\"color: #003300;\">2025<\/span><\/strong><\/h4>\n<hr \/>\n<h5>Mayo<\/h5>\n<p>Durante el mes de <strong>Mayo<\/strong> 2025 no se realiz\u00f3 ning\u00fan proceso de compras bajo esta modalidad.<\/p>\n<hr \/>\n<h5>Abril<\/h5>\n<p>Durante el mes de <strong>abril<\/strong> 2025 no se realiz\u00f3 ning\u00fan proceso de compras bajo esta modalidad.<\/p>\n<hr \/>\n<h5>Marzo<\/h5>\n<p>Durante el mes de <strong>marzo<\/strong> 2025 no se realiz\u00f3 ning\u00fan proceso de compras bajo esta modalidad.<\/p>\n<hr \/>\n<h5>Febrero<\/h5>\n<p>Durante el mes de <strong>ferbrero<\/strong> 2025 no se realiz\u00f3 ning\u00fan proceso de compras bajo esta modalidad.<\/p>\n<hr \/>\n<h5>Enero<\/h5>\n<p>Durante el mes de <strong>enero<\/strong> 2025 no se realiz\u00f3 ning\u00fan proceso de compras bajo esta modalidad.<\/p>\n<\/p>\r\n        <\/div> <!-- \/ tabs_item -->\r\n                <div class=\"tabs_item\">\r\n            <p><h4 id=\"2024\"><strong><span style=\"color: #003300;\">2024<\/span><\/strong><\/h4>\n<hr \/>\n\n<h5>Diciembre<\/h5>\nDurante el mes de <strong>diciembre<\/strong> 2024 no se realiz\u00f3 ning\u00fan proceso de compras bajo esta modalidad.\n<hr \/>\n\n<h5>Noviembre<\/h5>\nDurante el mes de <strong>noviembre<\/strong> 2024 no se realiz\u00f3 ning\u00fan proceso de compras bajo esta modalidad.\n\n<hr \/>\n\n<h5>Octubre<\/h5>\nDurante el mes de <strong>octubre<\/strong> 2024 no se realiz\u00f3 ning\u00fan proceso de compras bajo esta modalidad.\n\n<hr \/>\n\n<h5>Septiembre<\/h5>\nDurante el mes de <strong>septiembre<\/strong> 2024 no se realiz\u00f3 ning\u00fan proceso de compras bajo esta modalidad.\n\n<hr \/>\n\n<h5>Agosto<\/h5>\nDurante el mes de <strong>agosto<\/strong> 2024 no se realiz\u00f3 ning\u00fan proceso de compras bajo esta modalidad.\n\n<hr \/>\n\n<h5>Julio<\/h5>\nDurante el mes de <strong>julio<\/strong> 2024 no se realiz\u00f3 ning\u00fan proceso de compras bajo esta modalidad.\n\n<hr \/>\n\n<h5>Junio<\/h5>\nDurante el mes de <strong>junio<\/strong> 2024 no se realiz\u00f3 ning\u00fan proceso de compras bajo esta modalidad.\n\n<hr \/>\n\n<h5>Mayo<\/h5>\nDurante el mes de <strong>mayo<\/strong> 2024 no se realiz\u00f3 ning\u00fan proceso de compras bajo esta modalidad.\n\n<hr \/>\n\n<h5>Abril<\/h5>\nDurante el mes de <strong>abril<\/strong> 2024 no se realiz\u00f3 ning\u00fan proceso de compras bajo esta modalidad.\n\n<hr \/>\n\n<h5>Marzo<\/h5>\nDurante el mes de <strong>marzo<\/strong> 2024 no se realiz\u00f3 ning\u00fan proceso de compras bajo esta modalidad.\n\n<hr \/>\n\n<h5>Febrero<\/h5>\nDurante el mes de <strong>febrero<\/strong> 2024 no se realiz\u00f3 ning\u00fan proceso de compras bajo esta modalidad.\n\n<hr \/>\n\n<h5>Enero<\/h5>\nDurante el mes de <strong>Enero<\/strong> 2024 no se realiz\u00f3 ning\u00fan proceso de compras bajo esta modalidad.\n\n<hr \/><\/p>\r\n        <\/div> <!-- \/ tabs_item -->\r\n                <div class=\"tabs_item\">\r\n            <p><h4 id=\"2023\"><strong><span style=\"color: #003300;\">2023<\/span><\/strong><\/h4>\n<hr \/>\n<h5>Diciembre<\/h5>\nDurante el mes de <strong>diciembre<\/strong> 2023 no se realiz\u00f3 ning\u00fan proceso de compras bajo esta modalidad.\n<hr \/>\n<h5>Noviembre<\/h5>\nDurante el mes de <strong>noviembre<\/strong> 2023 no se realiz\u00f3 ning\u00fan proceso de compras bajo esta modalidad.\n<hr \/>\n<h5>Octubre<\/h5>\nDurante el mes de <strong>octubre<\/strong> 2023 no se realiz\u00f3 ning\u00fan proceso de compras bajo esta modalidad.\n<hr \/>\n<h5>Septiembre<\/h5>\nDurante el mes de <strong>septiembre<\/strong> 2023 no se realiz\u00f3 ning\u00fan proceso de compras bajo esta modalidad.\n<hr \/>\n<h5>Agosto<\/h5>\nDurante el mes de <strong>agosto<\/strong> 2023 no se realiz\u00f3 ning\u00fan proceso de compras bajo esta modalidad.\n<hr \/>\n<h5>Julio<\/h5>\nDurante el mes de <strong>julio<\/strong> 2023 no se realiz\u00f3 ning\u00fan proceso de compras bajo esta modalidad.\n<hr \/>\n<h5>Junio<\/h5>\nDurante el mes de <strong>junio<\/strong> 2023 no se realiz\u00f3 ning\u00fan proceso de compras bajo esta modalidad.\n<hr \/>\n<h5>Mayo<\/h5>\nDurante el mes de <strong>mayo<\/strong> 2023 no se realiz\u00f3 ning\u00fan proceso de compras bajo esta modalidad.\n<hr \/>\n<h5>Abril<\/h5>\nDurante el mes de <strong>abril<\/strong> 2023 no se realiz\u00f3 ning\u00fan proceso de compras bajo esta modalidad.\n<hr \/>\n<h5>Marzo<\/h5>\nDurante el mes de <strong>marzo<\/strong> 2023 no se realiz\u00f3 ning\u00fan proceso de compras bajo esta modalidad.\n<hr \/>\n\n<h5>Febrero<\/h5>\nDurante el mes de <strong>febrero<\/strong> 2023 no se realiz\u00f3 ning\u00fan proceso de compras bajo esta modalidad.\n<hr \/>\n\n<h5>Enero<\/h5>\nDurante el mes de <strong>enero<\/strong> 2023 no se realiz\u00f3 ning\u00fan proceso de compras bajo esta modalidad.\n<hr \/><\/p>\r\n        <\/div> <!-- \/ tabs_item -->\r\n                <div class=\"tabs_item\">\r\n            <p><h4 id=\"2022\"><strong><span style=\"color: #003300;\">2022<\/span><\/strong><\/h4>\n<hr \/>\n\n<h5>Diciembre<\/h5>\nDurante el mes de <strong>diciembre<\/strong> 2022 no se realiz\u00f3 ning\u00fan proceso de compras bajo esta modalidad.\n<hr \/>\n\n<h5>Noviembre<\/h5>\nDurante el mes de <strong>noviembre<\/strong> 2022 no se realiz\u00f3 ning\u00fan proceso de compras bajo esta modalidad.\n<hr \/>\n<h5>Octubre<\/h5>\nDurante el mes de <strong>octubre<\/strong> 2022 no se realiz\u00f3 ning\u00fan proceso de compras bajo esta modalidad.<hr \/>\n<h5>Septiembre<\/h5>\nDurante el mes de <strong>septiembre<\/strong> 2022 no se realiz\u00f3 ning\u00fan proceso de compras bajo esta modalidad.<hr \/>\n<h5>Agosto<\/h5>\nDurante el mes de <strong>agosto<\/strong> 2022 no se realiz\u00f3 ning\u00fan proceso de compras bajo esta modalidad.<hr \/>\n<h5>Julio<\/h5>\nDurante el mes de <strong>julio<\/strong> 2022 no se realiz\u00f3 ning\u00fan proceso de compras bajo esta modalidad.<hr \/>\n\n<h5>Junio<\/h5>\nDurante el mes de <strong>junio<\/strong> 2022 no se realiz\u00f3 ning\u00fan proceso de compras bajo esta modalidad.<hr \/>\n\n<h5>Mayo<\/h5>\nDurante el mes de <strong>mayo<\/strong> 2022 no se realiz\u00f3 ning\u00fan proceso de compras bajo esta modalidad.\n<hr \/>\n\n<h5>Abril<\/h5>\nDurante el mes de <strong>abril<\/strong> 2022 no se realiz\u00f3 ning\u00fan proceso de compras bajo esta modalidad.\n<hr \/>\n\n<h5>Marzo<\/h5>\nDurante el mes de <strong>marzo<\/strong> 2022 no se realiz\u00f3 ning\u00fan proceso de compras bajo esta modalidad.\n<hr \/>\n\n<h5>Febrero<\/h5>\nDurante el mes de <strong>Febrero<\/strong> 2022 no se realiz\u00f3 ning\u00fan proceso de compras bajo esta modalidad.\n<hr \/>\n\n<h5>Enero<\/h5>\nDurante el mes de <strong>enero<\/strong> 2022 no se realiz\u00f3 ning\u00fan proceso de compras bajo esta modalidad.\n<hr \/><\/p>\r\n        <\/div> <!-- \/ tabs_item -->\r\n                <div class=\"tabs_item\">\r\n            <p><h4 id=\"2021\"><strong><span style=\"color: #003300;\">2021<\/span><\/strong><\/h4>\n<hr \/>\n\n<h5>Diciembre<\/h5>\nDurante el mes de <strong>Diciembre<\/strong> 2021 no se realiz\u00f3 ning\u00fan proceso de compras bajo esta modalidad.\n<hr \/>\n\n<h5>Noviembre<\/h5>\nDurante el mes de <strong>Noviembre<\/strong> 2021 no se realiz\u00f3 ning\u00fan proceso de compras bajo esta modalidad.\n<hr \/>\n\n<h5>Octubre<\/h5>\nDurante el mes de <strong>Octubre<\/strong> 2021 no se realiz\u00f3 ning\u00fan proceso de compras bajo esta modalidad.\n<hr \/>\n\n<h5>Septiembre<\/h5>\nDurante el mes de <strong>Septiembre<\/strong> 2021 no se realiz\u00f3 ning\u00fan proceso de compras bajo esta modalidad.\n<hr \/>\n\n<h5>Agosto<\/h5>\nDurante el mes de <strong>agosto<\/strong> 2021 no se realiz\u00f3 ning\u00fan proceso de compras bajo esta modalidad.\n<hr \/>\n\n<h5>Julio<\/h5>\nDurante el mes de <strong>julio<\/strong> 2021 no se realiz\u00f3 ning\u00fan proceso de compras bajo esta modalidad.\n<hr \/>\n\n<h5>Junio<\/h5>\nDurante el mes de <strong>junio<\/strong> 2021 no se realiz\u00f3 ning\u00fan proceso de compras bajo esta modalidad.\n<hr \/>\n\n<h5>Mayo<\/h5>\nDurante el mes de <strong>mayo<\/strong> 2021 no se realiz\u00f3 ning\u00fan proceso de compras bajo esta modalidad.\n<hr \/>\n\n<h5>Abril<\/h5>\nDurante el mes de <strong>abril<\/strong> 2021 no se realiz\u00f3 ning\u00fan proceso de compras bajo esta modalidad.\n<hr \/>\n\n<h5>Marzo<\/h5>\nDurante el mes de <strong>marzo<\/strong> 2021 no se realiz\u00f3 ning\u00fan proceso de compras bajo esta modalidad.\n\n<hr \/>\n\n<h5>Febrero<\/h5>\nDurante el mes de <strong>febrero<\/strong> 2021 no se realiz\u00f3 ning\u00fan proceso de compras bajo esta modalidad.\n<hr \/>\n\n<h5>Enero<\/h5>\nDurante el mes de <strong>enero<\/strong> 2021 no se realiz\u00f3 ning\u00fan proceso de compras bajo esta modalidad.<\/p>\r\n        <\/div> <!-- \/ tabs_item -->\r\n                <div class=\"tabs_item\">\r\n            <p><h4 id=\"2020\"><strong><span style=\"color: #003300;\">2020<\/span><\/strong><\/h4>\n\n<hr \/>\n\n<h5>Diciembre<\/h5>\nDurante el mes de <strong>Diciembre<\/strong> 2020 no se realiz\u00f3 ning\u00fan proceso de compras bajo esta modalidad.\n\n<hr \/>\n\n<h5>Noviembre<\/h5>\nDurante el mes de <strong>noviembre<\/strong> 2020 no se realiz\u00f3 ning\u00fan proceso de compras bajo esta modalidad.\n\n<hr \/>\n\n<h5>Octubre<\/h5>\nDurante el mes de <strong>octubre<\/strong> 2020 no se realiz\u00f3 ning\u00fan proceso de compras bajo esta modalidad.\n\n<hr \/>\n\n<h5>Septiembre<\/h5>\nDurante el mes de <strong>septiembre<\/strong> 2020 no se realiz\u00f3 ning\u00fan proceso de compras bajo esta modalidad.\n\n<hr \/>\n\n<h5>Agosto<\/h5>\nDurante el mes de <strong>agosto<\/strong> 2020 no se realiz\u00f3 ning\u00fan proceso de compras bajo esta modalidad.\n\n<hr \/>\n\n<h5>Julio<\/h5>\nDurante el mes de <strong>julio<\/strong> 2020 no se realiz\u00f3 ning\u00fan proceso de compras bajo esta modalidad.\n\n<hr \/>\n\n<h5>Junio<\/h5>\nDurante el mes de <strong>junio<\/strong> 2020 no se realiz\u00f3 ning\u00fan proceso de compras bajo esta modalidad.\n\n<hr \/>\n\n<h5>Mayo<\/h5>\nDurante el mes de <strong>mayo<\/strong> 2020 no se realiz\u00f3 ning\u00fan proceso de compras bajo esta modalidad.\n\n<hr \/>\n\n<h5>Abril<\/h5>\nDurante el mes de <strong>abril<\/strong> 2020 no se realiz\u00f3 ning\u00fan proceso de compras bajo esta modalidad.\n\n<hr \/>\n\n<h5>Marzo<\/h5>\nDurante el mes de <strong>marzo<\/strong> 2020 no se realiz\u00f3 ning\u00fan proceso de compras bajo esta modalidad.\n\n<hr \/>\n\n<h5>Febrero<\/h5>\nDurante el mes de <strong>febrero<\/strong> 2020 no se realiz\u00f3 ning\u00fan proceso de compras bajo esta modalidad.\n\n<hr \/>\n\n<h5>Enero<\/h5>\nDurante el mes de <strong>enero<\/strong> 2020 no se realiz\u00f3 ning\u00fan proceso de compras bajo esta modalidad.\n\n<hr \/><\/p>\r\n        <\/div> <!-- \/ tabs_item -->\r\n                <div class=\"tabs_item\">\r\n            <p><hr \/>\nDurante el mes de <strong>diciembre<\/strong> 2019 no se realiz\u00f3 ning\u00fan proceso de compras bajo esta modalidad.<br \/><br \/>\nDurante el mes de <strong>noviembre<\/strong> 2019 no se realiz\u00f3 ning\u00fan proceso de compras bajo esta modalidad.<br \/><br \/>\nDurante el mes de <strong>octubre<\/strong> 2019 no se realiz\u00f3 ning\u00fan proceso de compras bajo esta modalidad.<br \/><br \/>\nDurante el mes de <strong>septiembre<\/strong> 2019 no se realiz\u00f3 ning\u00fan proceso de compras bajo esta modalidad.<br \/><br \/>\nDurante el mes de <strong>agosto<\/strong> 2019 no se realiz\u00f3 ning\u00fan proceso de compras bajo esta modalidad.<br \/><br \/>\nDurante el mes de <strong>julio<\/strong> 2019 no se realiz\u00f3 ning\u00fan proceso de compras bajo esta modalidad.<br \/><br \/>\nDurante el mes de <strong>junio<\/strong> 2019 no se realiz\u00f3 ning\u00fan proceso de compras bajo esta modalidad.<br \/><br \/>\nDurante el mes de <strong>mayo<\/strong> 2019 no se realiz\u00f3 ning\u00fan proceso de compras bajo esta modalidad.<br \/><br \/>\nDurante el mes de <strong>abril<\/strong> 2019 no se realiz\u00f3 ning\u00fan proceso de compras bajo esta modalidad.<br \/><br \/>\nDurante el mes de <strong>marzo<\/strong> 2019 no se realiz\u00f3 ning\u00fan proceso de compras bajo esta modalidad.<br \/><br \/>\nDurante el mes de <strong>febrero<\/strong> 2019 no se realiz\u00f3 ning\u00fan proceso de compras bajo esta modalidad.<br \/><br \/>\nDurante el mes de <strong>enero<\/strong> 2019 no se realiz\u00f3 ning\u00fan proceso de compras bajo esta modalidad.<br \/><br \/>\n<hr \/><\/p>\r\n        <\/div> <!-- \/ tabs_item -->\r\n                <div class=\"tabs_item\">\r\n            <p><hr \/>\nDurante el mes de <strong>diciembre<\/strong> 2018 no se realiz\u00f3 ning\u00fan proceso de compras bajo esta modalidad.\n<hr \/>\nDurante el mes de <strong>noviembre<\/strong> 2018 no se realiz\u00f3 ning\u00fan proceso de compras bajo esta modalidad.\n<hr \/>\nDurante el mes de <strong>octubre<\/strong> 2018 no se realiz\u00f3 ning\u00fan proceso de compras bajo esta modalidad.\n<hr \/>\nDurante el mes de <strong>septiembre<\/strong> 2018 no se realiz\u00f3 ning\u00fan proceso de compras bajo esta modalidad.\n<hr \/>\nDurante el mes de <strong>agosto<\/strong> 2018 no se realiz\u00f3 ning\u00fan proceso de compras bajo esta modalidad.\n<hr \/>\nDurante el mes de <strong>julio<\/strong> 2018 no se realiz\u00f3 ning\u00fan proceso de compras bajo esta modalidad.\n<hr \/>\nDurante el mes de <strong>junio<\/strong> 2018 no se realiz\u00f3 ning\u00fan proceso de compras bajo esta modalidad.\n<hr \/>\nDurante el mes de <strong>mayoe<\/strong> 2018 no se realiz\u00f3 ning\u00fan proceso de compras bajo esta modalidad.\n<hr \/>\nDurante el mes de <strong>abril<\/strong> 2018 no se realiz\u00f3 ning\u00fan proceso de compras bajo esta modalidad.\n<hr \/>\nDurante el mes de <strong>marzo<\/strong> 2018 no se realiz\u00f3 ning\u00fan proceso de compras bajo esta modalidad.\n<hr \/>\nDurante el mes de <strong>febrero<\/strong> 2018 no se realiz\u00f3 ning\u00fan proceso de compras bajo esta modalidad.\n<hr \/>\nDurante el mes de <strong>enero<\/strong> 2018 no se realiz\u00f3 ning\u00fan proceso de compras bajo esta modalidad.\n<hr \/>\n<\/p>\r\n        <\/div> <!-- \/ tabs_item -->\r\n        \r\n    <\/div> <!-- \/ tab_content -->\r\n<\/div> <!-- \/ tab -->\r\n\r\n<\/div><\/div><div id=\"panel-937-0-0-2\" class=\"so-panel widget widget_black-studio-tinymce widget_black_studio_tinymce panel-last-child\" data-index=\"2\" ><div class=\"textwidget\"><p><a class=\"adobe d-none d-sm-block\" href=\"https:\/\/get.adobe.com\/es\/reader\/\" target=\"_blank\" rel=\"noopener\" aria-label=\"Descarga Adobe Reader\"><img loading=\"lazy\" decoding=\"async\" class=\"\" src=\"https:\/\/www.inespre.gov.do\/transparencia\/wp-content\/uploads\/2021\/07\/adobe.png\" alt=\"Descarga Adobe Reader\" width=\"523\" height=\"94\" \/><\/a><\/p>\n<\/div><\/div><\/div><\/div><\/div>","protected":false},"excerpt":{"rendered":"<p>Sorteo de Obras 2025 2024 2023 2022 2021 2020 2019 2018 2025 Mayo Durante el mes de Mayo 2025 no se realiz\u00f3 ning\u00fan proceso de compras bajo esta modalidad. Abril Durante el mes de abril 2025 no se realiz\u00f3 ning\u00fan proceso de compras bajo esta modalidad. Marzo Durante el mes de marzo 2025 no se [&hellip;]<\/p>\n","protected":false},"author":1,"featured_media":0,"parent":51,"menu_order":0,"comment_status":"closed","ping_status":"closed","template":"","meta":{"footnotes":""},"categories":[],"tags":[],"class_list":["post-937","page","type-page","status-publish","hentry"],"_links":{"self":[{"href":"https:\/\/www.inespre.gob.do\/transparencia\/wp-json\/wp\/v2\/pages\/937","targetHints":{"allow":["GET"]}}],"collection":[{"href":"https:\/\/www.inespre.gob.do\/transparencia\/wp-json\/wp\/v2\/pages"}],"about":[{"href":"https:\/\/www.inespre.gob.do\/transparencia\/wp-json\/wp\/v2\/types\/page"}],"author":[{"embeddable":true,"href":"https:\/\/www.inespre.gob.do\/transparencia\/wp-json\/wp\/v2\/users\/1"}],"replies":[{"embeddable":true,"href":"https:\/\/www.inespre.gob.do\/transparencia\/wp-json\/wp\/v2\/comments?post=937"}],"version-history":[{"count":139,"href":"https:\/\/www.inespre.gob.do\/transparencia\/wp-json\/wp\/v2\/pages\/937\/revisions"}],"predecessor-version":[{"id":28127,"href":"https:\/\/www.inespre.gob.do\/transparencia\/wp-json\/wp\/v2\/pages\/937\/revisions\/28127"}],"up":[{"embeddable":true,"href":"https:\/\/www.inespre.gob.do\/transparencia\/wp-json\/wp\/v2\/pages\/51"}],"wp:attachment":[{"href":"https:\/\/www.inespre.gob.do\/transparencia\/wp-json\/wp\/v2\/media?parent=937"}],"wp:term":[{"taxonomy":"category","embeddable":true,"href":"https:\/\/www.inespre.gob.do\/transparencia\/wp-json\/wp\/v2\/categories?post=937"},{"taxonomy":"post_tag","embeddable":true,"href":"https:\/\/www.inespre.gob.do\/transparencia\/wp-json\/wp\/v2\/tags?post=937"}],"curies":[{"name":"wp","href":"https:\/\/api.w.org\/{rel}","templated":true}]}}