{"id":957,"date":"2015-10-21T13:38:08","date_gmt":"2015-10-21T17:38:08","guid":{"rendered":"http:\/\/transparencia.inespre.gov.do\/?page_id=957"},"modified":"2016-02-01T12:24:27","modified_gmt":"2016-02-01T16:24:27","slug":"comparaciones-de-precios-2014","status":"publish","type":"page","link":"https:\/\/www.inespre.gob.do\/transparencia\/compras-y-contrataciones\/comparaciones-de-precios\/comparaciones-de-precios-2014\/","title":{"rendered":"Comparaciones de Precios 2014"},"content":{"rendered":"<div id=\"pl-957\"  class=\"panel-layout\" ><div id=\"pg-957-0\"  class=\"panel-grid panel-no-style\" ><div id=\"pgc-957-0-0\"  class=\"panel-grid-cell\" ><div id=\"panel-957-0-0-0\" class=\"so-panel widget widget_black-studio-tinymce widget_black_studio_tinymce panel-first-child panel-last-child\" data-index=\"0\" ><h3 class=\"widget-title\">Comparaciones de Precios 2014<\/h3><div class=\"textwidget\"><h5>Relaci\u00f3n de ordenes de compras<\/h5>\n<p>        <div class=\"w3eden clear\" align=\"right\"><div class=\"link-btn light\">    <div class=\"media\">        <div class=\"pull-left wbt-left\"><div class=\"wbt-icon\"><img decoding=\"async\" class=\"wpdm_icon\" alt=\"Icono\"   src=\"http:\/\/www.inespre.gov.do\/transparencia\/wp-content\/plugins\/download-manager\/assets\/file-type-icons\/pdf.png\" \/><\/div><\/div>        <div class=\"pull-left text-left wbt-content\"><strong class=\"ptitle\">                <a href=\"https:\/\/www.inespre.gob.do\/transparencia\/download\/c-p-diciembre-2014\/?wpdmdl=2522&refresh=69f74cb030dd71777814704\">C.P. Diciembre 2014<\/a>            <\/strong>            <div style=\"font-size: 8pt;padding-top: 1px\"><a href=\"https:\/\/www.inespre.gob.do\/transparencia\/download\/c-p-diciembre-2014\/?wpdmdl=2522&refresh=69f74cb030dd71777814704\">Descargar<\/a> <i style=\"margin: 4px 0 0 5px;opacity:0.5\"                                                           class=\"fa fa-th-large\"><\/i> 449.61 KB            <\/div>        <\/div>    <\/div><\/div><\/div><script>jQuery(function(){jQuery('.link-btn a.wpdm-download-link img').after('');jQuery('.link-btn a.wpdm-download-link img').remove();});<\/script><br \/>         <div class=\"w3eden clear\" align=\"right\"><div class=\"link-btn light\">    <div class=\"media\">        <div class=\"pull-left wbt-left\"><div class=\"wbt-icon\"><img decoding=\"async\" class=\"wpdm_icon\" alt=\"Icono\"   src=\"http:\/\/www.inespre.gov.do\/transparencia\/wp-content\/plugins\/download-manager\/assets\/file-type-icons\/pdf.png\" \/><\/div><\/div>        <div class=\"pull-left text-left wbt-content\"><strong class=\"ptitle\">                <a href=\"https:\/\/www.inespre.gob.do\/transparencia\/download\/c-p-octubre-2014\/?wpdmdl=2520&refresh=69f74cb0320271777814704\">C.P. Octubre 2014<\/a>            <\/strong>            <div style=\"font-size: 8pt;padding-top: 1px\"><a href=\"https:\/\/www.inespre.gob.do\/transparencia\/download\/c-p-octubre-2014\/?wpdmdl=2520&refresh=69f74cb0320271777814704\">Descargar<\/a> <i style=\"margin: 4px 0 0 5px;opacity:0.5\"                                                           class=\"fa fa-th-large\"><\/i> 346.50 KB            <\/div>        <\/div>    <\/div><\/div><\/div><script>jQuery(function(){jQuery('.link-btn a.wpdm-download-link img').after('');jQuery('.link-btn a.wpdm-download-link img').remove();});<\/script><br \/>         <div class=\"w3eden clear\" align=\"right\"><div class=\"link-btn light\">    <div class=\"media\">        <div class=\"pull-left wbt-left\"><div class=\"wbt-icon\"><img decoding=\"async\" class=\"wpdm_icon\" alt=\"Icono\"   src=\"http:\/\/www.inespre.gov.do\/transparencia\/wp-content\/plugins\/download-manager\/assets\/file-type-icons\/pdf.png\" \/><\/div><\/div>        <div class=\"pull-left text-left wbt-content\"><strong class=\"ptitle\">                <a href=\"https:\/\/www.inespre.gob.do\/transparencia\/download\/c-p-septimbre-2014\/?wpdmdl=2519&refresh=69f74cb0326601777814704\">C.P. Septiembre 2014<\/a>            <\/strong>            <div style=\"font-size: 8pt;padding-top: 1px\"><a href=\"https:\/\/www.inespre.gob.do\/transparencia\/download\/c-p-septimbre-2014\/?wpdmdl=2519&refresh=69f74cb0326601777814704\">Descargar<\/a> <i style=\"margin: 4px 0 0 5px;opacity:0.5\"                                                           class=\"fa fa-th-large\"><\/i> 155.81 KB            <\/div>        <\/div>    <\/div><\/div><\/div><script>jQuery(function(){jQuery('.link-btn a.wpdm-download-link img').after('');jQuery('.link-btn a.wpdm-download-link img').remove();});<\/script><br \/>         <div class=\"w3eden clear\" align=\"right\"><div class=\"link-btn light\">    <div class=\"media\">        <div class=\"pull-left wbt-left\"><div class=\"wbt-icon\"><img decoding=\"async\" class=\"wpdm_icon\" alt=\"Icono\"   src=\"http:\/\/www.inespre.gov.do\/transparencia\/wp-content\/plugins\/download-manager\/assets\/file-type-icons\/pdf.png\" \/><\/div><\/div>        <div class=\"pull-left text-left wbt-content\"><strong class=\"ptitle\">                <a href=\"https:\/\/www.inespre.gob.do\/transparencia\/download\/c-p-julio-2014\/?wpdmdl=2518&refresh=69f74cb032d0b1777814704\">C.P. Julio 2014<\/a>            <\/strong>            <div style=\"font-size: 8pt;padding-top: 1px\"><a href=\"https:\/\/www.inespre.gob.do\/transparencia\/download\/c-p-julio-2014\/?wpdmdl=2518&refresh=69f74cb032d0b1777814704\">Descargar<\/a> <i style=\"margin: 4px 0 0 5px;opacity:0.5\"                                                           class=\"fa fa-th-large\"><\/i> 712.31 KB            <\/div>        <\/div>    <\/div><\/div><\/div><script>jQuery(function(){jQuery('.link-btn a.wpdm-download-link img').after('');jQuery('.link-btn a.wpdm-download-link img').remove();});<\/script><br \/>         <div class=\"w3eden clear\" align=\"right\"><div class=\"link-btn light\">    <div class=\"media\">        <div class=\"pull-left wbt-left\"><div class=\"wbt-icon\"><img decoding=\"async\" class=\"wpdm_icon\" alt=\"Icono\"   src=\"http:\/\/www.inespre.gov.do\/transparencia\/wp-content\/plugins\/download-manager\/assets\/file-type-icons\/pdf.png\" \/><\/div><\/div>        <div class=\"pull-left text-left wbt-content\"><strong class=\"ptitle\">                <a href=\"https:\/\/www.inespre.gob.do\/transparencia\/download\/c-p-junio-2014\/?wpdmdl=2517&refresh=69f74cb0333081777814704\">C.P. Junio 2014<\/a>            <\/strong>            <div style=\"font-size: 8pt;padding-top: 1px\"><a href=\"https:\/\/www.inespre.gob.do\/transparencia\/download\/c-p-junio-2014\/?wpdmdl=2517&refresh=69f74cb0333081777814704\">Descargar<\/a> <i style=\"margin: 4px 0 0 5px;opacity:0.5\"                                                           class=\"fa fa-th-large\"><\/i> 405.24 KB            <\/div>        <\/div>    <\/div><\/div><\/div><script>jQuery(function(){jQuery('.link-btn a.wpdm-download-link img').after('');jQuery('.link-btn a.wpdm-download-link img').remove();});<\/script><br \/>         <div class=\"w3eden clear\" align=\"right\"><div class=\"link-btn light\">    <div class=\"media\">        <div class=\"pull-left wbt-left\"><div class=\"wbt-icon\"><img decoding=\"async\" class=\"wpdm_icon\" alt=\"Icono\"   src=\"http:\/\/www.inespre.gov.do\/transparencia\/wp-content\/plugins\/download-manager\/assets\/file-type-icons\/pdf.png\" \/><\/div><\/div>        <div class=\"pull-left text-left wbt-content\"><strong class=\"ptitle\">                <a href=\"https:\/\/www.inespre.gob.do\/transparencia\/download\/c-p-mayo-2014\/?wpdmdl=2516&refresh=69f74cb0338d21777814704\">C.P. Mayo 2014<\/a>            <\/strong>            <div style=\"font-size: 8pt;padding-top: 1px\"><a href=\"https:\/\/www.inespre.gob.do\/transparencia\/download\/c-p-mayo-2014\/?wpdmdl=2516&refresh=69f74cb0338d21777814704\">Descargar<\/a> <i style=\"margin: 4px 0 0 5px;opacity:0.5\"                                                           class=\"fa fa-th-large\"><\/i> 256.57 KB            <\/div>        <\/div>    <\/div><\/div><\/div><script>jQuery(function(){jQuery('.link-btn a.wpdm-download-link img').after('');jQuery('.link-btn a.wpdm-download-link img').remove();});<\/script><br \/>         <div class=\"w3eden clear\" align=\"right\"><div class=\"link-btn light\">    <div class=\"media\">        <div class=\"pull-left wbt-left\"><div class=\"wbt-icon\"><img decoding=\"async\" class=\"wpdm_icon\" alt=\"Icono\"   src=\"http:\/\/www.inespre.gov.do\/transparencia\/wp-content\/plugins\/download-manager\/assets\/file-type-icons\/pdf.png\" \/><\/div><\/div>        <div class=\"pull-left text-left wbt-content\"><strong class=\"ptitle\">                <a href=\"https:\/\/www.inespre.gob.do\/transparencia\/download\/c-p-marzo-2014\/?wpdmdl=2515&refresh=69f74cb033e881777814704\">C.P. Marzo 2014<\/a>            <\/strong>            <div style=\"font-size: 8pt;padding-top: 1px\"><a href=\"https:\/\/www.inespre.gob.do\/transparencia\/download\/c-p-marzo-2014\/?wpdmdl=2515&refresh=69f74cb033e881777814704\">Descargar<\/a> <i style=\"margin: 4px 0 0 5px;opacity:0.5\"                                                           class=\"fa fa-th-large\"><\/i> 155.81 KB            <\/div>        <\/div>    <\/div><\/div><\/div><script>jQuery(function(){jQuery('.link-btn a.wpdm-download-link img').after('');jQuery('.link-btn a.wpdm-download-link img').remove();});<\/script><br \/>         <div class=\"w3eden clear\" align=\"right\"><div class=\"link-btn light\">    <div class=\"media\">        <div class=\"pull-left wbt-left\"><div class=\"wbt-icon\"><img decoding=\"async\" class=\"wpdm_icon\" alt=\"Icono\"   src=\"http:\/\/www.inespre.gov.do\/transparencia\/wp-content\/plugins\/download-manager\/assets\/file-type-icons\/pdf.png\" \/><\/div><\/div>        <div class=\"pull-left text-left wbt-content\"><strong class=\"ptitle\">                <a href=\"https:\/\/www.inespre.gob.do\/transparencia\/download\/c-p-febrero-2014\/?wpdmdl=2514&refresh=69f74cb03446d1777814704\">C.P. Febrero 2014<\/a>            <\/strong>            <div style=\"font-size: 8pt;padding-top: 1px\"><a href=\"https:\/\/www.inespre.gob.do\/transparencia\/download\/c-p-febrero-2014\/?wpdmdl=2514&refresh=69f74cb03446d1777814704\">Descargar<\/a> <i style=\"margin: 4px 0 0 5px;opacity:0.5\"                                                           class=\"fa fa-th-large\"><\/i> 673.85 KB            <\/div>        <\/div>    <\/div><\/div><\/div><script>jQuery(function(){jQuery('.link-btn a.wpdm-download-link img').after('');jQuery('.link-btn a.wpdm-download-link img').remove();});<\/script><br \/>         <div class=\"w3eden clear\" align=\"right\"><div class=\"link-btn light\">    <div class=\"media\">        <div class=\"pull-left wbt-left\"><div class=\"wbt-icon\"><img decoding=\"async\" class=\"wpdm_icon\" alt=\"Icono\"   src=\"http:\/\/www.inespre.gov.do\/transparencia\/wp-content\/plugins\/download-manager\/assets\/file-type-icons\/pdf.png\" \/><\/div><\/div>        <div class=\"pull-left text-left wbt-content\"><strong class=\"ptitle\">                <a href=\"https:\/\/www.inespre.gob.do\/transparencia\/download\/c-p-enero-2014\/?wpdmdl=2512&refresh=69f74cb034a4d1777814704\">C.P. Enero 2014<\/a>            <\/strong>            <div style=\"font-size: 8pt;padding-top: 1px\"><a href=\"https:\/\/www.inespre.gob.do\/transparencia\/download\/c-p-enero-2014\/?wpdmdl=2512&refresh=69f74cb034a4d1777814704\">Descargar<\/a> <i style=\"margin: 4px 0 0 5px;opacity:0.5\"                                                           class=\"fa fa-th-large\"><\/i> 578.30 KB            <\/div>        <\/div>    <\/div><\/div><\/div><script>jQuery(function(){jQuery('.link-btn a.wpdm-download-link img').after('');jQuery('.link-btn a.wpdm-download-link img').remove();});<\/script><\/p>\n<p>Durante el per\u00edodo <strong>Abril, Agosto y Noviembre<\/strong> no se realiz\u00f3 ning\u00fan proceso de compras bajo esta modalidad<\/p>\n<\/div><\/div><\/div><\/div><\/div>","protected":false},"excerpt":{"rendered":"<p>Relaci\u00f3n de ordenes de compras Durante el per\u00edodo Abril, Agosto y Noviembre no se realiz\u00f3 ning\u00fan proceso de compras bajo esta modalidad<\/p>\n","protected":false},"author":1,"featured_media":0,"parent":925,"menu_order":0,"comment_status":"closed","ping_status":"closed","template":"","meta":{"footnotes":""},"categories":[],"tags":[],"class_list":["post-957","page","type-page","status-publish","hentry"],"_links":{"self":[{"href":"https:\/\/www.inespre.gob.do\/transparencia\/wp-json\/wp\/v2\/pages\/957","targetHints":{"allow":["GET"]}}],"collection":[{"href":"https:\/\/www.inespre.gob.do\/transparencia\/wp-json\/wp\/v2\/pages"}],"about":[{"href":"https:\/\/www.inespre.gob.do\/transparencia\/wp-json\/wp\/v2\/types\/page"}],"author":[{"embeddable":true,"href":"https:\/\/www.inespre.gob.do\/transparencia\/wp-json\/wp\/v2\/users\/1"}],"replies":[{"embeddable":true,"href":"https:\/\/www.inespre.gob.do\/transparencia\/wp-json\/wp\/v2\/comments?post=957"}],"version-history":[{"count":3,"href":"https:\/\/www.inespre.gob.do\/transparencia\/wp-json\/wp\/v2\/pages\/957\/revisions"}],"predecessor-version":[{"id":2999,"href":"https:\/\/www.inespre.gob.do\/transparencia\/wp-json\/wp\/v2\/pages\/957\/revisions\/2999"}],"up":[{"embeddable":true,"href":"https:\/\/www.inespre.gob.do\/transparencia\/wp-json\/wp\/v2\/pages\/925"}],"wp:attachment":[{"href":"https:\/\/www.inespre.gob.do\/transparencia\/wp-json\/wp\/v2\/media?parent=957"}],"wp:term":[{"taxonomy":"category","embeddable":true,"href":"https:\/\/www.inespre.gob.do\/transparencia\/wp-json\/wp\/v2\/categories?post=957"},{"taxonomy":"post_tag","embeddable":true,"href":"https:\/\/www.inespre.gob.do\/transparencia\/wp-json\/wp\/v2\/tags?post=957"}],"curies":[{"name":"wp","href":"https:\/\/api.w.org\/{rel}","templated":true}]}}